{"id":449,"date":"2023-09-19T14:10:58","date_gmt":"2023-09-19T14:10:58","guid":{"rendered":"https:\/\/www.folklore.ee\/ars\/?page_id=449"},"modified":"2023-09-19T14:10:58","modified_gmt":"2023-09-19T14:10:58","slug":"sotsialistlik-monopolimang","status":"publish","type":"page","link":"https:\/\/www.folklore.ee\/ars\/uritused\/arhiiv\/talvekonverents-2008-ajakava\/sotsialistlik-monopolimang\/","title":{"rendered":"Sotsialistlik monopolim\u00e4ng"},"content":{"rendered":"\n<p><strong>Ell Vahtram\u00e4e, Eesti P\u00f5llumajandusmuuseum<\/strong><\/p>\n\n\n\n<p>M\u00e4ng annab \u00fchiskonnast lihtsustatud mudeli. M\u00e4ngu iseloomulikud jooned annavad uurijale ettekujutuse vastavale ajale iseloomulikust, inimeste mentaliteedist, kehtivatest normidest, toimetulekustrateegiatest jne.<\/p>\n\n\n\n<p>N\u00f5ukogude aja stereot\u00fc\u00fcpide uurimiseks sobivad noorte ja t\u00e4iskasvanute hulgas m\u00e4ngitavad m\u00e4ngud, n\u00e4iteks stiilipeod.<\/p>\n\n\n\n<p>K\u00e4esolev ettekanne p\u00f5hineb sotsialistliku monopolim\u00e4ngu ideekavandil, mille on koostanud Olavi Jaggo iseenda, Mait Vestre, Madis Eidasti, J\u00fcri Sepa, Kalev P\u00f5ldsaare, Helena Eidasti ja Argo Unnuki ideede p\u00f5hjal 2002. aastal.<\/p>\n\n\n\n<p>Sotsialistlik monopolim\u00e4ng on lauam\u00e4ng, kus m\u00e4ngijad ostavad ettev\u00f5tteid, saavad ostetud ettev\u00f5tete eest renti ja arendavad ise ettev\u00f5tteid, et saada suuremat renti. Et sotsialistlikus \u00fchiskonnas ei ole raha ainut\u00e4htis, on m\u00e4ngus ka talongid, load jms ning sotsialistlikule korrale omased kitsendused ja orkilendamised. M\u00e4ngu eesm\u00e4rk ei ole mitte saada rohkem raha, vaid osta prestii\u017eis\u00fcmbol \u2013 auto. Raha hankimine on ainult vahend auto ostmiseks. Strateegia k\u00e4ib selle peale, et eri olukordades on vaja eri maksevahendeid ja m\u00e4ngija peab kalkuleerima, mida kui palju varuda. M\u00e4ng l\u00f5peb, kui keegi ostab kalleima auto v\u00f5i kui kellelgi \u00f5nnestub \u201e\u00e4ra h\u00fcpata\u201c; toimingu tegija on \u00fchtlasi ka m\u00e4ngu v\u00f5itja. M\u00e4ngust langeb v\u00e4lja see, kes pannakse vangi.<\/p>\n","protected":false},"excerpt":{"rendered":"<p>Ell Vahtram\u00e4e, Eesti P\u00f5llumajandusmuuseum M\u00e4ng annab \u00fchiskonnast lihtsustatud mudeli. M\u00e4ngu iseloomulikud jooned annavad uurijale ettekujutuse vastavale ajale iseloomulikust, inimeste mentaliteedist, kehtivatest normidest, toimetulekustrateegiatest jne. N\u00f5ukogude aja stereot\u00fc\u00fcpide uurimiseks sobivad noorte ja t\u00e4iskasvanute hulgas m\u00e4ngitavad m\u00e4ngud, n\u00e4iteks stiilipeod. K\u00e4esolev ettekanne p\u00f5hineb sotsialistliku monopolim\u00e4ngu ideekavandil, mille on koostanud Olavi Jaggo iseenda, Mait Vestre, Madis Eidasti, J\u00fcri Sepa, [&hellip;]<\/p>\n","protected":false},"author":1,"featured_media":0,"parent":385,"menu_order":0,"comment_status":"closed","ping_status":"closed","template":"","meta":{"footnotes":""},"class_list":["post-449","page","type-page","status-publish","hentry"],"yoast_head":"<!-- This site is optimized with the Yoast SEO plugin v20.12 - https:\/\/yoast.com\/wordpress\/plugins\/seo\/ -->\n<title>Sotsialistlik monopolim\u00e4ng | Akadeemiline Rahvaluule Selts<\/title>\n<meta name=\"robots\" content=\"index, follow, max-snippet:-1, max-image-preview:large, max-video-preview:-1\" \/>\n<link rel=\"canonical\" href=\"https:\/\/www.folklore.ee\/ars\/uritused\/arhiiv\/talvekonverents-2008-ajakava\/sotsialistlik-monopolimang\/\" \/>\n<meta property=\"og:locale\" content=\"en_US\" \/>\n<meta property=\"og:type\" content=\"article\" \/>\n<meta property=\"og:title\" content=\"Sotsialistlik monopolim\u00e4ng | Akadeemiline Rahvaluule Selts\" \/>\n<meta property=\"og:description\" content=\"Ell Vahtram\u00e4e, Eesti P\u00f5llumajandusmuuseum M\u00e4ng annab \u00fchiskonnast lihtsustatud mudeli. M\u00e4ngu iseloomulikud jooned annavad uurijale ettekujutuse vastavale ajale iseloomulikust, inimeste mentaliteedist, kehtivatest normidest, toimetulekustrateegiatest jne. N\u00f5ukogude aja stereot\u00fc\u00fcpide uurimiseks sobivad noorte ja t\u00e4iskasvanute hulgas m\u00e4ngitavad m\u00e4ngud, n\u00e4iteks stiilipeod. K\u00e4esolev ettekanne p\u00f5hineb sotsialistliku monopolim\u00e4ngu ideekavandil, mille on koostanud Olavi Jaggo iseenda, Mait Vestre, Madis Eidasti, J\u00fcri Sepa, [&hellip;]\" \/>\n<meta property=\"og:url\" content=\"https:\/\/www.folklore.ee\/ars\/uritused\/arhiiv\/talvekonverents-2008-ajakava\/sotsialistlik-monopolimang\/\" \/>\n<meta property=\"og:site_name\" content=\"Akadeemiline Rahvaluule Selts\" \/>\n<meta name=\"twitter:card\" content=\"summary_large_image\" \/>\n<meta name=\"twitter:label1\" content=\"Est. reading time\" \/>\n\t<meta name=\"twitter:data1\" content=\"1 minute\" \/>\n<script type=\"application\/ld+json\" class=\"yoast-schema-graph\">{\"@context\":\"https:\/\/schema.org\",\"@graph\":[{\"@type\":\"WebPage\",\"@id\":\"https:\/\/www.folklore.ee\/ars\/uritused\/arhiiv\/talvekonverents-2008-ajakava\/sotsialistlik-monopolimang\/\",\"url\":\"https:\/\/www.folklore.ee\/ars\/uritused\/arhiiv\/talvekonverents-2008-ajakava\/sotsialistlik-monopolimang\/\",\"name\":\"Sotsialistlik monopolim\u00e4ng | Akadeemiline Rahvaluule Selts\",\"isPartOf\":{\"@id\":\"https:\/\/www.folklore.ee\/ars\/#website\"},\"datePublished\":\"2023-09-19T14:10:58+00:00\",\"dateModified\":\"2023-09-19T14:10:58+00:00\",\"breadcrumb\":{\"@id\":\"https:\/\/www.folklore.ee\/ars\/uritused\/arhiiv\/talvekonverents-2008-ajakava\/sotsialistlik-monopolimang\/#breadcrumb\"},\"inLanguage\":\"en-US\",\"potentialAction\":[{\"@type\":\"ReadAction\",\"target\":[\"https:\/\/www.folklore.ee\/ars\/uritused\/arhiiv\/talvekonverents-2008-ajakava\/sotsialistlik-monopolimang\/\"]}]},{\"@type\":\"BreadcrumbList\",\"@id\":\"https:\/\/www.folklore.ee\/ars\/uritused\/arhiiv\/talvekonverents-2008-ajakava\/sotsialistlik-monopolimang\/#breadcrumb\",\"itemListElement\":[{\"@type\":\"ListItem\",\"position\":1,\"name\":\"Avaleht\",\"item\":\"https:\/\/www.folklore.ee\/ars\/\"},{\"@type\":\"ListItem\",\"position\":2,\"name\":\"\u00dcritused\",\"item\":\"https:\/\/www.folklore.ee\/ars\/uritused\/\"},{\"@type\":\"ListItem\",\"position\":3,\"name\":\"Arhiiv\",\"item\":\"https:\/\/www.folklore.ee\/ars\/uritused\/arhiiv\/\"},{\"@type\":\"ListItem\",\"position\":4,\"name\":\"Talvekonverents 2008 ajakava\",\"item\":\"https:\/\/www.folklore.ee\/ars\/uritused\/arhiiv\/talvekonverents-2008-ajakava\/\"},{\"@type\":\"ListItem\",\"position\":5,\"name\":\"Sotsialistlik monopolim\u00e4ng\"}]},{\"@type\":\"WebSite\",\"@id\":\"https:\/\/www.folklore.ee\/ars\/#website\",\"url\":\"https:\/\/www.folklore.ee\/ars\/\",\"name\":\"Akadeemiline Rahvaluule Selts\",\"description\":\"Folkloristide, \u00fcli\u00f5pilaste ja k\u00f5igi rahvaluulest huvitatute \u00fchendus, mis aitab kaasa rahvaluule kogumisele, tutvustamisele, uurimisele ja publitseerimisele.\",\"potentialAction\":[{\"@type\":\"SearchAction\",\"target\":{\"@type\":\"EntryPoint\",\"urlTemplate\":\"https:\/\/www.folklore.ee\/ars\/?s={search_term_string}\"},\"query-input\":\"required name=search_term_string\"}],\"inLanguage\":\"en-US\"}]}<\/script>\n<!-- \/ Yoast SEO plugin. -->","yoast_head_json":{"title":"Sotsialistlik monopolim\u00e4ng | Akadeemiline Rahvaluule Selts","robots":{"index":"index","follow":"follow","max-snippet":"max-snippet:-1","max-image-preview":"max-image-preview:large","max-video-preview":"max-video-preview:-1"},"canonical":"https:\/\/www.folklore.ee\/ars\/uritused\/arhiiv\/talvekonverents-2008-ajakava\/sotsialistlik-monopolimang\/","og_locale":"en_US","og_type":"article","og_title":"Sotsialistlik monopolim\u00e4ng | Akadeemiline Rahvaluule Selts","og_description":"Ell Vahtram\u00e4e, Eesti P\u00f5llumajandusmuuseum M\u00e4ng annab \u00fchiskonnast lihtsustatud mudeli. M\u00e4ngu iseloomulikud jooned annavad uurijale ettekujutuse vastavale ajale iseloomulikust, inimeste mentaliteedist, kehtivatest normidest, toimetulekustrateegiatest jne. N\u00f5ukogude aja stereot\u00fc\u00fcpide uurimiseks sobivad noorte ja t\u00e4iskasvanute hulgas m\u00e4ngitavad m\u00e4ngud, n\u00e4iteks stiilipeod. K\u00e4esolev ettekanne p\u00f5hineb sotsialistliku monopolim\u00e4ngu ideekavandil, mille on koostanud Olavi Jaggo iseenda, Mait Vestre, Madis Eidasti, J\u00fcri Sepa, [&hellip;]","og_url":"https:\/\/www.folklore.ee\/ars\/uritused\/arhiiv\/talvekonverents-2008-ajakava\/sotsialistlik-monopolimang\/","og_site_name":"Akadeemiline Rahvaluule Selts","twitter_card":"summary_large_image","twitter_misc":{"Est. reading time":"1 minute"},"schema":{"@context":"https:\/\/schema.org","@graph":[{"@type":"WebPage","@id":"https:\/\/www.folklore.ee\/ars\/uritused\/arhiiv\/talvekonverents-2008-ajakava\/sotsialistlik-monopolimang\/","url":"https:\/\/www.folklore.ee\/ars\/uritused\/arhiiv\/talvekonverents-2008-ajakava\/sotsialistlik-monopolimang\/","name":"Sotsialistlik monopolim\u00e4ng | Akadeemiline Rahvaluule Selts","isPartOf":{"@id":"https:\/\/www.folklore.ee\/ars\/#website"},"datePublished":"2023-09-19T14:10:58+00:00","dateModified":"2023-09-19T14:10:58+00:00","breadcrumb":{"@id":"https:\/\/www.folklore.ee\/ars\/uritused\/arhiiv\/talvekonverents-2008-ajakava\/sotsialistlik-monopolimang\/#breadcrumb"},"inLanguage":"en-US","potentialAction":[{"@type":"ReadAction","target":["https:\/\/www.folklore.ee\/ars\/uritused\/arhiiv\/talvekonverents-2008-ajakava\/sotsialistlik-monopolimang\/"]}]},{"@type":"BreadcrumbList","@id":"https:\/\/www.folklore.ee\/ars\/uritused\/arhiiv\/talvekonverents-2008-ajakava\/sotsialistlik-monopolimang\/#breadcrumb","itemListElement":[{"@type":"ListItem","position":1,"name":"Avaleht","item":"https:\/\/www.folklore.ee\/ars\/"},{"@type":"ListItem","position":2,"name":"\u00dcritused","item":"https:\/\/www.folklore.ee\/ars\/uritused\/"},{"@type":"ListItem","position":3,"name":"Arhiiv","item":"https:\/\/www.folklore.ee\/ars\/uritused\/arhiiv\/"},{"@type":"ListItem","position":4,"name":"Talvekonverents 2008 ajakava","item":"https:\/\/www.folklore.ee\/ars\/uritused\/arhiiv\/talvekonverents-2008-ajakava\/"},{"@type":"ListItem","position":5,"name":"Sotsialistlik monopolim\u00e4ng"}]},{"@type":"WebSite","@id":"https:\/\/www.folklore.ee\/ars\/#website","url":"https:\/\/www.folklore.ee\/ars\/","name":"Akadeemiline Rahvaluule Selts","description":"Folkloristide, \u00fcli\u00f5pilaste ja k\u00f5igi rahvaluulest huvitatute \u00fchendus, mis aitab kaasa rahvaluule kogumisele, tutvustamisele, uurimisele ja publitseerimisele.","potentialAction":[{"@type":"SearchAction","target":{"@type":"EntryPoint","urlTemplate":"https:\/\/www.folklore.ee\/ars\/?s={search_term_string}"},"query-input":"required name=search_term_string"}],"inLanguage":"en-US"}]}},"_links":{"self":[{"href":"https:\/\/www.folklore.ee\/ars\/wp-json\/wp\/v2\/pages\/449","targetHints":{"allow":["GET"]}}],"collection":[{"href":"https:\/\/www.folklore.ee\/ars\/wp-json\/wp\/v2\/pages"}],"about":[{"href":"https:\/\/www.folklore.ee\/ars\/wp-json\/wp\/v2\/types\/page"}],"author":[{"embeddable":true,"href":"https:\/\/www.folklore.ee\/ars\/wp-json\/wp\/v2\/users\/1"}],"replies":[{"embeddable":true,"href":"https:\/\/www.folklore.ee\/ars\/wp-json\/wp\/v2\/comments?post=449"}],"version-history":[{"count":1,"href":"https:\/\/www.folklore.ee\/ars\/wp-json\/wp\/v2\/pages\/449\/revisions"}],"predecessor-version":[{"id":450,"href":"https:\/\/www.folklore.ee\/ars\/wp-json\/wp\/v2\/pages\/449\/revisions\/450"}],"up":[{"embeddable":true,"href":"https:\/\/www.folklore.ee\/ars\/wp-json\/wp\/v2\/pages\/385"}],"wp:attachment":[{"href":"https:\/\/www.folklore.ee\/ars\/wp-json\/wp\/v2\/media?parent=449"}],"curies":[{"name":"wp","href":"https:\/\/api.w.org\/{rel}","templated":true}]}}