{"id":445,"date":"2023-09-19T14:09:12","date_gmt":"2023-09-19T14:09:12","guid":{"rendered":"https:\/\/www.folklore.ee\/ars\/?page_id=445"},"modified":"2023-09-19T14:09:12","modified_gmt":"2023-09-19T14:09:12","slug":"parimusmuusikavorgus","status":"publish","type":"page","link":"https:\/\/www.folklore.ee\/ars\/uritused\/arhiiv\/talvekonverents-2008-ajakava\/parimusmuusikavorgus\/","title":{"rendered":"P\u00e4rimusmuusikav\u00f5rgus."},"content":{"rendered":"\n<p><strong>Festivalide kodulehek\u00fcljed ja foorumid internetis<\/strong><\/p>\n\n\n\n<p><strong>Helen K\u00f5mmus, Eesti Kirjandusmuuseumi etnomusikoloogia osakond<\/strong><\/p>\n\n\n\n<p>Nagu iga elav kultuurin\u00e4htus, nii muutub ka rahvale omane muusika vastavalt aja vaimule, kasu\u00adtades iseenesestm\u00f5istetavalt ka kaasaegseid levimisviise. T\u00e4nap\u00e4eval on \u00fcheks p\u00e4rimus\u00ad\u00admuusika soositud kulgemiskanaliks \u201etraditsiooniliste meediate\u201d ehk tr\u00fckiste, heli\u00adkandjate, televisiooni, raadio ja filmi k\u00f5rval kujunemas 1990. aastate algupoolel \u00fcleilmses kultuuriruumis v\u00f5iduk\u00e4iku alustanud \u201euus meedia\u201d (Runnel 1999: 13) ehk internet.<\/p>\n\n\n\n<p>\u201eMasside\u201c tegutsemispiirkonnaks nimetatud internet on tasand, kus lisaks argi\u00adreaalsusele (elektroonilised kogukonnad, jututoad, uudister\u00fchmad, kodulehek\u00fcljed) s\u00fcnnib ja uueneb erinevatele inimr\u00fchmadele omane p\u00e4rimuslik kultuur (Runnel 1999: 27). N\u00e4iteks on \u00fcheks laste traditsiooniliste m\u00e4ngude arvestatavaks m\u00f5jutajaks kujunemas arvutim\u00e4ngude maailm (Vissel 2004: 199). Seet\u00f5ttu on \u00fcleilmne infov\u00f5rk saamas \u00fcha tunnustatumaks uurimisobjektiks (Laineste 2003: 94; Consalvo 2004).<\/p>\n\n\n\n<p>Internetist leitavad infofoorumid ja jututoad on eelk\u00f5ige osa arvutikasutajate vahelisest suhtlemisprotsessist (Runnel 1999: 18). K\u00e4esoleva uurimuse jaoks erinevaid p\u00e4rimus\u00admuusikaga seotud jututubasid k\u00fclastades oli huvitav j\u00e4lgida, kuiv\u00f5rd liidab vestlusgruppe \u00fchine muusikamaitse ja festivalikogemus. K\u00e4esoleva ettekande k\u00e4igus selgitan, mil m\u00e4\u00e4ral levitavad ja tutvustavad festivalide kodulehek\u00fcljed, eesk\u00e4tt Viljandi p\u00e4rimus\u00admuusika festivali internetileht, p\u00e4rimusmuusikat peov\u00e4lisel ajal ning milline on sellekohane tagasiside kodulehek\u00fclgede ja vestlusfoorumite k\u00fclastajatelt.<\/p>\n\n\n\n<p><strong>Kirjandust<\/strong><\/p>\n\n\n\n<p>Consalvo, M., Baym, N. K., Hunsinger, J., Jensen, K. B., Logie, J., Murero, M., &amp; Shade, L. R (Eds.) 2004. Internet Research Annual. Selected Papers from the Association of Internet Researchers Conferences 2000\u20132002, Volume 1. New York, Bern, Berlin, Bruxelles, Frankfurt am Main, Oxford, Wien.<\/p>\n\n\n\n<p>Laineste, Liisi 2003. Researching Humor on the Internet. \u2013 Folklore: Electronic Journal of Folklore, Vol. 25. (printed version). Editors Mare K\u00f5iva &amp; Andres Kuperjanov. Folk Belief and Media Group of the Estonian Literary Museum. Tartu, pg 93\u201397.<\/p>\n\n\n\n<p>Runnel, Pille 1999. V\u00e4lit\u00f6\u00f6de v\u00f5imalikkusest internetis. \u2013 Kuuldust-n\u00e4htust. T\u00e4nap\u00e4eva folkloorist IV. Toim. Eda Kalmre. Eesti Kirjandusmuuseum, Tartu, lk 13\u201330.<\/p>\n\n\n\n<p>Vissel, Anu 2004. Meedia kui m\u00e4ngude vahendaja ja uute m\u00e4ngude allikas. \u2013 Lastep\u00e4rimus muutuvas \u00fchiskonnas. Ars musicae popularis 15. Toim. M. K\u00f5iva, M. Boiko, E. Kalmre, T. Seilenthal. Eesti Kirjandusmuuseum etnomusikoloogia osakond. Tartu 2004, lk 179\u2013205.<\/p>\n","protected":false},"excerpt":{"rendered":"<p>Festivalide kodulehek\u00fcljed ja foorumid internetis Helen K\u00f5mmus, Eesti Kirjandusmuuseumi etnomusikoloogia osakond Nagu iga elav kultuurin\u00e4htus, nii muutub ka rahvale omane muusika vastavalt aja vaimule, kasu\u00adtades iseenesestm\u00f5istetavalt ka kaasaegseid levimisviise. T\u00e4nap\u00e4eval on \u00fcheks p\u00e4rimus\u00ad\u00admuusika soositud kulgemiskanaliks \u201etraditsiooniliste meediate\u201d ehk tr\u00fckiste, heli\u00adkandjate, televisiooni, raadio ja filmi k\u00f5rval kujunemas 1990. aastate algupoolel \u00fcleilmses kultuuriruumis v\u00f5iduk\u00e4iku alustanud \u201euus meedia\u201d [&hellip;]<\/p>\n","protected":false},"author":1,"featured_media":0,"parent":385,"menu_order":0,"comment_status":"closed","ping_status":"closed","template":"","meta":{"footnotes":""},"class_list":["post-445","page","type-page","status-publish","hentry"],"yoast_head":"<!-- This site is optimized with the Yoast SEO plugin v20.12 - https:\/\/yoast.com\/wordpress\/plugins\/seo\/ -->\n<title>P\u00e4rimusmuusikav\u00f5rgus. | Akadeemiline Rahvaluule Selts<\/title>\n<meta name=\"robots\" content=\"index, follow, max-snippet:-1, max-image-preview:large, max-video-preview:-1\" \/>\n<link rel=\"canonical\" href=\"https:\/\/www.folklore.ee\/ars\/uritused\/arhiiv\/talvekonverents-2008-ajakava\/parimusmuusikavorgus\/\" \/>\n<meta property=\"og:locale\" content=\"en_US\" \/>\n<meta property=\"og:type\" content=\"article\" \/>\n<meta property=\"og:title\" content=\"P\u00e4rimusmuusikav\u00f5rgus. | Akadeemiline Rahvaluule Selts\" \/>\n<meta property=\"og:description\" content=\"Festivalide kodulehek\u00fcljed ja foorumid internetis Helen K\u00f5mmus, Eesti Kirjandusmuuseumi etnomusikoloogia osakond Nagu iga elav kultuurin\u00e4htus, nii muutub ka rahvale omane muusika vastavalt aja vaimule, kasu\u00adtades iseenesestm\u00f5istetavalt ka kaasaegseid levimisviise. T\u00e4nap\u00e4eval on \u00fcheks p\u00e4rimus\u00ad\u00admuusika soositud kulgemiskanaliks \u201etraditsiooniliste meediate\u201d ehk tr\u00fckiste, heli\u00adkandjate, televisiooni, raadio ja filmi k\u00f5rval kujunemas 1990. aastate algupoolel \u00fcleilmses kultuuriruumis v\u00f5iduk\u00e4iku alustanud \u201euus meedia\u201d [&hellip;]\" \/>\n<meta property=\"og:url\" content=\"https:\/\/www.folklore.ee\/ars\/uritused\/arhiiv\/talvekonverents-2008-ajakava\/parimusmuusikavorgus\/\" \/>\n<meta property=\"og:site_name\" content=\"Akadeemiline Rahvaluule Selts\" \/>\n<meta name=\"twitter:card\" content=\"summary_large_image\" \/>\n<meta name=\"twitter:label1\" content=\"Est. reading time\" \/>\n\t<meta name=\"twitter:data1\" content=\"2 minutes\" \/>\n<script type=\"application\/ld+json\" class=\"yoast-schema-graph\">{\"@context\":\"https:\/\/schema.org\",\"@graph\":[{\"@type\":\"WebPage\",\"@id\":\"https:\/\/www.folklore.ee\/ars\/uritused\/arhiiv\/talvekonverents-2008-ajakava\/parimusmuusikavorgus\/\",\"url\":\"https:\/\/www.folklore.ee\/ars\/uritused\/arhiiv\/talvekonverents-2008-ajakava\/parimusmuusikavorgus\/\",\"name\":\"P\u00e4rimusmuusikav\u00f5rgus. | Akadeemiline Rahvaluule Selts\",\"isPartOf\":{\"@id\":\"https:\/\/www.folklore.ee\/ars\/#website\"},\"datePublished\":\"2023-09-19T14:09:12+00:00\",\"dateModified\":\"2023-09-19T14:09:12+00:00\",\"breadcrumb\":{\"@id\":\"https:\/\/www.folklore.ee\/ars\/uritused\/arhiiv\/talvekonverents-2008-ajakava\/parimusmuusikavorgus\/#breadcrumb\"},\"inLanguage\":\"en-US\",\"potentialAction\":[{\"@type\":\"ReadAction\",\"target\":[\"https:\/\/www.folklore.ee\/ars\/uritused\/arhiiv\/talvekonverents-2008-ajakava\/parimusmuusikavorgus\/\"]}]},{\"@type\":\"BreadcrumbList\",\"@id\":\"https:\/\/www.folklore.ee\/ars\/uritused\/arhiiv\/talvekonverents-2008-ajakava\/parimusmuusikavorgus\/#breadcrumb\",\"itemListElement\":[{\"@type\":\"ListItem\",\"position\":1,\"name\":\"Avaleht\",\"item\":\"https:\/\/www.folklore.ee\/ars\/\"},{\"@type\":\"ListItem\",\"position\":2,\"name\":\"\u00dcritused\",\"item\":\"https:\/\/www.folklore.ee\/ars\/uritused\/\"},{\"@type\":\"ListItem\",\"position\":3,\"name\":\"Arhiiv\",\"item\":\"https:\/\/www.folklore.ee\/ars\/uritused\/arhiiv\/\"},{\"@type\":\"ListItem\",\"position\":4,\"name\":\"Talvekonverents 2008 ajakava\",\"item\":\"https:\/\/www.folklore.ee\/ars\/uritused\/arhiiv\/talvekonverents-2008-ajakava\/\"},{\"@type\":\"ListItem\",\"position\":5,\"name\":\"P\u00e4rimusmuusikav\u00f5rgus.\"}]},{\"@type\":\"WebSite\",\"@id\":\"https:\/\/www.folklore.ee\/ars\/#website\",\"url\":\"https:\/\/www.folklore.ee\/ars\/\",\"name\":\"Akadeemiline Rahvaluule Selts\",\"description\":\"Folkloristide, \u00fcli\u00f5pilaste ja k\u00f5igi rahvaluulest huvitatute \u00fchendus, mis aitab kaasa rahvaluule kogumisele, tutvustamisele, uurimisele ja publitseerimisele.\",\"potentialAction\":[{\"@type\":\"SearchAction\",\"target\":{\"@type\":\"EntryPoint\",\"urlTemplate\":\"https:\/\/www.folklore.ee\/ars\/?s={search_term_string}\"},\"query-input\":\"required name=search_term_string\"}],\"inLanguage\":\"en-US\"}]}<\/script>\n<!-- \/ Yoast SEO plugin. -->","yoast_head_json":{"title":"P\u00e4rimusmuusikav\u00f5rgus. | Akadeemiline Rahvaluule Selts","robots":{"index":"index","follow":"follow","max-snippet":"max-snippet:-1","max-image-preview":"max-image-preview:large","max-video-preview":"max-video-preview:-1"},"canonical":"https:\/\/www.folklore.ee\/ars\/uritused\/arhiiv\/talvekonverents-2008-ajakava\/parimusmuusikavorgus\/","og_locale":"en_US","og_type":"article","og_title":"P\u00e4rimusmuusikav\u00f5rgus. | Akadeemiline Rahvaluule Selts","og_description":"Festivalide kodulehek\u00fcljed ja foorumid internetis Helen K\u00f5mmus, Eesti Kirjandusmuuseumi etnomusikoloogia osakond Nagu iga elav kultuurin\u00e4htus, nii muutub ka rahvale omane muusika vastavalt aja vaimule, kasu\u00adtades iseenesestm\u00f5istetavalt ka kaasaegseid levimisviise. T\u00e4nap\u00e4eval on \u00fcheks p\u00e4rimus\u00ad\u00admuusika soositud kulgemiskanaliks \u201etraditsiooniliste meediate\u201d ehk tr\u00fckiste, heli\u00adkandjate, televisiooni, raadio ja filmi k\u00f5rval kujunemas 1990. aastate algupoolel \u00fcleilmses kultuuriruumis v\u00f5iduk\u00e4iku alustanud \u201euus meedia\u201d [&hellip;]","og_url":"https:\/\/www.folklore.ee\/ars\/uritused\/arhiiv\/talvekonverents-2008-ajakava\/parimusmuusikavorgus\/","og_site_name":"Akadeemiline Rahvaluule Selts","twitter_card":"summary_large_image","twitter_misc":{"Est. reading time":"2 minutes"},"schema":{"@context":"https:\/\/schema.org","@graph":[{"@type":"WebPage","@id":"https:\/\/www.folklore.ee\/ars\/uritused\/arhiiv\/talvekonverents-2008-ajakava\/parimusmuusikavorgus\/","url":"https:\/\/www.folklore.ee\/ars\/uritused\/arhiiv\/talvekonverents-2008-ajakava\/parimusmuusikavorgus\/","name":"P\u00e4rimusmuusikav\u00f5rgus. | Akadeemiline Rahvaluule Selts","isPartOf":{"@id":"https:\/\/www.folklore.ee\/ars\/#website"},"datePublished":"2023-09-19T14:09:12+00:00","dateModified":"2023-09-19T14:09:12+00:00","breadcrumb":{"@id":"https:\/\/www.folklore.ee\/ars\/uritused\/arhiiv\/talvekonverents-2008-ajakava\/parimusmuusikavorgus\/#breadcrumb"},"inLanguage":"en-US","potentialAction":[{"@type":"ReadAction","target":["https:\/\/www.folklore.ee\/ars\/uritused\/arhiiv\/talvekonverents-2008-ajakava\/parimusmuusikavorgus\/"]}]},{"@type":"BreadcrumbList","@id":"https:\/\/www.folklore.ee\/ars\/uritused\/arhiiv\/talvekonverents-2008-ajakava\/parimusmuusikavorgus\/#breadcrumb","itemListElement":[{"@type":"ListItem","position":1,"name":"Avaleht","item":"https:\/\/www.folklore.ee\/ars\/"},{"@type":"ListItem","position":2,"name":"\u00dcritused","item":"https:\/\/www.folklore.ee\/ars\/uritused\/"},{"@type":"ListItem","position":3,"name":"Arhiiv","item":"https:\/\/www.folklore.ee\/ars\/uritused\/arhiiv\/"},{"@type":"ListItem","position":4,"name":"Talvekonverents 2008 ajakava","item":"https:\/\/www.folklore.ee\/ars\/uritused\/arhiiv\/talvekonverents-2008-ajakava\/"},{"@type":"ListItem","position":5,"name":"P\u00e4rimusmuusikav\u00f5rgus."}]},{"@type":"WebSite","@id":"https:\/\/www.folklore.ee\/ars\/#website","url":"https:\/\/www.folklore.ee\/ars\/","name":"Akadeemiline Rahvaluule Selts","description":"Folkloristide, \u00fcli\u00f5pilaste ja k\u00f5igi rahvaluulest huvitatute \u00fchendus, mis aitab kaasa rahvaluule kogumisele, tutvustamisele, uurimisele ja publitseerimisele.","potentialAction":[{"@type":"SearchAction","target":{"@type":"EntryPoint","urlTemplate":"https:\/\/www.folklore.ee\/ars\/?s={search_term_string}"},"query-input":"required name=search_term_string"}],"inLanguage":"en-US"}]}},"_links":{"self":[{"href":"https:\/\/www.folklore.ee\/ars\/wp-json\/wp\/v2\/pages\/445","targetHints":{"allow":["GET"]}}],"collection":[{"href":"https:\/\/www.folklore.ee\/ars\/wp-json\/wp\/v2\/pages"}],"about":[{"href":"https:\/\/www.folklore.ee\/ars\/wp-json\/wp\/v2\/types\/page"}],"author":[{"embeddable":true,"href":"https:\/\/www.folklore.ee\/ars\/wp-json\/wp\/v2\/users\/1"}],"replies":[{"embeddable":true,"href":"https:\/\/www.folklore.ee\/ars\/wp-json\/wp\/v2\/comments?post=445"}],"version-history":[{"count":1,"href":"https:\/\/www.folklore.ee\/ars\/wp-json\/wp\/v2\/pages\/445\/revisions"}],"predecessor-version":[{"id":446,"href":"https:\/\/www.folklore.ee\/ars\/wp-json\/wp\/v2\/pages\/445\/revisions\/446"}],"up":[{"embeddable":true,"href":"https:\/\/www.folklore.ee\/ars\/wp-json\/wp\/v2\/pages\/385"}],"wp:attachment":[{"href":"https:\/\/www.folklore.ee\/ars\/wp-json\/wp\/v2\/media?parent=445"}],"curies":[{"name":"wp","href":"https:\/\/api.w.org\/{rel}","templated":true}]}}