{"id":443,"date":"2023-09-19T14:08:15","date_gmt":"2023-09-19T14:08:15","guid":{"rendered":"https:\/\/www.folklore.ee\/ars\/?page_id=443"},"modified":"2023-09-19T14:08:15","modified_gmt":"2023-09-19T14:08:15","slug":"leim-ja-huumor-tsensuur-avalikus-diskursuses","status":"publish","type":"page","link":"https:\/\/www.folklore.ee\/ars\/uritused\/arhiiv\/talvekonverents-2008-ajakava\/leim-ja-huumor-tsensuur-avalikus-diskursuses\/","title":{"rendered":"Leim\u00a0ja huumor. Tsensuur avalikus diskursuses"},"content":{"rendered":"\n<p><strong>Liisi Laineste, Eesti Kirjandusmuuseumi folkloristika osakond<\/strong><\/p>\n\n\n\n<p>Vaenunimed, s.o rahvuste jt gruppide kohta k\u00e4ibivad d\u00fcsfemismid, esinevad t\u00e4nap\u00e4eval sageli internetikommentaarides, ning sealne tajutav anon\u00fc\u00fcmsus lubab ning isegi soodustab negatiivsete v\u00e4ljendite kasutamist. Virtuaalset (v\u00f5i reaalset) verbaalset agressiivsust avalikus meedias nimetatakse ka leimiks, see on t\u00f5siseks probleemiks kogu virtuaal\u00admaailmas ning ka Eestis on asutud selle n\u00e4htusega v\u00f5itlema (vt leimiseadus aastast 2005, nt www.leim.ee). Huumorit peetakse \u00fcheks virtuaalkeskkonna meelelahutuslikkuse \u2013 ning \u00fchtlasi kasvava populaarsuse \u2013 aluseks ning seda esineb foorumites, portaalides jm sageli, r\u00e4\u00e4kimata paljudest saitidest, mis on spetsialiseerunud anekdoodile vm huumori\u017eanrile. Leimil ja huumoril on mitmeid \u00fchisjooni; \u00fcks v\u00e4ljend v\u00f5ib sisaldada m\u00f5lemat, ning erinevus seisneb vaid t\u00f5lgenduses. Sellest, milline on piir nende kahe n\u00e4htuse vahel ja mis tegurid seda piiri v\u00f5ivad m\u00f5jutada, on k\u00fcll m\u00f5ningaid uurimusi (nt S. Lockyer &amp; M. Pickering. Beyond a Joke: The Limits of Humour. New York: Palgrave Macmillan, 2005), kuid EKMi folklooriarhiivi ning paberv\u00e4ljaannete vastu suunatud avaliku meedia r\u00fcnnak 2007. aasta hiliss\u00fcgisel annab p\u00f5hjuse teema taask\u00e4sitlemiseks.<\/p>\n\n\n\n<p>Avalik diskursus, s.o avalik meedia, loob ettekujutuse huumori ja agressiooni piiridest, mis sageli s\u00f5ltuvad paljudest muudest faktoritest kui lihtsalt inimeste \u00fcldine kultuurilis-ajalooline dispositsioon m\u00f5ista \u00fcht v\u00f5i teist konstruktsiooni naljana. K\u00e4esolev uurimus kirjeldab aastatel 2000\u20132007 delfi.ee uudiskommentaaride p\u00f5hjal huumori ja leimi piiride k\u00fcsimust, aga ka vaenunimede kasutamise sagedust valitud ajal\u00f5ikude osas, kitsamat (konkreetne kommentaar) ja laiemat (sotsiaalset, poliitilist jm) konteksti, ning arutleb nende funktsiooni \u00fcle \u00fchiskonnas. Tuuakse n\u00e4iteid kommentaaridest, millest n\u00e4htub \u00fchtaegu soov olla humoorikas ning samal ajal agressiivne, konteksti kaudu avatakse selliste avalduste tagamaid. K\u00e4sitletakse ka avalikkuse-poolse tsensuuri motivatsioone ning v\u00f5imalikke tulevikustsenaariume.<\/p>\n","protected":false},"excerpt":{"rendered":"<p>Liisi Laineste, Eesti Kirjandusmuuseumi folkloristika osakond Vaenunimed, s.o rahvuste jt gruppide kohta k\u00e4ibivad d\u00fcsfemismid, esinevad t\u00e4nap\u00e4eval sageli internetikommentaarides, ning sealne tajutav anon\u00fc\u00fcmsus lubab ning isegi soodustab negatiivsete v\u00e4ljendite kasutamist. Virtuaalset (v\u00f5i reaalset) verbaalset agressiivsust avalikus meedias nimetatakse ka leimiks, see on t\u00f5siseks probleemiks kogu virtuaal\u00admaailmas ning ka Eestis on asutud selle n\u00e4htusega v\u00f5itlema (vt leimiseadus [&hellip;]<\/p>\n","protected":false},"author":1,"featured_media":0,"parent":385,"menu_order":0,"comment_status":"closed","ping_status":"closed","template":"","meta":{"footnotes":""},"class_list":["post-443","page","type-page","status-publish","hentry"],"yoast_head":"<!-- This site is optimized with the Yoast SEO plugin v20.12 - https:\/\/yoast.com\/wordpress\/plugins\/seo\/ -->\n<title>Leim\u00a0ja huumor. Tsensuur avalikus diskursuses | Akadeemiline Rahvaluule Selts<\/title>\n<meta name=\"robots\" content=\"index, follow, max-snippet:-1, max-image-preview:large, max-video-preview:-1\" \/>\n<link rel=\"canonical\" href=\"https:\/\/www.folklore.ee\/ars\/uritused\/arhiiv\/talvekonverents-2008-ajakava\/leim-ja-huumor-tsensuur-avalikus-diskursuses\/\" \/>\n<meta property=\"og:locale\" content=\"en_US\" \/>\n<meta property=\"og:type\" content=\"article\" \/>\n<meta property=\"og:title\" content=\"Leim\u00a0ja huumor. Tsensuur avalikus diskursuses | Akadeemiline Rahvaluule Selts\" \/>\n<meta property=\"og:description\" content=\"Liisi Laineste, Eesti Kirjandusmuuseumi folkloristika osakond Vaenunimed, s.o rahvuste jt gruppide kohta k\u00e4ibivad d\u00fcsfemismid, esinevad t\u00e4nap\u00e4eval sageli internetikommentaarides, ning sealne tajutav anon\u00fc\u00fcmsus lubab ning isegi soodustab negatiivsete v\u00e4ljendite kasutamist. Virtuaalset (v\u00f5i reaalset) verbaalset agressiivsust avalikus meedias nimetatakse ka leimiks, see on t\u00f5siseks probleemiks kogu virtuaal\u00admaailmas ning ka Eestis on asutud selle n\u00e4htusega v\u00f5itlema (vt leimiseadus [&hellip;]\" \/>\n<meta property=\"og:url\" content=\"https:\/\/www.folklore.ee\/ars\/uritused\/arhiiv\/talvekonverents-2008-ajakava\/leim-ja-huumor-tsensuur-avalikus-diskursuses\/\" \/>\n<meta property=\"og:site_name\" content=\"Akadeemiline Rahvaluule Selts\" \/>\n<meta name=\"twitter:card\" content=\"summary_large_image\" \/>\n<meta name=\"twitter:label1\" content=\"Est. reading time\" \/>\n\t<meta name=\"twitter:data1\" content=\"2 minutes\" \/>\n<script type=\"application\/ld+json\" class=\"yoast-schema-graph\">{\"@context\":\"https:\/\/schema.org\",\"@graph\":[{\"@type\":\"WebPage\",\"@id\":\"https:\/\/www.folklore.ee\/ars\/uritused\/arhiiv\/talvekonverents-2008-ajakava\/leim-ja-huumor-tsensuur-avalikus-diskursuses\/\",\"url\":\"https:\/\/www.folklore.ee\/ars\/uritused\/arhiiv\/talvekonverents-2008-ajakava\/leim-ja-huumor-tsensuur-avalikus-diskursuses\/\",\"name\":\"Leim\u00a0ja huumor. Tsensuur avalikus diskursuses | Akadeemiline Rahvaluule Selts\",\"isPartOf\":{\"@id\":\"https:\/\/www.folklore.ee\/ars\/#website\"},\"datePublished\":\"2023-09-19T14:08:15+00:00\",\"dateModified\":\"2023-09-19T14:08:15+00:00\",\"breadcrumb\":{\"@id\":\"https:\/\/www.folklore.ee\/ars\/uritused\/arhiiv\/talvekonverents-2008-ajakava\/leim-ja-huumor-tsensuur-avalikus-diskursuses\/#breadcrumb\"},\"inLanguage\":\"en-US\",\"potentialAction\":[{\"@type\":\"ReadAction\",\"target\":[\"https:\/\/www.folklore.ee\/ars\/uritused\/arhiiv\/talvekonverents-2008-ajakava\/leim-ja-huumor-tsensuur-avalikus-diskursuses\/\"]}]},{\"@type\":\"BreadcrumbList\",\"@id\":\"https:\/\/www.folklore.ee\/ars\/uritused\/arhiiv\/talvekonverents-2008-ajakava\/leim-ja-huumor-tsensuur-avalikus-diskursuses\/#breadcrumb\",\"itemListElement\":[{\"@type\":\"ListItem\",\"position\":1,\"name\":\"Avaleht\",\"item\":\"https:\/\/www.folklore.ee\/ars\/\"},{\"@type\":\"ListItem\",\"position\":2,\"name\":\"\u00dcritused\",\"item\":\"https:\/\/www.folklore.ee\/ars\/uritused\/\"},{\"@type\":\"ListItem\",\"position\":3,\"name\":\"Arhiiv\",\"item\":\"https:\/\/www.folklore.ee\/ars\/uritused\/arhiiv\/\"},{\"@type\":\"ListItem\",\"position\":4,\"name\":\"Talvekonverents 2008 ajakava\",\"item\":\"https:\/\/www.folklore.ee\/ars\/uritused\/arhiiv\/talvekonverents-2008-ajakava\/\"},{\"@type\":\"ListItem\",\"position\":5,\"name\":\"Leim\u00a0ja huumor. Tsensuur avalikus diskursuses\"}]},{\"@type\":\"WebSite\",\"@id\":\"https:\/\/www.folklore.ee\/ars\/#website\",\"url\":\"https:\/\/www.folklore.ee\/ars\/\",\"name\":\"Akadeemiline Rahvaluule Selts\",\"description\":\"Folkloristide, \u00fcli\u00f5pilaste ja k\u00f5igi rahvaluulest huvitatute \u00fchendus, mis aitab kaasa rahvaluule kogumisele, tutvustamisele, uurimisele ja publitseerimisele.\",\"potentialAction\":[{\"@type\":\"SearchAction\",\"target\":{\"@type\":\"EntryPoint\",\"urlTemplate\":\"https:\/\/www.folklore.ee\/ars\/?s={search_term_string}\"},\"query-input\":\"required name=search_term_string\"}],\"inLanguage\":\"en-US\"}]}<\/script>\n<!-- \/ Yoast SEO plugin. -->","yoast_head_json":{"title":"Leim\u00a0ja huumor. Tsensuur avalikus diskursuses | Akadeemiline Rahvaluule Selts","robots":{"index":"index","follow":"follow","max-snippet":"max-snippet:-1","max-image-preview":"max-image-preview:large","max-video-preview":"max-video-preview:-1"},"canonical":"https:\/\/www.folklore.ee\/ars\/uritused\/arhiiv\/talvekonverents-2008-ajakava\/leim-ja-huumor-tsensuur-avalikus-diskursuses\/","og_locale":"en_US","og_type":"article","og_title":"Leim\u00a0ja huumor. Tsensuur avalikus diskursuses | Akadeemiline Rahvaluule Selts","og_description":"Liisi Laineste, Eesti Kirjandusmuuseumi folkloristika osakond Vaenunimed, s.o rahvuste jt gruppide kohta k\u00e4ibivad d\u00fcsfemismid, esinevad t\u00e4nap\u00e4eval sageli internetikommentaarides, ning sealne tajutav anon\u00fc\u00fcmsus lubab ning isegi soodustab negatiivsete v\u00e4ljendite kasutamist. Virtuaalset (v\u00f5i reaalset) verbaalset agressiivsust avalikus meedias nimetatakse ka leimiks, see on t\u00f5siseks probleemiks kogu virtuaal\u00admaailmas ning ka Eestis on asutud selle n\u00e4htusega v\u00f5itlema (vt leimiseadus [&hellip;]","og_url":"https:\/\/www.folklore.ee\/ars\/uritused\/arhiiv\/talvekonverents-2008-ajakava\/leim-ja-huumor-tsensuur-avalikus-diskursuses\/","og_site_name":"Akadeemiline Rahvaluule Selts","twitter_card":"summary_large_image","twitter_misc":{"Est. reading time":"2 minutes"},"schema":{"@context":"https:\/\/schema.org","@graph":[{"@type":"WebPage","@id":"https:\/\/www.folklore.ee\/ars\/uritused\/arhiiv\/talvekonverents-2008-ajakava\/leim-ja-huumor-tsensuur-avalikus-diskursuses\/","url":"https:\/\/www.folklore.ee\/ars\/uritused\/arhiiv\/talvekonverents-2008-ajakava\/leim-ja-huumor-tsensuur-avalikus-diskursuses\/","name":"Leim\u00a0ja huumor. Tsensuur avalikus diskursuses | Akadeemiline Rahvaluule Selts","isPartOf":{"@id":"https:\/\/www.folklore.ee\/ars\/#website"},"datePublished":"2023-09-19T14:08:15+00:00","dateModified":"2023-09-19T14:08:15+00:00","breadcrumb":{"@id":"https:\/\/www.folklore.ee\/ars\/uritused\/arhiiv\/talvekonverents-2008-ajakava\/leim-ja-huumor-tsensuur-avalikus-diskursuses\/#breadcrumb"},"inLanguage":"en-US","potentialAction":[{"@type":"ReadAction","target":["https:\/\/www.folklore.ee\/ars\/uritused\/arhiiv\/talvekonverents-2008-ajakava\/leim-ja-huumor-tsensuur-avalikus-diskursuses\/"]}]},{"@type":"BreadcrumbList","@id":"https:\/\/www.folklore.ee\/ars\/uritused\/arhiiv\/talvekonverents-2008-ajakava\/leim-ja-huumor-tsensuur-avalikus-diskursuses\/#breadcrumb","itemListElement":[{"@type":"ListItem","position":1,"name":"Avaleht","item":"https:\/\/www.folklore.ee\/ars\/"},{"@type":"ListItem","position":2,"name":"\u00dcritused","item":"https:\/\/www.folklore.ee\/ars\/uritused\/"},{"@type":"ListItem","position":3,"name":"Arhiiv","item":"https:\/\/www.folklore.ee\/ars\/uritused\/arhiiv\/"},{"@type":"ListItem","position":4,"name":"Talvekonverents 2008 ajakava","item":"https:\/\/www.folklore.ee\/ars\/uritused\/arhiiv\/talvekonverents-2008-ajakava\/"},{"@type":"ListItem","position":5,"name":"Leim\u00a0ja huumor. Tsensuur avalikus diskursuses"}]},{"@type":"WebSite","@id":"https:\/\/www.folklore.ee\/ars\/#website","url":"https:\/\/www.folklore.ee\/ars\/","name":"Akadeemiline Rahvaluule Selts","description":"Folkloristide, \u00fcli\u00f5pilaste ja k\u00f5igi rahvaluulest huvitatute \u00fchendus, mis aitab kaasa rahvaluule kogumisele, tutvustamisele, uurimisele ja publitseerimisele.","potentialAction":[{"@type":"SearchAction","target":{"@type":"EntryPoint","urlTemplate":"https:\/\/www.folklore.ee\/ars\/?s={search_term_string}"},"query-input":"required name=search_term_string"}],"inLanguage":"en-US"}]}},"_links":{"self":[{"href":"https:\/\/www.folklore.ee\/ars\/wp-json\/wp\/v2\/pages\/443","targetHints":{"allow":["GET"]}}],"collection":[{"href":"https:\/\/www.folklore.ee\/ars\/wp-json\/wp\/v2\/pages"}],"about":[{"href":"https:\/\/www.folklore.ee\/ars\/wp-json\/wp\/v2\/types\/page"}],"author":[{"embeddable":true,"href":"https:\/\/www.folklore.ee\/ars\/wp-json\/wp\/v2\/users\/1"}],"replies":[{"embeddable":true,"href":"https:\/\/www.folklore.ee\/ars\/wp-json\/wp\/v2\/comments?post=443"}],"version-history":[{"count":1,"href":"https:\/\/www.folklore.ee\/ars\/wp-json\/wp\/v2\/pages\/443\/revisions"}],"predecessor-version":[{"id":444,"href":"https:\/\/www.folklore.ee\/ars\/wp-json\/wp\/v2\/pages\/443\/revisions\/444"}],"up":[{"embeddable":true,"href":"https:\/\/www.folklore.ee\/ars\/wp-json\/wp\/v2\/pages\/385"}],"wp:attachment":[{"href":"https:\/\/www.folklore.ee\/ars\/wp-json\/wp\/v2\/media?parent=443"}],"curies":[{"name":"wp","href":"https:\/\/api.w.org\/{rel}","templated":true}]}}