{"id":436,"date":"2023-09-19T14:03:54","date_gmt":"2023-09-19T14:03:54","guid":{"rendered":"https:\/\/www.folklore.ee\/ars\/?page_id=436"},"modified":"2023-09-19T14:03:55","modified_gmt":"2023-09-19T14:03:55","slug":"parimuskultuur-haridusmaastikule","status":"publish","type":"page","link":"https:\/\/www.folklore.ee\/ars\/uritused\/arhiiv\/talvekonverents-2008-ajakava\/parimuskultuur-haridusmaastikule\/","title":{"rendered":"P\u00e4rimuskultuur haridusmaastikule!"},"content":{"rendered":"\n<p><strong>Merili Metsvahi, Tartu \u00dclikooli eesti ja v\u00f5rdleva rahvaluule osakond<\/strong><\/p>\n\n\n\n<p>Kui n\u00f5ukogude hariduss\u00fcsteemis t\u00e4hendas \u00f5ppimine ennek\u00f5ike faktide omandamist ja meeldej\u00e4tmist, siis t\u00e4nap\u00e4eval h\u00f5lmab see m\u00f5iste \u00fcha rohkem ka inimese arengut ja muutumist (nt m\u00f5iste elukestev \u00f5pe populaarsus meie \u00fchiskonnas). Ent seni ei ole hariduss\u00fcsteemis toimunud muutuste kulg \u00fchiskonnas toimuvate muutustega sammu pidanud. Maailm, milles pole \u00fchte t\u00f5de ja autoriteedi allikat ning milles iga inimese eluk\u00e4ik s\u00f5ltub temast endast rohkem kui see oli mitmelgi varasemal ajastul, eeldab iseseisva m\u00f5tlemise ja otsustamise v\u00f5imet. T\u00e4nap\u00e4eva \u00f5pilane ootab koolilt, et see pakuks talle senisest rohkem valikuv\u00f5imalusi ja elamuslikkust ning ei sunniks teda liiga palju fakte tuupima.<\/p>\n\n\n\n<p>\u00dcks v\u00e4ike samm teel uueneva hariduse poole on koolidele m\u00f5eldud valikaine \u201eP\u00e4rimuskultuur\u201d programmi v\u00e4ljat\u00f6\u00f6tamine. G\u00fcmnaasiumile m\u00f5eldud osa koostamist\u00f6\u00f6 juhina m\u00f5istan, et v\u00e4ga oluline on tekitada emotsionaalne side \u00f5pilase ja k\u00e4sitletavate teemade vahel. Selle saab luua \u00f5petaja, kellel on selleks tahe, vahendid, teadmised ja oskused. Ainekava koostajate \u00fclesandeks on \u00e4ratada huvi aine vastu nii \u00f5petajas kui \u00f5pilases, pakkudes selleks v\u00e4lja teemasid, mis on \u00f5pilasele l\u00e4hedased ja v\u00f5imalikult elulised, ning \u00f5ppetegevusi, mis innustavad arutlema ja kaasa l\u00f6\u00f6ma.<\/p>\n\n\n\n<p>Ettekandes m\u00f5tisklen selle \u00fcle, millist rolli t\u00e4idaks aine \u201eP\u00e4rimuskultuur\u201d meie haridusmaastikul.<\/p>\n","protected":false},"excerpt":{"rendered":"<p>Merili Metsvahi, Tartu \u00dclikooli eesti ja v\u00f5rdleva rahvaluule osakond Kui n\u00f5ukogude hariduss\u00fcsteemis t\u00e4hendas \u00f5ppimine ennek\u00f5ike faktide omandamist ja meeldej\u00e4tmist, siis t\u00e4nap\u00e4eval h\u00f5lmab see m\u00f5iste \u00fcha rohkem ka inimese arengut ja muutumist (nt m\u00f5iste elukestev \u00f5pe populaarsus meie \u00fchiskonnas). Ent seni ei ole hariduss\u00fcsteemis toimunud muutuste kulg \u00fchiskonnas toimuvate muutustega sammu pidanud. Maailm, milles pole \u00fchte [&hellip;]<\/p>\n","protected":false},"author":1,"featured_media":0,"parent":385,"menu_order":0,"comment_status":"closed","ping_status":"closed","template":"","meta":{"footnotes":""},"class_list":["post-436","page","type-page","status-publish","hentry"],"yoast_head":"<!-- This site is optimized with the Yoast SEO plugin v20.12 - https:\/\/yoast.com\/wordpress\/plugins\/seo\/ -->\n<title>P\u00e4rimuskultuur haridusmaastikule! | Akadeemiline Rahvaluule Selts<\/title>\n<meta name=\"robots\" content=\"index, follow, max-snippet:-1, max-image-preview:large, max-video-preview:-1\" \/>\n<link rel=\"canonical\" href=\"https:\/\/www.folklore.ee\/ars\/uritused\/arhiiv\/talvekonverents-2008-ajakava\/parimuskultuur-haridusmaastikule\/\" \/>\n<meta property=\"og:locale\" content=\"en_US\" \/>\n<meta property=\"og:type\" content=\"article\" \/>\n<meta property=\"og:title\" content=\"P\u00e4rimuskultuur haridusmaastikule! | Akadeemiline Rahvaluule Selts\" \/>\n<meta property=\"og:description\" content=\"Merili Metsvahi, Tartu \u00dclikooli eesti ja v\u00f5rdleva rahvaluule osakond Kui n\u00f5ukogude hariduss\u00fcsteemis t\u00e4hendas \u00f5ppimine ennek\u00f5ike faktide omandamist ja meeldej\u00e4tmist, siis t\u00e4nap\u00e4eval h\u00f5lmab see m\u00f5iste \u00fcha rohkem ka inimese arengut ja muutumist (nt m\u00f5iste elukestev \u00f5pe populaarsus meie \u00fchiskonnas). Ent seni ei ole hariduss\u00fcsteemis toimunud muutuste kulg \u00fchiskonnas toimuvate muutustega sammu pidanud. Maailm, milles pole \u00fchte [&hellip;]\" \/>\n<meta property=\"og:url\" content=\"https:\/\/www.folklore.ee\/ars\/uritused\/arhiiv\/talvekonverents-2008-ajakava\/parimuskultuur-haridusmaastikule\/\" \/>\n<meta property=\"og:site_name\" content=\"Akadeemiline Rahvaluule Selts\" \/>\n<meta property=\"article:modified_time\" content=\"2023-09-19T14:03:55+00:00\" \/>\n<meta name=\"twitter:card\" content=\"summary_large_image\" \/>\n<meta name=\"twitter:label1\" content=\"Est. reading time\" \/>\n\t<meta name=\"twitter:data1\" content=\"1 minute\" \/>\n<script type=\"application\/ld+json\" class=\"yoast-schema-graph\">{\"@context\":\"https:\/\/schema.org\",\"@graph\":[{\"@type\":\"WebPage\",\"@id\":\"https:\/\/www.folklore.ee\/ars\/uritused\/arhiiv\/talvekonverents-2008-ajakava\/parimuskultuur-haridusmaastikule\/\",\"url\":\"https:\/\/www.folklore.ee\/ars\/uritused\/arhiiv\/talvekonverents-2008-ajakava\/parimuskultuur-haridusmaastikule\/\",\"name\":\"P\u00e4rimuskultuur haridusmaastikule! | Akadeemiline Rahvaluule Selts\",\"isPartOf\":{\"@id\":\"https:\/\/www.folklore.ee\/ars\/#website\"},\"datePublished\":\"2023-09-19T14:03:54+00:00\",\"dateModified\":\"2023-09-19T14:03:55+00:00\",\"breadcrumb\":{\"@id\":\"https:\/\/www.folklore.ee\/ars\/uritused\/arhiiv\/talvekonverents-2008-ajakava\/parimuskultuur-haridusmaastikule\/#breadcrumb\"},\"inLanguage\":\"en-US\",\"potentialAction\":[{\"@type\":\"ReadAction\",\"target\":[\"https:\/\/www.folklore.ee\/ars\/uritused\/arhiiv\/talvekonverents-2008-ajakava\/parimuskultuur-haridusmaastikule\/\"]}]},{\"@type\":\"BreadcrumbList\",\"@id\":\"https:\/\/www.folklore.ee\/ars\/uritused\/arhiiv\/talvekonverents-2008-ajakava\/parimuskultuur-haridusmaastikule\/#breadcrumb\",\"itemListElement\":[{\"@type\":\"ListItem\",\"position\":1,\"name\":\"Avaleht\",\"item\":\"https:\/\/www.folklore.ee\/ars\/\"},{\"@type\":\"ListItem\",\"position\":2,\"name\":\"\u00dcritused\",\"item\":\"https:\/\/www.folklore.ee\/ars\/uritused\/\"},{\"@type\":\"ListItem\",\"position\":3,\"name\":\"Arhiiv\",\"item\":\"https:\/\/www.folklore.ee\/ars\/uritused\/arhiiv\/\"},{\"@type\":\"ListItem\",\"position\":4,\"name\":\"Talvekonverents 2008 ajakava\",\"item\":\"https:\/\/www.folklore.ee\/ars\/uritused\/arhiiv\/talvekonverents-2008-ajakava\/\"},{\"@type\":\"ListItem\",\"position\":5,\"name\":\"P\u00e4rimuskultuur haridusmaastikule!\"}]},{\"@type\":\"WebSite\",\"@id\":\"https:\/\/www.folklore.ee\/ars\/#website\",\"url\":\"https:\/\/www.folklore.ee\/ars\/\",\"name\":\"Akadeemiline Rahvaluule Selts\",\"description\":\"Folkloristide, \u00fcli\u00f5pilaste ja k\u00f5igi rahvaluulest huvitatute \u00fchendus, mis aitab kaasa rahvaluule kogumisele, tutvustamisele, uurimisele ja publitseerimisele.\",\"potentialAction\":[{\"@type\":\"SearchAction\",\"target\":{\"@type\":\"EntryPoint\",\"urlTemplate\":\"https:\/\/www.folklore.ee\/ars\/?s={search_term_string}\"},\"query-input\":\"required name=search_term_string\"}],\"inLanguage\":\"en-US\"}]}<\/script>\n<!-- \/ Yoast SEO plugin. -->","yoast_head_json":{"title":"P\u00e4rimuskultuur haridusmaastikule! | Akadeemiline Rahvaluule Selts","robots":{"index":"index","follow":"follow","max-snippet":"max-snippet:-1","max-image-preview":"max-image-preview:large","max-video-preview":"max-video-preview:-1"},"canonical":"https:\/\/www.folklore.ee\/ars\/uritused\/arhiiv\/talvekonverents-2008-ajakava\/parimuskultuur-haridusmaastikule\/","og_locale":"en_US","og_type":"article","og_title":"P\u00e4rimuskultuur haridusmaastikule! | Akadeemiline Rahvaluule Selts","og_description":"Merili Metsvahi, Tartu \u00dclikooli eesti ja v\u00f5rdleva rahvaluule osakond Kui n\u00f5ukogude hariduss\u00fcsteemis t\u00e4hendas \u00f5ppimine ennek\u00f5ike faktide omandamist ja meeldej\u00e4tmist, siis t\u00e4nap\u00e4eval h\u00f5lmab see m\u00f5iste \u00fcha rohkem ka inimese arengut ja muutumist (nt m\u00f5iste elukestev \u00f5pe populaarsus meie \u00fchiskonnas). Ent seni ei ole hariduss\u00fcsteemis toimunud muutuste kulg \u00fchiskonnas toimuvate muutustega sammu pidanud. Maailm, milles pole \u00fchte [&hellip;]","og_url":"https:\/\/www.folklore.ee\/ars\/uritused\/arhiiv\/talvekonverents-2008-ajakava\/parimuskultuur-haridusmaastikule\/","og_site_name":"Akadeemiline Rahvaluule Selts","article_modified_time":"2023-09-19T14:03:55+00:00","twitter_card":"summary_large_image","twitter_misc":{"Est. reading time":"1 minute"},"schema":{"@context":"https:\/\/schema.org","@graph":[{"@type":"WebPage","@id":"https:\/\/www.folklore.ee\/ars\/uritused\/arhiiv\/talvekonverents-2008-ajakava\/parimuskultuur-haridusmaastikule\/","url":"https:\/\/www.folklore.ee\/ars\/uritused\/arhiiv\/talvekonverents-2008-ajakava\/parimuskultuur-haridusmaastikule\/","name":"P\u00e4rimuskultuur haridusmaastikule! | Akadeemiline Rahvaluule Selts","isPartOf":{"@id":"https:\/\/www.folklore.ee\/ars\/#website"},"datePublished":"2023-09-19T14:03:54+00:00","dateModified":"2023-09-19T14:03:55+00:00","breadcrumb":{"@id":"https:\/\/www.folklore.ee\/ars\/uritused\/arhiiv\/talvekonverents-2008-ajakava\/parimuskultuur-haridusmaastikule\/#breadcrumb"},"inLanguage":"en-US","potentialAction":[{"@type":"ReadAction","target":["https:\/\/www.folklore.ee\/ars\/uritused\/arhiiv\/talvekonverents-2008-ajakava\/parimuskultuur-haridusmaastikule\/"]}]},{"@type":"BreadcrumbList","@id":"https:\/\/www.folklore.ee\/ars\/uritused\/arhiiv\/talvekonverents-2008-ajakava\/parimuskultuur-haridusmaastikule\/#breadcrumb","itemListElement":[{"@type":"ListItem","position":1,"name":"Avaleht","item":"https:\/\/www.folklore.ee\/ars\/"},{"@type":"ListItem","position":2,"name":"\u00dcritused","item":"https:\/\/www.folklore.ee\/ars\/uritused\/"},{"@type":"ListItem","position":3,"name":"Arhiiv","item":"https:\/\/www.folklore.ee\/ars\/uritused\/arhiiv\/"},{"@type":"ListItem","position":4,"name":"Talvekonverents 2008 ajakava","item":"https:\/\/www.folklore.ee\/ars\/uritused\/arhiiv\/talvekonverents-2008-ajakava\/"},{"@type":"ListItem","position":5,"name":"P\u00e4rimuskultuur haridusmaastikule!"}]},{"@type":"WebSite","@id":"https:\/\/www.folklore.ee\/ars\/#website","url":"https:\/\/www.folklore.ee\/ars\/","name":"Akadeemiline Rahvaluule Selts","description":"Folkloristide, \u00fcli\u00f5pilaste ja k\u00f5igi rahvaluulest huvitatute \u00fchendus, mis aitab kaasa rahvaluule kogumisele, tutvustamisele, uurimisele ja publitseerimisele.","potentialAction":[{"@type":"SearchAction","target":{"@type":"EntryPoint","urlTemplate":"https:\/\/www.folklore.ee\/ars\/?s={search_term_string}"},"query-input":"required name=search_term_string"}],"inLanguage":"en-US"}]}},"_links":{"self":[{"href":"https:\/\/www.folklore.ee\/ars\/wp-json\/wp\/v2\/pages\/436","targetHints":{"allow":["GET"]}}],"collection":[{"href":"https:\/\/www.folklore.ee\/ars\/wp-json\/wp\/v2\/pages"}],"about":[{"href":"https:\/\/www.folklore.ee\/ars\/wp-json\/wp\/v2\/types\/page"}],"author":[{"embeddable":true,"href":"https:\/\/www.folklore.ee\/ars\/wp-json\/wp\/v2\/users\/1"}],"replies":[{"embeddable":true,"href":"https:\/\/www.folklore.ee\/ars\/wp-json\/wp\/v2\/comments?post=436"}],"version-history":[{"count":1,"href":"https:\/\/www.folklore.ee\/ars\/wp-json\/wp\/v2\/pages\/436\/revisions"}],"predecessor-version":[{"id":438,"href":"https:\/\/www.folklore.ee\/ars\/wp-json\/wp\/v2\/pages\/436\/revisions\/438"}],"up":[{"embeddable":true,"href":"https:\/\/www.folklore.ee\/ars\/wp-json\/wp\/v2\/pages\/385"}],"wp:attachment":[{"href":"https:\/\/www.folklore.ee\/ars\/wp-json\/wp\/v2\/media?parent=436"}],"curies":[{"name":"wp","href":"https:\/\/api.w.org\/{rel}","templated":true}]}}