{"id":434,"date":"2023-09-19T14:03:11","date_gmt":"2023-09-19T14:03:11","guid":{"rendered":"https:\/\/www.folklore.ee\/ars\/?page_id=434"},"modified":"2023-09-19T14:03:11","modified_gmt":"2023-09-19T14:03:11","slug":"kuhu-kadusid-lastehirmutised","status":"publish","type":"page","link":"https:\/\/www.folklore.ee\/ars\/uritused\/arhiiv\/talvekonverents-2008-ajakava\/kuhu-kadusid-lastehirmutised\/","title":{"rendered":"Kuhu kadusid lastehirmutised?"},"content":{"rendered":"\n<p><strong>Pille Kippar, Tallinna \u00dclikool<\/strong><\/p>\n\n\n\n<p>Valmistasin Anu Visseli m\u00e4lestuskonverentsiks ette l\u00f5igu eesti lastep\u00e4rimuse muutumisest, nagu tema omal ajal unelaulude ja m\u00e4ngudega tegi. Ehk oleks Anu lastehirmutisigi j\u00e4lginud, kui talle oleks elup\u00e4evi antud.<\/p>\n\n\n\n<p><strong>1) <\/strong>Lastehirmutis hrl. folkl. olend, kellega lapsi (s\u00f5nakuulmatuse vm puhul) \u00e4hvardati, n\u00e4it. kotimees, koll, n\u00e4kk. \u2013 EKSS III:1, 65.<\/p>\n\n\n\n<p><strong>2)<\/strong> Hirmu\u00e4ratav olend, kelle ilmumise \u00e4hvardusega v\u00e4ikesi lapsi s\u00f5nakuulmisele sunnitakse (Kinderschreck; boogeyman, bogy; lastenpelotin; pugalo). \u2013 Eesti rahvakultuuri leksikon, 1995, lk. 123.<\/p>\n\n\n\n<p>Termin lastehirmutised on folkloristide tehtud, meil t\u00f5lkeline ja laenatud. V\u00e4ljam\u00f5eldud olendid kannavad pedagoogilist \u00fclesannet. Eelnevate p\u00f5lvkondade lastekasvatus ja lapsehoid k\u00e4is hoopis teisiti kui praegu. T\u00e4nap\u00e4evase s\u00f5na otseses m\u00f5ttes k\u00e4est kinni hoidmise asemel tuli last kasvatada, juhendada, hoida ja halba v\u00e4ltida muude vahenditega. F\u00fc\u00fcsilise karistamise, otseste k\u00e4skude ja keeldude k\u00f5rval kasvatas hea pedagoogivaistuga lapsevanem last ka endisel ajal juttude ja lugudega, eeskujuga, aga ka hoiatuste ja hirmutamisega. Viimasteks olid lastehirmutisteks nimetatavad uskumuslikud (v\u00f5i v\u00e4ljam\u00f5eldud) olendid, kes elavad meie k\u00f5rval, j\u00e4lgivad inimeste elu ja tegevust, abistavad v\u00f5i takistavad. Neid pidi austama, nende reegleid tundma ja nendega korrektselt k\u00e4ituma. Eksimuse korral v\u00f5is karta k\u00e4ttemaksu.<\/p>\n\n\n\n<p>K. Ranke esitab saksa rahvausundis nelja t\u00fc\u00fcpi lastehirmutisi, nende hulgas lastetubade fantaasia heatahtlik olend Une-Mati (Sandmann). Une-Mati k\u00f5rvale paigutan oma ettekandes ka advendiaja ja aastavahetuse k\u00f5ige populaarsemad pedagoogilised olendid \u2013 p\u00e4kapikud ja j\u00f5uluvana, ja tagasihoidlikumalt, ent siiski j\u00e4rjekindlalt meenutatava taevaisa.<\/p>\n\n\n\n<p>Eesti lastehirmutiste kogumisv\u00f5istlus maa-algkoolides 1931\u20131932 t\u00f5i 16 k\u00f6idet (ERA II 43\u201353 ja 64\u201368), kokku 12 000 lk. Ergo V\u00e4strik on j\u00e4lginud selle materjali alusel hirmutusolenditena nimetatud loomulikke ja \u00fcleloomulikke olendeid, kel on selgelt kasva\u00adtuslik t\u00e4hendus ja kes on pedagoogilised fiktsioonid. Lastehirmutistena tun\u00adtud\/kasutatud olendeid eesti p\u00e4rimuses on k\u00e4sitlenud veel M. J. Eisen, O. Loorits, J. M\u00e4giste, A.Viires jt.<\/p>\n\n\n\n<p>Ettekande teises pooles vaatlen lapsi m\u00f5jutavaid olendeid kaasajal. Oma seisukohta avaldavad Tallinna Lepistiku lasteaia Siilipesa r\u00fchma 5aastased lapsed ja nende vanemad, Tallinna \u00fclikooli eesti filoloogia eriala esmakursuslased ning mitmed ettekandja kaasaegsed, praegused vanavanemad, seega neli vanuser\u00fchma.<\/p>\n\n\n\n<p>Vana p\u00e4rimuse taandumine on h\u00e4sti j\u00e4lgitav. T\u00e4nap\u00e4eva laste h\u00e4daohte\/hirme \u2013 liiklus, eksimine linnas, v\u00f5\u00f5ras inimene \u2013 ei saa hirmuolenditega peletada. Ikkagi on vaja t\u00e4iskasvanu j\u00e4lgimist ja selgitusi. Lapse m\u00f5ttemaailma ja vastutustunnet v\u00f5ivad aidata kujundada heatahtlikud v\u00e4ljam\u00f5eldud olendid. Siin on kasvatajatele ja pereliikmetele avar tegevusv\u00e4li valla. M\u00f5neks ajaks v\u00f5iks teie pere liikmeks saada just selline olend, kelle te ise oma lapsele eeskujuks v\u00e4lja m\u00f5tlete ja tema kasvatamisel abiliseks v\u00f5tate.<\/p>\n","protected":false},"excerpt":{"rendered":"<p>Pille Kippar, Tallinna \u00dclikool Valmistasin Anu Visseli m\u00e4lestuskonverentsiks ette l\u00f5igu eesti lastep\u00e4rimuse muutumisest, nagu tema omal ajal unelaulude ja m\u00e4ngudega tegi. Ehk oleks Anu lastehirmutisigi j\u00e4lginud, kui talle oleks elup\u00e4evi antud. 1) Lastehirmutis hrl. folkl. olend, kellega lapsi (s\u00f5nakuulmatuse vm puhul) \u00e4hvardati, n\u00e4it. kotimees, koll, n\u00e4kk. \u2013 EKSS III:1, 65. 2) Hirmu\u00e4ratav olend, kelle ilmumise [&hellip;]<\/p>\n","protected":false},"author":1,"featured_media":0,"parent":385,"menu_order":0,"comment_status":"closed","ping_status":"closed","template":"","meta":{"footnotes":""},"class_list":["post-434","page","type-page","status-publish","hentry"],"yoast_head":"<!-- This site is optimized with the Yoast SEO plugin v20.12 - https:\/\/yoast.com\/wordpress\/plugins\/seo\/ -->\n<title>Kuhu kadusid lastehirmutised? | Akadeemiline Rahvaluule Selts<\/title>\n<meta name=\"robots\" content=\"index, follow, max-snippet:-1, max-image-preview:large, max-video-preview:-1\" \/>\n<link rel=\"canonical\" href=\"https:\/\/www.folklore.ee\/ars\/uritused\/arhiiv\/talvekonverents-2008-ajakava\/kuhu-kadusid-lastehirmutised\/\" \/>\n<meta property=\"og:locale\" content=\"en_US\" \/>\n<meta property=\"og:type\" content=\"article\" \/>\n<meta property=\"og:title\" content=\"Kuhu kadusid lastehirmutised? | Akadeemiline Rahvaluule Selts\" \/>\n<meta property=\"og:description\" content=\"Pille Kippar, Tallinna \u00dclikool Valmistasin Anu Visseli m\u00e4lestuskonverentsiks ette l\u00f5igu eesti lastep\u00e4rimuse muutumisest, nagu tema omal ajal unelaulude ja m\u00e4ngudega tegi. Ehk oleks Anu lastehirmutisigi j\u00e4lginud, kui talle oleks elup\u00e4evi antud. 1) Lastehirmutis hrl. folkl. olend, kellega lapsi (s\u00f5nakuulmatuse vm puhul) \u00e4hvardati, n\u00e4it. kotimees, koll, n\u00e4kk. \u2013 EKSS III:1, 65. 2) Hirmu\u00e4ratav olend, kelle ilmumise [&hellip;]\" \/>\n<meta property=\"og:url\" content=\"https:\/\/www.folklore.ee\/ars\/uritused\/arhiiv\/talvekonverents-2008-ajakava\/kuhu-kadusid-lastehirmutised\/\" \/>\n<meta property=\"og:site_name\" content=\"Akadeemiline Rahvaluule Selts\" \/>\n<meta name=\"twitter:card\" content=\"summary_large_image\" \/>\n<meta name=\"twitter:label1\" content=\"Est. reading time\" \/>\n\t<meta name=\"twitter:data1\" content=\"2 minutes\" \/>\n<script type=\"application\/ld+json\" class=\"yoast-schema-graph\">{\"@context\":\"https:\/\/schema.org\",\"@graph\":[{\"@type\":\"WebPage\",\"@id\":\"https:\/\/www.folklore.ee\/ars\/uritused\/arhiiv\/talvekonverents-2008-ajakava\/kuhu-kadusid-lastehirmutised\/\",\"url\":\"https:\/\/www.folklore.ee\/ars\/uritused\/arhiiv\/talvekonverents-2008-ajakava\/kuhu-kadusid-lastehirmutised\/\",\"name\":\"Kuhu kadusid lastehirmutised? | Akadeemiline Rahvaluule Selts\",\"isPartOf\":{\"@id\":\"https:\/\/www.folklore.ee\/ars\/#website\"},\"datePublished\":\"2023-09-19T14:03:11+00:00\",\"dateModified\":\"2023-09-19T14:03:11+00:00\",\"breadcrumb\":{\"@id\":\"https:\/\/www.folklore.ee\/ars\/uritused\/arhiiv\/talvekonverents-2008-ajakava\/kuhu-kadusid-lastehirmutised\/#breadcrumb\"},\"inLanguage\":\"en-US\",\"potentialAction\":[{\"@type\":\"ReadAction\",\"target\":[\"https:\/\/www.folklore.ee\/ars\/uritused\/arhiiv\/talvekonverents-2008-ajakava\/kuhu-kadusid-lastehirmutised\/\"]}]},{\"@type\":\"BreadcrumbList\",\"@id\":\"https:\/\/www.folklore.ee\/ars\/uritused\/arhiiv\/talvekonverents-2008-ajakava\/kuhu-kadusid-lastehirmutised\/#breadcrumb\",\"itemListElement\":[{\"@type\":\"ListItem\",\"position\":1,\"name\":\"Avaleht\",\"item\":\"https:\/\/www.folklore.ee\/ars\/\"},{\"@type\":\"ListItem\",\"position\":2,\"name\":\"\u00dcritused\",\"item\":\"https:\/\/www.folklore.ee\/ars\/uritused\/\"},{\"@type\":\"ListItem\",\"position\":3,\"name\":\"Arhiiv\",\"item\":\"https:\/\/www.folklore.ee\/ars\/uritused\/arhiiv\/\"},{\"@type\":\"ListItem\",\"position\":4,\"name\":\"Talvekonverents 2008 ajakava\",\"item\":\"https:\/\/www.folklore.ee\/ars\/uritused\/arhiiv\/talvekonverents-2008-ajakava\/\"},{\"@type\":\"ListItem\",\"position\":5,\"name\":\"Kuhu kadusid lastehirmutised?\"}]},{\"@type\":\"WebSite\",\"@id\":\"https:\/\/www.folklore.ee\/ars\/#website\",\"url\":\"https:\/\/www.folklore.ee\/ars\/\",\"name\":\"Akadeemiline Rahvaluule Selts\",\"description\":\"Folkloristide, \u00fcli\u00f5pilaste ja k\u00f5igi rahvaluulest huvitatute \u00fchendus, mis aitab kaasa rahvaluule kogumisele, tutvustamisele, uurimisele ja publitseerimisele.\",\"potentialAction\":[{\"@type\":\"SearchAction\",\"target\":{\"@type\":\"EntryPoint\",\"urlTemplate\":\"https:\/\/www.folklore.ee\/ars\/?s={search_term_string}\"},\"query-input\":\"required name=search_term_string\"}],\"inLanguage\":\"en-US\"}]}<\/script>\n<!-- \/ Yoast SEO plugin. -->","yoast_head_json":{"title":"Kuhu kadusid lastehirmutised? | Akadeemiline Rahvaluule Selts","robots":{"index":"index","follow":"follow","max-snippet":"max-snippet:-1","max-image-preview":"max-image-preview:large","max-video-preview":"max-video-preview:-1"},"canonical":"https:\/\/www.folklore.ee\/ars\/uritused\/arhiiv\/talvekonverents-2008-ajakava\/kuhu-kadusid-lastehirmutised\/","og_locale":"en_US","og_type":"article","og_title":"Kuhu kadusid lastehirmutised? | Akadeemiline Rahvaluule Selts","og_description":"Pille Kippar, Tallinna \u00dclikool Valmistasin Anu Visseli m\u00e4lestuskonverentsiks ette l\u00f5igu eesti lastep\u00e4rimuse muutumisest, nagu tema omal ajal unelaulude ja m\u00e4ngudega tegi. Ehk oleks Anu lastehirmutisigi j\u00e4lginud, kui talle oleks elup\u00e4evi antud. 1) Lastehirmutis hrl. folkl. olend, kellega lapsi (s\u00f5nakuulmatuse vm puhul) \u00e4hvardati, n\u00e4it. kotimees, koll, n\u00e4kk. \u2013 EKSS III:1, 65. 2) Hirmu\u00e4ratav olend, kelle ilmumise [&hellip;]","og_url":"https:\/\/www.folklore.ee\/ars\/uritused\/arhiiv\/talvekonverents-2008-ajakava\/kuhu-kadusid-lastehirmutised\/","og_site_name":"Akadeemiline Rahvaluule Selts","twitter_card":"summary_large_image","twitter_misc":{"Est. reading time":"2 minutes"},"schema":{"@context":"https:\/\/schema.org","@graph":[{"@type":"WebPage","@id":"https:\/\/www.folklore.ee\/ars\/uritused\/arhiiv\/talvekonverents-2008-ajakava\/kuhu-kadusid-lastehirmutised\/","url":"https:\/\/www.folklore.ee\/ars\/uritused\/arhiiv\/talvekonverents-2008-ajakava\/kuhu-kadusid-lastehirmutised\/","name":"Kuhu kadusid lastehirmutised? | Akadeemiline Rahvaluule Selts","isPartOf":{"@id":"https:\/\/www.folklore.ee\/ars\/#website"},"datePublished":"2023-09-19T14:03:11+00:00","dateModified":"2023-09-19T14:03:11+00:00","breadcrumb":{"@id":"https:\/\/www.folklore.ee\/ars\/uritused\/arhiiv\/talvekonverents-2008-ajakava\/kuhu-kadusid-lastehirmutised\/#breadcrumb"},"inLanguage":"en-US","potentialAction":[{"@type":"ReadAction","target":["https:\/\/www.folklore.ee\/ars\/uritused\/arhiiv\/talvekonverents-2008-ajakava\/kuhu-kadusid-lastehirmutised\/"]}]},{"@type":"BreadcrumbList","@id":"https:\/\/www.folklore.ee\/ars\/uritused\/arhiiv\/talvekonverents-2008-ajakava\/kuhu-kadusid-lastehirmutised\/#breadcrumb","itemListElement":[{"@type":"ListItem","position":1,"name":"Avaleht","item":"https:\/\/www.folklore.ee\/ars\/"},{"@type":"ListItem","position":2,"name":"\u00dcritused","item":"https:\/\/www.folklore.ee\/ars\/uritused\/"},{"@type":"ListItem","position":3,"name":"Arhiiv","item":"https:\/\/www.folklore.ee\/ars\/uritused\/arhiiv\/"},{"@type":"ListItem","position":4,"name":"Talvekonverents 2008 ajakava","item":"https:\/\/www.folklore.ee\/ars\/uritused\/arhiiv\/talvekonverents-2008-ajakava\/"},{"@type":"ListItem","position":5,"name":"Kuhu kadusid lastehirmutised?"}]},{"@type":"WebSite","@id":"https:\/\/www.folklore.ee\/ars\/#website","url":"https:\/\/www.folklore.ee\/ars\/","name":"Akadeemiline Rahvaluule Selts","description":"Folkloristide, \u00fcli\u00f5pilaste ja k\u00f5igi rahvaluulest huvitatute \u00fchendus, mis aitab kaasa rahvaluule kogumisele, tutvustamisele, uurimisele ja publitseerimisele.","potentialAction":[{"@type":"SearchAction","target":{"@type":"EntryPoint","urlTemplate":"https:\/\/www.folklore.ee\/ars\/?s={search_term_string}"},"query-input":"required name=search_term_string"}],"inLanguage":"en-US"}]}},"_links":{"self":[{"href":"https:\/\/www.folklore.ee\/ars\/wp-json\/wp\/v2\/pages\/434","targetHints":{"allow":["GET"]}}],"collection":[{"href":"https:\/\/www.folklore.ee\/ars\/wp-json\/wp\/v2\/pages"}],"about":[{"href":"https:\/\/www.folklore.ee\/ars\/wp-json\/wp\/v2\/types\/page"}],"author":[{"embeddable":true,"href":"https:\/\/www.folklore.ee\/ars\/wp-json\/wp\/v2\/users\/1"}],"replies":[{"embeddable":true,"href":"https:\/\/www.folklore.ee\/ars\/wp-json\/wp\/v2\/comments?post=434"}],"version-history":[{"count":1,"href":"https:\/\/www.folklore.ee\/ars\/wp-json\/wp\/v2\/pages\/434\/revisions"}],"predecessor-version":[{"id":435,"href":"https:\/\/www.folklore.ee\/ars\/wp-json\/wp\/v2\/pages\/434\/revisions\/435"}],"up":[{"embeddable":true,"href":"https:\/\/www.folklore.ee\/ars\/wp-json\/wp\/v2\/pages\/385"}],"wp:attachment":[{"href":"https:\/\/www.folklore.ee\/ars\/wp-json\/wp\/v2\/media?parent=434"}],"curies":[{"name":"wp","href":"https:\/\/api.w.org\/{rel}","templated":true}]}}