{"id":431,"date":"2023-09-19T13:53:55","date_gmt":"2023-09-19T13:53:55","guid":{"rendered":"https:\/\/www.folklore.ee\/ars\/?page_id=431"},"modified":"2023-09-19T13:53:55","modified_gmt":"2023-09-19T13:53:55","slug":"kakskummend-kaheksa-aastat-uhes-toas-anuga","status":"publish","type":"page","link":"https:\/\/www.folklore.ee\/ars\/uritused\/arhiiv\/talvekonverents-2008-ajakava\/kakskummend-kaheksa-aastat-uhes-toas-anuga\/","title":{"rendered":"Kaksk\u00fcmmend kaheksa aastat \u00fches toas Anuga"},"content":{"rendered":"\n<p><strong>Edna Tuvi, Eesti Kirjandusmuuseumi etnomusikoloogia osakond<\/strong><\/p>\n\n\n\n<p>Kesksel kohal on meenutused pikaaegsest koost\u00f6\u00f6st Anu Visseliga. Anu (tollal Zirk) alustas t\u00f6\u00f6d TA Fr. R. Kreutzwaldi nim Kirjandusmuuseumis aastal 1977, umbes aasta p\u00e4rast sai t\u00f6\u00f6andjaks Keele ja Kirjanduse Instituudi vastloodud rahvamuusika sektor eesotsas Ingrid R\u00fc\u00fctliga, kuid n-\u00f6 laud ja tool j\u00e4id endiselt kirjandusmuuseumisse. Koos muuseumi rahvaga k\u00e4isime rahvaluule\u00adekspeditsioonidel ja samuti toimusid Tartus Emakeele Seltsi rahvaluulesektsiooni koosolekud.<\/p>\n\n\n\n<p>Anu kujunemist tunnustatud teadlaseks saatis j\u00e4rjekindel pingutus ja t\u00f6\u00f6 eesm\u00e4rgi saavutamiseks. Teaduslike j\u00e4relduste tegemisel oli tal kombeks k\u00f5igepealt k\u00f5iges kahelda ja v\u00f5imalusel \u00fcle kontrollida. Huvi \u00e4ratanud n\u00e4htuste juures julges ta ikka k\u00fcsida: miks?<\/p>\n\n\n\n<p>Anu Vissel oli rahvusvahelise folkloorifestivali Baltica kunstin\u00f5ukogu liige, Eesti Rahvusliku Folkloorin\u00f5ukogu (CIOFF Estonia) ja Rahvusvahelise Rahvamuusika N\u00f5ukogu (ICTM) eesti rahvussektsiooni liige, Emakeele Seltsi, Akadeemilise Rahvaluule Seltsi, Eesti Folkloori Seltsi, UNESCO tantsuorganisatsiooni CID (Conseil International de la Danse) ja Soome teadusorganisatsiooni Folklore Fellows liige.<\/p>\n\n\n\n<p>Anu Vissel on esindanud Eestit v\u00e4\u00e4rikalt v\u00e4lismaal, nii ida- kui l\u00e4\u00e4nepoolsetel teadusfoorumitel, samuti tr\u00fckiv\u00e4ljaannetes. Ta on koostanud rahvamuusika heliplaate ja kassette, avaldanud arvukalt artikleid, ta oli Eesti Rahvusliku Folkloorin\u00f5ukogu p\u00e4rimus\u00adkultuuri auhinna (2001), Eesti Rahvuskultuuri Fondi Kristjan Toropi nimelise tantsu\u00adpreemia (2004) ja Eesti Kultuurkapitali rahvakultuuri sihtkapitali aastapreemia (2004) laureaat. Ta t\u00f5i folkloristikasse uuenduslikku, v\u00f5ttis uurida senik\u00e4sitlemata teemasid, oli p\u00f5hjalik \u00fcksikteadlane ja arvestatav meeskonnaliige. Kolleegina oli Anu r\u00f5\u00f5msameelne, tagasihoidlik ja vastutustundeline. Ta oli oma t\u00f6\u00f6s sihikindel ja p\u00fchendunud.<\/p>\n","protected":false},"excerpt":{"rendered":"<p>Edna Tuvi, Eesti Kirjandusmuuseumi etnomusikoloogia osakond Kesksel kohal on meenutused pikaaegsest koost\u00f6\u00f6st Anu Visseliga. Anu (tollal Zirk) alustas t\u00f6\u00f6d TA Fr. R. Kreutzwaldi nim Kirjandusmuuseumis aastal 1977, umbes aasta p\u00e4rast sai t\u00f6\u00f6andjaks Keele ja Kirjanduse Instituudi vastloodud rahvamuusika sektor eesotsas Ingrid R\u00fc\u00fctliga, kuid n-\u00f6 laud ja tool j\u00e4id endiselt kirjandusmuuseumisse. Koos muuseumi rahvaga k\u00e4isime rahvaluule\u00adekspeditsioonidel [&hellip;]<\/p>\n","protected":false},"author":1,"featured_media":0,"parent":385,"menu_order":0,"comment_status":"closed","ping_status":"closed","template":"","meta":{"footnotes":""},"class_list":["post-431","page","type-page","status-publish","hentry"],"yoast_head":"<!-- This site is optimized with the Yoast SEO plugin v20.12 - https:\/\/yoast.com\/wordpress\/plugins\/seo\/ -->\n<title>Kaksk\u00fcmmend kaheksa aastat \u00fches toas Anuga | Akadeemiline Rahvaluule Selts<\/title>\n<meta name=\"robots\" content=\"index, follow, max-snippet:-1, max-image-preview:large, max-video-preview:-1\" \/>\n<link rel=\"canonical\" href=\"https:\/\/www.folklore.ee\/ars\/uritused\/arhiiv\/talvekonverents-2008-ajakava\/kakskummend-kaheksa-aastat-uhes-toas-anuga\/\" \/>\n<meta property=\"og:locale\" content=\"en_US\" \/>\n<meta property=\"og:type\" content=\"article\" \/>\n<meta property=\"og:title\" content=\"Kaksk\u00fcmmend kaheksa aastat \u00fches toas Anuga | Akadeemiline Rahvaluule Selts\" \/>\n<meta property=\"og:description\" content=\"Edna Tuvi, Eesti Kirjandusmuuseumi etnomusikoloogia osakond Kesksel kohal on meenutused pikaaegsest koost\u00f6\u00f6st Anu Visseliga. Anu (tollal Zirk) alustas t\u00f6\u00f6d TA Fr. R. Kreutzwaldi nim Kirjandusmuuseumis aastal 1977, umbes aasta p\u00e4rast sai t\u00f6\u00f6andjaks Keele ja Kirjanduse Instituudi vastloodud rahvamuusika sektor eesotsas Ingrid R\u00fc\u00fctliga, kuid n-\u00f6 laud ja tool j\u00e4id endiselt kirjandusmuuseumisse. Koos muuseumi rahvaga k\u00e4isime rahvaluule\u00adekspeditsioonidel [&hellip;]\" \/>\n<meta property=\"og:url\" content=\"https:\/\/www.folklore.ee\/ars\/uritused\/arhiiv\/talvekonverents-2008-ajakava\/kakskummend-kaheksa-aastat-uhes-toas-anuga\/\" \/>\n<meta property=\"og:site_name\" content=\"Akadeemiline Rahvaluule Selts\" \/>\n<meta name=\"twitter:card\" content=\"summary_large_image\" \/>\n<meta name=\"twitter:label1\" content=\"Est. reading time\" \/>\n\t<meta name=\"twitter:data1\" content=\"1 minute\" \/>\n<script type=\"application\/ld+json\" class=\"yoast-schema-graph\">{\"@context\":\"https:\/\/schema.org\",\"@graph\":[{\"@type\":\"WebPage\",\"@id\":\"https:\/\/www.folklore.ee\/ars\/uritused\/arhiiv\/talvekonverents-2008-ajakava\/kakskummend-kaheksa-aastat-uhes-toas-anuga\/\",\"url\":\"https:\/\/www.folklore.ee\/ars\/uritused\/arhiiv\/talvekonverents-2008-ajakava\/kakskummend-kaheksa-aastat-uhes-toas-anuga\/\",\"name\":\"Kaksk\u00fcmmend kaheksa aastat \u00fches toas Anuga | Akadeemiline Rahvaluule Selts\",\"isPartOf\":{\"@id\":\"https:\/\/www.folklore.ee\/ars\/#website\"},\"datePublished\":\"2023-09-19T13:53:55+00:00\",\"dateModified\":\"2023-09-19T13:53:55+00:00\",\"breadcrumb\":{\"@id\":\"https:\/\/www.folklore.ee\/ars\/uritused\/arhiiv\/talvekonverents-2008-ajakava\/kakskummend-kaheksa-aastat-uhes-toas-anuga\/#breadcrumb\"},\"inLanguage\":\"en-US\",\"potentialAction\":[{\"@type\":\"ReadAction\",\"target\":[\"https:\/\/www.folklore.ee\/ars\/uritused\/arhiiv\/talvekonverents-2008-ajakava\/kakskummend-kaheksa-aastat-uhes-toas-anuga\/\"]}]},{\"@type\":\"BreadcrumbList\",\"@id\":\"https:\/\/www.folklore.ee\/ars\/uritused\/arhiiv\/talvekonverents-2008-ajakava\/kakskummend-kaheksa-aastat-uhes-toas-anuga\/#breadcrumb\",\"itemListElement\":[{\"@type\":\"ListItem\",\"position\":1,\"name\":\"Avaleht\",\"item\":\"https:\/\/www.folklore.ee\/ars\/\"},{\"@type\":\"ListItem\",\"position\":2,\"name\":\"\u00dcritused\",\"item\":\"https:\/\/www.folklore.ee\/ars\/uritused\/\"},{\"@type\":\"ListItem\",\"position\":3,\"name\":\"Arhiiv\",\"item\":\"https:\/\/www.folklore.ee\/ars\/uritused\/arhiiv\/\"},{\"@type\":\"ListItem\",\"position\":4,\"name\":\"Talvekonverents 2008 ajakava\",\"item\":\"https:\/\/www.folklore.ee\/ars\/uritused\/arhiiv\/talvekonverents-2008-ajakava\/\"},{\"@type\":\"ListItem\",\"position\":5,\"name\":\"Kaksk\u00fcmmend kaheksa aastat \u00fches toas Anuga\"}]},{\"@type\":\"WebSite\",\"@id\":\"https:\/\/www.folklore.ee\/ars\/#website\",\"url\":\"https:\/\/www.folklore.ee\/ars\/\",\"name\":\"Akadeemiline Rahvaluule Selts\",\"description\":\"Folkloristide, \u00fcli\u00f5pilaste ja k\u00f5igi rahvaluulest huvitatute \u00fchendus, mis aitab kaasa rahvaluule kogumisele, tutvustamisele, uurimisele ja publitseerimisele.\",\"potentialAction\":[{\"@type\":\"SearchAction\",\"target\":{\"@type\":\"EntryPoint\",\"urlTemplate\":\"https:\/\/www.folklore.ee\/ars\/?s={search_term_string}\"},\"query-input\":\"required name=search_term_string\"}],\"inLanguage\":\"en-US\"}]}<\/script>\n<!-- \/ Yoast SEO plugin. -->","yoast_head_json":{"title":"Kaksk\u00fcmmend kaheksa aastat \u00fches toas Anuga | Akadeemiline Rahvaluule Selts","robots":{"index":"index","follow":"follow","max-snippet":"max-snippet:-1","max-image-preview":"max-image-preview:large","max-video-preview":"max-video-preview:-1"},"canonical":"https:\/\/www.folklore.ee\/ars\/uritused\/arhiiv\/talvekonverents-2008-ajakava\/kakskummend-kaheksa-aastat-uhes-toas-anuga\/","og_locale":"en_US","og_type":"article","og_title":"Kaksk\u00fcmmend kaheksa aastat \u00fches toas Anuga | Akadeemiline Rahvaluule Selts","og_description":"Edna Tuvi, Eesti Kirjandusmuuseumi etnomusikoloogia osakond Kesksel kohal on meenutused pikaaegsest koost\u00f6\u00f6st Anu Visseliga. Anu (tollal Zirk) alustas t\u00f6\u00f6d TA Fr. R. Kreutzwaldi nim Kirjandusmuuseumis aastal 1977, umbes aasta p\u00e4rast sai t\u00f6\u00f6andjaks Keele ja Kirjanduse Instituudi vastloodud rahvamuusika sektor eesotsas Ingrid R\u00fc\u00fctliga, kuid n-\u00f6 laud ja tool j\u00e4id endiselt kirjandusmuuseumisse. Koos muuseumi rahvaga k\u00e4isime rahvaluule\u00adekspeditsioonidel [&hellip;]","og_url":"https:\/\/www.folklore.ee\/ars\/uritused\/arhiiv\/talvekonverents-2008-ajakava\/kakskummend-kaheksa-aastat-uhes-toas-anuga\/","og_site_name":"Akadeemiline Rahvaluule Selts","twitter_card":"summary_large_image","twitter_misc":{"Est. reading time":"1 minute"},"schema":{"@context":"https:\/\/schema.org","@graph":[{"@type":"WebPage","@id":"https:\/\/www.folklore.ee\/ars\/uritused\/arhiiv\/talvekonverents-2008-ajakava\/kakskummend-kaheksa-aastat-uhes-toas-anuga\/","url":"https:\/\/www.folklore.ee\/ars\/uritused\/arhiiv\/talvekonverents-2008-ajakava\/kakskummend-kaheksa-aastat-uhes-toas-anuga\/","name":"Kaksk\u00fcmmend kaheksa aastat \u00fches toas Anuga | Akadeemiline Rahvaluule Selts","isPartOf":{"@id":"https:\/\/www.folklore.ee\/ars\/#website"},"datePublished":"2023-09-19T13:53:55+00:00","dateModified":"2023-09-19T13:53:55+00:00","breadcrumb":{"@id":"https:\/\/www.folklore.ee\/ars\/uritused\/arhiiv\/talvekonverents-2008-ajakava\/kakskummend-kaheksa-aastat-uhes-toas-anuga\/#breadcrumb"},"inLanguage":"en-US","potentialAction":[{"@type":"ReadAction","target":["https:\/\/www.folklore.ee\/ars\/uritused\/arhiiv\/talvekonverents-2008-ajakava\/kakskummend-kaheksa-aastat-uhes-toas-anuga\/"]}]},{"@type":"BreadcrumbList","@id":"https:\/\/www.folklore.ee\/ars\/uritused\/arhiiv\/talvekonverents-2008-ajakava\/kakskummend-kaheksa-aastat-uhes-toas-anuga\/#breadcrumb","itemListElement":[{"@type":"ListItem","position":1,"name":"Avaleht","item":"https:\/\/www.folklore.ee\/ars\/"},{"@type":"ListItem","position":2,"name":"\u00dcritused","item":"https:\/\/www.folklore.ee\/ars\/uritused\/"},{"@type":"ListItem","position":3,"name":"Arhiiv","item":"https:\/\/www.folklore.ee\/ars\/uritused\/arhiiv\/"},{"@type":"ListItem","position":4,"name":"Talvekonverents 2008 ajakava","item":"https:\/\/www.folklore.ee\/ars\/uritused\/arhiiv\/talvekonverents-2008-ajakava\/"},{"@type":"ListItem","position":5,"name":"Kaksk\u00fcmmend kaheksa aastat \u00fches toas Anuga"}]},{"@type":"WebSite","@id":"https:\/\/www.folklore.ee\/ars\/#website","url":"https:\/\/www.folklore.ee\/ars\/","name":"Akadeemiline Rahvaluule Selts","description":"Folkloristide, \u00fcli\u00f5pilaste ja k\u00f5igi rahvaluulest huvitatute \u00fchendus, mis aitab kaasa rahvaluule kogumisele, tutvustamisele, uurimisele ja publitseerimisele.","potentialAction":[{"@type":"SearchAction","target":{"@type":"EntryPoint","urlTemplate":"https:\/\/www.folklore.ee\/ars\/?s={search_term_string}"},"query-input":"required name=search_term_string"}],"inLanguage":"en-US"}]}},"_links":{"self":[{"href":"https:\/\/www.folklore.ee\/ars\/wp-json\/wp\/v2\/pages\/431","targetHints":{"allow":["GET"]}}],"collection":[{"href":"https:\/\/www.folklore.ee\/ars\/wp-json\/wp\/v2\/pages"}],"about":[{"href":"https:\/\/www.folklore.ee\/ars\/wp-json\/wp\/v2\/types\/page"}],"author":[{"embeddable":true,"href":"https:\/\/www.folklore.ee\/ars\/wp-json\/wp\/v2\/users\/1"}],"replies":[{"embeddable":true,"href":"https:\/\/www.folklore.ee\/ars\/wp-json\/wp\/v2\/comments?post=431"}],"version-history":[{"count":1,"href":"https:\/\/www.folklore.ee\/ars\/wp-json\/wp\/v2\/pages\/431\/revisions"}],"predecessor-version":[{"id":432,"href":"https:\/\/www.folklore.ee\/ars\/wp-json\/wp\/v2\/pages\/431\/revisions\/432"}],"up":[{"embeddable":true,"href":"https:\/\/www.folklore.ee\/ars\/wp-json\/wp\/v2\/pages\/385"}],"wp:attachment":[{"href":"https:\/\/www.folklore.ee\/ars\/wp-json\/wp\/v2\/media?parent=431"}],"curies":[{"name":"wp","href":"https:\/\/api.w.org\/{rel}","templated":true}]}}