{"id":429,"date":"2023-09-19T13:53:14","date_gmt":"2023-09-19T13:53:14","guid":{"rendered":"https:\/\/www.folklore.ee\/ars\/?page_id=429"},"modified":"2023-09-19T13:53:14","modified_gmt":"2023-09-19T13:53:14","slug":"anust-ja-tema-jaljest-eesti-folkloristikas","status":"publish","type":"page","link":"https:\/\/www.folklore.ee\/ars\/uritused\/arhiiv\/talvekonverents-2008-ajakava\/anust-ja-tema-jaljest-eesti-folkloristikas\/","title":{"rendered":"Anust ja tema j\u00e4ljest eesti folkloristikas"},"content":{"rendered":"\n<p><strong>Ingrid R\u00fc\u00fctel, Eesti Kirjandusmuuseumi etnomusikoloogia osakond<\/strong><\/p>\n\n\n\n<p>Anu Vissel s\u00fcndis 16. detsembril 1952. Lapsep\u00f5lv ja kooliaastad m\u00f6\u00f6dusid N\u00f5o alevikus. Sealne perekonnale kuuluv v\u00e4ike talumajapidamine j\u00e4i ta p\u00e4riskoduks kogu eluks ja teel sinna leidis 1. septembril 2005 aset ka traagiline \u00f5nnetus, mis viis ta meie keskelt j\u00e4\u00e4davalt 6. septembril.<\/p>\n\n\n\n<p>P\u00e4rast Tartu \u00fclikooli l\u00f5petamist 1977. aastal asus Anu t\u00f6\u00f6le Kirjandusmuuseumi rahvaluule osakonna rahvamuusika t\u00f6\u00f6grupis, mis sai algrakukeseks rahvamuusika uurimissektorile Keele ja Kirjanduse Instituudis 1978. aastal. Seal t\u00f6\u00f6tas ta kuni sektori liitmiseni Eesti Kirjandusmuuseumiga aastal 2000.<\/p>\n\n\n\n<p>Anu uuris eesti karjaselaule ja nende suhteid naaberrahvaste lauludega, andis v\u00e4lja k\u00f5ik arhiivis leiduvad viisidega \u00fclest\u00e4hendatud karjaselaulud koos huigete ja helletustega (\u201eEesti karjaselaulud\u201d I\u2013IV, 1982\u20131992), korraldas ulatusliku ankeetuuringu selgitamaks, mida lauldakse ja jutustatakse t\u00e4nap\u00e4eval lastele eesti kodudes, kogus ja uuris lastem\u00e4nge ja muud lastefolkloori, kirjutas huvitavaid uurimusi meediam\u00e4ngudest, eesti kiigekultuurist, uuematest rahvalauludest. Eriti paelus teda lastefolkloor, kuulusid ju l\u00f5unaeesti karjase\u00adlauludki eesk\u00e4tt lapskarjaste repertuaari. 1997. aastal kaitses ta magistrit\u00f6\u00f6 \u201eTradit\u00adsiooniline ja uuenduslik t\u00e4nap\u00e4eva eesti laste liikumism\u00e4ngudes\u201d ja 2004 doktorit\u00f6\u00f6 \u201eLaste\u00adp\u00e4rimus muutuvas \u00fchiskonnas\u201d. Viimastel aastatel s\u00fcvenes ta peamiselt rahva\u00adtantsude uurimisse ning kavatses edaspidi osaleda Kristjan Toropist pooleli j\u00e4\u00e4nud rahvatantsude v\u00e4ljaande koos\u00adtamises.<\/p>\n\n\n\n<p>Anu oli innukas rahvaluulekoguja, kes tegi hulgaliselt kirjalikke \u00fclest\u00e4hendusi, helilindistusi, fotosid kui ka videosalvestusi. Eriti paelus teda taas lastefolkloor, samuti j\u00e4\u00e4dvustas ta t\u00e4nap\u00e4eva tantsuklubide ja folkloorir\u00fchmade tegevust jm. Koos k\u00e4isime arvukatel Kihnu ekspeditsioonidel, osalt koos ETV v\u00f5ttegruppidega, mille tulemusena valmis hulk Kihnu-ainelisi telefilme. Anu on telefilmi \u201eRistsed\u201d autor ja videofilmi \u201eKadrip\u00e4ev Kihnus\u201d kaasautor.<\/p>\n\n\n\n<p>Anu surmaga kaotasime ausa, v\u00e4\u00e4rika ja hea inimese, p\u00fchendunud rahvaluuleuurija, unustamatu kolleegi.<\/p>\n","protected":false},"excerpt":{"rendered":"<p>Ingrid R\u00fc\u00fctel, Eesti Kirjandusmuuseumi etnomusikoloogia osakond Anu Vissel s\u00fcndis 16. detsembril 1952. Lapsep\u00f5lv ja kooliaastad m\u00f6\u00f6dusid N\u00f5o alevikus. Sealne perekonnale kuuluv v\u00e4ike talumajapidamine j\u00e4i ta p\u00e4riskoduks kogu eluks ja teel sinna leidis 1. septembril 2005 aset ka traagiline \u00f5nnetus, mis viis ta meie keskelt j\u00e4\u00e4davalt 6. septembril. P\u00e4rast Tartu \u00fclikooli l\u00f5petamist 1977. aastal asus Anu [&hellip;]<\/p>\n","protected":false},"author":1,"featured_media":0,"parent":385,"menu_order":0,"comment_status":"closed","ping_status":"closed","template":"","meta":{"footnotes":""},"class_list":["post-429","page","type-page","status-publish","hentry"],"yoast_head":"<!-- This site is optimized with the Yoast SEO plugin v20.12 - https:\/\/yoast.com\/wordpress\/plugins\/seo\/ -->\n<title>Anust ja tema j\u00e4ljest eesti folkloristikas | Akadeemiline Rahvaluule Selts<\/title>\n<meta name=\"robots\" content=\"index, follow, max-snippet:-1, max-image-preview:large, max-video-preview:-1\" \/>\n<link rel=\"canonical\" href=\"https:\/\/www.folklore.ee\/ars\/uritused\/arhiiv\/talvekonverents-2008-ajakava\/anust-ja-tema-jaljest-eesti-folkloristikas\/\" \/>\n<meta property=\"og:locale\" content=\"en_US\" \/>\n<meta property=\"og:type\" content=\"article\" \/>\n<meta property=\"og:title\" content=\"Anust ja tema j\u00e4ljest eesti folkloristikas | Akadeemiline Rahvaluule Selts\" \/>\n<meta property=\"og:description\" content=\"Ingrid R\u00fc\u00fctel, Eesti Kirjandusmuuseumi etnomusikoloogia osakond Anu Vissel s\u00fcndis 16. detsembril 1952. Lapsep\u00f5lv ja kooliaastad m\u00f6\u00f6dusid N\u00f5o alevikus. Sealne perekonnale kuuluv v\u00e4ike talumajapidamine j\u00e4i ta p\u00e4riskoduks kogu eluks ja teel sinna leidis 1. septembril 2005 aset ka traagiline \u00f5nnetus, mis viis ta meie keskelt j\u00e4\u00e4davalt 6. septembril. P\u00e4rast Tartu \u00fclikooli l\u00f5petamist 1977. aastal asus Anu [&hellip;]\" \/>\n<meta property=\"og:url\" content=\"https:\/\/www.folklore.ee\/ars\/uritused\/arhiiv\/talvekonverents-2008-ajakava\/anust-ja-tema-jaljest-eesti-folkloristikas\/\" \/>\n<meta property=\"og:site_name\" content=\"Akadeemiline Rahvaluule Selts\" \/>\n<meta name=\"twitter:card\" content=\"summary_large_image\" \/>\n<meta name=\"twitter:label1\" content=\"Est. reading time\" \/>\n\t<meta name=\"twitter:data1\" content=\"2 minutes\" \/>\n<script type=\"application\/ld+json\" class=\"yoast-schema-graph\">{\"@context\":\"https:\/\/schema.org\",\"@graph\":[{\"@type\":\"WebPage\",\"@id\":\"https:\/\/www.folklore.ee\/ars\/uritused\/arhiiv\/talvekonverents-2008-ajakava\/anust-ja-tema-jaljest-eesti-folkloristikas\/\",\"url\":\"https:\/\/www.folklore.ee\/ars\/uritused\/arhiiv\/talvekonverents-2008-ajakava\/anust-ja-tema-jaljest-eesti-folkloristikas\/\",\"name\":\"Anust ja tema j\u00e4ljest eesti folkloristikas | Akadeemiline Rahvaluule Selts\",\"isPartOf\":{\"@id\":\"https:\/\/www.folklore.ee\/ars\/#website\"},\"datePublished\":\"2023-09-19T13:53:14+00:00\",\"dateModified\":\"2023-09-19T13:53:14+00:00\",\"breadcrumb\":{\"@id\":\"https:\/\/www.folklore.ee\/ars\/uritused\/arhiiv\/talvekonverents-2008-ajakava\/anust-ja-tema-jaljest-eesti-folkloristikas\/#breadcrumb\"},\"inLanguage\":\"en-US\",\"potentialAction\":[{\"@type\":\"ReadAction\",\"target\":[\"https:\/\/www.folklore.ee\/ars\/uritused\/arhiiv\/talvekonverents-2008-ajakava\/anust-ja-tema-jaljest-eesti-folkloristikas\/\"]}]},{\"@type\":\"BreadcrumbList\",\"@id\":\"https:\/\/www.folklore.ee\/ars\/uritused\/arhiiv\/talvekonverents-2008-ajakava\/anust-ja-tema-jaljest-eesti-folkloristikas\/#breadcrumb\",\"itemListElement\":[{\"@type\":\"ListItem\",\"position\":1,\"name\":\"Avaleht\",\"item\":\"https:\/\/www.folklore.ee\/ars\/\"},{\"@type\":\"ListItem\",\"position\":2,\"name\":\"\u00dcritused\",\"item\":\"https:\/\/www.folklore.ee\/ars\/uritused\/\"},{\"@type\":\"ListItem\",\"position\":3,\"name\":\"Arhiiv\",\"item\":\"https:\/\/www.folklore.ee\/ars\/uritused\/arhiiv\/\"},{\"@type\":\"ListItem\",\"position\":4,\"name\":\"Talvekonverents 2008 ajakava\",\"item\":\"https:\/\/www.folklore.ee\/ars\/uritused\/arhiiv\/talvekonverents-2008-ajakava\/\"},{\"@type\":\"ListItem\",\"position\":5,\"name\":\"Anust ja tema j\u00e4ljest eesti folkloristikas\"}]},{\"@type\":\"WebSite\",\"@id\":\"https:\/\/www.folklore.ee\/ars\/#website\",\"url\":\"https:\/\/www.folklore.ee\/ars\/\",\"name\":\"Akadeemiline Rahvaluule Selts\",\"description\":\"Folkloristide, \u00fcli\u00f5pilaste ja k\u00f5igi rahvaluulest huvitatute \u00fchendus, mis aitab kaasa rahvaluule kogumisele, tutvustamisele, uurimisele ja publitseerimisele.\",\"potentialAction\":[{\"@type\":\"SearchAction\",\"target\":{\"@type\":\"EntryPoint\",\"urlTemplate\":\"https:\/\/www.folklore.ee\/ars\/?s={search_term_string}\"},\"query-input\":\"required name=search_term_string\"}],\"inLanguage\":\"en-US\"}]}<\/script>\n<!-- \/ Yoast SEO plugin. -->","yoast_head_json":{"title":"Anust ja tema j\u00e4ljest eesti folkloristikas | Akadeemiline Rahvaluule Selts","robots":{"index":"index","follow":"follow","max-snippet":"max-snippet:-1","max-image-preview":"max-image-preview:large","max-video-preview":"max-video-preview:-1"},"canonical":"https:\/\/www.folklore.ee\/ars\/uritused\/arhiiv\/talvekonverents-2008-ajakava\/anust-ja-tema-jaljest-eesti-folkloristikas\/","og_locale":"en_US","og_type":"article","og_title":"Anust ja tema j\u00e4ljest eesti folkloristikas | Akadeemiline Rahvaluule Selts","og_description":"Ingrid R\u00fc\u00fctel, Eesti Kirjandusmuuseumi etnomusikoloogia osakond Anu Vissel s\u00fcndis 16. detsembril 1952. Lapsep\u00f5lv ja kooliaastad m\u00f6\u00f6dusid N\u00f5o alevikus. Sealne perekonnale kuuluv v\u00e4ike talumajapidamine j\u00e4i ta p\u00e4riskoduks kogu eluks ja teel sinna leidis 1. septembril 2005 aset ka traagiline \u00f5nnetus, mis viis ta meie keskelt j\u00e4\u00e4davalt 6. septembril. P\u00e4rast Tartu \u00fclikooli l\u00f5petamist 1977. aastal asus Anu [&hellip;]","og_url":"https:\/\/www.folklore.ee\/ars\/uritused\/arhiiv\/talvekonverents-2008-ajakava\/anust-ja-tema-jaljest-eesti-folkloristikas\/","og_site_name":"Akadeemiline Rahvaluule Selts","twitter_card":"summary_large_image","twitter_misc":{"Est. reading time":"2 minutes"},"schema":{"@context":"https:\/\/schema.org","@graph":[{"@type":"WebPage","@id":"https:\/\/www.folklore.ee\/ars\/uritused\/arhiiv\/talvekonverents-2008-ajakava\/anust-ja-tema-jaljest-eesti-folkloristikas\/","url":"https:\/\/www.folklore.ee\/ars\/uritused\/arhiiv\/talvekonverents-2008-ajakava\/anust-ja-tema-jaljest-eesti-folkloristikas\/","name":"Anust ja tema j\u00e4ljest eesti folkloristikas | Akadeemiline Rahvaluule Selts","isPartOf":{"@id":"https:\/\/www.folklore.ee\/ars\/#website"},"datePublished":"2023-09-19T13:53:14+00:00","dateModified":"2023-09-19T13:53:14+00:00","breadcrumb":{"@id":"https:\/\/www.folklore.ee\/ars\/uritused\/arhiiv\/talvekonverents-2008-ajakava\/anust-ja-tema-jaljest-eesti-folkloristikas\/#breadcrumb"},"inLanguage":"en-US","potentialAction":[{"@type":"ReadAction","target":["https:\/\/www.folklore.ee\/ars\/uritused\/arhiiv\/talvekonverents-2008-ajakava\/anust-ja-tema-jaljest-eesti-folkloristikas\/"]}]},{"@type":"BreadcrumbList","@id":"https:\/\/www.folklore.ee\/ars\/uritused\/arhiiv\/talvekonverents-2008-ajakava\/anust-ja-tema-jaljest-eesti-folkloristikas\/#breadcrumb","itemListElement":[{"@type":"ListItem","position":1,"name":"Avaleht","item":"https:\/\/www.folklore.ee\/ars\/"},{"@type":"ListItem","position":2,"name":"\u00dcritused","item":"https:\/\/www.folklore.ee\/ars\/uritused\/"},{"@type":"ListItem","position":3,"name":"Arhiiv","item":"https:\/\/www.folklore.ee\/ars\/uritused\/arhiiv\/"},{"@type":"ListItem","position":4,"name":"Talvekonverents 2008 ajakava","item":"https:\/\/www.folklore.ee\/ars\/uritused\/arhiiv\/talvekonverents-2008-ajakava\/"},{"@type":"ListItem","position":5,"name":"Anust ja tema j\u00e4ljest eesti folkloristikas"}]},{"@type":"WebSite","@id":"https:\/\/www.folklore.ee\/ars\/#website","url":"https:\/\/www.folklore.ee\/ars\/","name":"Akadeemiline Rahvaluule Selts","description":"Folkloristide, \u00fcli\u00f5pilaste ja k\u00f5igi rahvaluulest huvitatute \u00fchendus, mis aitab kaasa rahvaluule kogumisele, tutvustamisele, uurimisele ja publitseerimisele.","potentialAction":[{"@type":"SearchAction","target":{"@type":"EntryPoint","urlTemplate":"https:\/\/www.folklore.ee\/ars\/?s={search_term_string}"},"query-input":"required name=search_term_string"}],"inLanguage":"en-US"}]}},"_links":{"self":[{"href":"https:\/\/www.folklore.ee\/ars\/wp-json\/wp\/v2\/pages\/429","targetHints":{"allow":["GET"]}}],"collection":[{"href":"https:\/\/www.folklore.ee\/ars\/wp-json\/wp\/v2\/pages"}],"about":[{"href":"https:\/\/www.folklore.ee\/ars\/wp-json\/wp\/v2\/types\/page"}],"author":[{"embeddable":true,"href":"https:\/\/www.folklore.ee\/ars\/wp-json\/wp\/v2\/users\/1"}],"replies":[{"embeddable":true,"href":"https:\/\/www.folklore.ee\/ars\/wp-json\/wp\/v2\/comments?post=429"}],"version-history":[{"count":1,"href":"https:\/\/www.folklore.ee\/ars\/wp-json\/wp\/v2\/pages\/429\/revisions"}],"predecessor-version":[{"id":430,"href":"https:\/\/www.folklore.ee\/ars\/wp-json\/wp\/v2\/pages\/429\/revisions\/430"}],"up":[{"embeddable":true,"href":"https:\/\/www.folklore.ee\/ars\/wp-json\/wp\/v2\/pages\/385"}],"wp:attachment":[{"href":"https:\/\/www.folklore.ee\/ars\/wp-json\/wp\/v2\/media?parent=429"}],"curies":[{"name":"wp","href":"https:\/\/api.w.org\/{rel}","templated":true}]}}