{"id":426,"date":"2023-09-19T13:52:29","date_gmt":"2023-09-19T13:52:29","guid":{"rendered":"https:\/\/www.folklore.ee\/ars\/?page_id=426"},"modified":"2023-09-19T13:52:29","modified_gmt":"2023-09-19T13:52:29","slug":"eesti-kaerajaanide-tupoloogiast","status":"publish","type":"page","link":"https:\/\/www.folklore.ee\/ars\/uritused\/arhiiv\/talvekonverents-2008-ajakava\/eesti-kaerajaanide-tupoloogiast\/","title":{"rendered":"Eesti kaerajaanide t\u00fcpoloogiast"},"content":{"rendered":"\n<p><strong>Peter Pomozi, Budapest, Lor\u0101nd E\u00f6tv\u00f6si \u00dclikool<\/strong><\/p>\n\n\n\n<p>Kaerajaan on tuntumaid tantse Eestimaal, sellest on tr\u00fckis ilmunud 17 varianti ja rohkesti l\u00fchi\u00adteateid Kristjan Toropi raamatus \u201cKontratantsud\u201d (1995, lk 162\u2013180). Soveldatud kujul, k\u00fcmnetuurilise tantsuna n\u00e4gi kaerajaan tr\u00fckivalgust v\u00e4ga varakult, juba Raudkatsi raamatus \u201eEesti rahvatantsud\u201d (1926). K\u00e4esolev uurimust\u00f6\u00f6 l\u00e4htubki Toropi korpusest, ja see\u00adkord ei olnudki eesm\u00e4rk k\u00f5ikide olemasolevate arhiivmaterjalide p\u00f5hjal kaerajaanide t\u00fcpo\u00ad\u00adloogia kohta midagi \u201el\u00f5plikku\u201d \u00f6elda, vaid hoopis n\u00e4idata kaerajaanide ja nendega motiivi\u00advara poolest sarnaste kontratantsude varal seda, kuidas on v\u00f5imalik tantsut\u00fc\u00fcpe ja -motiive kaardistada.<\/p>\n\n\n\n<p>On ammu tuntud, et dialektoloogia analoogial on v\u00f5imalik uurida ka rahvatantse. Ungari tantsuteadlane Gy\u00f6rgy Martin katsus oma monograafias \u201eMagyar t\u00e1nct\u00edpusok \u00e9s t\u00e1ncdialektusok\u201c (1995) teoreetiliselt kokku v\u00f5tta, kuidas v\u00f5iks kasutada tantsu\u00addialektoloogias keelemurrete uurimismeetodeid. Ettekandes l\u00e4htun osaliselt sellest ja k\u00e4sitlen p\u00f5hiliselt j\u00e4rgmisi probleeme:<\/p>\n\n\n\n<ul class=\"wp-block-list\">\n<li>kuidas m\u00e4\u00e4rata erinevaid tantsut\u00fc\u00fcpe (erineva t\u00e4htsusega motiivide inventuur, siirdemotiivide k\u00fcsimus);<\/li>\n\n\n\n<li>kas on v\u00f5imalik ja kas on kasulik keelet\u00fcpoloogia uurimismeetodeid rakendada tantsude uurimisel;<\/li>\n\n\n\n<li>motiivide kaardistamine nende leviku (areaalne aspekt) ja omavaheliste seoste (ajaloolis-v\u00f5rdlev aspekt) p\u00f5hjal;<\/li>\n\n\n\n<li>piirjoonte t\u00f5mbamisest ja siirdemotiivide kaardistamisest.<\/li>\n<\/ul>\n","protected":false},"excerpt":{"rendered":"<p>Peter Pomozi, Budapest, Lor\u0101nd E\u00f6tv\u00f6si \u00dclikool Kaerajaan on tuntumaid tantse Eestimaal, sellest on tr\u00fckis ilmunud 17 varianti ja rohkesti l\u00fchi\u00adteateid Kristjan Toropi raamatus \u201cKontratantsud\u201d (1995, lk 162\u2013180). Soveldatud kujul, k\u00fcmnetuurilise tantsuna n\u00e4gi kaerajaan tr\u00fckivalgust v\u00e4ga varakult, juba Raudkatsi raamatus \u201eEesti rahvatantsud\u201d (1926). K\u00e4esolev uurimust\u00f6\u00f6 l\u00e4htubki Toropi korpusest, ja see\u00adkord ei olnudki eesm\u00e4rk k\u00f5ikide olemasolevate arhiivmaterjalide [&hellip;]<\/p>\n","protected":false},"author":1,"featured_media":0,"parent":385,"menu_order":0,"comment_status":"closed","ping_status":"closed","template":"","meta":{"footnotes":""},"class_list":["post-426","page","type-page","status-publish","hentry"],"yoast_head":"<!-- This site is optimized with the Yoast SEO plugin v20.12 - https:\/\/yoast.com\/wordpress\/plugins\/seo\/ -->\n<title>Eesti kaerajaanide t\u00fcpoloogiast | Akadeemiline Rahvaluule Selts<\/title>\n<meta name=\"robots\" content=\"index, follow, max-snippet:-1, max-image-preview:large, max-video-preview:-1\" \/>\n<link rel=\"canonical\" href=\"https:\/\/www.folklore.ee\/ars\/uritused\/arhiiv\/talvekonverents-2008-ajakava\/eesti-kaerajaanide-tupoloogiast\/\" \/>\n<meta property=\"og:locale\" content=\"en_US\" \/>\n<meta property=\"og:type\" content=\"article\" \/>\n<meta property=\"og:title\" content=\"Eesti kaerajaanide t\u00fcpoloogiast | Akadeemiline Rahvaluule Selts\" \/>\n<meta property=\"og:description\" content=\"Peter Pomozi, Budapest, Lor\u0101nd E\u00f6tv\u00f6si \u00dclikool Kaerajaan on tuntumaid tantse Eestimaal, sellest on tr\u00fckis ilmunud 17 varianti ja rohkesti l\u00fchi\u00adteateid Kristjan Toropi raamatus \u201cKontratantsud\u201d (1995, lk 162\u2013180). Soveldatud kujul, k\u00fcmnetuurilise tantsuna n\u00e4gi kaerajaan tr\u00fckivalgust v\u00e4ga varakult, juba Raudkatsi raamatus \u201eEesti rahvatantsud\u201d (1926). K\u00e4esolev uurimust\u00f6\u00f6 l\u00e4htubki Toropi korpusest, ja see\u00adkord ei olnudki eesm\u00e4rk k\u00f5ikide olemasolevate arhiivmaterjalide [&hellip;]\" \/>\n<meta property=\"og:url\" content=\"https:\/\/www.folklore.ee\/ars\/uritused\/arhiiv\/talvekonverents-2008-ajakava\/eesti-kaerajaanide-tupoloogiast\/\" \/>\n<meta property=\"og:site_name\" content=\"Akadeemiline Rahvaluule Selts\" \/>\n<meta name=\"twitter:card\" content=\"summary_large_image\" \/>\n<meta name=\"twitter:label1\" content=\"Est. reading time\" \/>\n\t<meta name=\"twitter:data1\" content=\"1 minute\" \/>\n<script type=\"application\/ld+json\" class=\"yoast-schema-graph\">{\"@context\":\"https:\/\/schema.org\",\"@graph\":[{\"@type\":\"WebPage\",\"@id\":\"https:\/\/www.folklore.ee\/ars\/uritused\/arhiiv\/talvekonverents-2008-ajakava\/eesti-kaerajaanide-tupoloogiast\/\",\"url\":\"https:\/\/www.folklore.ee\/ars\/uritused\/arhiiv\/talvekonverents-2008-ajakava\/eesti-kaerajaanide-tupoloogiast\/\",\"name\":\"Eesti kaerajaanide t\u00fcpoloogiast | Akadeemiline Rahvaluule Selts\",\"isPartOf\":{\"@id\":\"https:\/\/www.folklore.ee\/ars\/#website\"},\"datePublished\":\"2023-09-19T13:52:29+00:00\",\"dateModified\":\"2023-09-19T13:52:29+00:00\",\"breadcrumb\":{\"@id\":\"https:\/\/www.folklore.ee\/ars\/uritused\/arhiiv\/talvekonverents-2008-ajakava\/eesti-kaerajaanide-tupoloogiast\/#breadcrumb\"},\"inLanguage\":\"en-US\",\"potentialAction\":[{\"@type\":\"ReadAction\",\"target\":[\"https:\/\/www.folklore.ee\/ars\/uritused\/arhiiv\/talvekonverents-2008-ajakava\/eesti-kaerajaanide-tupoloogiast\/\"]}]},{\"@type\":\"BreadcrumbList\",\"@id\":\"https:\/\/www.folklore.ee\/ars\/uritused\/arhiiv\/talvekonverents-2008-ajakava\/eesti-kaerajaanide-tupoloogiast\/#breadcrumb\",\"itemListElement\":[{\"@type\":\"ListItem\",\"position\":1,\"name\":\"Avaleht\",\"item\":\"https:\/\/www.folklore.ee\/ars\/\"},{\"@type\":\"ListItem\",\"position\":2,\"name\":\"\u00dcritused\",\"item\":\"https:\/\/www.folklore.ee\/ars\/uritused\/\"},{\"@type\":\"ListItem\",\"position\":3,\"name\":\"Arhiiv\",\"item\":\"https:\/\/www.folklore.ee\/ars\/uritused\/arhiiv\/\"},{\"@type\":\"ListItem\",\"position\":4,\"name\":\"Talvekonverents 2008 ajakava\",\"item\":\"https:\/\/www.folklore.ee\/ars\/uritused\/arhiiv\/talvekonverents-2008-ajakava\/\"},{\"@type\":\"ListItem\",\"position\":5,\"name\":\"Eesti kaerajaanide t\u00fcpoloogiast\"}]},{\"@type\":\"WebSite\",\"@id\":\"https:\/\/www.folklore.ee\/ars\/#website\",\"url\":\"https:\/\/www.folklore.ee\/ars\/\",\"name\":\"Akadeemiline Rahvaluule Selts\",\"description\":\"Folkloristide, \u00fcli\u00f5pilaste ja k\u00f5igi rahvaluulest huvitatute \u00fchendus, mis aitab kaasa rahvaluule kogumisele, tutvustamisele, uurimisele ja publitseerimisele.\",\"potentialAction\":[{\"@type\":\"SearchAction\",\"target\":{\"@type\":\"EntryPoint\",\"urlTemplate\":\"https:\/\/www.folklore.ee\/ars\/?s={search_term_string}\"},\"query-input\":\"required name=search_term_string\"}],\"inLanguage\":\"en-US\"}]}<\/script>\n<!-- \/ Yoast SEO plugin. -->","yoast_head_json":{"title":"Eesti kaerajaanide t\u00fcpoloogiast | Akadeemiline Rahvaluule Selts","robots":{"index":"index","follow":"follow","max-snippet":"max-snippet:-1","max-image-preview":"max-image-preview:large","max-video-preview":"max-video-preview:-1"},"canonical":"https:\/\/www.folklore.ee\/ars\/uritused\/arhiiv\/talvekonverents-2008-ajakava\/eesti-kaerajaanide-tupoloogiast\/","og_locale":"en_US","og_type":"article","og_title":"Eesti kaerajaanide t\u00fcpoloogiast | Akadeemiline Rahvaluule Selts","og_description":"Peter Pomozi, Budapest, Lor\u0101nd E\u00f6tv\u00f6si \u00dclikool Kaerajaan on tuntumaid tantse Eestimaal, sellest on tr\u00fckis ilmunud 17 varianti ja rohkesti l\u00fchi\u00adteateid Kristjan Toropi raamatus \u201cKontratantsud\u201d (1995, lk 162\u2013180). Soveldatud kujul, k\u00fcmnetuurilise tantsuna n\u00e4gi kaerajaan tr\u00fckivalgust v\u00e4ga varakult, juba Raudkatsi raamatus \u201eEesti rahvatantsud\u201d (1926). K\u00e4esolev uurimust\u00f6\u00f6 l\u00e4htubki Toropi korpusest, ja see\u00adkord ei olnudki eesm\u00e4rk k\u00f5ikide olemasolevate arhiivmaterjalide [&hellip;]","og_url":"https:\/\/www.folklore.ee\/ars\/uritused\/arhiiv\/talvekonverents-2008-ajakava\/eesti-kaerajaanide-tupoloogiast\/","og_site_name":"Akadeemiline Rahvaluule Selts","twitter_card":"summary_large_image","twitter_misc":{"Est. reading time":"1 minute"},"schema":{"@context":"https:\/\/schema.org","@graph":[{"@type":"WebPage","@id":"https:\/\/www.folklore.ee\/ars\/uritused\/arhiiv\/talvekonverents-2008-ajakava\/eesti-kaerajaanide-tupoloogiast\/","url":"https:\/\/www.folklore.ee\/ars\/uritused\/arhiiv\/talvekonverents-2008-ajakava\/eesti-kaerajaanide-tupoloogiast\/","name":"Eesti kaerajaanide t\u00fcpoloogiast | Akadeemiline Rahvaluule Selts","isPartOf":{"@id":"https:\/\/www.folklore.ee\/ars\/#website"},"datePublished":"2023-09-19T13:52:29+00:00","dateModified":"2023-09-19T13:52:29+00:00","breadcrumb":{"@id":"https:\/\/www.folklore.ee\/ars\/uritused\/arhiiv\/talvekonverents-2008-ajakava\/eesti-kaerajaanide-tupoloogiast\/#breadcrumb"},"inLanguage":"en-US","potentialAction":[{"@type":"ReadAction","target":["https:\/\/www.folklore.ee\/ars\/uritused\/arhiiv\/talvekonverents-2008-ajakava\/eesti-kaerajaanide-tupoloogiast\/"]}]},{"@type":"BreadcrumbList","@id":"https:\/\/www.folklore.ee\/ars\/uritused\/arhiiv\/talvekonverents-2008-ajakava\/eesti-kaerajaanide-tupoloogiast\/#breadcrumb","itemListElement":[{"@type":"ListItem","position":1,"name":"Avaleht","item":"https:\/\/www.folklore.ee\/ars\/"},{"@type":"ListItem","position":2,"name":"\u00dcritused","item":"https:\/\/www.folklore.ee\/ars\/uritused\/"},{"@type":"ListItem","position":3,"name":"Arhiiv","item":"https:\/\/www.folklore.ee\/ars\/uritused\/arhiiv\/"},{"@type":"ListItem","position":4,"name":"Talvekonverents 2008 ajakava","item":"https:\/\/www.folklore.ee\/ars\/uritused\/arhiiv\/talvekonverents-2008-ajakava\/"},{"@type":"ListItem","position":5,"name":"Eesti kaerajaanide t\u00fcpoloogiast"}]},{"@type":"WebSite","@id":"https:\/\/www.folklore.ee\/ars\/#website","url":"https:\/\/www.folklore.ee\/ars\/","name":"Akadeemiline Rahvaluule Selts","description":"Folkloristide, \u00fcli\u00f5pilaste ja k\u00f5igi rahvaluulest huvitatute \u00fchendus, mis aitab kaasa rahvaluule kogumisele, tutvustamisele, uurimisele ja publitseerimisele.","potentialAction":[{"@type":"SearchAction","target":{"@type":"EntryPoint","urlTemplate":"https:\/\/www.folklore.ee\/ars\/?s={search_term_string}"},"query-input":"required name=search_term_string"}],"inLanguage":"en-US"}]}},"_links":{"self":[{"href":"https:\/\/www.folklore.ee\/ars\/wp-json\/wp\/v2\/pages\/426","targetHints":{"allow":["GET"]}}],"collection":[{"href":"https:\/\/www.folklore.ee\/ars\/wp-json\/wp\/v2\/pages"}],"about":[{"href":"https:\/\/www.folklore.ee\/ars\/wp-json\/wp\/v2\/types\/page"}],"author":[{"embeddable":true,"href":"https:\/\/www.folklore.ee\/ars\/wp-json\/wp\/v2\/users\/1"}],"replies":[{"embeddable":true,"href":"https:\/\/www.folklore.ee\/ars\/wp-json\/wp\/v2\/comments?post=426"}],"version-history":[{"count":1,"href":"https:\/\/www.folklore.ee\/ars\/wp-json\/wp\/v2\/pages\/426\/revisions"}],"predecessor-version":[{"id":428,"href":"https:\/\/www.folklore.ee\/ars\/wp-json\/wp\/v2\/pages\/426\/revisions\/428"}],"up":[{"embeddable":true,"href":"https:\/\/www.folklore.ee\/ars\/wp-json\/wp\/v2\/pages\/385"}],"wp:attachment":[{"href":"https:\/\/www.folklore.ee\/ars\/wp-json\/wp\/v2\/media?parent=426"}],"curies":[{"name":"wp","href":"https:\/\/api.w.org\/{rel}","templated":true}]}}