{"id":424,"date":"2023-09-19T13:51:07","date_gmt":"2023-09-19T13:51:07","guid":{"rendered":"https:\/\/www.folklore.ee\/ars\/?page_id=424"},"modified":"2023-09-19T13:51:07","modified_gmt":"2023-09-19T13:51:07","slug":"kalotaszegi-tantsuparimusest-vordluses-kihnuga","status":"publish","type":"page","link":"https:\/\/www.folklore.ee\/ars\/uritused\/arhiiv\/talvekonverents-2008-ajakava\/kalotaszegi-tantsuparimusest-vordluses-kihnuga\/","title":{"rendered":"Kalotaszegi\u00a0tantsup\u00e4rimusest v\u00f5rdluses Kihnuga"},"content":{"rendered":"\n<p><strong>Eda Pomozi, Budapest, Lor\u0101nd E\u00f6tv\u00f6si \u00dclikool<\/strong><\/p>\n\n\n\n<p>2007. eaasta s\u00fcgisel oli mul v\u00f5imalus osa v\u00f5tta Budapesti \u00fclikooli rahvaluuletudengite tantsup\u00e4rimuse kogumismatkast Transilvaanias Kalotaszegi piirkonnas. Kalotaszeg on \u00fcks oman\u00e4olisi etnograafilisi piirkondi ungari keeleala idaosas (t\u00e4nap\u00e4eva Rumeenias), kus hoolimata aegade jooksul omaks v\u00f5etud uuendustest on s\u00e4ilinud palju traditsioonilisest talupojakultuurist. Retke k\u00e4igus m\u00e4rkasin, et kipun ikka ja j\u00e4lle k\u00f5rvutama Kalotaszegi Kihnu saarega, kus k\u00e4isin tantsup\u00e4rimust kogumas 2005. aastal Viljandi Kultuuri\u00adakadeemia tantsutudengite juhendajana. Kuigi tegemist on \u00fcksteisest geograafiliselt kaugete paikadega, leidsin mitmeidki paralleele (ning muidugi ka erinevusi) endisaegse ning t\u00e4nase Kalotaszegi ja Kihnu vahel. Oma ettekandes p\u00fc\u00fcan tutvustada Kalotaszegi piirkonna tantsutraditsioone v\u00f5rdluses Kihnuga, n\u00e4idata Kihnu ja Kalotaszegi asukohta Euroopa rahvatantsukaardil, l\u00e4htudes rahvatantsu dialektoloogia teooriast ning anal\u00fc\u00fcsida kogumist\u00f6\u00f6l kogetud paralleelide ja erisuste olemust ja p\u00f5hjusi.<\/p>\n","protected":false},"excerpt":{"rendered":"<p>Eda Pomozi, Budapest, Lor\u0101nd E\u00f6tv\u00f6si \u00dclikool 2007. eaasta s\u00fcgisel oli mul v\u00f5imalus osa v\u00f5tta Budapesti \u00fclikooli rahvaluuletudengite tantsup\u00e4rimuse kogumismatkast Transilvaanias Kalotaszegi piirkonnas. Kalotaszeg on \u00fcks oman\u00e4olisi etnograafilisi piirkondi ungari keeleala idaosas (t\u00e4nap\u00e4eva Rumeenias), kus hoolimata aegade jooksul omaks v\u00f5etud uuendustest on s\u00e4ilinud palju traditsioonilisest talupojakultuurist. Retke k\u00e4igus m\u00e4rkasin, et kipun ikka ja j\u00e4lle k\u00f5rvutama Kalotaszegi [&hellip;]<\/p>\n","protected":false},"author":1,"featured_media":0,"parent":385,"menu_order":0,"comment_status":"closed","ping_status":"closed","template":"","meta":{"footnotes":""},"class_list":["post-424","page","type-page","status-publish","hentry"],"yoast_head":"<!-- This site is optimized with the Yoast SEO plugin v20.12 - https:\/\/yoast.com\/wordpress\/plugins\/seo\/ -->\n<title>Kalotaszegi\u00a0tantsup\u00e4rimusest v\u00f5rdluses Kihnuga | Akadeemiline Rahvaluule Selts<\/title>\n<meta name=\"robots\" content=\"index, follow, max-snippet:-1, max-image-preview:large, max-video-preview:-1\" \/>\n<link rel=\"canonical\" href=\"https:\/\/www.folklore.ee\/ars\/uritused\/arhiiv\/talvekonverents-2008-ajakava\/kalotaszegi-tantsuparimusest-vordluses-kihnuga\/\" \/>\n<meta property=\"og:locale\" content=\"en_US\" \/>\n<meta property=\"og:type\" content=\"article\" \/>\n<meta property=\"og:title\" content=\"Kalotaszegi\u00a0tantsup\u00e4rimusest v\u00f5rdluses Kihnuga | Akadeemiline Rahvaluule Selts\" \/>\n<meta property=\"og:description\" content=\"Eda Pomozi, Budapest, Lor\u0101nd E\u00f6tv\u00f6si \u00dclikool 2007. eaasta s\u00fcgisel oli mul v\u00f5imalus osa v\u00f5tta Budapesti \u00fclikooli rahvaluuletudengite tantsup\u00e4rimuse kogumismatkast Transilvaanias Kalotaszegi piirkonnas. Kalotaszeg on \u00fcks oman\u00e4olisi etnograafilisi piirkondi ungari keeleala idaosas (t\u00e4nap\u00e4eva Rumeenias), kus hoolimata aegade jooksul omaks v\u00f5etud uuendustest on s\u00e4ilinud palju traditsioonilisest talupojakultuurist. Retke k\u00e4igus m\u00e4rkasin, et kipun ikka ja j\u00e4lle k\u00f5rvutama Kalotaszegi [&hellip;]\" \/>\n<meta property=\"og:url\" content=\"https:\/\/www.folklore.ee\/ars\/uritused\/arhiiv\/talvekonverents-2008-ajakava\/kalotaszegi-tantsuparimusest-vordluses-kihnuga\/\" \/>\n<meta property=\"og:site_name\" content=\"Akadeemiline Rahvaluule Selts\" \/>\n<meta name=\"twitter:card\" content=\"summary_large_image\" \/>\n<meta name=\"twitter:label1\" content=\"Est. reading time\" \/>\n\t<meta name=\"twitter:data1\" content=\"1 minute\" \/>\n<script type=\"application\/ld+json\" class=\"yoast-schema-graph\">{\"@context\":\"https:\/\/schema.org\",\"@graph\":[{\"@type\":\"WebPage\",\"@id\":\"https:\/\/www.folklore.ee\/ars\/uritused\/arhiiv\/talvekonverents-2008-ajakava\/kalotaszegi-tantsuparimusest-vordluses-kihnuga\/\",\"url\":\"https:\/\/www.folklore.ee\/ars\/uritused\/arhiiv\/talvekonverents-2008-ajakava\/kalotaszegi-tantsuparimusest-vordluses-kihnuga\/\",\"name\":\"Kalotaszegi\u00a0tantsup\u00e4rimusest v\u00f5rdluses Kihnuga | Akadeemiline Rahvaluule Selts\",\"isPartOf\":{\"@id\":\"https:\/\/www.folklore.ee\/ars\/#website\"},\"datePublished\":\"2023-09-19T13:51:07+00:00\",\"dateModified\":\"2023-09-19T13:51:07+00:00\",\"breadcrumb\":{\"@id\":\"https:\/\/www.folklore.ee\/ars\/uritused\/arhiiv\/talvekonverents-2008-ajakava\/kalotaszegi-tantsuparimusest-vordluses-kihnuga\/#breadcrumb\"},\"inLanguage\":\"en-US\",\"potentialAction\":[{\"@type\":\"ReadAction\",\"target\":[\"https:\/\/www.folklore.ee\/ars\/uritused\/arhiiv\/talvekonverents-2008-ajakava\/kalotaszegi-tantsuparimusest-vordluses-kihnuga\/\"]}]},{\"@type\":\"BreadcrumbList\",\"@id\":\"https:\/\/www.folklore.ee\/ars\/uritused\/arhiiv\/talvekonverents-2008-ajakava\/kalotaszegi-tantsuparimusest-vordluses-kihnuga\/#breadcrumb\",\"itemListElement\":[{\"@type\":\"ListItem\",\"position\":1,\"name\":\"Avaleht\",\"item\":\"https:\/\/www.folklore.ee\/ars\/\"},{\"@type\":\"ListItem\",\"position\":2,\"name\":\"\u00dcritused\",\"item\":\"https:\/\/www.folklore.ee\/ars\/uritused\/\"},{\"@type\":\"ListItem\",\"position\":3,\"name\":\"Arhiiv\",\"item\":\"https:\/\/www.folklore.ee\/ars\/uritused\/arhiiv\/\"},{\"@type\":\"ListItem\",\"position\":4,\"name\":\"Talvekonverents 2008 ajakava\",\"item\":\"https:\/\/www.folklore.ee\/ars\/uritused\/arhiiv\/talvekonverents-2008-ajakava\/\"},{\"@type\":\"ListItem\",\"position\":5,\"name\":\"Kalotaszegi\u00a0tantsup\u00e4rimusest v\u00f5rdluses Kihnuga\"}]},{\"@type\":\"WebSite\",\"@id\":\"https:\/\/www.folklore.ee\/ars\/#website\",\"url\":\"https:\/\/www.folklore.ee\/ars\/\",\"name\":\"Akadeemiline Rahvaluule Selts\",\"description\":\"Folkloristide, \u00fcli\u00f5pilaste ja k\u00f5igi rahvaluulest huvitatute \u00fchendus, mis aitab kaasa rahvaluule kogumisele, tutvustamisele, uurimisele ja publitseerimisele.\",\"potentialAction\":[{\"@type\":\"SearchAction\",\"target\":{\"@type\":\"EntryPoint\",\"urlTemplate\":\"https:\/\/www.folklore.ee\/ars\/?s={search_term_string}\"},\"query-input\":\"required name=search_term_string\"}],\"inLanguage\":\"en-US\"}]}<\/script>\n<!-- \/ Yoast SEO plugin. -->","yoast_head_json":{"title":"Kalotaszegi\u00a0tantsup\u00e4rimusest v\u00f5rdluses Kihnuga | Akadeemiline Rahvaluule Selts","robots":{"index":"index","follow":"follow","max-snippet":"max-snippet:-1","max-image-preview":"max-image-preview:large","max-video-preview":"max-video-preview:-1"},"canonical":"https:\/\/www.folklore.ee\/ars\/uritused\/arhiiv\/talvekonverents-2008-ajakava\/kalotaszegi-tantsuparimusest-vordluses-kihnuga\/","og_locale":"en_US","og_type":"article","og_title":"Kalotaszegi\u00a0tantsup\u00e4rimusest v\u00f5rdluses Kihnuga | Akadeemiline Rahvaluule Selts","og_description":"Eda Pomozi, Budapest, Lor\u0101nd E\u00f6tv\u00f6si \u00dclikool 2007. eaasta s\u00fcgisel oli mul v\u00f5imalus osa v\u00f5tta Budapesti \u00fclikooli rahvaluuletudengite tantsup\u00e4rimuse kogumismatkast Transilvaanias Kalotaszegi piirkonnas. Kalotaszeg on \u00fcks oman\u00e4olisi etnograafilisi piirkondi ungari keeleala idaosas (t\u00e4nap\u00e4eva Rumeenias), kus hoolimata aegade jooksul omaks v\u00f5etud uuendustest on s\u00e4ilinud palju traditsioonilisest talupojakultuurist. Retke k\u00e4igus m\u00e4rkasin, et kipun ikka ja j\u00e4lle k\u00f5rvutama Kalotaszegi [&hellip;]","og_url":"https:\/\/www.folklore.ee\/ars\/uritused\/arhiiv\/talvekonverents-2008-ajakava\/kalotaszegi-tantsuparimusest-vordluses-kihnuga\/","og_site_name":"Akadeemiline Rahvaluule Selts","twitter_card":"summary_large_image","twitter_misc":{"Est. reading time":"1 minute"},"schema":{"@context":"https:\/\/schema.org","@graph":[{"@type":"WebPage","@id":"https:\/\/www.folklore.ee\/ars\/uritused\/arhiiv\/talvekonverents-2008-ajakava\/kalotaszegi-tantsuparimusest-vordluses-kihnuga\/","url":"https:\/\/www.folklore.ee\/ars\/uritused\/arhiiv\/talvekonverents-2008-ajakava\/kalotaszegi-tantsuparimusest-vordluses-kihnuga\/","name":"Kalotaszegi\u00a0tantsup\u00e4rimusest v\u00f5rdluses Kihnuga | Akadeemiline Rahvaluule Selts","isPartOf":{"@id":"https:\/\/www.folklore.ee\/ars\/#website"},"datePublished":"2023-09-19T13:51:07+00:00","dateModified":"2023-09-19T13:51:07+00:00","breadcrumb":{"@id":"https:\/\/www.folklore.ee\/ars\/uritused\/arhiiv\/talvekonverents-2008-ajakava\/kalotaszegi-tantsuparimusest-vordluses-kihnuga\/#breadcrumb"},"inLanguage":"en-US","potentialAction":[{"@type":"ReadAction","target":["https:\/\/www.folklore.ee\/ars\/uritused\/arhiiv\/talvekonverents-2008-ajakava\/kalotaszegi-tantsuparimusest-vordluses-kihnuga\/"]}]},{"@type":"BreadcrumbList","@id":"https:\/\/www.folklore.ee\/ars\/uritused\/arhiiv\/talvekonverents-2008-ajakava\/kalotaszegi-tantsuparimusest-vordluses-kihnuga\/#breadcrumb","itemListElement":[{"@type":"ListItem","position":1,"name":"Avaleht","item":"https:\/\/www.folklore.ee\/ars\/"},{"@type":"ListItem","position":2,"name":"\u00dcritused","item":"https:\/\/www.folklore.ee\/ars\/uritused\/"},{"@type":"ListItem","position":3,"name":"Arhiiv","item":"https:\/\/www.folklore.ee\/ars\/uritused\/arhiiv\/"},{"@type":"ListItem","position":4,"name":"Talvekonverents 2008 ajakava","item":"https:\/\/www.folklore.ee\/ars\/uritused\/arhiiv\/talvekonverents-2008-ajakava\/"},{"@type":"ListItem","position":5,"name":"Kalotaszegi\u00a0tantsup\u00e4rimusest v\u00f5rdluses Kihnuga"}]},{"@type":"WebSite","@id":"https:\/\/www.folklore.ee\/ars\/#website","url":"https:\/\/www.folklore.ee\/ars\/","name":"Akadeemiline Rahvaluule Selts","description":"Folkloristide, \u00fcli\u00f5pilaste ja k\u00f5igi rahvaluulest huvitatute \u00fchendus, mis aitab kaasa rahvaluule kogumisele, tutvustamisele, uurimisele ja publitseerimisele.","potentialAction":[{"@type":"SearchAction","target":{"@type":"EntryPoint","urlTemplate":"https:\/\/www.folklore.ee\/ars\/?s={search_term_string}"},"query-input":"required name=search_term_string"}],"inLanguage":"en-US"}]}},"_links":{"self":[{"href":"https:\/\/www.folklore.ee\/ars\/wp-json\/wp\/v2\/pages\/424","targetHints":{"allow":["GET"]}}],"collection":[{"href":"https:\/\/www.folklore.ee\/ars\/wp-json\/wp\/v2\/pages"}],"about":[{"href":"https:\/\/www.folklore.ee\/ars\/wp-json\/wp\/v2\/types\/page"}],"author":[{"embeddable":true,"href":"https:\/\/www.folklore.ee\/ars\/wp-json\/wp\/v2\/users\/1"}],"replies":[{"embeddable":true,"href":"https:\/\/www.folklore.ee\/ars\/wp-json\/wp\/v2\/comments?post=424"}],"version-history":[{"count":1,"href":"https:\/\/www.folklore.ee\/ars\/wp-json\/wp\/v2\/pages\/424\/revisions"}],"predecessor-version":[{"id":425,"href":"https:\/\/www.folklore.ee\/ars\/wp-json\/wp\/v2\/pages\/424\/revisions\/425"}],"up":[{"embeddable":true,"href":"https:\/\/www.folklore.ee\/ars\/wp-json\/wp\/v2\/pages\/385"}],"wp:attachment":[{"href":"https:\/\/www.folklore.ee\/ars\/wp-json\/wp\/v2\/media?parent=424"}],"curies":[{"name":"wp","href":"https:\/\/api.w.org\/{rel}","templated":true}]}}