{"id":420,"date":"2023-09-19T13:49:56","date_gmt":"2023-09-19T13:49:56","guid":{"rendered":"https:\/\/www.folklore.ee\/ars\/?page_id=420"},"modified":"2023-09-19T13:49:56","modified_gmt":"2023-09-19T13:49:56","slug":"kolm-kareliaani-ja-neli-seto-laulikut-1922-aastal-obinitsas-jaadvustamine-ja-representatsioonid","status":"publish","type":"page","link":"https:\/\/www.folklore.ee\/ars\/uritused\/arhiiv\/talvekonverents-2008-ajakava\/kolm-kareliaani-ja-neli-seto-laulikut-1922-aastal-obinitsas-jaadvustamine-ja-representatsioonid\/","title":{"rendered":"Kolm kareliaani ja neli seto laulikut 1922. aastal Obinitsas. J\u00e4\u00e4dvustamine ja representatsioonid"},"content":{"rendered":"\n<p><strong>Andreas Kalkun, Eesti Kirjandusmuuseumi Eesti Rahvaluule Arhiiv<\/strong><\/p>\n\n\n\n<p>1922. aastal tuli rahvamuusikauurija ja \u201eSoome seto\u201c Armas Otto V\u00e4is\u00e4nen (1890\u20131969) oma viiendale ekspeditsioonile Setomaale. Seekordsel reisil olid kaasas kaks Akseli Gallen-Kallela j\u00fcngrit, skulptor Alpo Sailo (1877\u20131955) ja maalikunstnik Carl Bengts (1876\u20131934). V\u00e4is\u00e4nen on kirjutanud, et meelitas oma kunstnikest s\u00f5brad kaasa, et ka need n\u00e4eksid \u201eEesti Karjalat\u201c, kus runolaul j\u00e4tkuvalt elab. Alpo Sailo oli kunstnik, kes kogu elu portreteeris vanu rahvalaulikuid, et nii \u201etavaliste runolauljate ja kandlem\u00e4ngijate j\u00e4\u00e4dvus\u00adtamise kaudu j\u00f5uda algsete laulikute t\u00fc\u00fcpideni\u201c. Carl Bengts oli soomerootslane, kes Gallen-Kallela abilisena Pariisi maailman\u00e4ituse freskosid maalides sai rahvusliku \u00e4ratuse ja oli V\u00e4is\u00e4neni s\u00f5nul \u201esoomlasem kui soomlased ise\u201c.<\/p>\n\n\n\n<p>Obinitsas peatusid h\u00e4rrad sealses kool-kirikus preester Raagi juures. Kohale s\u00f5idutati Hurdale paarik\u00fcmne aasta eest 20 790 v\u00e4rssi laulnud ja vahepeal unustatud Miko Ode, V\u00e4is\u00e4nenile varasemast tuttavad Hilana Taarka, Treiali Ode ja Martini Ir\u00b4o ning j\u00e4\u00e4dvus\u00adtamine algas. Koolimajas elati nagu emad ja pojad \u2013 on V\u00e4is\u00e4nen v\u00e4lit\u00f6id kommenteerinud.<\/p>\n\n\n\n<p>Sailo sai Obinitsas valmis kolme lauliku b\u00fcstid ja Bengts tegi hulgaliselt joonistusi ja maale. Laule fonografeeriti ja kirjutati \u00fcles ning tehti ka hulgaliselt fotosid. V\u00e4is\u00e4nen on 1922. aasta v\u00e4lit\u00f6id kirjeldanud oma mitmetes kirjutistes, teaberikkad on ka tema m\u00e4rkmikud SKSis. Asetleidnud j\u00e4\u00e4dvustamise kirjelduse teevad veel \u201etihedamaks\u201c Miko Ode kolm improvisatsiooni neil teemadel ja teistegi laulikute s\u00e4ilinud kommentaarid ja laulukatked.<\/p>\n\n\n\n<p>Mida j\u00e4\u00e4dvustajad l\u00e4ksid otsima ja mida nad said? Kuidas osalejad m\u00f5jutasid \u00fcksteist? Millisena tajuvad erakordset s\u00fcndmust j\u00e4\u00e4dvustajad ja millisena j\u00e4\u00e4dvustatavad? Milline on j\u00e4\u00e4dvustamisest j\u00e4\u00e4nud \u201ej\u00e4lg\u201c ja mida see meile r\u00e4\u00e4gib?<\/p>\n","protected":false},"excerpt":{"rendered":"<p>Andreas Kalkun, Eesti Kirjandusmuuseumi Eesti Rahvaluule Arhiiv 1922. aastal tuli rahvamuusikauurija ja \u201eSoome seto\u201c Armas Otto V\u00e4is\u00e4nen (1890\u20131969) oma viiendale ekspeditsioonile Setomaale. Seekordsel reisil olid kaasas kaks Akseli Gallen-Kallela j\u00fcngrit, skulptor Alpo Sailo (1877\u20131955) ja maalikunstnik Carl Bengts (1876\u20131934). V\u00e4is\u00e4nen on kirjutanud, et meelitas oma kunstnikest s\u00f5brad kaasa, et ka need n\u00e4eksid \u201eEesti Karjalat\u201c, kus [&hellip;]<\/p>\n","protected":false},"author":1,"featured_media":0,"parent":385,"menu_order":0,"comment_status":"closed","ping_status":"closed","template":"","meta":{"footnotes":""},"class_list":["post-420","page","type-page","status-publish","hentry"],"yoast_head":"<!-- This site is optimized with the Yoast SEO plugin v20.12 - https:\/\/yoast.com\/wordpress\/plugins\/seo\/ -->\n<title>Kolm kareliaani ja neli seto laulikut 1922. aastal Obinitsas. J\u00e4\u00e4dvustamine ja representatsioonid | Akadeemiline Rahvaluule Selts<\/title>\n<meta name=\"robots\" content=\"index, follow, max-snippet:-1, max-image-preview:large, max-video-preview:-1\" \/>\n<link rel=\"canonical\" href=\"https:\/\/www.folklore.ee\/ars\/uritused\/arhiiv\/talvekonverents-2008-ajakava\/kolm-kareliaani-ja-neli-seto-laulikut-1922-aastal-obinitsas-jaadvustamine-ja-representatsioonid\/\" \/>\n<meta property=\"og:locale\" content=\"en_US\" \/>\n<meta property=\"og:type\" content=\"article\" \/>\n<meta property=\"og:title\" content=\"Kolm kareliaani ja neli seto laulikut 1922. aastal Obinitsas. J\u00e4\u00e4dvustamine ja representatsioonid | Akadeemiline Rahvaluule Selts\" \/>\n<meta property=\"og:description\" content=\"Andreas Kalkun, Eesti Kirjandusmuuseumi Eesti Rahvaluule Arhiiv 1922. aastal tuli rahvamuusikauurija ja \u201eSoome seto\u201c Armas Otto V\u00e4is\u00e4nen (1890\u20131969) oma viiendale ekspeditsioonile Setomaale. Seekordsel reisil olid kaasas kaks Akseli Gallen-Kallela j\u00fcngrit, skulptor Alpo Sailo (1877\u20131955) ja maalikunstnik Carl Bengts (1876\u20131934). V\u00e4is\u00e4nen on kirjutanud, et meelitas oma kunstnikest s\u00f5brad kaasa, et ka need n\u00e4eksid \u201eEesti Karjalat\u201c, kus [&hellip;]\" \/>\n<meta property=\"og:url\" content=\"https:\/\/www.folklore.ee\/ars\/uritused\/arhiiv\/talvekonverents-2008-ajakava\/kolm-kareliaani-ja-neli-seto-laulikut-1922-aastal-obinitsas-jaadvustamine-ja-representatsioonid\/\" \/>\n<meta property=\"og:site_name\" content=\"Akadeemiline Rahvaluule Selts\" \/>\n<meta name=\"twitter:card\" content=\"summary_large_image\" \/>\n<meta name=\"twitter:label1\" content=\"Est. reading time\" \/>\n\t<meta name=\"twitter:data1\" content=\"2 minutes\" \/>\n<script type=\"application\/ld+json\" class=\"yoast-schema-graph\">{\"@context\":\"https:\/\/schema.org\",\"@graph\":[{\"@type\":\"WebPage\",\"@id\":\"https:\/\/www.folklore.ee\/ars\/uritused\/arhiiv\/talvekonverents-2008-ajakava\/kolm-kareliaani-ja-neli-seto-laulikut-1922-aastal-obinitsas-jaadvustamine-ja-representatsioonid\/\",\"url\":\"https:\/\/www.folklore.ee\/ars\/uritused\/arhiiv\/talvekonverents-2008-ajakava\/kolm-kareliaani-ja-neli-seto-laulikut-1922-aastal-obinitsas-jaadvustamine-ja-representatsioonid\/\",\"name\":\"Kolm kareliaani ja neli seto laulikut 1922. aastal Obinitsas. J\u00e4\u00e4dvustamine ja representatsioonid | Akadeemiline Rahvaluule Selts\",\"isPartOf\":{\"@id\":\"https:\/\/www.folklore.ee\/ars\/#website\"},\"datePublished\":\"2023-09-19T13:49:56+00:00\",\"dateModified\":\"2023-09-19T13:49:56+00:00\",\"breadcrumb\":{\"@id\":\"https:\/\/www.folklore.ee\/ars\/uritused\/arhiiv\/talvekonverents-2008-ajakava\/kolm-kareliaani-ja-neli-seto-laulikut-1922-aastal-obinitsas-jaadvustamine-ja-representatsioonid\/#breadcrumb\"},\"inLanguage\":\"en-US\",\"potentialAction\":[{\"@type\":\"ReadAction\",\"target\":[\"https:\/\/www.folklore.ee\/ars\/uritused\/arhiiv\/talvekonverents-2008-ajakava\/kolm-kareliaani-ja-neli-seto-laulikut-1922-aastal-obinitsas-jaadvustamine-ja-representatsioonid\/\"]}]},{\"@type\":\"BreadcrumbList\",\"@id\":\"https:\/\/www.folklore.ee\/ars\/uritused\/arhiiv\/talvekonverents-2008-ajakava\/kolm-kareliaani-ja-neli-seto-laulikut-1922-aastal-obinitsas-jaadvustamine-ja-representatsioonid\/#breadcrumb\",\"itemListElement\":[{\"@type\":\"ListItem\",\"position\":1,\"name\":\"Avaleht\",\"item\":\"https:\/\/www.folklore.ee\/ars\/\"},{\"@type\":\"ListItem\",\"position\":2,\"name\":\"\u00dcritused\",\"item\":\"https:\/\/www.folklore.ee\/ars\/uritused\/\"},{\"@type\":\"ListItem\",\"position\":3,\"name\":\"Arhiiv\",\"item\":\"https:\/\/www.folklore.ee\/ars\/uritused\/arhiiv\/\"},{\"@type\":\"ListItem\",\"position\":4,\"name\":\"Talvekonverents 2008 ajakava\",\"item\":\"https:\/\/www.folklore.ee\/ars\/uritused\/arhiiv\/talvekonverents-2008-ajakava\/\"},{\"@type\":\"ListItem\",\"position\":5,\"name\":\"Kolm kareliaani ja neli seto laulikut 1922. aastal Obinitsas. J\u00e4\u00e4dvustamine ja representatsioonid\"}]},{\"@type\":\"WebSite\",\"@id\":\"https:\/\/www.folklore.ee\/ars\/#website\",\"url\":\"https:\/\/www.folklore.ee\/ars\/\",\"name\":\"Akadeemiline Rahvaluule Selts\",\"description\":\"Folkloristide, \u00fcli\u00f5pilaste ja k\u00f5igi rahvaluulest huvitatute \u00fchendus, mis aitab kaasa rahvaluule kogumisele, tutvustamisele, uurimisele ja publitseerimisele.\",\"potentialAction\":[{\"@type\":\"SearchAction\",\"target\":{\"@type\":\"EntryPoint\",\"urlTemplate\":\"https:\/\/www.folklore.ee\/ars\/?s={search_term_string}\"},\"query-input\":\"required name=search_term_string\"}],\"inLanguage\":\"en-US\"}]}<\/script>\n<!-- \/ Yoast SEO plugin. -->","yoast_head_json":{"title":"Kolm kareliaani ja neli seto laulikut 1922. aastal Obinitsas. J\u00e4\u00e4dvustamine ja representatsioonid | Akadeemiline Rahvaluule Selts","robots":{"index":"index","follow":"follow","max-snippet":"max-snippet:-1","max-image-preview":"max-image-preview:large","max-video-preview":"max-video-preview:-1"},"canonical":"https:\/\/www.folklore.ee\/ars\/uritused\/arhiiv\/talvekonverents-2008-ajakava\/kolm-kareliaani-ja-neli-seto-laulikut-1922-aastal-obinitsas-jaadvustamine-ja-representatsioonid\/","og_locale":"en_US","og_type":"article","og_title":"Kolm kareliaani ja neli seto laulikut 1922. aastal Obinitsas. J\u00e4\u00e4dvustamine ja representatsioonid | Akadeemiline Rahvaluule Selts","og_description":"Andreas Kalkun, Eesti Kirjandusmuuseumi Eesti Rahvaluule Arhiiv 1922. aastal tuli rahvamuusikauurija ja \u201eSoome seto\u201c Armas Otto V\u00e4is\u00e4nen (1890\u20131969) oma viiendale ekspeditsioonile Setomaale. Seekordsel reisil olid kaasas kaks Akseli Gallen-Kallela j\u00fcngrit, skulptor Alpo Sailo (1877\u20131955) ja maalikunstnik Carl Bengts (1876\u20131934). V\u00e4is\u00e4nen on kirjutanud, et meelitas oma kunstnikest s\u00f5brad kaasa, et ka need n\u00e4eksid \u201eEesti Karjalat\u201c, kus [&hellip;]","og_url":"https:\/\/www.folklore.ee\/ars\/uritused\/arhiiv\/talvekonverents-2008-ajakava\/kolm-kareliaani-ja-neli-seto-laulikut-1922-aastal-obinitsas-jaadvustamine-ja-representatsioonid\/","og_site_name":"Akadeemiline Rahvaluule Selts","twitter_card":"summary_large_image","twitter_misc":{"Est. reading time":"2 minutes"},"schema":{"@context":"https:\/\/schema.org","@graph":[{"@type":"WebPage","@id":"https:\/\/www.folklore.ee\/ars\/uritused\/arhiiv\/talvekonverents-2008-ajakava\/kolm-kareliaani-ja-neli-seto-laulikut-1922-aastal-obinitsas-jaadvustamine-ja-representatsioonid\/","url":"https:\/\/www.folklore.ee\/ars\/uritused\/arhiiv\/talvekonverents-2008-ajakava\/kolm-kareliaani-ja-neli-seto-laulikut-1922-aastal-obinitsas-jaadvustamine-ja-representatsioonid\/","name":"Kolm kareliaani ja neli seto laulikut 1922. aastal Obinitsas. J\u00e4\u00e4dvustamine ja representatsioonid | Akadeemiline Rahvaluule Selts","isPartOf":{"@id":"https:\/\/www.folklore.ee\/ars\/#website"},"datePublished":"2023-09-19T13:49:56+00:00","dateModified":"2023-09-19T13:49:56+00:00","breadcrumb":{"@id":"https:\/\/www.folklore.ee\/ars\/uritused\/arhiiv\/talvekonverents-2008-ajakava\/kolm-kareliaani-ja-neli-seto-laulikut-1922-aastal-obinitsas-jaadvustamine-ja-representatsioonid\/#breadcrumb"},"inLanguage":"en-US","potentialAction":[{"@type":"ReadAction","target":["https:\/\/www.folklore.ee\/ars\/uritused\/arhiiv\/talvekonverents-2008-ajakava\/kolm-kareliaani-ja-neli-seto-laulikut-1922-aastal-obinitsas-jaadvustamine-ja-representatsioonid\/"]}]},{"@type":"BreadcrumbList","@id":"https:\/\/www.folklore.ee\/ars\/uritused\/arhiiv\/talvekonverents-2008-ajakava\/kolm-kareliaani-ja-neli-seto-laulikut-1922-aastal-obinitsas-jaadvustamine-ja-representatsioonid\/#breadcrumb","itemListElement":[{"@type":"ListItem","position":1,"name":"Avaleht","item":"https:\/\/www.folklore.ee\/ars\/"},{"@type":"ListItem","position":2,"name":"\u00dcritused","item":"https:\/\/www.folklore.ee\/ars\/uritused\/"},{"@type":"ListItem","position":3,"name":"Arhiiv","item":"https:\/\/www.folklore.ee\/ars\/uritused\/arhiiv\/"},{"@type":"ListItem","position":4,"name":"Talvekonverents 2008 ajakava","item":"https:\/\/www.folklore.ee\/ars\/uritused\/arhiiv\/talvekonverents-2008-ajakava\/"},{"@type":"ListItem","position":5,"name":"Kolm kareliaani ja neli seto laulikut 1922. aastal Obinitsas. J\u00e4\u00e4dvustamine ja representatsioonid"}]},{"@type":"WebSite","@id":"https:\/\/www.folklore.ee\/ars\/#website","url":"https:\/\/www.folklore.ee\/ars\/","name":"Akadeemiline Rahvaluule Selts","description":"Folkloristide, \u00fcli\u00f5pilaste ja k\u00f5igi rahvaluulest huvitatute \u00fchendus, mis aitab kaasa rahvaluule kogumisele, tutvustamisele, uurimisele ja publitseerimisele.","potentialAction":[{"@type":"SearchAction","target":{"@type":"EntryPoint","urlTemplate":"https:\/\/www.folklore.ee\/ars\/?s={search_term_string}"},"query-input":"required name=search_term_string"}],"inLanguage":"en-US"}]}},"_links":{"self":[{"href":"https:\/\/www.folklore.ee\/ars\/wp-json\/wp\/v2\/pages\/420","targetHints":{"allow":["GET"]}}],"collection":[{"href":"https:\/\/www.folklore.ee\/ars\/wp-json\/wp\/v2\/pages"}],"about":[{"href":"https:\/\/www.folklore.ee\/ars\/wp-json\/wp\/v2\/types\/page"}],"author":[{"embeddable":true,"href":"https:\/\/www.folklore.ee\/ars\/wp-json\/wp\/v2\/users\/1"}],"replies":[{"embeddable":true,"href":"https:\/\/www.folklore.ee\/ars\/wp-json\/wp\/v2\/comments?post=420"}],"version-history":[{"count":1,"href":"https:\/\/www.folklore.ee\/ars\/wp-json\/wp\/v2\/pages\/420\/revisions"}],"predecessor-version":[{"id":422,"href":"https:\/\/www.folklore.ee\/ars\/wp-json\/wp\/v2\/pages\/420\/revisions\/422"}],"up":[{"embeddable":true,"href":"https:\/\/www.folklore.ee\/ars\/wp-json\/wp\/v2\/pages\/385"}],"wp:attachment":[{"href":"https:\/\/www.folklore.ee\/ars\/wp-json\/wp\/v2\/media?parent=420"}],"curies":[{"name":"wp","href":"https:\/\/api.w.org\/{rel}","templated":true}]}}