{"id":418,"date":"2023-09-19T13:49:02","date_gmt":"2023-09-19T13:49:02","guid":{"rendered":"https:\/\/www.folklore.ee\/ars\/?page_id=418"},"modified":"2023-09-19T13:49:02","modified_gmt":"2023-09-19T13:49:02","slug":"kuusalu-pillimehed-enne-1940-aastat","status":"publish","type":"page","link":"https:\/\/www.folklore.ee\/ars\/uritused\/arhiiv\/talvekonverents-2008-ajakava\/kuusalu-pillimehed-enne-1940-aastat\/","title":{"rendered":"Kuusalu pillimehed enne 1940. aastat"},"content":{"rendered":"\n<p><strong>Anneli Kont-Rahtola, Tartu \u00dclikooli Viljandi Kultuuriakadeemia<\/strong><\/p>\n\n\n\n<p>Kuusalu kihelkond on eesti rahvap\u00e4randi kogumise \u00fcks \u201ekuldalasid\u201c. Rikkalikult koguti siit rahvalaule ja pillilugusid nii enne II maailmas\u00f5da kui ka veel selle j\u00e4rel. Kuusalu erip\u00e4ra on see, et valdav osa teadaolevast materjalist p\u00e4rineb kihelkonna kahe poolsaare, Juminda ja P\u00e4rispea, rannarahvalt. Ilmselt on maaorjusest suhteliselt vabamate kalurite \u00fchiskonnas kasutatud ja s\u00e4ilitatud rahvakultuuri ilminguid hoopis teistmoodi kui maak\u00fclade talupoegade seas. Oma t\u00f6\u00f6 raames uurin Kuusalu viiuldajatest rahvapillimehi. Minu ette on joonistunud rikkalik pilt paljudest pillimeestest ja nendelt salvestatud lugudest.<\/p>\n\n\n\n<p>Andmeid Kuusalu ranna pillim\u00e4ngu ja tantsu kohta sain eelk\u00f5ige Eesti Rahvaluule Arhiivist, kus konkreetsele muusikalisele materjalile lisaks on kogumisp\u00e4evikuid ja m\u00e4les\u00adtusi Gustav Vilbergi (Vilbaste), Armas Otto V\u00e4is\u00e4neni, Anna Raudkatsi, Rudolf P\u00f5ldm\u00e4e ja Herbert Tampere sulest. Teatri- ja Muusikamuuseumi kogudest kasutasin August Pulsti m\u00e4les\u00adtusi. Materjalid p\u00e4rinevad kahest kogumisperioodist \u2013 esimene aastatel 1905\u20131913 ja teine 1935\u20131938.<\/p>\n\n\n\n<p>Esimesed teated pillimeeste kohta on p\u00e4rit Simititsa asundusest Ingerimaalt, kuhu Kuu\u00adsalu rahvast oli 1884. aastal elama asunud. Seal k\u00e4isid 1905. aastal E\u00dcSi kogumis\u00adaktsiooni raames Peeter Penna ja Karl Luud.<\/p>\n\n\n\n<p>1910. aastast on muuseumisse j\u00f5udnud Ruuben K\u00f5heliku ja Johannes S\u00f5steri kogutud pillilugude noodid, samuti Gustav Vilbergi kaast\u00f6\u00f6d. 1913. aastal k\u00fclastasid Kuusalu rannak\u00fclasid Armas Otto V\u00e4is\u00e4nen ja Anna Raudkats. Esimest korda salvestati siis elavat rahvalaulu ja pillilugusid fonograafiga ning tehti rohkesti fotosid. Raudkats oli iseseisvalt Kuusalu rannas ka 1912. aasta suvel.<\/p>\n\n\n\n<p>Teine periood h\u00f5lmab aastaid 1935\u20131938, p\u00f5hikogujaks Rudolf P\u00f5ldm\u00e4e, 1935 koos Ullo Toomi ja 1936 koos Herbert Tamperega. Sel perioodil k\u00e4idi s\u00fcstemaatiliselt k\u00fclast-k\u00fclasse ja koguti k\u00f5ike rahvakultuuri puutuvat materjali. 1937. aastal k\u00e4is Kuusalu rannas August Pulst.<\/p>\n\n\n\n<p>Aastatel 1936\u20131938 Riigi Ringh\u00e4\u00e4lingu, Muusikamuuseumi ja Eesti Rahvaluule Arhiivi salvestusaktsioonis plaadistati kolme Kuusalu pillimeest. N\u00f5ukogude perioodil on Kuus\u00adalust salvestatud mitmeid laulikuid, kuid pillimeeste osas on pilt kehvem.<\/p>\n\n\n\n<p>Arhiivis on u 300 \u00fchikut salvestusi ja noote ligi 60 Kuusalu pillimehelt: viiuldajad Eduard Aaman, Gustav Lindstr\u00f6m, Jakob Mikiver, Kristov Niiholm, Arnold Silberberg, Johann Klemm, Mart Kravtsov, Mart Manitski, Jaan Vaagistr\u00f6m, Johan Vilberg; vilepilli, siku\u00adsarve ja karjasarve m\u00e4ngijad Jaan Aaman, Mart Kingsepp, Mart Masurin (Liivanurm), Mart Mingisepp, Jaagup Roosikohv, T\u00f5nu Sestverk, Jakob Taar, Jaan Viilman-Viljur; torupilli\u00adm\u00e4ngijad T\u00f5nu Eslon, Jakob Kilstr\u00f6m, Juhan Lillepron, J\u00fcri Pikstr\u00f6m, Jaagup Ratsov; l\u00f5\u00f5tsam\u00e4ngijad Ludvig Kleesment, Manitski, Martin Siiberg, Viljur; mollpilli\u00adm\u00e4ngijad Jaan Siiberg ja kandlem\u00e4ngija Jaan Viilman-Viljur.<\/p>\n\n\n\n<p>Vaid nimeliselt on teada viiuldajad Maunus Kokk, Jaan Krall, Jakob Krall, Jakob Kvell\u00adstein, J\u00fcri Kvellstein, J\u00fcri K\u00e4\u00e4bas, Juhan Lillepron, Indrek Mooser, Peeter M\u00fchlbach, Maunus Roosikohv, R\u00fcnga Jaan, Lepnurm; torupillim\u00e4ngijad Kabe, Jaagup Kalmholm, Kargu J\u00e4ss, Mihkel Molokov, Indrek Mooser, Mart Mooser, R\u00fcnga Jaan, Salstr\u00f6m, Sauna J\u00fcri, Mart Suuberg, Torupilli-J\u00fcri, Adru talu J\u00fcri, Palmse Jaska ja Pidai Mihkel.<\/p>\n","protected":false},"excerpt":{"rendered":"<p>Anneli Kont-Rahtola, Tartu \u00dclikooli Viljandi Kultuuriakadeemia Kuusalu kihelkond on eesti rahvap\u00e4randi kogumise \u00fcks \u201ekuldalasid\u201c. Rikkalikult koguti siit rahvalaule ja pillilugusid nii enne II maailmas\u00f5da kui ka veel selle j\u00e4rel. Kuusalu erip\u00e4ra on see, et valdav osa teadaolevast materjalist p\u00e4rineb kihelkonna kahe poolsaare, Juminda ja P\u00e4rispea, rannarahvalt. Ilmselt on maaorjusest suhteliselt vabamate kalurite \u00fchiskonnas kasutatud ja [&hellip;]<\/p>\n","protected":false},"author":1,"featured_media":0,"parent":385,"menu_order":0,"comment_status":"closed","ping_status":"closed","template":"","meta":{"footnotes":""},"class_list":["post-418","page","type-page","status-publish","hentry"],"yoast_head":"<!-- This site is optimized with the Yoast SEO plugin v20.12 - https:\/\/yoast.com\/wordpress\/plugins\/seo\/ -->\n<title>Kuusalu pillimehed enne 1940. aastat | Akadeemiline Rahvaluule Selts<\/title>\n<meta name=\"robots\" content=\"index, follow, max-snippet:-1, max-image-preview:large, max-video-preview:-1\" \/>\n<link rel=\"canonical\" href=\"https:\/\/www.folklore.ee\/ars\/uritused\/arhiiv\/talvekonverents-2008-ajakava\/kuusalu-pillimehed-enne-1940-aastat\/\" \/>\n<meta property=\"og:locale\" content=\"en_US\" \/>\n<meta property=\"og:type\" content=\"article\" \/>\n<meta property=\"og:title\" content=\"Kuusalu pillimehed enne 1940. aastat | Akadeemiline Rahvaluule Selts\" \/>\n<meta property=\"og:description\" content=\"Anneli Kont-Rahtola, Tartu \u00dclikooli Viljandi Kultuuriakadeemia Kuusalu kihelkond on eesti rahvap\u00e4randi kogumise \u00fcks \u201ekuldalasid\u201c. Rikkalikult koguti siit rahvalaule ja pillilugusid nii enne II maailmas\u00f5da kui ka veel selle j\u00e4rel. Kuusalu erip\u00e4ra on see, et valdav osa teadaolevast materjalist p\u00e4rineb kihelkonna kahe poolsaare, Juminda ja P\u00e4rispea, rannarahvalt. Ilmselt on maaorjusest suhteliselt vabamate kalurite \u00fchiskonnas kasutatud ja [&hellip;]\" \/>\n<meta property=\"og:url\" content=\"https:\/\/www.folklore.ee\/ars\/uritused\/arhiiv\/talvekonverents-2008-ajakava\/kuusalu-pillimehed-enne-1940-aastat\/\" \/>\n<meta property=\"og:site_name\" content=\"Akadeemiline Rahvaluule Selts\" \/>\n<meta name=\"twitter:card\" content=\"summary_large_image\" \/>\n<meta name=\"twitter:label1\" content=\"Est. reading time\" \/>\n\t<meta name=\"twitter:data1\" content=\"2 minutes\" \/>\n<script type=\"application\/ld+json\" class=\"yoast-schema-graph\">{\"@context\":\"https:\/\/schema.org\",\"@graph\":[{\"@type\":\"WebPage\",\"@id\":\"https:\/\/www.folklore.ee\/ars\/uritused\/arhiiv\/talvekonverents-2008-ajakava\/kuusalu-pillimehed-enne-1940-aastat\/\",\"url\":\"https:\/\/www.folklore.ee\/ars\/uritused\/arhiiv\/talvekonverents-2008-ajakava\/kuusalu-pillimehed-enne-1940-aastat\/\",\"name\":\"Kuusalu pillimehed enne 1940. aastat | Akadeemiline Rahvaluule Selts\",\"isPartOf\":{\"@id\":\"https:\/\/www.folklore.ee\/ars\/#website\"},\"datePublished\":\"2023-09-19T13:49:02+00:00\",\"dateModified\":\"2023-09-19T13:49:02+00:00\",\"breadcrumb\":{\"@id\":\"https:\/\/www.folklore.ee\/ars\/uritused\/arhiiv\/talvekonverents-2008-ajakava\/kuusalu-pillimehed-enne-1940-aastat\/#breadcrumb\"},\"inLanguage\":\"en-US\",\"potentialAction\":[{\"@type\":\"ReadAction\",\"target\":[\"https:\/\/www.folklore.ee\/ars\/uritused\/arhiiv\/talvekonverents-2008-ajakava\/kuusalu-pillimehed-enne-1940-aastat\/\"]}]},{\"@type\":\"BreadcrumbList\",\"@id\":\"https:\/\/www.folklore.ee\/ars\/uritused\/arhiiv\/talvekonverents-2008-ajakava\/kuusalu-pillimehed-enne-1940-aastat\/#breadcrumb\",\"itemListElement\":[{\"@type\":\"ListItem\",\"position\":1,\"name\":\"Avaleht\",\"item\":\"https:\/\/www.folklore.ee\/ars\/\"},{\"@type\":\"ListItem\",\"position\":2,\"name\":\"\u00dcritused\",\"item\":\"https:\/\/www.folklore.ee\/ars\/uritused\/\"},{\"@type\":\"ListItem\",\"position\":3,\"name\":\"Arhiiv\",\"item\":\"https:\/\/www.folklore.ee\/ars\/uritused\/arhiiv\/\"},{\"@type\":\"ListItem\",\"position\":4,\"name\":\"Talvekonverents 2008 ajakava\",\"item\":\"https:\/\/www.folklore.ee\/ars\/uritused\/arhiiv\/talvekonverents-2008-ajakava\/\"},{\"@type\":\"ListItem\",\"position\":5,\"name\":\"Kuusalu pillimehed enne 1940. aastat\"}]},{\"@type\":\"WebSite\",\"@id\":\"https:\/\/www.folklore.ee\/ars\/#website\",\"url\":\"https:\/\/www.folklore.ee\/ars\/\",\"name\":\"Akadeemiline Rahvaluule Selts\",\"description\":\"Folkloristide, \u00fcli\u00f5pilaste ja k\u00f5igi rahvaluulest huvitatute \u00fchendus, mis aitab kaasa rahvaluule kogumisele, tutvustamisele, uurimisele ja publitseerimisele.\",\"potentialAction\":[{\"@type\":\"SearchAction\",\"target\":{\"@type\":\"EntryPoint\",\"urlTemplate\":\"https:\/\/www.folklore.ee\/ars\/?s={search_term_string}\"},\"query-input\":\"required name=search_term_string\"}],\"inLanguage\":\"en-US\"}]}<\/script>\n<!-- \/ Yoast SEO plugin. -->","yoast_head_json":{"title":"Kuusalu pillimehed enne 1940. aastat | Akadeemiline Rahvaluule Selts","robots":{"index":"index","follow":"follow","max-snippet":"max-snippet:-1","max-image-preview":"max-image-preview:large","max-video-preview":"max-video-preview:-1"},"canonical":"https:\/\/www.folklore.ee\/ars\/uritused\/arhiiv\/talvekonverents-2008-ajakava\/kuusalu-pillimehed-enne-1940-aastat\/","og_locale":"en_US","og_type":"article","og_title":"Kuusalu pillimehed enne 1940. aastat | Akadeemiline Rahvaluule Selts","og_description":"Anneli Kont-Rahtola, Tartu \u00dclikooli Viljandi Kultuuriakadeemia Kuusalu kihelkond on eesti rahvap\u00e4randi kogumise \u00fcks \u201ekuldalasid\u201c. Rikkalikult koguti siit rahvalaule ja pillilugusid nii enne II maailmas\u00f5da kui ka veel selle j\u00e4rel. Kuusalu erip\u00e4ra on see, et valdav osa teadaolevast materjalist p\u00e4rineb kihelkonna kahe poolsaare, Juminda ja P\u00e4rispea, rannarahvalt. Ilmselt on maaorjusest suhteliselt vabamate kalurite \u00fchiskonnas kasutatud ja [&hellip;]","og_url":"https:\/\/www.folklore.ee\/ars\/uritused\/arhiiv\/talvekonverents-2008-ajakava\/kuusalu-pillimehed-enne-1940-aastat\/","og_site_name":"Akadeemiline Rahvaluule Selts","twitter_card":"summary_large_image","twitter_misc":{"Est. reading time":"2 minutes"},"schema":{"@context":"https:\/\/schema.org","@graph":[{"@type":"WebPage","@id":"https:\/\/www.folklore.ee\/ars\/uritused\/arhiiv\/talvekonverents-2008-ajakava\/kuusalu-pillimehed-enne-1940-aastat\/","url":"https:\/\/www.folklore.ee\/ars\/uritused\/arhiiv\/talvekonverents-2008-ajakava\/kuusalu-pillimehed-enne-1940-aastat\/","name":"Kuusalu pillimehed enne 1940. aastat | Akadeemiline Rahvaluule Selts","isPartOf":{"@id":"https:\/\/www.folklore.ee\/ars\/#website"},"datePublished":"2023-09-19T13:49:02+00:00","dateModified":"2023-09-19T13:49:02+00:00","breadcrumb":{"@id":"https:\/\/www.folklore.ee\/ars\/uritused\/arhiiv\/talvekonverents-2008-ajakava\/kuusalu-pillimehed-enne-1940-aastat\/#breadcrumb"},"inLanguage":"en-US","potentialAction":[{"@type":"ReadAction","target":["https:\/\/www.folklore.ee\/ars\/uritused\/arhiiv\/talvekonverents-2008-ajakava\/kuusalu-pillimehed-enne-1940-aastat\/"]}]},{"@type":"BreadcrumbList","@id":"https:\/\/www.folklore.ee\/ars\/uritused\/arhiiv\/talvekonverents-2008-ajakava\/kuusalu-pillimehed-enne-1940-aastat\/#breadcrumb","itemListElement":[{"@type":"ListItem","position":1,"name":"Avaleht","item":"https:\/\/www.folklore.ee\/ars\/"},{"@type":"ListItem","position":2,"name":"\u00dcritused","item":"https:\/\/www.folklore.ee\/ars\/uritused\/"},{"@type":"ListItem","position":3,"name":"Arhiiv","item":"https:\/\/www.folklore.ee\/ars\/uritused\/arhiiv\/"},{"@type":"ListItem","position":4,"name":"Talvekonverents 2008 ajakava","item":"https:\/\/www.folklore.ee\/ars\/uritused\/arhiiv\/talvekonverents-2008-ajakava\/"},{"@type":"ListItem","position":5,"name":"Kuusalu pillimehed enne 1940. aastat"}]},{"@type":"WebSite","@id":"https:\/\/www.folklore.ee\/ars\/#website","url":"https:\/\/www.folklore.ee\/ars\/","name":"Akadeemiline Rahvaluule Selts","description":"Folkloristide, \u00fcli\u00f5pilaste ja k\u00f5igi rahvaluulest huvitatute \u00fchendus, mis aitab kaasa rahvaluule kogumisele, tutvustamisele, uurimisele ja publitseerimisele.","potentialAction":[{"@type":"SearchAction","target":{"@type":"EntryPoint","urlTemplate":"https:\/\/www.folklore.ee\/ars\/?s={search_term_string}"},"query-input":"required name=search_term_string"}],"inLanguage":"en-US"}]}},"_links":{"self":[{"href":"https:\/\/www.folklore.ee\/ars\/wp-json\/wp\/v2\/pages\/418","targetHints":{"allow":["GET"]}}],"collection":[{"href":"https:\/\/www.folklore.ee\/ars\/wp-json\/wp\/v2\/pages"}],"about":[{"href":"https:\/\/www.folklore.ee\/ars\/wp-json\/wp\/v2\/types\/page"}],"author":[{"embeddable":true,"href":"https:\/\/www.folklore.ee\/ars\/wp-json\/wp\/v2\/users\/1"}],"replies":[{"embeddable":true,"href":"https:\/\/www.folklore.ee\/ars\/wp-json\/wp\/v2\/comments?post=418"}],"version-history":[{"count":1,"href":"https:\/\/www.folklore.ee\/ars\/wp-json\/wp\/v2\/pages\/418\/revisions"}],"predecessor-version":[{"id":419,"href":"https:\/\/www.folklore.ee\/ars\/wp-json\/wp\/v2\/pages\/418\/revisions\/419"}],"up":[{"embeddable":true,"href":"https:\/\/www.folklore.ee\/ars\/wp-json\/wp\/v2\/pages\/385"}],"wp:attachment":[{"href":"https:\/\/www.folklore.ee\/ars\/wp-json\/wp\/v2\/media?parent=418"}],"curies":[{"name":"wp","href":"https:\/\/api.w.org\/{rel}","templated":true}]}}