{"id":415,"date":"2023-09-19T13:47:56","date_gmt":"2023-09-19T13:47:56","guid":{"rendered":"https:\/\/www.folklore.ee\/ars\/?page_id=415"},"modified":"2023-09-19T13:47:56","modified_gmt":"2023-09-19T13:47:56","slug":"tudrukute-maailm-rate-ee-paevikutes","status":"publish","type":"page","link":"https:\/\/www.folklore.ee\/ars\/uritused\/arhiiv\/talvekonverents-2008-ajakava\/tudrukute-maailm-rate-ee-paevikutes\/","title":{"rendered":"T\u00fcdrukute maailm\u00a0rate.ee\u00a0p\u00e4evikutes"},"content":{"rendered":"\n<p><strong>Eda Kalmre, Eesti Kirjandusmuuseumi folkloristika osakond<\/strong><\/p>\n\n\n\n<p>Ps\u00fchholoogid v\u00e4idavad, et meeste sugupoolsus algab f\u00fc\u00fcsiliselt tasandilt, naistel ps\u00fc\u00fchiliselt tasandilt. T\u00fcdrukute kultuuri uurijad j\u00e4lle kinnitavad, et t\u00fcdrukud otsivad oma identiteedile kinnitust, luues usaldusliku ja intiimse vahekorra teiste inimestega \u2013 sellep\u00e4rast ongi nad s\u00f5prus- ja armusuhetes nii haavatavad. T\u00fcdrukute s\u00f5brakultuuri kaudu on muuhulgas v\u00f5imalik uurida naiste \u00fchiskondlikku k\u00fcpsemist, s.t missuguseid praktikaid t\u00fcdrukud kasutavad oma teekonnal t\u00e4iskasvanuks ja naiseks saamisel. \u00dcks niisugune on j\u00e4lgitav Eesti suurimas virtuaalkeskkonnas, kus suhtleb enamik Eesti 10\u201318 aasta vanustest lastest ja noorukitest. See on rate.ee, millel 2006 seisuga oli \u00fcle 360 000 aktiivse kasutaja. Portaali rate.ee kasutajad saavad oma ankeeti ehk profiili lisada oma kirjelduse, laadida \u00fcles pilte ning vaadata teiste pilte, neid hinnata ja kommenteerida. Lisaks saavad kasutajad \u00fcksteisele kirjutada s\u00f5numeid, on olemas foorum, jututuba ja p\u00e4evik.<\/p>\n\n\n\n<p>T\u00fcdrukute rate.ee p\u00e4evikud ei toimi ainu\u00fcksi tavap\u00e4rases p\u00e4evaraamatu t\u00e4henduses. Suure osa p\u00e4evikute sissekannetest moodustavad m\u00e4ngud, spetsiifilised naljad (sh koopiap\u00e4rimus), laulud, albumisalmid, sentimentaalsed jutukesed, omalooming, aforismid, ennustused jms.<\/p>\n\n\n\n<p>Ettekandes tulevad vaatluse alla rate.ee-s sisalduvad viited t\u00fcdrukute enesem\u00e4\u00e4ratlusele ning sealsed p\u00e4evikusissekanded armastusest ja s\u00f5prusest. Need armastuse ja s\u00f5pruse k\u00e4sitlused rate.ee p\u00e4evikutes ei pruugi otseselt seostuda t\u00fcdruku kogemuste v\u00f5i k\u00e4itumisega, aga nad viitavad sellele, millised kollektiivselt toodetud ja s\u00e4ilitatud arusaamad ning seisukohad praegu t\u00fcdrukutekultuuris valitsevad.<\/p>\n","protected":false},"excerpt":{"rendered":"<p>Eda Kalmre, Eesti Kirjandusmuuseumi folkloristika osakond Ps\u00fchholoogid v\u00e4idavad, et meeste sugupoolsus algab f\u00fc\u00fcsiliselt tasandilt, naistel ps\u00fc\u00fchiliselt tasandilt. T\u00fcdrukute kultuuri uurijad j\u00e4lle kinnitavad, et t\u00fcdrukud otsivad oma identiteedile kinnitust, luues usaldusliku ja intiimse vahekorra teiste inimestega \u2013 sellep\u00e4rast ongi nad s\u00f5prus- ja armusuhetes nii haavatavad. T\u00fcdrukute s\u00f5brakultuuri kaudu on muuhulgas v\u00f5imalik uurida naiste \u00fchiskondlikku k\u00fcpsemist, s.t [&hellip;]<\/p>\n","protected":false},"author":1,"featured_media":0,"parent":385,"menu_order":0,"comment_status":"closed","ping_status":"closed","template":"","meta":{"footnotes":""},"class_list":["post-415","page","type-page","status-publish","hentry"],"yoast_head":"<!-- This site is optimized with the Yoast SEO plugin v20.12 - https:\/\/yoast.com\/wordpress\/plugins\/seo\/ -->\n<title>T\u00fcdrukute maailm\u00a0rate.ee\u00a0p\u00e4evikutes | Akadeemiline Rahvaluule Selts<\/title>\n<meta name=\"robots\" content=\"index, follow, max-snippet:-1, max-image-preview:large, max-video-preview:-1\" \/>\n<link rel=\"canonical\" href=\"https:\/\/www.folklore.ee\/ars\/uritused\/arhiiv\/talvekonverents-2008-ajakava\/tudrukute-maailm-rate-ee-paevikutes\/\" \/>\n<meta property=\"og:locale\" content=\"en_US\" \/>\n<meta property=\"og:type\" content=\"article\" \/>\n<meta property=\"og:title\" content=\"T\u00fcdrukute maailm\u00a0rate.ee\u00a0p\u00e4evikutes | Akadeemiline Rahvaluule Selts\" \/>\n<meta property=\"og:description\" content=\"Eda Kalmre, Eesti Kirjandusmuuseumi folkloristika osakond Ps\u00fchholoogid v\u00e4idavad, et meeste sugupoolsus algab f\u00fc\u00fcsiliselt tasandilt, naistel ps\u00fc\u00fchiliselt tasandilt. T\u00fcdrukute kultuuri uurijad j\u00e4lle kinnitavad, et t\u00fcdrukud otsivad oma identiteedile kinnitust, luues usaldusliku ja intiimse vahekorra teiste inimestega \u2013 sellep\u00e4rast ongi nad s\u00f5prus- ja armusuhetes nii haavatavad. T\u00fcdrukute s\u00f5brakultuuri kaudu on muuhulgas v\u00f5imalik uurida naiste \u00fchiskondlikku k\u00fcpsemist, s.t [&hellip;]\" \/>\n<meta property=\"og:url\" content=\"https:\/\/www.folklore.ee\/ars\/uritused\/arhiiv\/talvekonverents-2008-ajakava\/tudrukute-maailm-rate-ee-paevikutes\/\" \/>\n<meta property=\"og:site_name\" content=\"Akadeemiline Rahvaluule Selts\" \/>\n<meta name=\"twitter:card\" content=\"summary_large_image\" \/>\n<meta name=\"twitter:label1\" content=\"Est. reading time\" \/>\n\t<meta name=\"twitter:data1\" content=\"1 minute\" \/>\n<script type=\"application\/ld+json\" class=\"yoast-schema-graph\">{\"@context\":\"https:\/\/schema.org\",\"@graph\":[{\"@type\":\"WebPage\",\"@id\":\"https:\/\/www.folklore.ee\/ars\/uritused\/arhiiv\/talvekonverents-2008-ajakava\/tudrukute-maailm-rate-ee-paevikutes\/\",\"url\":\"https:\/\/www.folklore.ee\/ars\/uritused\/arhiiv\/talvekonverents-2008-ajakava\/tudrukute-maailm-rate-ee-paevikutes\/\",\"name\":\"T\u00fcdrukute maailm\u00a0rate.ee\u00a0p\u00e4evikutes | Akadeemiline Rahvaluule Selts\",\"isPartOf\":{\"@id\":\"https:\/\/www.folklore.ee\/ars\/#website\"},\"datePublished\":\"2023-09-19T13:47:56+00:00\",\"dateModified\":\"2023-09-19T13:47:56+00:00\",\"breadcrumb\":{\"@id\":\"https:\/\/www.folklore.ee\/ars\/uritused\/arhiiv\/talvekonverents-2008-ajakava\/tudrukute-maailm-rate-ee-paevikutes\/#breadcrumb\"},\"inLanguage\":\"en-US\",\"potentialAction\":[{\"@type\":\"ReadAction\",\"target\":[\"https:\/\/www.folklore.ee\/ars\/uritused\/arhiiv\/talvekonverents-2008-ajakava\/tudrukute-maailm-rate-ee-paevikutes\/\"]}]},{\"@type\":\"BreadcrumbList\",\"@id\":\"https:\/\/www.folklore.ee\/ars\/uritused\/arhiiv\/talvekonverents-2008-ajakava\/tudrukute-maailm-rate-ee-paevikutes\/#breadcrumb\",\"itemListElement\":[{\"@type\":\"ListItem\",\"position\":1,\"name\":\"Avaleht\",\"item\":\"https:\/\/www.folklore.ee\/ars\/\"},{\"@type\":\"ListItem\",\"position\":2,\"name\":\"\u00dcritused\",\"item\":\"https:\/\/www.folklore.ee\/ars\/uritused\/\"},{\"@type\":\"ListItem\",\"position\":3,\"name\":\"Arhiiv\",\"item\":\"https:\/\/www.folklore.ee\/ars\/uritused\/arhiiv\/\"},{\"@type\":\"ListItem\",\"position\":4,\"name\":\"Talvekonverents 2008 ajakava\",\"item\":\"https:\/\/www.folklore.ee\/ars\/uritused\/arhiiv\/talvekonverents-2008-ajakava\/\"},{\"@type\":\"ListItem\",\"position\":5,\"name\":\"T\u00fcdrukute maailm\u00a0rate.ee\u00a0p\u00e4evikutes\"}]},{\"@type\":\"WebSite\",\"@id\":\"https:\/\/www.folklore.ee\/ars\/#website\",\"url\":\"https:\/\/www.folklore.ee\/ars\/\",\"name\":\"Akadeemiline Rahvaluule Selts\",\"description\":\"Folkloristide, \u00fcli\u00f5pilaste ja k\u00f5igi rahvaluulest huvitatute \u00fchendus, mis aitab kaasa rahvaluule kogumisele, tutvustamisele, uurimisele ja publitseerimisele.\",\"potentialAction\":[{\"@type\":\"SearchAction\",\"target\":{\"@type\":\"EntryPoint\",\"urlTemplate\":\"https:\/\/www.folklore.ee\/ars\/?s={search_term_string}\"},\"query-input\":\"required name=search_term_string\"}],\"inLanguage\":\"en-US\"}]}<\/script>\n<!-- \/ Yoast SEO plugin. -->","yoast_head_json":{"title":"T\u00fcdrukute maailm\u00a0rate.ee\u00a0p\u00e4evikutes | Akadeemiline Rahvaluule Selts","robots":{"index":"index","follow":"follow","max-snippet":"max-snippet:-1","max-image-preview":"max-image-preview:large","max-video-preview":"max-video-preview:-1"},"canonical":"https:\/\/www.folklore.ee\/ars\/uritused\/arhiiv\/talvekonverents-2008-ajakava\/tudrukute-maailm-rate-ee-paevikutes\/","og_locale":"en_US","og_type":"article","og_title":"T\u00fcdrukute maailm\u00a0rate.ee\u00a0p\u00e4evikutes | Akadeemiline Rahvaluule Selts","og_description":"Eda Kalmre, Eesti Kirjandusmuuseumi folkloristika osakond Ps\u00fchholoogid v\u00e4idavad, et meeste sugupoolsus algab f\u00fc\u00fcsiliselt tasandilt, naistel ps\u00fc\u00fchiliselt tasandilt. T\u00fcdrukute kultuuri uurijad j\u00e4lle kinnitavad, et t\u00fcdrukud otsivad oma identiteedile kinnitust, luues usaldusliku ja intiimse vahekorra teiste inimestega \u2013 sellep\u00e4rast ongi nad s\u00f5prus- ja armusuhetes nii haavatavad. T\u00fcdrukute s\u00f5brakultuuri kaudu on muuhulgas v\u00f5imalik uurida naiste \u00fchiskondlikku k\u00fcpsemist, s.t [&hellip;]","og_url":"https:\/\/www.folklore.ee\/ars\/uritused\/arhiiv\/talvekonverents-2008-ajakava\/tudrukute-maailm-rate-ee-paevikutes\/","og_site_name":"Akadeemiline Rahvaluule Selts","twitter_card":"summary_large_image","twitter_misc":{"Est. reading time":"1 minute"},"schema":{"@context":"https:\/\/schema.org","@graph":[{"@type":"WebPage","@id":"https:\/\/www.folklore.ee\/ars\/uritused\/arhiiv\/talvekonverents-2008-ajakava\/tudrukute-maailm-rate-ee-paevikutes\/","url":"https:\/\/www.folklore.ee\/ars\/uritused\/arhiiv\/talvekonverents-2008-ajakava\/tudrukute-maailm-rate-ee-paevikutes\/","name":"T\u00fcdrukute maailm\u00a0rate.ee\u00a0p\u00e4evikutes | Akadeemiline Rahvaluule Selts","isPartOf":{"@id":"https:\/\/www.folklore.ee\/ars\/#website"},"datePublished":"2023-09-19T13:47:56+00:00","dateModified":"2023-09-19T13:47:56+00:00","breadcrumb":{"@id":"https:\/\/www.folklore.ee\/ars\/uritused\/arhiiv\/talvekonverents-2008-ajakava\/tudrukute-maailm-rate-ee-paevikutes\/#breadcrumb"},"inLanguage":"en-US","potentialAction":[{"@type":"ReadAction","target":["https:\/\/www.folklore.ee\/ars\/uritused\/arhiiv\/talvekonverents-2008-ajakava\/tudrukute-maailm-rate-ee-paevikutes\/"]}]},{"@type":"BreadcrumbList","@id":"https:\/\/www.folklore.ee\/ars\/uritused\/arhiiv\/talvekonverents-2008-ajakava\/tudrukute-maailm-rate-ee-paevikutes\/#breadcrumb","itemListElement":[{"@type":"ListItem","position":1,"name":"Avaleht","item":"https:\/\/www.folklore.ee\/ars\/"},{"@type":"ListItem","position":2,"name":"\u00dcritused","item":"https:\/\/www.folklore.ee\/ars\/uritused\/"},{"@type":"ListItem","position":3,"name":"Arhiiv","item":"https:\/\/www.folklore.ee\/ars\/uritused\/arhiiv\/"},{"@type":"ListItem","position":4,"name":"Talvekonverents 2008 ajakava","item":"https:\/\/www.folklore.ee\/ars\/uritused\/arhiiv\/talvekonverents-2008-ajakava\/"},{"@type":"ListItem","position":5,"name":"T\u00fcdrukute maailm\u00a0rate.ee\u00a0p\u00e4evikutes"}]},{"@type":"WebSite","@id":"https:\/\/www.folklore.ee\/ars\/#website","url":"https:\/\/www.folklore.ee\/ars\/","name":"Akadeemiline Rahvaluule Selts","description":"Folkloristide, \u00fcli\u00f5pilaste ja k\u00f5igi rahvaluulest huvitatute \u00fchendus, mis aitab kaasa rahvaluule kogumisele, tutvustamisele, uurimisele ja publitseerimisele.","potentialAction":[{"@type":"SearchAction","target":{"@type":"EntryPoint","urlTemplate":"https:\/\/www.folklore.ee\/ars\/?s={search_term_string}"},"query-input":"required name=search_term_string"}],"inLanguage":"en-US"}]}},"_links":{"self":[{"href":"https:\/\/www.folklore.ee\/ars\/wp-json\/wp\/v2\/pages\/415","targetHints":{"allow":["GET"]}}],"collection":[{"href":"https:\/\/www.folklore.ee\/ars\/wp-json\/wp\/v2\/pages"}],"about":[{"href":"https:\/\/www.folklore.ee\/ars\/wp-json\/wp\/v2\/types\/page"}],"author":[{"embeddable":true,"href":"https:\/\/www.folklore.ee\/ars\/wp-json\/wp\/v2\/users\/1"}],"replies":[{"embeddable":true,"href":"https:\/\/www.folklore.ee\/ars\/wp-json\/wp\/v2\/comments?post=415"}],"version-history":[{"count":1,"href":"https:\/\/www.folklore.ee\/ars\/wp-json\/wp\/v2\/pages\/415\/revisions"}],"predecessor-version":[{"id":416,"href":"https:\/\/www.folklore.ee\/ars\/wp-json\/wp\/v2\/pages\/415\/revisions\/416"}],"up":[{"embeddable":true,"href":"https:\/\/www.folklore.ee\/ars\/wp-json\/wp\/v2\/pages\/385"}],"wp:attachment":[{"href":"https:\/\/www.folklore.ee\/ars\/wp-json\/wp\/v2\/media?parent=415"}],"curies":[{"name":"wp","href":"https:\/\/api.w.org\/{rel}","templated":true}]}}