{"id":412,"date":"2023-09-19T13:47:09","date_gmt":"2023-09-19T13:47:09","guid":{"rendered":"https:\/\/www.folklore.ee\/ars\/?page_id=412"},"modified":"2023-09-19T13:47:09","modified_gmt":"2023-09-19T13:47:09","slug":"ma-tean-mida-te-tunnete-alles-eile-olin-veel-haige","status":"publish","type":"page","link":"https:\/\/www.folklore.ee\/ars\/uritused\/arhiiv\/talvekonverents-2008-ajakava\/ma-tean-mida-te-tunnete-alles-eile-olin-veel-haige\/","title":{"rendered":"\u201eMa tean, mida te tunnete \u2013 alles eile olin veel haige\u201c."},"content":{"rendered":"\n<p><strong>Killud koolip\u00e4rimuses 2007<\/strong><\/p>\n\n\n\n<p><strong>Anneli Baran, Eesti Kirjandusmuuseumi folkloristika osakond<\/strong><\/p>\n\n\n\n<p>Ettekandes k\u00e4sitlen l\u00e4hemalt koolip\u00e4rimuse kogumisv\u00f5istluse raames laekunud ainest, mida v\u00f5iks \u00fcldnimetuse fraseoloogia alla kokku v\u00f5tta. Nimelt paluti teema all Naljad kirjutada kilde, vaimukaid ja naljakaid \u00fctlemisi, reklaamidest \u00fcle v\u00f5etud lauseid, vanas\u00f5na\u00adparoodiaid.<\/p>\n\n\n\n<p>Viimane taoline kogumisaktsioon toimus t\u00e4pselt 15 aastat tagasi, selle ajaga on aga Eestis teatavasti v\u00e4ga palju muutunud ning loomulikult kajastuvad j\u00e4rsud \u00fchiskondlikud muutused ka keeles ja kultuuris. Peale on kasvanud uus p\u00f5lvkond ning selge on seegi, et t\u00e4nap\u00e4eva noorte meelelaadi ja keelekasutust on tugevalt m\u00f5jutanud massisuhtlus\u00advahendid, ise\u00e4ranis internet. Sellest annavad tunnistust (mh ingliskeelsed) v\u00e4ljendid, mille peamiste kasutuskohtadena m\u00e4rgitakse interaktiivseid reaalajas toimivaid suhtlemis\u00adkeskkondi (MSN Messenger, Skype\u2019i s\u00f5numside), suhtlusportaale ehk nn sotsiaalseid v\u00f5rgustikke (rate.ee, orkut.com, feim.ee) \u2013 teisis\u00f5nu kirjalikku enesev\u00e4ljendust n\u00f5udvaid kesk\u00adkondi. Ka v\u00e4ljendite p\u00e4ritoluallikatena mainitakse televisiooni k\u00f5rval just internetti, sage\u00addastel juhtudel n\u00e4iteks \u00fcksnes netikeskkonnas (nt youtube.com) levitatavaid videoid\/videoklippe.<\/p>\n\n\n\n<p>Teisalt on kildude n\u00e4ol sageli tegemist kitsama ringi p\u00e4rimusega, nn inside-naljadega, mida ei soovita teistega jagada; asjaolu, mis tuuakse mittekirjapanemise ettek\u00e4\u00e4ndena. Seda, mida usaldati kirja panna, ei olnud aga kokkuv\u00f5ttes sugugi v\u00e4he, mist\u00f5ttu on v\u00f5imalik v\u00e4lja tuua iseloomulikku t\u00e4nap\u00e4eva koolinoorte kujundlikus keelekasutuses.<\/p>\n","protected":false},"excerpt":{"rendered":"<p>Killud koolip\u00e4rimuses 2007 Anneli Baran, Eesti Kirjandusmuuseumi folkloristika osakond Ettekandes k\u00e4sitlen l\u00e4hemalt koolip\u00e4rimuse kogumisv\u00f5istluse raames laekunud ainest, mida v\u00f5iks \u00fcldnimetuse fraseoloogia alla kokku v\u00f5tta. Nimelt paluti teema all Naljad kirjutada kilde, vaimukaid ja naljakaid \u00fctlemisi, reklaamidest \u00fcle v\u00f5etud lauseid, vanas\u00f5na\u00adparoodiaid. Viimane taoline kogumisaktsioon toimus t\u00e4pselt 15 aastat tagasi, selle ajaga on aga Eestis teatavasti v\u00e4ga [&hellip;]<\/p>\n","protected":false},"author":1,"featured_media":0,"parent":385,"menu_order":0,"comment_status":"closed","ping_status":"closed","template":"","meta":{"footnotes":""},"class_list":["post-412","page","type-page","status-publish","hentry"],"yoast_head":"<!-- This site is optimized with the Yoast SEO plugin v20.12 - https:\/\/yoast.com\/wordpress\/plugins\/seo\/ -->\n<title>\u201eMa tean, mida te tunnete \u2013 alles eile olin veel haige\u201c. | Akadeemiline Rahvaluule Selts<\/title>\n<meta name=\"robots\" content=\"index, follow, max-snippet:-1, max-image-preview:large, max-video-preview:-1\" \/>\n<link rel=\"canonical\" href=\"https:\/\/www.folklore.ee\/ars\/uritused\/arhiiv\/talvekonverents-2008-ajakava\/ma-tean-mida-te-tunnete-alles-eile-olin-veel-haige\/\" \/>\n<meta property=\"og:locale\" content=\"en_US\" \/>\n<meta property=\"og:type\" content=\"article\" \/>\n<meta property=\"og:title\" content=\"\u201eMa tean, mida te tunnete \u2013 alles eile olin veel haige\u201c. | Akadeemiline Rahvaluule Selts\" \/>\n<meta property=\"og:description\" content=\"Killud koolip\u00e4rimuses 2007 Anneli Baran, Eesti Kirjandusmuuseumi folkloristika osakond Ettekandes k\u00e4sitlen l\u00e4hemalt koolip\u00e4rimuse kogumisv\u00f5istluse raames laekunud ainest, mida v\u00f5iks \u00fcldnimetuse fraseoloogia alla kokku v\u00f5tta. Nimelt paluti teema all Naljad kirjutada kilde, vaimukaid ja naljakaid \u00fctlemisi, reklaamidest \u00fcle v\u00f5etud lauseid, vanas\u00f5na\u00adparoodiaid. Viimane taoline kogumisaktsioon toimus t\u00e4pselt 15 aastat tagasi, selle ajaga on aga Eestis teatavasti v\u00e4ga [&hellip;]\" \/>\n<meta property=\"og:url\" content=\"https:\/\/www.folklore.ee\/ars\/uritused\/arhiiv\/talvekonverents-2008-ajakava\/ma-tean-mida-te-tunnete-alles-eile-olin-veel-haige\/\" \/>\n<meta property=\"og:site_name\" content=\"Akadeemiline Rahvaluule Selts\" \/>\n<meta name=\"twitter:card\" content=\"summary_large_image\" \/>\n<meta name=\"twitter:label1\" content=\"Est. reading time\" \/>\n\t<meta name=\"twitter:data1\" content=\"1 minute\" \/>\n<script type=\"application\/ld+json\" class=\"yoast-schema-graph\">{\"@context\":\"https:\/\/schema.org\",\"@graph\":[{\"@type\":\"WebPage\",\"@id\":\"https:\/\/www.folklore.ee\/ars\/uritused\/arhiiv\/talvekonverents-2008-ajakava\/ma-tean-mida-te-tunnete-alles-eile-olin-veel-haige\/\",\"url\":\"https:\/\/www.folklore.ee\/ars\/uritused\/arhiiv\/talvekonverents-2008-ajakava\/ma-tean-mida-te-tunnete-alles-eile-olin-veel-haige\/\",\"name\":\"\u201eMa tean, mida te tunnete \u2013 alles eile olin veel haige\u201c. | Akadeemiline Rahvaluule Selts\",\"isPartOf\":{\"@id\":\"https:\/\/www.folklore.ee\/ars\/#website\"},\"datePublished\":\"2023-09-19T13:47:09+00:00\",\"dateModified\":\"2023-09-19T13:47:09+00:00\",\"breadcrumb\":{\"@id\":\"https:\/\/www.folklore.ee\/ars\/uritused\/arhiiv\/talvekonverents-2008-ajakava\/ma-tean-mida-te-tunnete-alles-eile-olin-veel-haige\/#breadcrumb\"},\"inLanguage\":\"en-US\",\"potentialAction\":[{\"@type\":\"ReadAction\",\"target\":[\"https:\/\/www.folklore.ee\/ars\/uritused\/arhiiv\/talvekonverents-2008-ajakava\/ma-tean-mida-te-tunnete-alles-eile-olin-veel-haige\/\"]}]},{\"@type\":\"BreadcrumbList\",\"@id\":\"https:\/\/www.folklore.ee\/ars\/uritused\/arhiiv\/talvekonverents-2008-ajakava\/ma-tean-mida-te-tunnete-alles-eile-olin-veel-haige\/#breadcrumb\",\"itemListElement\":[{\"@type\":\"ListItem\",\"position\":1,\"name\":\"Avaleht\",\"item\":\"https:\/\/www.folklore.ee\/ars\/\"},{\"@type\":\"ListItem\",\"position\":2,\"name\":\"\u00dcritused\",\"item\":\"https:\/\/www.folklore.ee\/ars\/uritused\/\"},{\"@type\":\"ListItem\",\"position\":3,\"name\":\"Arhiiv\",\"item\":\"https:\/\/www.folklore.ee\/ars\/uritused\/arhiiv\/\"},{\"@type\":\"ListItem\",\"position\":4,\"name\":\"Talvekonverents 2008 ajakava\",\"item\":\"https:\/\/www.folklore.ee\/ars\/uritused\/arhiiv\/talvekonverents-2008-ajakava\/\"},{\"@type\":\"ListItem\",\"position\":5,\"name\":\"\u201eMa tean, mida te tunnete \u2013 alles eile olin veel haige\u201c.\"}]},{\"@type\":\"WebSite\",\"@id\":\"https:\/\/www.folklore.ee\/ars\/#website\",\"url\":\"https:\/\/www.folklore.ee\/ars\/\",\"name\":\"Akadeemiline Rahvaluule Selts\",\"description\":\"Folkloristide, \u00fcli\u00f5pilaste ja k\u00f5igi rahvaluulest huvitatute \u00fchendus, mis aitab kaasa rahvaluule kogumisele, tutvustamisele, uurimisele ja publitseerimisele.\",\"potentialAction\":[{\"@type\":\"SearchAction\",\"target\":{\"@type\":\"EntryPoint\",\"urlTemplate\":\"https:\/\/www.folklore.ee\/ars\/?s={search_term_string}\"},\"query-input\":\"required name=search_term_string\"}],\"inLanguage\":\"en-US\"}]}<\/script>\n<!-- \/ Yoast SEO plugin. -->","yoast_head_json":{"title":"\u201eMa tean, mida te tunnete \u2013 alles eile olin veel haige\u201c. | Akadeemiline Rahvaluule Selts","robots":{"index":"index","follow":"follow","max-snippet":"max-snippet:-1","max-image-preview":"max-image-preview:large","max-video-preview":"max-video-preview:-1"},"canonical":"https:\/\/www.folklore.ee\/ars\/uritused\/arhiiv\/talvekonverents-2008-ajakava\/ma-tean-mida-te-tunnete-alles-eile-olin-veel-haige\/","og_locale":"en_US","og_type":"article","og_title":"\u201eMa tean, mida te tunnete \u2013 alles eile olin veel haige\u201c. | Akadeemiline Rahvaluule Selts","og_description":"Killud koolip\u00e4rimuses 2007 Anneli Baran, Eesti Kirjandusmuuseumi folkloristika osakond Ettekandes k\u00e4sitlen l\u00e4hemalt koolip\u00e4rimuse kogumisv\u00f5istluse raames laekunud ainest, mida v\u00f5iks \u00fcldnimetuse fraseoloogia alla kokku v\u00f5tta. Nimelt paluti teema all Naljad kirjutada kilde, vaimukaid ja naljakaid \u00fctlemisi, reklaamidest \u00fcle v\u00f5etud lauseid, vanas\u00f5na\u00adparoodiaid. Viimane taoline kogumisaktsioon toimus t\u00e4pselt 15 aastat tagasi, selle ajaga on aga Eestis teatavasti v\u00e4ga [&hellip;]","og_url":"https:\/\/www.folklore.ee\/ars\/uritused\/arhiiv\/talvekonverents-2008-ajakava\/ma-tean-mida-te-tunnete-alles-eile-olin-veel-haige\/","og_site_name":"Akadeemiline Rahvaluule Selts","twitter_card":"summary_large_image","twitter_misc":{"Est. reading time":"1 minute"},"schema":{"@context":"https:\/\/schema.org","@graph":[{"@type":"WebPage","@id":"https:\/\/www.folklore.ee\/ars\/uritused\/arhiiv\/talvekonverents-2008-ajakava\/ma-tean-mida-te-tunnete-alles-eile-olin-veel-haige\/","url":"https:\/\/www.folklore.ee\/ars\/uritused\/arhiiv\/talvekonverents-2008-ajakava\/ma-tean-mida-te-tunnete-alles-eile-olin-veel-haige\/","name":"\u201eMa tean, mida te tunnete \u2013 alles eile olin veel haige\u201c. | Akadeemiline Rahvaluule Selts","isPartOf":{"@id":"https:\/\/www.folklore.ee\/ars\/#website"},"datePublished":"2023-09-19T13:47:09+00:00","dateModified":"2023-09-19T13:47:09+00:00","breadcrumb":{"@id":"https:\/\/www.folklore.ee\/ars\/uritused\/arhiiv\/talvekonverents-2008-ajakava\/ma-tean-mida-te-tunnete-alles-eile-olin-veel-haige\/#breadcrumb"},"inLanguage":"en-US","potentialAction":[{"@type":"ReadAction","target":["https:\/\/www.folklore.ee\/ars\/uritused\/arhiiv\/talvekonverents-2008-ajakava\/ma-tean-mida-te-tunnete-alles-eile-olin-veel-haige\/"]}]},{"@type":"BreadcrumbList","@id":"https:\/\/www.folklore.ee\/ars\/uritused\/arhiiv\/talvekonverents-2008-ajakava\/ma-tean-mida-te-tunnete-alles-eile-olin-veel-haige\/#breadcrumb","itemListElement":[{"@type":"ListItem","position":1,"name":"Avaleht","item":"https:\/\/www.folklore.ee\/ars\/"},{"@type":"ListItem","position":2,"name":"\u00dcritused","item":"https:\/\/www.folklore.ee\/ars\/uritused\/"},{"@type":"ListItem","position":3,"name":"Arhiiv","item":"https:\/\/www.folklore.ee\/ars\/uritused\/arhiiv\/"},{"@type":"ListItem","position":4,"name":"Talvekonverents 2008 ajakava","item":"https:\/\/www.folklore.ee\/ars\/uritused\/arhiiv\/talvekonverents-2008-ajakava\/"},{"@type":"ListItem","position":5,"name":"\u201eMa tean, mida te tunnete \u2013 alles eile olin veel haige\u201c."}]},{"@type":"WebSite","@id":"https:\/\/www.folklore.ee\/ars\/#website","url":"https:\/\/www.folklore.ee\/ars\/","name":"Akadeemiline Rahvaluule Selts","description":"Folkloristide, \u00fcli\u00f5pilaste ja k\u00f5igi rahvaluulest huvitatute \u00fchendus, mis aitab kaasa rahvaluule kogumisele, tutvustamisele, uurimisele ja publitseerimisele.","potentialAction":[{"@type":"SearchAction","target":{"@type":"EntryPoint","urlTemplate":"https:\/\/www.folklore.ee\/ars\/?s={search_term_string}"},"query-input":"required name=search_term_string"}],"inLanguage":"en-US"}]}},"_links":{"self":[{"href":"https:\/\/www.folklore.ee\/ars\/wp-json\/wp\/v2\/pages\/412","targetHints":{"allow":["GET"]}}],"collection":[{"href":"https:\/\/www.folklore.ee\/ars\/wp-json\/wp\/v2\/pages"}],"about":[{"href":"https:\/\/www.folklore.ee\/ars\/wp-json\/wp\/v2\/types\/page"}],"author":[{"embeddable":true,"href":"https:\/\/www.folklore.ee\/ars\/wp-json\/wp\/v2\/users\/1"}],"replies":[{"embeddable":true,"href":"https:\/\/www.folklore.ee\/ars\/wp-json\/wp\/v2\/comments?post=412"}],"version-history":[{"count":1,"href":"https:\/\/www.folklore.ee\/ars\/wp-json\/wp\/v2\/pages\/412\/revisions"}],"predecessor-version":[{"id":414,"href":"https:\/\/www.folklore.ee\/ars\/wp-json\/wp\/v2\/pages\/412\/revisions\/414"}],"up":[{"embeddable":true,"href":"https:\/\/www.folklore.ee\/ars\/wp-json\/wp\/v2\/pages\/385"}],"wp:attachment":[{"href":"https:\/\/www.folklore.ee\/ars\/wp-json\/wp\/v2\/media?parent=412"}],"curies":[{"name":"wp","href":"https:\/\/api.w.org\/{rel}","templated":true}]}}