{"id":410,"date":"2023-09-19T13:46:21","date_gmt":"2023-09-19T13:46:21","guid":{"rendered":"https:\/\/www.folklore.ee\/ars\/?page_id=410"},"modified":"2023-09-19T13:46:21","modified_gmt":"2023-09-19T13:46:21","slug":"laste-oudusjutud","status":"publish","type":"page","link":"https:\/\/www.folklore.ee\/ars\/uritused\/arhiiv\/talvekonverents-2008-ajakava\/laste-oudusjutud\/","title":{"rendered":"Laste \u00f5udusjutud"},"content":{"rendered":"\n<p><strong>Mare K\u00f5iva, Eesti Kirjandusmuuseumi folkloristika osakond<\/strong><\/p>\n\n\n\n<p>Laste \u00f5udusjutte on kogutud alates 1970. aastatest, mist\u00f5ttu 2007 koolip\u00e4rimuse kogumisel talletatu vahendab traditsioonimuutusi peaaegu neljak\u00fcmne aasta jooksul. Ette\u00adkandes vaatlen t\u00fc\u00fcbistiku muutmist ning aja- ja ruumisuhteid \u00f5udusjuttudes, kasutades M. Fluderniki ja D. Hermanni metoodikat. Koolip\u00e4rimus 2007 lisas rohkesti huvitavat ainestikku juttude tausta, hirmude, hirmutamise ja p\u00fcsivat hirmu tekitanud motiivide suhtes. Konkreetsete jutut\u00fc\u00fcpide arv on v\u00e4henenud, t\u00fc\u00fcbistik muutunud.<\/p>\n","protected":false},"excerpt":{"rendered":"<p>Mare K\u00f5iva, Eesti Kirjandusmuuseumi folkloristika osakond Laste \u00f5udusjutte on kogutud alates 1970. aastatest, mist\u00f5ttu 2007 koolip\u00e4rimuse kogumisel talletatu vahendab traditsioonimuutusi peaaegu neljak\u00fcmne aasta jooksul. Ette\u00adkandes vaatlen t\u00fc\u00fcbistiku muutmist ning aja- ja ruumisuhteid \u00f5udusjuttudes, kasutades M. Fluderniki ja D. Hermanni metoodikat. Koolip\u00e4rimus 2007 lisas rohkesti huvitavat ainestikku juttude tausta, hirmude, hirmutamise ja p\u00fcsivat hirmu tekitanud motiivide [&hellip;]<\/p>\n","protected":false},"author":1,"featured_media":0,"parent":385,"menu_order":0,"comment_status":"closed","ping_status":"closed","template":"","meta":{"footnotes":""},"class_list":["post-410","page","type-page","status-publish","hentry"],"yoast_head":"<!-- This site is optimized with the Yoast SEO plugin v20.12 - https:\/\/yoast.com\/wordpress\/plugins\/seo\/ -->\n<title>Laste \u00f5udusjutud | Akadeemiline Rahvaluule Selts<\/title>\n<meta name=\"robots\" content=\"index, follow, max-snippet:-1, max-image-preview:large, max-video-preview:-1\" \/>\n<link rel=\"canonical\" href=\"https:\/\/www.folklore.ee\/ars\/uritused\/arhiiv\/talvekonverents-2008-ajakava\/laste-oudusjutud\/\" \/>\n<meta property=\"og:locale\" content=\"en_US\" \/>\n<meta property=\"og:type\" content=\"article\" \/>\n<meta property=\"og:title\" content=\"Laste \u00f5udusjutud | Akadeemiline Rahvaluule Selts\" \/>\n<meta property=\"og:description\" content=\"Mare K\u00f5iva, Eesti Kirjandusmuuseumi folkloristika osakond Laste \u00f5udusjutte on kogutud alates 1970. aastatest, mist\u00f5ttu 2007 koolip\u00e4rimuse kogumisel talletatu vahendab traditsioonimuutusi peaaegu neljak\u00fcmne aasta jooksul. Ette\u00adkandes vaatlen t\u00fc\u00fcbistiku muutmist ning aja- ja ruumisuhteid \u00f5udusjuttudes, kasutades M. Fluderniki ja D. Hermanni metoodikat. Koolip\u00e4rimus 2007 lisas rohkesti huvitavat ainestikku juttude tausta, hirmude, hirmutamise ja p\u00fcsivat hirmu tekitanud motiivide [&hellip;]\" \/>\n<meta property=\"og:url\" content=\"https:\/\/www.folklore.ee\/ars\/uritused\/arhiiv\/talvekonverents-2008-ajakava\/laste-oudusjutud\/\" \/>\n<meta property=\"og:site_name\" content=\"Akadeemiline Rahvaluule Selts\" \/>\n<meta name=\"twitter:card\" content=\"summary_large_image\" \/>\n<meta name=\"twitter:label1\" content=\"Est. reading time\" \/>\n\t<meta name=\"twitter:data1\" content=\"1 minute\" \/>\n<script type=\"application\/ld+json\" class=\"yoast-schema-graph\">{\"@context\":\"https:\/\/schema.org\",\"@graph\":[{\"@type\":\"WebPage\",\"@id\":\"https:\/\/www.folklore.ee\/ars\/uritused\/arhiiv\/talvekonverents-2008-ajakava\/laste-oudusjutud\/\",\"url\":\"https:\/\/www.folklore.ee\/ars\/uritused\/arhiiv\/talvekonverents-2008-ajakava\/laste-oudusjutud\/\",\"name\":\"Laste \u00f5udusjutud | Akadeemiline Rahvaluule Selts\",\"isPartOf\":{\"@id\":\"https:\/\/www.folklore.ee\/ars\/#website\"},\"datePublished\":\"2023-09-19T13:46:21+00:00\",\"dateModified\":\"2023-09-19T13:46:21+00:00\",\"breadcrumb\":{\"@id\":\"https:\/\/www.folklore.ee\/ars\/uritused\/arhiiv\/talvekonverents-2008-ajakava\/laste-oudusjutud\/#breadcrumb\"},\"inLanguage\":\"en-US\",\"potentialAction\":[{\"@type\":\"ReadAction\",\"target\":[\"https:\/\/www.folklore.ee\/ars\/uritused\/arhiiv\/talvekonverents-2008-ajakava\/laste-oudusjutud\/\"]}]},{\"@type\":\"BreadcrumbList\",\"@id\":\"https:\/\/www.folklore.ee\/ars\/uritused\/arhiiv\/talvekonverents-2008-ajakava\/laste-oudusjutud\/#breadcrumb\",\"itemListElement\":[{\"@type\":\"ListItem\",\"position\":1,\"name\":\"Avaleht\",\"item\":\"https:\/\/www.folklore.ee\/ars\/\"},{\"@type\":\"ListItem\",\"position\":2,\"name\":\"\u00dcritused\",\"item\":\"https:\/\/www.folklore.ee\/ars\/uritused\/\"},{\"@type\":\"ListItem\",\"position\":3,\"name\":\"Arhiiv\",\"item\":\"https:\/\/www.folklore.ee\/ars\/uritused\/arhiiv\/\"},{\"@type\":\"ListItem\",\"position\":4,\"name\":\"Talvekonverents 2008 ajakava\",\"item\":\"https:\/\/www.folklore.ee\/ars\/uritused\/arhiiv\/talvekonverents-2008-ajakava\/\"},{\"@type\":\"ListItem\",\"position\":5,\"name\":\"Laste \u00f5udusjutud\"}]},{\"@type\":\"WebSite\",\"@id\":\"https:\/\/www.folklore.ee\/ars\/#website\",\"url\":\"https:\/\/www.folklore.ee\/ars\/\",\"name\":\"Akadeemiline Rahvaluule Selts\",\"description\":\"Folkloristide, \u00fcli\u00f5pilaste ja k\u00f5igi rahvaluulest huvitatute \u00fchendus, mis aitab kaasa rahvaluule kogumisele, tutvustamisele, uurimisele ja publitseerimisele.\",\"potentialAction\":[{\"@type\":\"SearchAction\",\"target\":{\"@type\":\"EntryPoint\",\"urlTemplate\":\"https:\/\/www.folklore.ee\/ars\/?s={search_term_string}\"},\"query-input\":\"required name=search_term_string\"}],\"inLanguage\":\"en-US\"}]}<\/script>\n<!-- \/ Yoast SEO plugin. -->","yoast_head_json":{"title":"Laste \u00f5udusjutud | Akadeemiline Rahvaluule Selts","robots":{"index":"index","follow":"follow","max-snippet":"max-snippet:-1","max-image-preview":"max-image-preview:large","max-video-preview":"max-video-preview:-1"},"canonical":"https:\/\/www.folklore.ee\/ars\/uritused\/arhiiv\/talvekonverents-2008-ajakava\/laste-oudusjutud\/","og_locale":"en_US","og_type":"article","og_title":"Laste \u00f5udusjutud | Akadeemiline Rahvaluule Selts","og_description":"Mare K\u00f5iva, Eesti Kirjandusmuuseumi folkloristika osakond Laste \u00f5udusjutte on kogutud alates 1970. aastatest, mist\u00f5ttu 2007 koolip\u00e4rimuse kogumisel talletatu vahendab traditsioonimuutusi peaaegu neljak\u00fcmne aasta jooksul. Ette\u00adkandes vaatlen t\u00fc\u00fcbistiku muutmist ning aja- ja ruumisuhteid \u00f5udusjuttudes, kasutades M. Fluderniki ja D. Hermanni metoodikat. Koolip\u00e4rimus 2007 lisas rohkesti huvitavat ainestikku juttude tausta, hirmude, hirmutamise ja p\u00fcsivat hirmu tekitanud motiivide [&hellip;]","og_url":"https:\/\/www.folklore.ee\/ars\/uritused\/arhiiv\/talvekonverents-2008-ajakava\/laste-oudusjutud\/","og_site_name":"Akadeemiline Rahvaluule Selts","twitter_card":"summary_large_image","twitter_misc":{"Est. reading time":"1 minute"},"schema":{"@context":"https:\/\/schema.org","@graph":[{"@type":"WebPage","@id":"https:\/\/www.folklore.ee\/ars\/uritused\/arhiiv\/talvekonverents-2008-ajakava\/laste-oudusjutud\/","url":"https:\/\/www.folklore.ee\/ars\/uritused\/arhiiv\/talvekonverents-2008-ajakava\/laste-oudusjutud\/","name":"Laste \u00f5udusjutud | Akadeemiline Rahvaluule Selts","isPartOf":{"@id":"https:\/\/www.folklore.ee\/ars\/#website"},"datePublished":"2023-09-19T13:46:21+00:00","dateModified":"2023-09-19T13:46:21+00:00","breadcrumb":{"@id":"https:\/\/www.folklore.ee\/ars\/uritused\/arhiiv\/talvekonverents-2008-ajakava\/laste-oudusjutud\/#breadcrumb"},"inLanguage":"en-US","potentialAction":[{"@type":"ReadAction","target":["https:\/\/www.folklore.ee\/ars\/uritused\/arhiiv\/talvekonverents-2008-ajakava\/laste-oudusjutud\/"]}]},{"@type":"BreadcrumbList","@id":"https:\/\/www.folklore.ee\/ars\/uritused\/arhiiv\/talvekonverents-2008-ajakava\/laste-oudusjutud\/#breadcrumb","itemListElement":[{"@type":"ListItem","position":1,"name":"Avaleht","item":"https:\/\/www.folklore.ee\/ars\/"},{"@type":"ListItem","position":2,"name":"\u00dcritused","item":"https:\/\/www.folklore.ee\/ars\/uritused\/"},{"@type":"ListItem","position":3,"name":"Arhiiv","item":"https:\/\/www.folklore.ee\/ars\/uritused\/arhiiv\/"},{"@type":"ListItem","position":4,"name":"Talvekonverents 2008 ajakava","item":"https:\/\/www.folklore.ee\/ars\/uritused\/arhiiv\/talvekonverents-2008-ajakava\/"},{"@type":"ListItem","position":5,"name":"Laste \u00f5udusjutud"}]},{"@type":"WebSite","@id":"https:\/\/www.folklore.ee\/ars\/#website","url":"https:\/\/www.folklore.ee\/ars\/","name":"Akadeemiline Rahvaluule Selts","description":"Folkloristide, \u00fcli\u00f5pilaste ja k\u00f5igi rahvaluulest huvitatute \u00fchendus, mis aitab kaasa rahvaluule kogumisele, tutvustamisele, uurimisele ja publitseerimisele.","potentialAction":[{"@type":"SearchAction","target":{"@type":"EntryPoint","urlTemplate":"https:\/\/www.folklore.ee\/ars\/?s={search_term_string}"},"query-input":"required name=search_term_string"}],"inLanguage":"en-US"}]}},"_links":{"self":[{"href":"https:\/\/www.folklore.ee\/ars\/wp-json\/wp\/v2\/pages\/410","targetHints":{"allow":["GET"]}}],"collection":[{"href":"https:\/\/www.folklore.ee\/ars\/wp-json\/wp\/v2\/pages"}],"about":[{"href":"https:\/\/www.folklore.ee\/ars\/wp-json\/wp\/v2\/types\/page"}],"author":[{"embeddable":true,"href":"https:\/\/www.folklore.ee\/ars\/wp-json\/wp\/v2\/users\/1"}],"replies":[{"embeddable":true,"href":"https:\/\/www.folklore.ee\/ars\/wp-json\/wp\/v2\/comments?post=410"}],"version-history":[{"count":1,"href":"https:\/\/www.folklore.ee\/ars\/wp-json\/wp\/v2\/pages\/410\/revisions"}],"predecessor-version":[{"id":411,"href":"https:\/\/www.folklore.ee\/ars\/wp-json\/wp\/v2\/pages\/410\/revisions\/411"}],"up":[{"embeddable":true,"href":"https:\/\/www.folklore.ee\/ars\/wp-json\/wp\/v2\/pages\/385"}],"wp:attachment":[{"href":"https:\/\/www.folklore.ee\/ars\/wp-json\/wp\/v2\/media?parent=410"}],"curies":[{"name":"wp","href":"https:\/\/api.w.org\/{rel}","templated":true}]}}