{"id":408,"date":"2023-09-19T13:45:43","date_gmt":"2023-09-19T13:45:43","guid":{"rendered":"https:\/\/www.folklore.ee\/ars\/?page_id=408"},"modified":"2023-09-19T13:45:43","modified_gmt":"2023-09-19T13:45:43","slug":"argiarvamused-kooliparimuse-zanrina","status":"publish","type":"page","link":"https:\/\/www.folklore.ee\/ars\/uritused\/arhiiv\/talvekonverents-2008-ajakava\/argiarvamused-kooliparimuse-zanrina\/","title":{"rendered":"Argiarvamused koolip\u00e4rimuse \u017eanrina"},"content":{"rendered":"\n<p><strong>Risto J\u00e4rv, Tartu \u00dclikooli eesti ja v\u00f5rdleva rahvaluule osakond<\/strong><\/p>\n\n\n\n<p>Argielus \u00fcmbritseb meid suur hulk p\u00e4rimuslikku teavet, verbaliseeritud infot v\u00f5ime nimetada argiarvamusteks. Ettekandes vaatlen 2007. a. koolip\u00e4rimuse kogumisv\u00f5istluse k\u00e4igus laekunud argiarvamuste kogumit.<\/p>\n\n\n\n<p>Folkloristid on juba ammusest ajast p\u00fc\u00fcdnud t\u00f5lgendada inimese arusaamasid p\u00e4rimus\u00adpalades peegelduvate ideede kaudu. Argiarvamustes on mitmedki t\u00f5demused justkui traditsiooniliselt esitatud, ometi v\u00f5ib neid v\u00e4iteid olla raske kontekstita s\u00f5nastada \u2013 ilmekas ja samas esinduslik kinnitus selle kohta on \u00fche kirjutaja vastus koolip\u00e4rimuse kogumisel:<\/p>\n\n\n\n<p>Seda on raskem meenutada, kui ma arvasin. Ohh. Ei meenu. J\u00e4tan rea vabaks, \u00e4kki meenub.<\/p>\n\n\n\n<p>(Muidu p\u00f5hjalikult t\u00e4idetud vastustevihus on vastajal selle koha peale j\u00e4\u00e4nudki t\u00fchi rida.)<\/p>\n\n\n\n<p>Argiarvamuste kinnip\u00fc\u00fcdmist meie m\u00f5tetest raskendab asjaolu, et rahva teadvuses pole sellistel l\u00fchilausetel \u00fchtset \u017eanrikuuluvust, rahvap\u00e4rases k\u00f5nepruugis m\u00e4rgitakse m\u00f5nikord argiarvamusi s\u00f5naga m\u00fc\u00fct. Koolip\u00e4rimuse kogumisv\u00f5istlusel kirjutati selles kategoorias \u00fcksjagu vanas\u00f5nu, samuti ka endeid ja selgeid usunditeateid, mitmeid paralleele oli vastusel kildude ja vanas\u00f5naparoodiate alajaotusega.<\/p>\n\n\n\n<p>K\u00f5rvutan 2007. aastal saabunud argiarvamuste temaatikat T\u00dc tudengite ja Eesti kooli\u00f5pilaste seas k\u00fcmmekond aastat tagasi tehtud k\u00fcsitluste tulemusega. P\u00fc\u00fcan visandada piirjooni, milliseks v\u00f5iks kujuneda \u017eanripiir kogutud materjali p\u00f5hjal. Samuti vaatlen, millised on domineerivamad teemad ning esitan m\u00f5ned oletused argiarvamuste tarvituse ja tarviduse kohta.<\/p>\n","protected":false},"excerpt":{"rendered":"<p>Risto J\u00e4rv, Tartu \u00dclikooli eesti ja v\u00f5rdleva rahvaluule osakond Argielus \u00fcmbritseb meid suur hulk p\u00e4rimuslikku teavet, verbaliseeritud infot v\u00f5ime nimetada argiarvamusteks. Ettekandes vaatlen 2007. a. koolip\u00e4rimuse kogumisv\u00f5istluse k\u00e4igus laekunud argiarvamuste kogumit. Folkloristid on juba ammusest ajast p\u00fc\u00fcdnud t\u00f5lgendada inimese arusaamasid p\u00e4rimus\u00adpalades peegelduvate ideede kaudu. Argiarvamustes on mitmedki t\u00f5demused justkui traditsiooniliselt esitatud, ometi v\u00f5ib neid v\u00e4iteid [&hellip;]<\/p>\n","protected":false},"author":1,"featured_media":0,"parent":385,"menu_order":0,"comment_status":"closed","ping_status":"closed","template":"","meta":{"footnotes":""},"class_list":["post-408","page","type-page","status-publish","hentry"],"yoast_head":"<!-- This site is optimized with the Yoast SEO plugin v20.12 - https:\/\/yoast.com\/wordpress\/plugins\/seo\/ -->\n<title>Argiarvamused koolip\u00e4rimuse \u017eanrina | Akadeemiline Rahvaluule Selts<\/title>\n<meta name=\"robots\" content=\"index, follow, max-snippet:-1, max-image-preview:large, max-video-preview:-1\" \/>\n<link rel=\"canonical\" href=\"https:\/\/www.folklore.ee\/ars\/uritused\/arhiiv\/talvekonverents-2008-ajakava\/argiarvamused-kooliparimuse-zanrina\/\" \/>\n<meta property=\"og:locale\" content=\"en_US\" \/>\n<meta property=\"og:type\" content=\"article\" \/>\n<meta property=\"og:title\" content=\"Argiarvamused koolip\u00e4rimuse \u017eanrina | Akadeemiline Rahvaluule Selts\" \/>\n<meta property=\"og:description\" content=\"Risto J\u00e4rv, Tartu \u00dclikooli eesti ja v\u00f5rdleva rahvaluule osakond Argielus \u00fcmbritseb meid suur hulk p\u00e4rimuslikku teavet, verbaliseeritud infot v\u00f5ime nimetada argiarvamusteks. Ettekandes vaatlen 2007. a. koolip\u00e4rimuse kogumisv\u00f5istluse k\u00e4igus laekunud argiarvamuste kogumit. Folkloristid on juba ammusest ajast p\u00fc\u00fcdnud t\u00f5lgendada inimese arusaamasid p\u00e4rimus\u00adpalades peegelduvate ideede kaudu. Argiarvamustes on mitmedki t\u00f5demused justkui traditsiooniliselt esitatud, ometi v\u00f5ib neid v\u00e4iteid [&hellip;]\" \/>\n<meta property=\"og:url\" content=\"https:\/\/www.folklore.ee\/ars\/uritused\/arhiiv\/talvekonverents-2008-ajakava\/argiarvamused-kooliparimuse-zanrina\/\" \/>\n<meta property=\"og:site_name\" content=\"Akadeemiline Rahvaluule Selts\" \/>\n<meta name=\"twitter:card\" content=\"summary_large_image\" \/>\n<meta name=\"twitter:label1\" content=\"Est. reading time\" \/>\n\t<meta name=\"twitter:data1\" content=\"1 minute\" \/>\n<script type=\"application\/ld+json\" class=\"yoast-schema-graph\">{\"@context\":\"https:\/\/schema.org\",\"@graph\":[{\"@type\":\"WebPage\",\"@id\":\"https:\/\/www.folklore.ee\/ars\/uritused\/arhiiv\/talvekonverents-2008-ajakava\/argiarvamused-kooliparimuse-zanrina\/\",\"url\":\"https:\/\/www.folklore.ee\/ars\/uritused\/arhiiv\/talvekonverents-2008-ajakava\/argiarvamused-kooliparimuse-zanrina\/\",\"name\":\"Argiarvamused koolip\u00e4rimuse \u017eanrina | Akadeemiline Rahvaluule Selts\",\"isPartOf\":{\"@id\":\"https:\/\/www.folklore.ee\/ars\/#website\"},\"datePublished\":\"2023-09-19T13:45:43+00:00\",\"dateModified\":\"2023-09-19T13:45:43+00:00\",\"breadcrumb\":{\"@id\":\"https:\/\/www.folklore.ee\/ars\/uritused\/arhiiv\/talvekonverents-2008-ajakava\/argiarvamused-kooliparimuse-zanrina\/#breadcrumb\"},\"inLanguage\":\"en-US\",\"potentialAction\":[{\"@type\":\"ReadAction\",\"target\":[\"https:\/\/www.folklore.ee\/ars\/uritused\/arhiiv\/talvekonverents-2008-ajakava\/argiarvamused-kooliparimuse-zanrina\/\"]}]},{\"@type\":\"BreadcrumbList\",\"@id\":\"https:\/\/www.folklore.ee\/ars\/uritused\/arhiiv\/talvekonverents-2008-ajakava\/argiarvamused-kooliparimuse-zanrina\/#breadcrumb\",\"itemListElement\":[{\"@type\":\"ListItem\",\"position\":1,\"name\":\"Avaleht\",\"item\":\"https:\/\/www.folklore.ee\/ars\/\"},{\"@type\":\"ListItem\",\"position\":2,\"name\":\"\u00dcritused\",\"item\":\"https:\/\/www.folklore.ee\/ars\/uritused\/\"},{\"@type\":\"ListItem\",\"position\":3,\"name\":\"Arhiiv\",\"item\":\"https:\/\/www.folklore.ee\/ars\/uritused\/arhiiv\/\"},{\"@type\":\"ListItem\",\"position\":4,\"name\":\"Talvekonverents 2008 ajakava\",\"item\":\"https:\/\/www.folklore.ee\/ars\/uritused\/arhiiv\/talvekonverents-2008-ajakava\/\"},{\"@type\":\"ListItem\",\"position\":5,\"name\":\"Argiarvamused koolip\u00e4rimuse \u017eanrina\"}]},{\"@type\":\"WebSite\",\"@id\":\"https:\/\/www.folklore.ee\/ars\/#website\",\"url\":\"https:\/\/www.folklore.ee\/ars\/\",\"name\":\"Akadeemiline Rahvaluule Selts\",\"description\":\"Folkloristide, \u00fcli\u00f5pilaste ja k\u00f5igi rahvaluulest huvitatute \u00fchendus, mis aitab kaasa rahvaluule kogumisele, tutvustamisele, uurimisele ja publitseerimisele.\",\"potentialAction\":[{\"@type\":\"SearchAction\",\"target\":{\"@type\":\"EntryPoint\",\"urlTemplate\":\"https:\/\/www.folklore.ee\/ars\/?s={search_term_string}\"},\"query-input\":\"required name=search_term_string\"}],\"inLanguage\":\"en-US\"}]}<\/script>\n<!-- \/ Yoast SEO plugin. -->","yoast_head_json":{"title":"Argiarvamused koolip\u00e4rimuse \u017eanrina | Akadeemiline Rahvaluule Selts","robots":{"index":"index","follow":"follow","max-snippet":"max-snippet:-1","max-image-preview":"max-image-preview:large","max-video-preview":"max-video-preview:-1"},"canonical":"https:\/\/www.folklore.ee\/ars\/uritused\/arhiiv\/talvekonverents-2008-ajakava\/argiarvamused-kooliparimuse-zanrina\/","og_locale":"en_US","og_type":"article","og_title":"Argiarvamused koolip\u00e4rimuse \u017eanrina | Akadeemiline Rahvaluule Selts","og_description":"Risto J\u00e4rv, Tartu \u00dclikooli eesti ja v\u00f5rdleva rahvaluule osakond Argielus \u00fcmbritseb meid suur hulk p\u00e4rimuslikku teavet, verbaliseeritud infot v\u00f5ime nimetada argiarvamusteks. Ettekandes vaatlen 2007. a. koolip\u00e4rimuse kogumisv\u00f5istluse k\u00e4igus laekunud argiarvamuste kogumit. Folkloristid on juba ammusest ajast p\u00fc\u00fcdnud t\u00f5lgendada inimese arusaamasid p\u00e4rimus\u00adpalades peegelduvate ideede kaudu. Argiarvamustes on mitmedki t\u00f5demused justkui traditsiooniliselt esitatud, ometi v\u00f5ib neid v\u00e4iteid [&hellip;]","og_url":"https:\/\/www.folklore.ee\/ars\/uritused\/arhiiv\/talvekonverents-2008-ajakava\/argiarvamused-kooliparimuse-zanrina\/","og_site_name":"Akadeemiline Rahvaluule Selts","twitter_card":"summary_large_image","twitter_misc":{"Est. reading time":"1 minute"},"schema":{"@context":"https:\/\/schema.org","@graph":[{"@type":"WebPage","@id":"https:\/\/www.folklore.ee\/ars\/uritused\/arhiiv\/talvekonverents-2008-ajakava\/argiarvamused-kooliparimuse-zanrina\/","url":"https:\/\/www.folklore.ee\/ars\/uritused\/arhiiv\/talvekonverents-2008-ajakava\/argiarvamused-kooliparimuse-zanrina\/","name":"Argiarvamused koolip\u00e4rimuse \u017eanrina | Akadeemiline Rahvaluule Selts","isPartOf":{"@id":"https:\/\/www.folklore.ee\/ars\/#website"},"datePublished":"2023-09-19T13:45:43+00:00","dateModified":"2023-09-19T13:45:43+00:00","breadcrumb":{"@id":"https:\/\/www.folklore.ee\/ars\/uritused\/arhiiv\/talvekonverents-2008-ajakava\/argiarvamused-kooliparimuse-zanrina\/#breadcrumb"},"inLanguage":"en-US","potentialAction":[{"@type":"ReadAction","target":["https:\/\/www.folklore.ee\/ars\/uritused\/arhiiv\/talvekonverents-2008-ajakava\/argiarvamused-kooliparimuse-zanrina\/"]}]},{"@type":"BreadcrumbList","@id":"https:\/\/www.folklore.ee\/ars\/uritused\/arhiiv\/talvekonverents-2008-ajakava\/argiarvamused-kooliparimuse-zanrina\/#breadcrumb","itemListElement":[{"@type":"ListItem","position":1,"name":"Avaleht","item":"https:\/\/www.folklore.ee\/ars\/"},{"@type":"ListItem","position":2,"name":"\u00dcritused","item":"https:\/\/www.folklore.ee\/ars\/uritused\/"},{"@type":"ListItem","position":3,"name":"Arhiiv","item":"https:\/\/www.folklore.ee\/ars\/uritused\/arhiiv\/"},{"@type":"ListItem","position":4,"name":"Talvekonverents 2008 ajakava","item":"https:\/\/www.folklore.ee\/ars\/uritused\/arhiiv\/talvekonverents-2008-ajakava\/"},{"@type":"ListItem","position":5,"name":"Argiarvamused koolip\u00e4rimuse \u017eanrina"}]},{"@type":"WebSite","@id":"https:\/\/www.folklore.ee\/ars\/#website","url":"https:\/\/www.folklore.ee\/ars\/","name":"Akadeemiline Rahvaluule Selts","description":"Folkloristide, \u00fcli\u00f5pilaste ja k\u00f5igi rahvaluulest huvitatute \u00fchendus, mis aitab kaasa rahvaluule kogumisele, tutvustamisele, uurimisele ja publitseerimisele.","potentialAction":[{"@type":"SearchAction","target":{"@type":"EntryPoint","urlTemplate":"https:\/\/www.folklore.ee\/ars\/?s={search_term_string}"},"query-input":"required name=search_term_string"}],"inLanguage":"en-US"}]}},"_links":{"self":[{"href":"https:\/\/www.folklore.ee\/ars\/wp-json\/wp\/v2\/pages\/408","targetHints":{"allow":["GET"]}}],"collection":[{"href":"https:\/\/www.folklore.ee\/ars\/wp-json\/wp\/v2\/pages"}],"about":[{"href":"https:\/\/www.folklore.ee\/ars\/wp-json\/wp\/v2\/types\/page"}],"author":[{"embeddable":true,"href":"https:\/\/www.folklore.ee\/ars\/wp-json\/wp\/v2\/users\/1"}],"replies":[{"embeddable":true,"href":"https:\/\/www.folklore.ee\/ars\/wp-json\/wp\/v2\/comments?post=408"}],"version-history":[{"count":1,"href":"https:\/\/www.folklore.ee\/ars\/wp-json\/wp\/v2\/pages\/408\/revisions"}],"predecessor-version":[{"id":409,"href":"https:\/\/www.folklore.ee\/ars\/wp-json\/wp\/v2\/pages\/408\/revisions\/409"}],"up":[{"embeddable":true,"href":"https:\/\/www.folklore.ee\/ars\/wp-json\/wp\/v2\/pages\/385"}],"wp:attachment":[{"href":"https:\/\/www.folklore.ee\/ars\/wp-json\/wp\/v2\/media?parent=408"}],"curies":[{"name":"wp","href":"https:\/\/api.w.org\/{rel}","templated":true}]}}