{"id":404,"date":"2023-09-19T13:44:50","date_gmt":"2023-09-19T13:44:50","guid":{"rendered":"https:\/\/www.folklore.ee\/ars\/?page_id=404"},"modified":"2023-09-19T13:44:50","modified_gmt":"2023-09-19T13:44:50","slug":"kolme-rahva-anekdoodid-lasteparimuses","status":"publish","type":"page","link":"https:\/\/www.folklore.ee\/ars\/uritused\/arhiiv\/talvekonverents-2008-ajakava\/kolme-rahva-anekdoodid-lasteparimuses\/","title":{"rendered":"Kolme rahva anekdoodid lastep\u00e4rimuses"},"content":{"rendered":"\n<p><strong>Astrid Tuisk, Eesti Kirjandusmuuseumi Eesti Rahvaluule Arhiiv<\/strong><\/p>\n\n\n\n<p>T\u00e4nap\u00e4eva lastep\u00e4rimus on \u00fchelt poolt avatud uuele \u2013 kiiresti v\u00f5etakse \u00fcle uusi aineid, tegelaskujusid ja v\u00e4ljendusvorme. Nii saab r\u00e4\u00e4kida lastep\u00e4rimusest kui innovatiivsest ja kiiresti muutuvast traditsioonist. Teisalt pakuvad t\u00e4nastele lastele r\u00f5\u00f5mu needsamad jutut\u00fc\u00fcbid, m\u00e4ngud ja m\u00e4ngualgusesalmid, mis 15 aastat tagasi, esindades meie noorte- ja lastep\u00e4rimuses stabiilset traditsiooni.<\/p>\n\n\n\n<p>J\u00e4tkuvalt kuuluvad kooliealiste laste ja noorte traditsiooni nn kolme rahva anekdoodid. Juttudes on muutumatud nii tegelased (eestlane, sakslane, venelane) kui ka jutut\u00fc\u00fcbid. Isegi tuntuim anekdoot on j\u00e4\u00e4nud samaks: jutt lennukis lendavatest rahvuste esindajatest, kes \u00fcksteise j\u00e4rel peavad alla viskama selle, mida nende maal on k\u00f5ige rohkem. Eestlane viskab alla venelase, \u00f6eldes, et neid meil palju. Arvestades sotsiaalset tausta, tundub rahvusvaheliselt tuntud jutut\u00fc\u00fcbi kodunemine ja k\u00e4ibes p\u00fcsimine Eestis loogiline. \u00dchiskondlike olude muutudes teiseneb ka p\u00e4rimus. Liisi Laineste eesti etnilisi nalju k\u00e4sitlevast t\u00f6\u00f6st saame teada, et suur osa N. Liidu-aegseid anekdoodis\u00fc\u017eeid ja -tegelasi on oma populaarsuse minetanud v\u00f5i k\u00e4ibelt hoopis kadunud. Ka ei pilatud nimetatud tookordsetes naljades niiv\u00f5rd venelasi, vaid kritiseeriti n\u00f5ukogude korda. Enamikus kolme rahva anekdootides ei kritiseerita t\u00e4nast poliitilist olukorda. K\u00f5nealune nali on nende seas \u00fcks v\u00e4hestest, mille sisus v\u00f5ib n\u00e4ha seoseid reaalsete \u00fchiskondlike oludega. Kuigi naljade abil v\u00e4ljendatakse sageli \u00fcleolekut, eriti just lastep\u00e4rimuses, pole usutav, et vaid \u201eoma rahvuse \u00fclistus\u201d ja teiste mahategemine aitab kolme rahva juttudel k\u00e4ibes p\u00fcsida. Samas pole puudus ka uutest tegijatest, n\u00e4iteks blondiinid ning Tiku ja Taku (mugandused Walt Disney v\u00f6\u00f6toravatest Chip ja Dale).<\/p>\n\n\n\n<p>Nii tuleb kolme rahva anekdootide eluj\u00f5ulisuse p\u00f5hjusi otsida ka mujalt. Laste- ja noortetraditsiooni on iseloomustatud kui t\u00e4iskasvanute maailma parodeerivat vastu\u00adkultuuri. Keelatud ja mahavaikitud ainese \u00fcle naerdes ollakse vastu p\u00e4ris-elus tunnustatud autoriteetidele ning samastatakse end eakaaslastega. Uurijad on t\u00f5denud, et seksuaalsuse teemat leidub t\u00e4nap\u00e4eva lastep\u00e4rimuses palju ja pea k\u00f5igis liikides, nii ka naljades. Juku-anek\u00addootide k\u00f5rval on kolme rahva lood need, kus k\u00e4sitletakse rohkelt skatoloogilist teemat \u2013 kakamist ja peeretamist. Suur osa anekdoote on lastel ja t\u00e4iskasvanutel \u00fchised, kuid nimetatud naljateema on soositud just laste hulgas.<\/p>\n\n\n\n<p>Kuigi kolme rahva anekdoodid kuuluvad etniliste naljade hulka ning etniline enesem\u00e4\u00e4ratlemine on lastele ja noortele t\u00e4htis, ajavad lapsed ja noored naljade kaudu ka \u201eomi asju\u201d: korraldavad oma sotsiaalseid suhteid ja k\u00e4sitlevad teemasid, mis neile olulised.<\/p>\n","protected":false},"excerpt":{"rendered":"<p>Astrid Tuisk, Eesti Kirjandusmuuseumi Eesti Rahvaluule Arhiiv T\u00e4nap\u00e4eva lastep\u00e4rimus on \u00fchelt poolt avatud uuele \u2013 kiiresti v\u00f5etakse \u00fcle uusi aineid, tegelaskujusid ja v\u00e4ljendusvorme. Nii saab r\u00e4\u00e4kida lastep\u00e4rimusest kui innovatiivsest ja kiiresti muutuvast traditsioonist. Teisalt pakuvad t\u00e4nastele lastele r\u00f5\u00f5mu needsamad jutut\u00fc\u00fcbid, m\u00e4ngud ja m\u00e4ngualgusesalmid, mis 15 aastat tagasi, esindades meie noorte- ja lastep\u00e4rimuses stabiilset traditsiooni. J\u00e4tkuvalt [&hellip;]<\/p>\n","protected":false},"author":1,"featured_media":0,"parent":385,"menu_order":0,"comment_status":"closed","ping_status":"closed","template":"","meta":{"footnotes":""},"class_list":["post-404","page","type-page","status-publish","hentry"],"yoast_head":"<!-- This site is optimized with the Yoast SEO plugin v20.12 - https:\/\/yoast.com\/wordpress\/plugins\/seo\/ -->\n<title>Kolme rahva anekdoodid lastep\u00e4rimuses | Akadeemiline Rahvaluule Selts<\/title>\n<meta name=\"robots\" content=\"index, follow, max-snippet:-1, max-image-preview:large, max-video-preview:-1\" \/>\n<link rel=\"canonical\" href=\"https:\/\/www.folklore.ee\/ars\/uritused\/arhiiv\/talvekonverents-2008-ajakava\/kolme-rahva-anekdoodid-lasteparimuses\/\" \/>\n<meta property=\"og:locale\" content=\"en_US\" \/>\n<meta property=\"og:type\" content=\"article\" \/>\n<meta property=\"og:title\" content=\"Kolme rahva anekdoodid lastep\u00e4rimuses | Akadeemiline Rahvaluule Selts\" \/>\n<meta property=\"og:description\" content=\"Astrid Tuisk, Eesti Kirjandusmuuseumi Eesti Rahvaluule Arhiiv T\u00e4nap\u00e4eva lastep\u00e4rimus on \u00fchelt poolt avatud uuele \u2013 kiiresti v\u00f5etakse \u00fcle uusi aineid, tegelaskujusid ja v\u00e4ljendusvorme. Nii saab r\u00e4\u00e4kida lastep\u00e4rimusest kui innovatiivsest ja kiiresti muutuvast traditsioonist. Teisalt pakuvad t\u00e4nastele lastele r\u00f5\u00f5mu needsamad jutut\u00fc\u00fcbid, m\u00e4ngud ja m\u00e4ngualgusesalmid, mis 15 aastat tagasi, esindades meie noorte- ja lastep\u00e4rimuses stabiilset traditsiooni. J\u00e4tkuvalt [&hellip;]\" \/>\n<meta property=\"og:url\" content=\"https:\/\/www.folklore.ee\/ars\/uritused\/arhiiv\/talvekonverents-2008-ajakava\/kolme-rahva-anekdoodid-lasteparimuses\/\" \/>\n<meta property=\"og:site_name\" content=\"Akadeemiline Rahvaluule Selts\" \/>\n<meta name=\"twitter:card\" content=\"summary_large_image\" \/>\n<meta name=\"twitter:label1\" content=\"Est. reading time\" \/>\n\t<meta name=\"twitter:data1\" content=\"2 minutes\" \/>\n<script type=\"application\/ld+json\" class=\"yoast-schema-graph\">{\"@context\":\"https:\/\/schema.org\",\"@graph\":[{\"@type\":\"WebPage\",\"@id\":\"https:\/\/www.folklore.ee\/ars\/uritused\/arhiiv\/talvekonverents-2008-ajakava\/kolme-rahva-anekdoodid-lasteparimuses\/\",\"url\":\"https:\/\/www.folklore.ee\/ars\/uritused\/arhiiv\/talvekonverents-2008-ajakava\/kolme-rahva-anekdoodid-lasteparimuses\/\",\"name\":\"Kolme rahva anekdoodid lastep\u00e4rimuses | Akadeemiline Rahvaluule Selts\",\"isPartOf\":{\"@id\":\"https:\/\/www.folklore.ee\/ars\/#website\"},\"datePublished\":\"2023-09-19T13:44:50+00:00\",\"dateModified\":\"2023-09-19T13:44:50+00:00\",\"breadcrumb\":{\"@id\":\"https:\/\/www.folklore.ee\/ars\/uritused\/arhiiv\/talvekonverents-2008-ajakava\/kolme-rahva-anekdoodid-lasteparimuses\/#breadcrumb\"},\"inLanguage\":\"en-US\",\"potentialAction\":[{\"@type\":\"ReadAction\",\"target\":[\"https:\/\/www.folklore.ee\/ars\/uritused\/arhiiv\/talvekonverents-2008-ajakava\/kolme-rahva-anekdoodid-lasteparimuses\/\"]}]},{\"@type\":\"BreadcrumbList\",\"@id\":\"https:\/\/www.folklore.ee\/ars\/uritused\/arhiiv\/talvekonverents-2008-ajakava\/kolme-rahva-anekdoodid-lasteparimuses\/#breadcrumb\",\"itemListElement\":[{\"@type\":\"ListItem\",\"position\":1,\"name\":\"Avaleht\",\"item\":\"https:\/\/www.folklore.ee\/ars\/\"},{\"@type\":\"ListItem\",\"position\":2,\"name\":\"\u00dcritused\",\"item\":\"https:\/\/www.folklore.ee\/ars\/uritused\/\"},{\"@type\":\"ListItem\",\"position\":3,\"name\":\"Arhiiv\",\"item\":\"https:\/\/www.folklore.ee\/ars\/uritused\/arhiiv\/\"},{\"@type\":\"ListItem\",\"position\":4,\"name\":\"Talvekonverents 2008 ajakava\",\"item\":\"https:\/\/www.folklore.ee\/ars\/uritused\/arhiiv\/talvekonverents-2008-ajakava\/\"},{\"@type\":\"ListItem\",\"position\":5,\"name\":\"Kolme rahva anekdoodid lastep\u00e4rimuses\"}]},{\"@type\":\"WebSite\",\"@id\":\"https:\/\/www.folklore.ee\/ars\/#website\",\"url\":\"https:\/\/www.folklore.ee\/ars\/\",\"name\":\"Akadeemiline Rahvaluule Selts\",\"description\":\"Folkloristide, \u00fcli\u00f5pilaste ja k\u00f5igi rahvaluulest huvitatute \u00fchendus, mis aitab kaasa rahvaluule kogumisele, tutvustamisele, uurimisele ja publitseerimisele.\",\"potentialAction\":[{\"@type\":\"SearchAction\",\"target\":{\"@type\":\"EntryPoint\",\"urlTemplate\":\"https:\/\/www.folklore.ee\/ars\/?s={search_term_string}\"},\"query-input\":\"required name=search_term_string\"}],\"inLanguage\":\"en-US\"}]}<\/script>\n<!-- \/ Yoast SEO plugin. -->","yoast_head_json":{"title":"Kolme rahva anekdoodid lastep\u00e4rimuses | Akadeemiline Rahvaluule Selts","robots":{"index":"index","follow":"follow","max-snippet":"max-snippet:-1","max-image-preview":"max-image-preview:large","max-video-preview":"max-video-preview:-1"},"canonical":"https:\/\/www.folklore.ee\/ars\/uritused\/arhiiv\/talvekonverents-2008-ajakava\/kolme-rahva-anekdoodid-lasteparimuses\/","og_locale":"en_US","og_type":"article","og_title":"Kolme rahva anekdoodid lastep\u00e4rimuses | Akadeemiline Rahvaluule Selts","og_description":"Astrid Tuisk, Eesti Kirjandusmuuseumi Eesti Rahvaluule Arhiiv T\u00e4nap\u00e4eva lastep\u00e4rimus on \u00fchelt poolt avatud uuele \u2013 kiiresti v\u00f5etakse \u00fcle uusi aineid, tegelaskujusid ja v\u00e4ljendusvorme. Nii saab r\u00e4\u00e4kida lastep\u00e4rimusest kui innovatiivsest ja kiiresti muutuvast traditsioonist. Teisalt pakuvad t\u00e4nastele lastele r\u00f5\u00f5mu needsamad jutut\u00fc\u00fcbid, m\u00e4ngud ja m\u00e4ngualgusesalmid, mis 15 aastat tagasi, esindades meie noorte- ja lastep\u00e4rimuses stabiilset traditsiooni. J\u00e4tkuvalt [&hellip;]","og_url":"https:\/\/www.folklore.ee\/ars\/uritused\/arhiiv\/talvekonverents-2008-ajakava\/kolme-rahva-anekdoodid-lasteparimuses\/","og_site_name":"Akadeemiline Rahvaluule Selts","twitter_card":"summary_large_image","twitter_misc":{"Est. reading time":"2 minutes"},"schema":{"@context":"https:\/\/schema.org","@graph":[{"@type":"WebPage","@id":"https:\/\/www.folklore.ee\/ars\/uritused\/arhiiv\/talvekonverents-2008-ajakava\/kolme-rahva-anekdoodid-lasteparimuses\/","url":"https:\/\/www.folklore.ee\/ars\/uritused\/arhiiv\/talvekonverents-2008-ajakava\/kolme-rahva-anekdoodid-lasteparimuses\/","name":"Kolme rahva anekdoodid lastep\u00e4rimuses | Akadeemiline Rahvaluule Selts","isPartOf":{"@id":"https:\/\/www.folklore.ee\/ars\/#website"},"datePublished":"2023-09-19T13:44:50+00:00","dateModified":"2023-09-19T13:44:50+00:00","breadcrumb":{"@id":"https:\/\/www.folklore.ee\/ars\/uritused\/arhiiv\/talvekonverents-2008-ajakava\/kolme-rahva-anekdoodid-lasteparimuses\/#breadcrumb"},"inLanguage":"en-US","potentialAction":[{"@type":"ReadAction","target":["https:\/\/www.folklore.ee\/ars\/uritused\/arhiiv\/talvekonverents-2008-ajakava\/kolme-rahva-anekdoodid-lasteparimuses\/"]}]},{"@type":"BreadcrumbList","@id":"https:\/\/www.folklore.ee\/ars\/uritused\/arhiiv\/talvekonverents-2008-ajakava\/kolme-rahva-anekdoodid-lasteparimuses\/#breadcrumb","itemListElement":[{"@type":"ListItem","position":1,"name":"Avaleht","item":"https:\/\/www.folklore.ee\/ars\/"},{"@type":"ListItem","position":2,"name":"\u00dcritused","item":"https:\/\/www.folklore.ee\/ars\/uritused\/"},{"@type":"ListItem","position":3,"name":"Arhiiv","item":"https:\/\/www.folklore.ee\/ars\/uritused\/arhiiv\/"},{"@type":"ListItem","position":4,"name":"Talvekonverents 2008 ajakava","item":"https:\/\/www.folklore.ee\/ars\/uritused\/arhiiv\/talvekonverents-2008-ajakava\/"},{"@type":"ListItem","position":5,"name":"Kolme rahva anekdoodid lastep\u00e4rimuses"}]},{"@type":"WebSite","@id":"https:\/\/www.folklore.ee\/ars\/#website","url":"https:\/\/www.folklore.ee\/ars\/","name":"Akadeemiline Rahvaluule Selts","description":"Folkloristide, \u00fcli\u00f5pilaste ja k\u00f5igi rahvaluulest huvitatute \u00fchendus, mis aitab kaasa rahvaluule kogumisele, tutvustamisele, uurimisele ja publitseerimisele.","potentialAction":[{"@type":"SearchAction","target":{"@type":"EntryPoint","urlTemplate":"https:\/\/www.folklore.ee\/ars\/?s={search_term_string}"},"query-input":"required name=search_term_string"}],"inLanguage":"en-US"}]}},"_links":{"self":[{"href":"https:\/\/www.folklore.ee\/ars\/wp-json\/wp\/v2\/pages\/404","targetHints":{"allow":["GET"]}}],"collection":[{"href":"https:\/\/www.folklore.ee\/ars\/wp-json\/wp\/v2\/pages"}],"about":[{"href":"https:\/\/www.folklore.ee\/ars\/wp-json\/wp\/v2\/types\/page"}],"author":[{"embeddable":true,"href":"https:\/\/www.folklore.ee\/ars\/wp-json\/wp\/v2\/users\/1"}],"replies":[{"embeddable":true,"href":"https:\/\/www.folklore.ee\/ars\/wp-json\/wp\/v2\/comments?post=404"}],"version-history":[{"count":1,"href":"https:\/\/www.folklore.ee\/ars\/wp-json\/wp\/v2\/pages\/404\/revisions"}],"predecessor-version":[{"id":406,"href":"https:\/\/www.folklore.ee\/ars\/wp-json\/wp\/v2\/pages\/404\/revisions\/406"}],"up":[{"embeddable":true,"href":"https:\/\/www.folklore.ee\/ars\/wp-json\/wp\/v2\/pages\/385"}],"wp:attachment":[{"href":"https:\/\/www.folklore.ee\/ars\/wp-json\/wp\/v2\/media?parent=404"}],"curies":[{"name":"wp","href":"https:\/\/api.w.org\/{rel}","templated":true}]}}