{"id":385,"date":"2023-09-19T12:27:31","date_gmt":"2023-09-19T12:27:31","guid":{"rendered":"https:\/\/www.folklore.ee\/ars\/?page_id=385"},"modified":"2023-09-19T14:11:45","modified_gmt":"2023-09-19T14:11:45","slug":"talvekonverents-2008-ajakava","status":"publish","type":"page","link":"https:\/\/www.folklore.ee\/ars\/uritused\/arhiiv\/talvekonverents-2008-ajakava\/","title":{"rendered":"Talvekonverents 2008 ajakava"},"content":{"rendered":"\n<p class=\"has-text-align-center\">Eesti Kirjandusmuuseumi etnomusikoloogia osakond<\/p>\n\n\n\n<p class=\"has-text-align-center\">Akadeemiline Rahvaluule Selts<\/p>\n\n\n\n<p class=\"has-text-align-center\"><strong>Kolmas folkloristide talvekonverents<\/strong><br><strong>Lastep\u00e4rimus ning p\u00e4rimusmuusika vahetu kogemuse ja meedia m\u00f5juv\u00e4ljas<\/strong><\/p>\n\n\n\n<h2 class=\"wp-block-heading\">Neljap\u00e4ev, 24. jaanuar 2008<\/h2>\n\n\n\n<p>8.30 V\u00e4ljas\u00f5it Tartust Eesti Kirjandusmuuseumi eest peatusega N\u00f5o kalmistul<\/p>\n\n\n\n<p>10.00 Saabumine Kopra turismitalusse<\/p>\n\n\n\n<p>10.00\u201311.00 Majutamine, hiline hommikukohv<\/p>\n\n\n\n<p>11.00\u201312.30<\/p>\n\n\n\n<p><strong>Piret Voolaid<\/strong>. <a href=\"\/ars\/uritused\/arhiiv\/talvekonverents-2008-ajakava\/moistatuszanri-dunaamika-2007-aasta-kooliparimuse-valgusel\/\">M\u00f5istatus\u017eanri d\u00fcnaamika 2007. a. koolip\u00e4rimuse valgusel<\/a><\/p>\n\n\n\n<p><strong>Astrid Tuisk<\/strong>. <a href=\"\/ars\/uritused\/arhiiv\/talvekonverents-2008-ajakava\/kolme-rahva-anekdoodid-lasteparimuses\/\">Kolme rahva anekdoodid lastep\u00e4rimuses<\/a><\/p>\n\n\n\n<p><strong>Risto J\u00e4rv<\/strong>. <a href=\"\/ars\/uritused\/arhiiv\/talvekonverents-2008-ajakava\/argiarvamused-kooliparimuse-zanrina\/\">Argiarvamused koolip\u00e4rimuse \u017eanrina<\/a><\/p>\n\n\n\n<p>Kohvipaus<\/p>\n\n\n\n<p>13.00\u201314.30<\/p>\n\n\n\n<p><strong>Mare K\u00f5iva<\/strong>. <a href=\"\/ars\/uritused\/arhiiv\/talvekonverents-2008-ajakava\/laste-oudusjutud\/\">Laste \u00f5udusjutud<\/a><\/p>\n\n\n\n<p><strong>Anneli Baran<\/strong>. <a href=\"\/ars\/uritused\/arhiiv\/talvekonverents-2008-ajakava\/ma-tean-mida-te-tunnete-alles-eile-olin-veel-haige\/\">\u201eMa tean, mida te tunnete \u2013 alles eile olin veel haige\u201c. Killud kooli\u00adp\u00e4rimuses 2007<\/a><\/p>\n\n\n\n<p><strong>Eda Kalmre<\/strong>. <a href=\"\/ars\/uritused\/arhiiv\/talvekonverents-2008-ajakava\/tudrukute-maailm-rate-ee-paevikutes\/\">T\u00fcdrukute maailm rate.ee p\u00e4evikutes<\/a><\/p>\n\n\n\n<p>L\u00f5una<\/p>\n\n\n\n<p>15.30\u201316.30<\/p>\n\n\n\n<p><strong>Anneli Kont-Rahtola<\/strong>. <a href=\"\/ars\/uritused\/arhiiv\/talvekonverents-2008-ajakava\/kuusalu-pillimehed-enne-1940-aastat\/\">Kuusalu pillimehed enne 1940. aastat<\/a><\/p>\n\n\n\n<p><strong>Andreas Kalkun<\/strong>. <a href=\"\/ars\/uritused\/arhiiv\/talvekonverents-2008-ajakava\/kolm-kareliaani-ja-neli-seto-laulikut-1922-aastal-obinitsas-jaadvustamine-ja-representatsioonid\/\">Kolm kareliaani ja neli seto laulikut 1922. aastal Obinitsas. J\u00e4\u00e4dvustamine ja representatsioonid<\/a><\/p>\n\n\n\n<p>Kohvipaus<\/p>\n\n\n\n<p>17.00\u201318.00<\/p>\n\n\n\n<p><strong>Eda Pomozi<\/strong>. <a href=\"\/ars\/uritused\/arhiiv\/talvekonverents-2008-ajakava\/kalotaszegi-tantsuparimusest-vordluses-kihnuga\/\">Kalotaszegi tantsup\u00e4rimusest v\u00f5rdluses Kihnuga<\/a><\/p>\n\n\n\n<p><strong>P\u00e9ter Pomozi<\/strong>. <a href=\"\/ars\/uritused\/arhiiv\/talvekonverents-2008-ajakava\/eesti-kaerajaanide-tupoloogiast\/\">Eesti kaerajaanide t\u00fcpoloogiast<\/a><\/p>\n\n\n\n<p>Kohvipaus<\/p>\n\n\n\n<p>18.30\u201319.30<\/p>\n\n\n\n<p><strong>Ingrid R\u00fc\u00fctel<\/strong>. <a href=\"\/ars\/uritused\/arhiiv\/talvekonverents-2008-ajakava\/anust-ja-tema-jaljest-eesti-folkloristikas\/\">Anust ja tema j\u00e4ljest eesti folkloristikas<\/a><\/p>\n\n\n\n<p><strong>Edna Tuvi<\/strong>. <a href=\"\/ars\/uritused\/arhiiv\/talvekonverents-2008-ajakava\/kakskummend-kaheksa-aastat-uhes-toas-anuga\/\">Kaksk\u00fcmmend kaheksa aastat \u00fches toas Anuga<\/a><\/p>\n\n\n\n<p>19.30 \u00d5htus\u00f6\u00f6k<\/p>\n\n\n\n<p>20.15 Anu Visseli film \u201eRistsed\u201c, kontsert<\/p>\n\n\n\n<p>21.00\u201324.00 Saun<\/p>\n\n\n\n<h2 class=\"wp-block-heading\">Reede, 25. jaanuar 2008<\/h2>\n\n\n\n<p>9.00 Hommikus\u00f6\u00f6k<\/p>\n\n\n\n<p>10.00\u201311.30<\/p>\n\n\n\n<p><strong>Pille Kippar<\/strong>. <a href=\"\/ars\/uritused\/arhiiv\/talvekonverents-2008-ajakava\/kuhu-kadusid-lastehirmutised\/\">Kuhu kadusid lastehirmutised?<\/a><\/p>\n\n\n\n<p><strong>Merili Metsvahi<\/strong>. <a href=\"\/ars\/uritused\/arhiiv\/talvekonverents-2008-ajakava\/parimuskultuur-haridusmaastikule\/\">P\u00e4rimuskultuur haridusmaastikule!<\/a><\/p>\n\n\n\n<p><strong>Reeli Reinaus<\/strong>. <a href=\"\/ars\/uritused\/arhiiv\/talvekonverents-2008-ajakava\/emade-loodud-parimus-sussipakapikud\/\">Emade loodud p\u00e4rimus \u2013 sussip\u00e4kapikud<\/a><\/p>\n\n\n\n<p>Kohvipaus<\/p>\n\n\n\n<p>12.00\u201313.30<\/p>\n\n\n\n<p><strong>Liisi Laineste<\/strong>. <a href=\"\/ars\/uritused\/arhiiv\/talvekonverents-2008-ajakava\/leim-ja-huumor-tsensuur-avalikus-diskursuses\/\">Leim ja huumor. Tsensuur avalikus diskursuses<\/a><\/p>\n\n\n\n<p><strong>Helen K\u00f5mmus<\/strong>. <a href=\"\/ars\/uritused\/arhiiv\/talvekonverents-2008-ajakava\/parimusmuusikavorgus\/\">P\u00e4rimusmuusikav\u00f5rgus. Festivalide kodulehek\u00fcljed ja foorumid<\/a><\/p>\n\n\n\n<p><strong>Kanni Labi<\/strong>. <a href=\"\/ars\/uritused\/arhiiv\/talvekonverents-2008-ajakava\/sauna-taga-ja-mujal-eesti-rahva-ajalugu-labi-trukitud-laulikute\/\">Sauna taga ja mujal. Eesti rahva ajalugu l\u00e4bi tr\u00fckitud laulikute<\/a><\/p>\n\n\n\n<p>L\u00f5una<\/p>\n\n\n\n<p>14.30\u201315.30<\/p>\n\n\n\n<p><strong>Ell Vahtram\u00e4e<\/strong>. <a href=\"\/ars\/uritused\/arhiiv\/talvekonverents-2008-ajakava\/sotsialistlik-monopolimang\/\">Sotsialistlik monopolim\u00e4ng<\/a><\/p>\n\n\n\n<p><strong>Mall Hiiem\u00e4e<\/strong>. <a href=\"\/ars\/uritused\/arhiiv\/talvekonverents-2008-ajakava\/lapsed-maagia-ja-meelelahutuse-vahemail\/\">Lapsed maagia ja meelelahutuse vahemail<\/a><\/p>\n\n\n\n<p>16.00 \u00c4ras\u00f5it<\/p>\n\n\n\n<p>Teeside toimetajad: Rein Saukas, Taive S\u00e4rg<\/p>\n\n\n\n<p>Kolmas folkloristide talvekonverents \u201eLastep\u00e4rimus ning p\u00e4rimusmuusika vahetu kogemuse ja meedia m\u00f5juv\u00e4ljas\u201c on p\u00fchendatud Anu Visseli (16.12.1952 \u2013 6.09.2005) m\u00e4lestusele, kes oleks 2007. aasta 16. detsembril saanud 55aastaseks.<\/p>\n\n\n\n<p>2008. aasta talvekonverentsi teemadeks on vastavalt Anu Visseli uurimis\u00advaldkondadele t\u00e4nap\u00e4eva laste- ja noortep\u00e4rimus, tantsu- ja muusikatraditsioon; sealjuures ka vahetu kogemuse ja meedia osa p\u00e4rimuse kujunemisel.<br>Lastep\u00e4rimuse osas on konverentsi \u00fcks keskseid teemasid 2007. aastal toimunud \u00fcle-eestilise koolip\u00e4rimuse kogumise v\u00f5istluse (seotud projektiga \u201cInnovatsioonid ja traditsioonid t\u00e4nap\u00e4eva \u00fchiskonnas\u201c) tulemuste anal\u00fc\u00fcs. Tantsu- ja muusika\u00adp\u00e4rimuse puhul keskendutakse Eestis v\u00e4he k\u00e4sitletud, kuid v\u00e4ga olulistele teemadele, millega Anu Vissel j\u00f5udis tegeleda, nagu rahvatants ja -muusika t\u00e4nap\u00e4eva \u00fchiskonnas ning p\u00e4rimuse suhted meediaga.<br>Folkloristide talvekonverentside ideeks on \u00fchendada eri institutsioonides t\u00f6\u00f6tavaid folkloriste neutraalsel pinnal, et soodustada dialoogi ja leevendada praegusest konkurentsi\u00adtihedast ajast tulenevaid pingeid.<\/p>\n\n\n\n<p>Info: <a href=\"mailto:taive@folklore.ee\">Taive S\u00e4rg<\/a> 56 227-586, <a href=\"mailto:edna@haldjas.folklore.ee\">Edna Tuvi<\/a> 7377-750, <a href=\"mailto:rein@haldjas.folklore.ee\">Rein Saukas<\/a> 7377-742, <a href=\"mailto:risto@folklore.ee\">Risto J\u00e4rv<\/a> 51 904-371<\/p>\n\n\n\n<div style=\"height:25px\" aria-hidden=\"true\" class=\"wp-block-spacer\"><\/div>\n\n\n\n<p class=\"has-text-align-center\"><strong>T\u00e4name konverentsi toetajaid!<\/strong><\/p>\n\n\n<div class=\"wp-block-image\">\n<figure class=\"aligncenter size-full\"><a href=\"https:\/\/www.kulka.ee\/\" target=\"_blank\" rel=\"noreferrer noopener\"><img loading=\"lazy\" decoding=\"async\" width=\"193\" height=\"92\" src=\"https:\/\/www.folklore.ee\/ars\/wp-content\/uploads\/2023\/09\/kulka_logo.jpg\" alt=\"\" class=\"wp-image-391\"\/><\/a><\/figure>\n<\/div>\n\n<div class=\"wp-block-image\">\n<figure class=\"aligncenter size-full\"><a href=\"http:\/\/www.dunord.ee\/est\/\" target=\"_blank\" rel=\"noreferrer noopener\"><img loading=\"lazy\" decoding=\"async\" width=\"159\" height=\"46\" src=\"https:\/\/www.folklore.ee\/ars\/wp-content\/uploads\/2023\/09\/dunord_logo.jpg\" alt=\"\" class=\"wp-image-393\"\/><\/a><\/figure>\n<\/div>\n\n\n<p class=\"has-text-align-center\"><a href=\"http:\/\/www.kopra.ee\/\" target=\"_blank\" rel=\"noreferrer noopener\">Kopra turismitalu<br><\/a><a href=\"http:\/\/www.folklore.ee\/tippkeskus\/\" target=\"_blank\" rel=\"noreferrer noopener\">Eesti Kultuuriloo ja Folkloristika Keskus<br><\/a><a href=\"http:\/\/www.folklore.ee\/~aado\/\" target=\"_blank\" rel=\"noreferrer noopener\">Aado Lintrop<\/a><\/p>\n","protected":false},"excerpt":{"rendered":"<p>Eesti Kirjandusmuuseumi etnomusikoloogia osakond Akadeemiline Rahvaluule Selts Kolmas folkloristide talvekonverentsLastep\u00e4rimus ning p\u00e4rimusmuusika vahetu kogemuse ja meedia m\u00f5juv\u00e4ljas Neljap\u00e4ev, 24. jaanuar 2008 8.30 V\u00e4ljas\u00f5it Tartust Eesti Kirjandusmuuseumi eest peatusega N\u00f5o kalmistul 10.00 Saabumine Kopra turismitalusse 10.00\u201311.00 Majutamine, hiline hommikukohv 11.00\u201312.30 Piret Voolaid. M\u00f5istatus\u017eanri d\u00fcnaamika 2007. a. koolip\u00e4rimuse valgusel Astrid Tuisk. Kolme rahva anekdoodid lastep\u00e4rimuses Risto J\u00e4rv. [&hellip;]<\/p>\n","protected":false},"author":1,"featured_media":0,"parent":267,"menu_order":0,"comment_status":"closed","ping_status":"closed","template":"","meta":{"footnotes":""},"class_list":["post-385","page","type-page","status-publish","hentry"],"yoast_head":"<!-- This site is optimized with the Yoast SEO plugin v20.12 - https:\/\/yoast.com\/wordpress\/plugins\/seo\/ -->\n<title>Talvekonverents 2008 ajakava | Akadeemiline Rahvaluule Selts<\/title>\n<meta name=\"robots\" content=\"index, follow, max-snippet:-1, max-image-preview:large, max-video-preview:-1\" \/>\n<link rel=\"canonical\" href=\"https:\/\/www.folklore.ee\/ars\/uritused\/arhiiv\/talvekonverents-2008-ajakava\/\" \/>\n<meta property=\"og:locale\" content=\"en_US\" \/>\n<meta property=\"og:type\" content=\"article\" \/>\n<meta property=\"og:title\" content=\"Talvekonverents 2008 ajakava | Akadeemiline Rahvaluule Selts\" \/>\n<meta property=\"og:description\" content=\"Eesti Kirjandusmuuseumi etnomusikoloogia osakond Akadeemiline Rahvaluule Selts Kolmas folkloristide talvekonverentsLastep\u00e4rimus ning p\u00e4rimusmuusika vahetu kogemuse ja meedia m\u00f5juv\u00e4ljas Neljap\u00e4ev, 24. jaanuar 2008 8.30 V\u00e4ljas\u00f5it Tartust Eesti Kirjandusmuuseumi eest peatusega N\u00f5o kalmistul 10.00 Saabumine Kopra turismitalusse 10.00\u201311.00 Majutamine, hiline hommikukohv 11.00\u201312.30 Piret Voolaid. M\u00f5istatus\u017eanri d\u00fcnaamika 2007. a. koolip\u00e4rimuse valgusel Astrid Tuisk. Kolme rahva anekdoodid lastep\u00e4rimuses Risto J\u00e4rv. [&hellip;]\" \/>\n<meta property=\"og:url\" content=\"https:\/\/www.folklore.ee\/ars\/uritused\/arhiiv\/talvekonverents-2008-ajakava\/\" \/>\n<meta property=\"og:site_name\" content=\"Akadeemiline Rahvaluule Selts\" \/>\n<meta property=\"article:modified_time\" content=\"2023-09-19T14:11:45+00:00\" \/>\n<meta property=\"og:image\" content=\"https:\/\/www.folklore.ee\/ars\/wp-content\/uploads\/2023\/09\/kulka_logo.jpg\" \/>\n<meta name=\"twitter:card\" content=\"summary_large_image\" \/>\n<meta name=\"twitter:label1\" content=\"Est. reading time\" \/>\n\t<meta name=\"twitter:data1\" content=\"3 minutes\" \/>\n<script type=\"application\/ld+json\" class=\"yoast-schema-graph\">{\"@context\":\"https:\/\/schema.org\",\"@graph\":[{\"@type\":\"WebPage\",\"@id\":\"https:\/\/www.folklore.ee\/ars\/uritused\/arhiiv\/talvekonverents-2008-ajakava\/\",\"url\":\"https:\/\/www.folklore.ee\/ars\/uritused\/arhiiv\/talvekonverents-2008-ajakava\/\",\"name\":\"Talvekonverents 2008 ajakava | Akadeemiline Rahvaluule Selts\",\"isPartOf\":{\"@id\":\"https:\/\/www.folklore.ee\/ars\/#website\"},\"datePublished\":\"2023-09-19T12:27:31+00:00\",\"dateModified\":\"2023-09-19T14:11:45+00:00\",\"breadcrumb\":{\"@id\":\"https:\/\/www.folklore.ee\/ars\/uritused\/arhiiv\/talvekonverents-2008-ajakava\/#breadcrumb\"},\"inLanguage\":\"en-US\",\"potentialAction\":[{\"@type\":\"ReadAction\",\"target\":[\"https:\/\/www.folklore.ee\/ars\/uritused\/arhiiv\/talvekonverents-2008-ajakava\/\"]}]},{\"@type\":\"BreadcrumbList\",\"@id\":\"https:\/\/www.folklore.ee\/ars\/uritused\/arhiiv\/talvekonverents-2008-ajakava\/#breadcrumb\",\"itemListElement\":[{\"@type\":\"ListItem\",\"position\":1,\"name\":\"Avaleht\",\"item\":\"https:\/\/www.folklore.ee\/ars\/\"},{\"@type\":\"ListItem\",\"position\":2,\"name\":\"\u00dcritused\",\"item\":\"https:\/\/www.folklore.ee\/ars\/uritused\/\"},{\"@type\":\"ListItem\",\"position\":3,\"name\":\"Arhiiv\",\"item\":\"https:\/\/www.folklore.ee\/ars\/uritused\/arhiiv\/\"},{\"@type\":\"ListItem\",\"position\":4,\"name\":\"Talvekonverents 2008 ajakava\"}]},{\"@type\":\"WebSite\",\"@id\":\"https:\/\/www.folklore.ee\/ars\/#website\",\"url\":\"https:\/\/www.folklore.ee\/ars\/\",\"name\":\"Akadeemiline Rahvaluule Selts\",\"description\":\"Folkloristide, \u00fcli\u00f5pilaste ja k\u00f5igi rahvaluulest huvitatute \u00fchendus, mis aitab kaasa rahvaluule kogumisele, tutvustamisele, uurimisele ja publitseerimisele.\",\"potentialAction\":[{\"@type\":\"SearchAction\",\"target\":{\"@type\":\"EntryPoint\",\"urlTemplate\":\"https:\/\/www.folklore.ee\/ars\/?s={search_term_string}\"},\"query-input\":\"required name=search_term_string\"}],\"inLanguage\":\"en-US\"}]}<\/script>\n<!-- \/ Yoast SEO plugin. -->","yoast_head_json":{"title":"Talvekonverents 2008 ajakava | Akadeemiline Rahvaluule Selts","robots":{"index":"index","follow":"follow","max-snippet":"max-snippet:-1","max-image-preview":"max-image-preview:large","max-video-preview":"max-video-preview:-1"},"canonical":"https:\/\/www.folklore.ee\/ars\/uritused\/arhiiv\/talvekonverents-2008-ajakava\/","og_locale":"en_US","og_type":"article","og_title":"Talvekonverents 2008 ajakava | Akadeemiline Rahvaluule Selts","og_description":"Eesti Kirjandusmuuseumi etnomusikoloogia osakond Akadeemiline Rahvaluule Selts Kolmas folkloristide talvekonverentsLastep\u00e4rimus ning p\u00e4rimusmuusika vahetu kogemuse ja meedia m\u00f5juv\u00e4ljas Neljap\u00e4ev, 24. jaanuar 2008 8.30 V\u00e4ljas\u00f5it Tartust Eesti Kirjandusmuuseumi eest peatusega N\u00f5o kalmistul 10.00 Saabumine Kopra turismitalusse 10.00\u201311.00 Majutamine, hiline hommikukohv 11.00\u201312.30 Piret Voolaid. M\u00f5istatus\u017eanri d\u00fcnaamika 2007. a. koolip\u00e4rimuse valgusel Astrid Tuisk. Kolme rahva anekdoodid lastep\u00e4rimuses Risto J\u00e4rv. [&hellip;]","og_url":"https:\/\/www.folklore.ee\/ars\/uritused\/arhiiv\/talvekonverents-2008-ajakava\/","og_site_name":"Akadeemiline Rahvaluule Selts","article_modified_time":"2023-09-19T14:11:45+00:00","og_image":[{"url":"https:\/\/www.folklore.ee\/ars\/wp-content\/uploads\/2023\/09\/kulka_logo.jpg"}],"twitter_card":"summary_large_image","twitter_misc":{"Est. reading time":"3 minutes"},"schema":{"@context":"https:\/\/schema.org","@graph":[{"@type":"WebPage","@id":"https:\/\/www.folklore.ee\/ars\/uritused\/arhiiv\/talvekonverents-2008-ajakava\/","url":"https:\/\/www.folklore.ee\/ars\/uritused\/arhiiv\/talvekonverents-2008-ajakava\/","name":"Talvekonverents 2008 ajakava | Akadeemiline Rahvaluule Selts","isPartOf":{"@id":"https:\/\/www.folklore.ee\/ars\/#website"},"datePublished":"2023-09-19T12:27:31+00:00","dateModified":"2023-09-19T14:11:45+00:00","breadcrumb":{"@id":"https:\/\/www.folklore.ee\/ars\/uritused\/arhiiv\/talvekonverents-2008-ajakava\/#breadcrumb"},"inLanguage":"en-US","potentialAction":[{"@type":"ReadAction","target":["https:\/\/www.folklore.ee\/ars\/uritused\/arhiiv\/talvekonverents-2008-ajakava\/"]}]},{"@type":"BreadcrumbList","@id":"https:\/\/www.folklore.ee\/ars\/uritused\/arhiiv\/talvekonverents-2008-ajakava\/#breadcrumb","itemListElement":[{"@type":"ListItem","position":1,"name":"Avaleht","item":"https:\/\/www.folklore.ee\/ars\/"},{"@type":"ListItem","position":2,"name":"\u00dcritused","item":"https:\/\/www.folklore.ee\/ars\/uritused\/"},{"@type":"ListItem","position":3,"name":"Arhiiv","item":"https:\/\/www.folklore.ee\/ars\/uritused\/arhiiv\/"},{"@type":"ListItem","position":4,"name":"Talvekonverents 2008 ajakava"}]},{"@type":"WebSite","@id":"https:\/\/www.folklore.ee\/ars\/#website","url":"https:\/\/www.folklore.ee\/ars\/","name":"Akadeemiline Rahvaluule Selts","description":"Folkloristide, \u00fcli\u00f5pilaste ja k\u00f5igi rahvaluulest huvitatute \u00fchendus, mis aitab kaasa rahvaluule kogumisele, tutvustamisele, uurimisele ja publitseerimisele.","potentialAction":[{"@type":"SearchAction","target":{"@type":"EntryPoint","urlTemplate":"https:\/\/www.folklore.ee\/ars\/?s={search_term_string}"},"query-input":"required name=search_term_string"}],"inLanguage":"en-US"}]}},"_links":{"self":[{"href":"https:\/\/www.folklore.ee\/ars\/wp-json\/wp\/v2\/pages\/385","targetHints":{"allow":["GET"]}}],"collection":[{"href":"https:\/\/www.folklore.ee\/ars\/wp-json\/wp\/v2\/pages"}],"about":[{"href":"https:\/\/www.folklore.ee\/ars\/wp-json\/wp\/v2\/types\/page"}],"author":[{"embeddable":true,"href":"https:\/\/www.folklore.ee\/ars\/wp-json\/wp\/v2\/users\/1"}],"replies":[{"embeddable":true,"href":"https:\/\/www.folklore.ee\/ars\/wp-json\/wp\/v2\/comments?post=385"}],"version-history":[{"count":15,"href":"https:\/\/www.folklore.ee\/ars\/wp-json\/wp\/v2\/pages\/385\/revisions"}],"predecessor-version":[{"id":453,"href":"https:\/\/www.folklore.ee\/ars\/wp-json\/wp\/v2\/pages\/385\/revisions\/453"}],"up":[{"embeddable":true,"href":"https:\/\/www.folklore.ee\/ars\/wp-json\/wp\/v2\/pages\/267"}],"wp:attachment":[{"href":"https:\/\/www.folklore.ee\/ars\/wp-json\/wp\/v2\/media?parent=385"}],"curies":[{"name":"wp","href":"https:\/\/api.w.org\/{rel}","templated":true}]}}