{"id":327,"date":"2023-09-11T10:03:14","date_gmt":"2023-09-11T10:03:14","guid":{"rendered":"https:\/\/www.folklore.ee\/ars\/?page_id=327"},"modified":"2023-09-11T10:03:14","modified_gmt":"2023-09-11T10:03:14","slug":"2023-anastasiya-astapova","status":"publish","type":"page","link":"https:\/\/www.folklore.ee\/ars\/aastapreemia-saajad\/2023-anastasiya-astapova\/","title":{"rendered":"2023 \u2013 Anastasiya Astapova"},"content":{"rendered":"\n<p><strong>2023. aasta Eesti folkloristika aastapreemia laureaat on Anastasiya Astapova<\/strong><\/p>\n\n\n\n<p>2023. aasta Eesti folkloristika aastapreemia otsustati anda Tartu \u00dclikooli folkloristika kaasprofessorile Anastasiya Astapovale. \u017d\u00fcrii t\u00f5stis esile, et Anastasiya Astapova on rahvusvaheliselt tunnustatud, viljakas teadlane, kes laiendab folkloristikateaduse piire nii Eestis kui v\u00e4ljaspool seda.<br>Anastasiya Astapova s\u00fcnteesib oma uurimustes loovalt folkloristika, huumoriuuringute ja sotsiaalteaduste meetodeid, anal\u00fc\u00fcsides ja m\u00f5testades folkloori ja v\u00f5imu vahekorda. Tema t\u00f6\u00f6 iseloomu on kujundanud viimastel aastatel \u00fchiskonda m\u00f5jutanud kriisid. Just neis on esile kerkinud folkloori, vanden\u00f5uteooriate ja huumori \u00fchendav roll, millele autor keskendub oma Eesti Teadusagentuuri finantseeritud teadusgrandis \u201eCOVID-19 pandeemiaga seotud vanden\u00f5uteooriad: sisu ja vorm, levikukanalid ning sihtr\u00fchmad\u201c (PSG729).<\/p>\n\n\n\n<p>Anastasiya Astapova viimaste aastate t\u00f6\u00f6dest v\u00e4\u00e4rib erilist esilet\u00f5stmist 2021. aastal ilmunud ingliskeelne monograafia Humor and Rumor: Everyday Life in the Post-Soviet Authoritarian State. See on terviklik kokkuv\u00f5te autori pikaaegsest t\u00f6\u00f6st poliitilise huumori, uskumuste, kuulujuttude ja vanden\u00f5uteooriate kohta. Tunnustust v\u00e4\u00e4rib ka Anastasiya Astapova t\u00f6\u00f6 artiklikogumike toimetajana ning folkloristliku suuna esindajana rahvusvahelistes uurimisprojektides. Muude aktuaalsete teemade k\u00f5rval on Anastasiya Astapova akadeemiliselt reflekteerinud oma eesti keele\u00f5ppe kogemust ja keele kohta k\u00e4ibivaid stereot\u00fc\u00fcpe artiklis An Estonian-Russian Language Club as a Venue for Grassroots Ethnic Integration. Teemade p\u00e4evakajalisus Anastasiya Astapova teadusloomes on toonud tema isiku kaudu esile folkloristika kui aktuaalse ja \u00fchiskondlikult panustava distsipliini.<\/p>\n\n\n\n<p>Eesti folkloristika aastapreemiat annab Akadeemiline Rahvaluule Selts koost\u00f6\u00f6s Eesti Kultuurkapitali Rahvakultuuri sihtkapitaliga v\u00e4lja alates 2011. aastast. Preemia eesm\u00e4rk on t\u00f5sta esile preemia saamisele eelnenud kolme aasta (2020-2022) jooksul silma paistnud folkloristi tegevust. Eelmisel aastal p\u00e4lvis preemia Eesti Kirjandusmuuseumi vanemteadur Mari Sarv.<br>Eesti folkloristika aastapreemia komisjonis olid Akadeemilise Rahvaluule Seltsi juhatusest Mare Kalda, Katre Kikas, Helen K\u00e4stik, Pihla Maria Siim, ja Enn Kalev Tarto, lisaks osalesid hindamisel Reet Hiiem\u00e4e Eesti Kirjandusmuuseumist ning Aivo P\u00f5llu\u00e4\u00e4r Saaremaa Muuseumist.<br>Preemia anti k\u00e4tte 25. mail Tartus Eesti Kirjandusmuuseumis toimunud Akadeemilise Rahvaluule Seltsi aastakoosolekul.<\/p>\n\n\n\n<p>Info: Katre Kikas, <a href=\"mailto:katre.kikas@folklore.ee\">katre.kikas@folklore.ee<\/a><\/p>\n","protected":false},"excerpt":{"rendered":"<p>2023. aasta Eesti folkloristika aastapreemia laureaat on Anastasiya Astapova 2023. aasta Eesti folkloristika aastapreemia otsustati anda Tartu \u00dclikooli folkloristika kaasprofessorile Anastasiya Astapovale. \u017d\u00fcrii t\u00f5stis esile, et Anastasiya Astapova on rahvusvaheliselt tunnustatud, viljakas teadlane, kes laiendab folkloristikateaduse piire nii Eestis kui v\u00e4ljaspool seda.Anastasiya Astapova s\u00fcnteesib oma uurimustes loovalt folkloristika, huumoriuuringute ja sotsiaalteaduste meetodeid, anal\u00fc\u00fcsides ja m\u00f5testades [&hellip;]<\/p>\n","protected":false},"author":1,"featured_media":0,"parent":149,"menu_order":0,"comment_status":"closed","ping_status":"closed","template":"","meta":{"footnotes":""},"class_list":["post-327","page","type-page","status-publish","hentry"],"yoast_head":"<!-- This site is optimized with the Yoast SEO plugin v20.12 - https:\/\/yoast.com\/wordpress\/plugins\/seo\/ -->\n<title>2023 \u2013 Anastasiya Astapova | Akadeemiline Rahvaluule Selts<\/title>\n<meta name=\"robots\" content=\"index, follow, max-snippet:-1, max-image-preview:large, max-video-preview:-1\" \/>\n<link rel=\"canonical\" href=\"https:\/\/www.folklore.ee\/ars\/aastapreemia-saajad\/2023-anastasiya-astapova\/\" \/>\n<meta property=\"og:locale\" content=\"en_US\" \/>\n<meta property=\"og:type\" content=\"article\" \/>\n<meta property=\"og:title\" content=\"2023 \u2013 Anastasiya Astapova | Akadeemiline Rahvaluule Selts\" \/>\n<meta property=\"og:description\" content=\"2023. aasta Eesti folkloristika aastapreemia laureaat on Anastasiya Astapova 2023. aasta Eesti folkloristika aastapreemia otsustati anda Tartu \u00dclikooli folkloristika kaasprofessorile Anastasiya Astapovale. \u017d\u00fcrii t\u00f5stis esile, et Anastasiya Astapova on rahvusvaheliselt tunnustatud, viljakas teadlane, kes laiendab folkloristikateaduse piire nii Eestis kui v\u00e4ljaspool seda.Anastasiya Astapova s\u00fcnteesib oma uurimustes loovalt folkloristika, huumoriuuringute ja sotsiaalteaduste meetodeid, anal\u00fc\u00fcsides ja m\u00f5testades [&hellip;]\" \/>\n<meta property=\"og:url\" content=\"https:\/\/www.folklore.ee\/ars\/aastapreemia-saajad\/2023-anastasiya-astapova\/\" \/>\n<meta property=\"og:site_name\" content=\"Akadeemiline Rahvaluule Selts\" \/>\n<meta name=\"twitter:card\" content=\"summary_large_image\" \/>\n<meta name=\"twitter:label1\" content=\"Est. reading time\" \/>\n\t<meta name=\"twitter:data1\" content=\"2 minutes\" \/>\n<script type=\"application\/ld+json\" class=\"yoast-schema-graph\">{\"@context\":\"https:\/\/schema.org\",\"@graph\":[{\"@type\":\"WebPage\",\"@id\":\"https:\/\/www.folklore.ee\/ars\/aastapreemia-saajad\/2023-anastasiya-astapova\/\",\"url\":\"https:\/\/www.folklore.ee\/ars\/aastapreemia-saajad\/2023-anastasiya-astapova\/\",\"name\":\"2023 \u2013 Anastasiya Astapova | Akadeemiline Rahvaluule Selts\",\"isPartOf\":{\"@id\":\"https:\/\/www.folklore.ee\/ars\/#website\"},\"datePublished\":\"2023-09-11T10:03:14+00:00\",\"dateModified\":\"2023-09-11T10:03:14+00:00\",\"breadcrumb\":{\"@id\":\"https:\/\/www.folklore.ee\/ars\/aastapreemia-saajad\/2023-anastasiya-astapova\/#breadcrumb\"},\"inLanguage\":\"en-US\",\"potentialAction\":[{\"@type\":\"ReadAction\",\"target\":[\"https:\/\/www.folklore.ee\/ars\/aastapreemia-saajad\/2023-anastasiya-astapova\/\"]}]},{\"@type\":\"BreadcrumbList\",\"@id\":\"https:\/\/www.folklore.ee\/ars\/aastapreemia-saajad\/2023-anastasiya-astapova\/#breadcrumb\",\"itemListElement\":[{\"@type\":\"ListItem\",\"position\":1,\"name\":\"Avaleht\",\"item\":\"https:\/\/www.folklore.ee\/ars\/\"},{\"@type\":\"ListItem\",\"position\":2,\"name\":\"Eesti folkloristika aastapreemia\",\"item\":\"https:\/\/www.folklore.ee\/ars\/aastapreemia-saajad\/\"},{\"@type\":\"ListItem\",\"position\":3,\"name\":\"2023 \u2013 Anastasiya Astapova\"}]},{\"@type\":\"WebSite\",\"@id\":\"https:\/\/www.folklore.ee\/ars\/#website\",\"url\":\"https:\/\/www.folklore.ee\/ars\/\",\"name\":\"Akadeemiline Rahvaluule Selts\",\"description\":\"Folkloristide, \u00fcli\u00f5pilaste ja k\u00f5igi rahvaluulest huvitatute \u00fchendus, mis aitab kaasa rahvaluule kogumisele, tutvustamisele, uurimisele ja publitseerimisele.\",\"potentialAction\":[{\"@type\":\"SearchAction\",\"target\":{\"@type\":\"EntryPoint\",\"urlTemplate\":\"https:\/\/www.folklore.ee\/ars\/?s={search_term_string}\"},\"query-input\":\"required name=search_term_string\"}],\"inLanguage\":\"en-US\"}]}<\/script>\n<!-- \/ Yoast SEO plugin. -->","yoast_head_json":{"title":"2023 \u2013 Anastasiya Astapova | Akadeemiline Rahvaluule Selts","robots":{"index":"index","follow":"follow","max-snippet":"max-snippet:-1","max-image-preview":"max-image-preview:large","max-video-preview":"max-video-preview:-1"},"canonical":"https:\/\/www.folklore.ee\/ars\/aastapreemia-saajad\/2023-anastasiya-astapova\/","og_locale":"en_US","og_type":"article","og_title":"2023 \u2013 Anastasiya Astapova | Akadeemiline Rahvaluule Selts","og_description":"2023. aasta Eesti folkloristika aastapreemia laureaat on Anastasiya Astapova 2023. aasta Eesti folkloristika aastapreemia otsustati anda Tartu \u00dclikooli folkloristika kaasprofessorile Anastasiya Astapovale. \u017d\u00fcrii t\u00f5stis esile, et Anastasiya Astapova on rahvusvaheliselt tunnustatud, viljakas teadlane, kes laiendab folkloristikateaduse piire nii Eestis kui v\u00e4ljaspool seda.Anastasiya Astapova s\u00fcnteesib oma uurimustes loovalt folkloristika, huumoriuuringute ja sotsiaalteaduste meetodeid, anal\u00fc\u00fcsides ja m\u00f5testades [&hellip;]","og_url":"https:\/\/www.folklore.ee\/ars\/aastapreemia-saajad\/2023-anastasiya-astapova\/","og_site_name":"Akadeemiline Rahvaluule Selts","twitter_card":"summary_large_image","twitter_misc":{"Est. reading time":"2 minutes"},"schema":{"@context":"https:\/\/schema.org","@graph":[{"@type":"WebPage","@id":"https:\/\/www.folklore.ee\/ars\/aastapreemia-saajad\/2023-anastasiya-astapova\/","url":"https:\/\/www.folklore.ee\/ars\/aastapreemia-saajad\/2023-anastasiya-astapova\/","name":"2023 \u2013 Anastasiya Astapova | Akadeemiline Rahvaluule Selts","isPartOf":{"@id":"https:\/\/www.folklore.ee\/ars\/#website"},"datePublished":"2023-09-11T10:03:14+00:00","dateModified":"2023-09-11T10:03:14+00:00","breadcrumb":{"@id":"https:\/\/www.folklore.ee\/ars\/aastapreemia-saajad\/2023-anastasiya-astapova\/#breadcrumb"},"inLanguage":"en-US","potentialAction":[{"@type":"ReadAction","target":["https:\/\/www.folklore.ee\/ars\/aastapreemia-saajad\/2023-anastasiya-astapova\/"]}]},{"@type":"BreadcrumbList","@id":"https:\/\/www.folklore.ee\/ars\/aastapreemia-saajad\/2023-anastasiya-astapova\/#breadcrumb","itemListElement":[{"@type":"ListItem","position":1,"name":"Avaleht","item":"https:\/\/www.folklore.ee\/ars\/"},{"@type":"ListItem","position":2,"name":"Eesti folkloristika aastapreemia","item":"https:\/\/www.folklore.ee\/ars\/aastapreemia-saajad\/"},{"@type":"ListItem","position":3,"name":"2023 \u2013 Anastasiya Astapova"}]},{"@type":"WebSite","@id":"https:\/\/www.folklore.ee\/ars\/#website","url":"https:\/\/www.folklore.ee\/ars\/","name":"Akadeemiline Rahvaluule Selts","description":"Folkloristide, \u00fcli\u00f5pilaste ja k\u00f5igi rahvaluulest huvitatute \u00fchendus, mis aitab kaasa rahvaluule kogumisele, tutvustamisele, uurimisele ja publitseerimisele.","potentialAction":[{"@type":"SearchAction","target":{"@type":"EntryPoint","urlTemplate":"https:\/\/www.folklore.ee\/ars\/?s={search_term_string}"},"query-input":"required name=search_term_string"}],"inLanguage":"en-US"}]}},"_links":{"self":[{"href":"https:\/\/www.folklore.ee\/ars\/wp-json\/wp\/v2\/pages\/327","targetHints":{"allow":["GET"]}}],"collection":[{"href":"https:\/\/www.folklore.ee\/ars\/wp-json\/wp\/v2\/pages"}],"about":[{"href":"https:\/\/www.folklore.ee\/ars\/wp-json\/wp\/v2\/types\/page"}],"author":[{"embeddable":true,"href":"https:\/\/www.folklore.ee\/ars\/wp-json\/wp\/v2\/users\/1"}],"replies":[{"embeddable":true,"href":"https:\/\/www.folklore.ee\/ars\/wp-json\/wp\/v2\/comments?post=327"}],"version-history":[{"count":1,"href":"https:\/\/www.folklore.ee\/ars\/wp-json\/wp\/v2\/pages\/327\/revisions"}],"predecessor-version":[{"id":328,"href":"https:\/\/www.folklore.ee\/ars\/wp-json\/wp\/v2\/pages\/327\/revisions\/328"}],"up":[{"embeddable":true,"href":"https:\/\/www.folklore.ee\/ars\/wp-json\/wp\/v2\/pages\/149"}],"wp:attachment":[{"href":"https:\/\/www.folklore.ee\/ars\/wp-json\/wp\/v2\/media?parent=327"}],"curies":[{"name":"wp","href":"https:\/\/api.w.org\/{rel}","templated":true}]}}