{"id":287,"date":"2023-08-21T10:37:32","date_gmt":"2023-08-21T10:37:32","guid":{"rendered":"http:\/\/localhost\/ars\/?page_id=287"},"modified":"2023-09-26T07:40:53","modified_gmt":"2023-09-26T07:40:53","slug":"muistendid-tekstiilis","status":"publish","type":"page","link":"https:\/\/www.folklore.ee\/ars\/galerii\/muistendid-tekstiilis\/","title":{"rendered":"P\u00f5lva kihelkonna muistendid tekstiilis"},"content":{"rendered":"\n<p class=\"has-text-align-center\"><strong>Alar Madissoni fotod n\u00e4itusest<\/strong><\/p>\n\n\n\n<style id=\"bwg-style-0\">      #bwg_container1_0 #bwg_container2_0 #bwg_mosaic_thumbnails_div_0 {        width: 100%;        position: relative;        background-color: rgba(255, 255, 255, 0.00);        text-align: center;        justify-content: center;                  margin-left: auto;          margin-right: auto;                    padding-left: 2px;          padding-top: 2px;                }          #bwg_container1_0 #bwg_container2_0 .bwg_mosaic_thumb_spun_0 {        display: block;        position: absolute;\t\t\t\tborder-radius: 0;\t\t\t\tborder: 0px none #CCCCCC;    \t\t    \t\tbackground-color:rgba(0,0,0, 0.30);        -moz-box-sizing: content-box !important;        -webkit-box-sizing: content-box !important;        box-sizing: content-box !important;      }\t\t\t#bwg_container1_0 #bwg_container2_0 .bwg_mosaic_thumb_0 {\t\t\t\tdisplay: block;\t\t\t\t-moz-box-sizing: content-box !important;\t\t\t\t-webkit-box-sizing: content-box !important;\t\t\t\tbox-sizing: content-box !important;\t\t\t\tmargin: 0;\t\t\t\topacity: 1.00;\t\t\t}      #bwg_container1_0 #bwg_container2_0 .bwg_mosaic_thumb_spun_0:hover {        opacity: 1;        backface-visibility: hidden;        -webkit-backface-visibility: hidden;        -moz-backface-visibility: hidden;        -ms-backface-visibility: hidden;        z-index: 102;      }\t     @media only screen and (min-width: 480px) {\t\t#bwg_container1_0 #bwg_container2_0 .bwg-container-0.bwg-mosaic-thumbnails .bwg-item0 img {\t\t\t-webkit-transition: -webkit-transform .3s; transition: transform .3s;\t\t}\t\t#bwg_container1_0 #bwg_container2_0 .bwg-container-0.bwg-mosaic-thumbnails .bwg-item0 img:hover {\t\t\t-ms-transform: scale(1.08);\t\t\t-webkit-transform: scale(1.08);\t\t\ttransform: scale(1.08);\t\t}\t\t      }\t      #bwg_container1_0 #bwg_container2_0 .bwg_mosaic_thumbnails_0 {        background-color: rgba(255, 255, 255, 0.00);        font-size: 0;        position: relative;        text-align: center;        display: inline-block;        visibility: hidden;              }\t  \/*image title styles*\/      #bwg_container1_0 #bwg_container2_0 .bwg_mosaic_title_spun1_0,      #bwg_container1_0 #bwg_container2_0 .bwg-mosaic-thumbnails .bwg_ecommerce_spun1_0 {        position: absolute;        display: block;        opacity: 0;        box-sizing: border-box;        text-align: center;\t\t\t\ttop: 50%;\t\t\t\tleft: 50%;\t\t\t\ttransform: translate(-50%, -50%);      }      #bwg_container1_0 #bwg_container2_0 .bwg-mosaic-thumbnails .bwg_mosaic_title_spun2_0,      #bwg_container1_0 #bwg_container2_0 .bwg-mosaic-thumbnails .bwg_ecommerce_spun2_0 {\t\t    color: #323A45;        font-family: Ubuntu;        font-size: 16px;        font-weight: bold;        text-shadow: ;        vertical-align: middle;        word-wrap: break-word;      }            .bwg_mosaic_play_icon_spun_0 {        display: table;        position: absolute;        left: -10000px;        top: 0px;        opacity: 0;      }      .bwg_mosaic_play_icon_0 {        color: #323A45;        font-size: 32px;        vertical-align: middle;        display: table-cell !important;        z-index: 1;        text-align: center;        margin: 0 auto;      }      #bwg_container1_0 #bwg_container2_0 .bwg_gal_title_0 {        background-color: rgba(0, 0, 0, 0);        color: #323A45;        display: block;        font-family: Ubuntu;        font-size: 16px;        font-weight: bold;        padding: 2px;        text-shadow: ;        text-align: center;      }            @media screen and (max-width: 350px) {      div[class^=\"bwg_mosaic_thumbnails_\"],      span[class^=\"bwg_mosaic_thumb_spun_\"] {      width: 100% !important;      }      img[class^=\"bwg_mosaic_thumb_\"] {      width: 100% !important;      height: auto !important;      margin: 0px auto !important;      }      }      <\/style>    <div id=\"bwg_container1_0\"         class=\"bwg_container bwg_thumbnail bwg_thumbnails_mosaic \"         data-right-click-protection=\"0\"         data-bwg=\"0\"         data-scroll=\"0\"         data-gallery-type=\"thumbnails_mosaic\"         data-gallery-view-type=\"thumbnails_mosaic\"         data-current-url=\"\/ars\/wp-json\/wp\/v2\/pages\/287\"         data-lightbox-url=\"https:\/\/www.folklore.ee\/ars\/wp-admin\/admin-ajax.php?action=GalleryBox&#038;current_view=0&#038;gallery_id=1&#038;tag=0&#038;theme_id=1&#038;shortcode_id=2&#038;sort_by=order&#038;order_by=asc&#038;current_url=%2Fars%2Fwp-json%2Fwp%2Fv2%2Fpages%2F287\"         data-gallery-id=\"1\"         data-popup-width=\"800\"         data-popup-height=\"500\"         data-is-album=\"gallery\"         data-buttons-position=\"bottom\">      <div id=\"bwg_container2_0\">             <div id=\"ajax_loading_0\" class=\"bwg_loading_div_1\">      <div class=\"bwg_loading_div_2\">        <div class=\"bwg_loading_div_3\">          <div id=\"loading_div_0\" class=\"bwg_spider_ajax_loading\">          <\/div>        <\/div>      <\/div>    <\/div>            <form id=\"gal_front_form_0\"              class=\"bwg-hidden\"              method=\"post\"              action=\"#\"              data-current=\"0\"              data-shortcode-id=\"2\"              data-gallery-type=\"thumbnails_mosaic\"              data-gallery-id=\"1\"              data-tag=\"0\"              data-album-id=\"0\"              data-theme-id=\"1\"              data-ajax-url=\"https:\/\/www.folklore.ee\/ars\/wp-admin\/admin-ajax.php?action=bwg_frontend_data\">          <div id=\"bwg_container3_0\" class=\"bwg-background bwg-background-0\">                <div id=\"bwg_mosaic_thumbnails_div_0\"         class=\"bwg-container-0 bwg-container bwg-mosaic-thumbnails\"         data-bwg=\"0\"         data-mosaic-direction=\"vertical\"         data-resizable=\"0\"         data-width=\"250\"         data-height=\"250\"         data-total-width=\"100\"         data-block-id=\"bwg_thumbnails_mosaic_0\"         data-thumb-padding=\"2\"         data-thumb-border=\"0\"         data-title-margin=\"2px\"         data-image-title=\"none\"         data-play-icon=\"0\"         data-ecommerce-icon=\"none\"         data-gallery-id=\"1\"         data-lightbox-url=\"https:\/\/www.folklore.ee\/ars\/wp-admin\/admin-ajax.php?action=GalleryBox&#038;current_view=0&#038;gallery_id=1&#038;tag=0&#038;theme_id=1&#038;shortcode_id=2&#038;sort_by=order&#038;order_by=asc&#038;current_url=%2Fars%2Fwp-json%2Fwp%2Fv2%2Fpages%2F287\"         data-mosaic-thumb-transition=\"1\"         style=\"visibility: hidden\" >      <div id=\"bwg_thumbnails_mosaic_0\" class=\"bwg_mosaic_thumbnails_0\">                  <a  class=\"bwg-a bwg_lightbox bwg_lightbox_0\" href=\"https:\/\/www.folklore.ee\/ars\/wp-content\/uploads\/photo-gallery\/DSC3424.jpg?bwg=1692614039\" data-image-id=\"1\" data-elementor-open-lightbox=\"no\">          <div class=\"bwg_mosaic_thumb_spun_0 bwg-item0 bwg-mosaic-thumb-span \">            <img decoding=\"async\" class=\"bwg_mosaic_thumb_0 skip-lazy bwg_img_clear bwg_img_custom \"                 id=\"1\"                 src=\"https:\/\/www.folklore.ee\/ars\/wp-content\/uploads\/photo-gallery\/thumb\/DSC3424.jpg?bwg=1692614039\"                 data-src=\"https:\/\/www.folklore.ee\/ars\/wp-content\/uploads\/photo-gallery\/thumb\/DSC3424.jpg?bwg=1692614039\"                 data-width=\"500.00\"                 data-height=\"333.00\"                 alt=\"DSC3424\"                 title=\"DSC3424\" \/>                      <\/div>        <\/a>                <a  class=\"bwg-a bwg_lightbox bwg_lightbox_0\" href=\"https:\/\/www.folklore.ee\/ars\/wp-content\/uploads\/photo-gallery\/DSC3426.jpg?bwg=1692614039\" data-image-id=\"2\" data-elementor-open-lightbox=\"no\">          <div class=\"bwg_mosaic_thumb_spun_0 bwg-item0 bwg-mosaic-thumb-span \">            <img decoding=\"async\" class=\"bwg_mosaic_thumb_0 skip-lazy bwg_img_clear bwg_img_custom \"                 id=\"2\"                 src=\"https:\/\/www.folklore.ee\/ars\/wp-content\/uploads\/photo-gallery\/thumb\/DSC3426.jpg?bwg=1692614039\"                 data-src=\"https:\/\/www.folklore.ee\/ars\/wp-content\/uploads\/photo-gallery\/thumb\/DSC3426.jpg?bwg=1692614039\"                 data-width=\"333.00\"                 data-height=\"500.00\"                 alt=\"DSC3426\"                 title=\"DSC3426\" \/>                      <\/div>        <\/a>                <a  class=\"bwg-a bwg_lightbox bwg_lightbox_0\" href=\"https:\/\/www.folklore.ee\/ars\/wp-content\/uploads\/photo-gallery\/DSC3428.jpg?bwg=1692614039\" data-image-id=\"3\" data-elementor-open-lightbox=\"no\">          <div class=\"bwg_mosaic_thumb_spun_0 bwg-item0 bwg-mosaic-thumb-span \">            <img decoding=\"async\" class=\"bwg_mosaic_thumb_0 skip-lazy bwg_img_clear bwg_img_custom \"                 id=\"3\"                 src=\"https:\/\/www.folklore.ee\/ars\/wp-content\/uploads\/photo-gallery\/thumb\/DSC3428.jpg?bwg=1692614039\"                 data-src=\"https:\/\/www.folklore.ee\/ars\/wp-content\/uploads\/photo-gallery\/thumb\/DSC3428.jpg?bwg=1692614039\"                 data-width=\"333.00\"                 data-height=\"500.00\"                 alt=\"DSC3428\"                 title=\"DSC3428\" \/>                      <\/div>        <\/a>                <a  class=\"bwg-a bwg_lightbox bwg_lightbox_0\" href=\"https:\/\/www.folklore.ee\/ars\/wp-content\/uploads\/photo-gallery\/DSC3427.jpg?bwg=1692614039\" data-image-id=\"4\" data-elementor-open-lightbox=\"no\">          <div class=\"bwg_mosaic_thumb_spun_0 bwg-item0 bwg-mosaic-thumb-span \">            <img decoding=\"async\" class=\"bwg_mosaic_thumb_0 skip-lazy bwg_img_clear bwg_img_custom \"                 id=\"4\"                 src=\"https:\/\/www.folklore.ee\/ars\/wp-content\/uploads\/photo-gallery\/thumb\/DSC3427.jpg?bwg=1692614039\"                 data-src=\"https:\/\/www.folklore.ee\/ars\/wp-content\/uploads\/photo-gallery\/thumb\/DSC3427.jpg?bwg=1692614039\"                 data-width=\"333.00\"                 data-height=\"500.00\"                 alt=\"DSC3427\"                 title=\"DSC3427\" \/>                      <\/div>        <\/a>                <a  class=\"bwg-a bwg_lightbox bwg_lightbox_0\" href=\"https:\/\/www.folklore.ee\/ars\/wp-content\/uploads\/photo-gallery\/DSC3430.jpg?bwg=1692614039\" data-image-id=\"5\" data-elementor-open-lightbox=\"no\">          <div class=\"bwg_mosaic_thumb_spun_0 bwg-item0 bwg-mosaic-thumb-span \">            <img decoding=\"async\" class=\"bwg_mosaic_thumb_0 skip-lazy bwg_img_clear bwg_img_custom \"                 id=\"5\"                 src=\"https:\/\/www.folklore.ee\/ars\/wp-content\/uploads\/photo-gallery\/thumb\/DSC3430.jpg?bwg=1692614039\"                 data-src=\"https:\/\/www.folklore.ee\/ars\/wp-content\/uploads\/photo-gallery\/thumb\/DSC3430.jpg?bwg=1692614039\"                 data-width=\"333.00\"                 data-height=\"500.00\"                 alt=\"DSC3430\"                 title=\"DSC3430\" \/>                      <\/div>        <\/a>                <a  class=\"bwg-a bwg_lightbox bwg_lightbox_0\" href=\"https:\/\/www.folklore.ee\/ars\/wp-content\/uploads\/photo-gallery\/DSC3446.jpg?bwg=1692614039\" data-image-id=\"6\" data-elementor-open-lightbox=\"no\">          <div class=\"bwg_mosaic_thumb_spun_0 bwg-item0 bwg-mosaic-thumb-span \">            <img decoding=\"async\" class=\"bwg_mosaic_thumb_0 skip-lazy bwg_img_clear bwg_img_custom \"                 id=\"6\"                 src=\"https:\/\/www.folklore.ee\/ars\/wp-content\/uploads\/photo-gallery\/thumb\/DSC3446.jpg?bwg=1692614039\"                 data-src=\"https:\/\/www.folklore.ee\/ars\/wp-content\/uploads\/photo-gallery\/thumb\/DSC3446.jpg?bwg=1692614039\"                 data-width=\"500.00\"                 data-height=\"333.00\"                 alt=\"DSC3446\"                 title=\"DSC3446\" \/>                      <\/div>        <\/a>                <a  class=\"bwg-a bwg_lightbox bwg_lightbox_0\" href=\"https:\/\/www.folklore.ee\/ars\/wp-content\/uploads\/photo-gallery\/DSC3436.jpg?bwg=1692614039\" data-image-id=\"7\" data-elementor-open-lightbox=\"no\">          <div class=\"bwg_mosaic_thumb_spun_0 bwg-item0 bwg-mosaic-thumb-span \">            <img decoding=\"async\" class=\"bwg_mosaic_thumb_0 skip-lazy bwg_img_clear bwg_img_custom \"                 id=\"7\"                 src=\"https:\/\/www.folklore.ee\/ars\/wp-content\/uploads\/photo-gallery\/thumb\/DSC3436.jpg?bwg=1692614039\"                 data-src=\"https:\/\/www.folklore.ee\/ars\/wp-content\/uploads\/photo-gallery\/thumb\/DSC3436.jpg?bwg=1692614039\"                 data-width=\"500.00\"                 data-height=\"333.00\"                 alt=\"DSC3436\"                 title=\"DSC3436\" \/>                      <\/div>        <\/a>                <a  class=\"bwg-a bwg_lightbox bwg_lightbox_0\" href=\"https:\/\/www.folklore.ee\/ars\/wp-content\/uploads\/photo-gallery\/DSC3433.jpg?bwg=1692614039\" data-image-id=\"8\" data-elementor-open-lightbox=\"no\">          <div class=\"bwg_mosaic_thumb_spun_0 bwg-item0 bwg-mosaic-thumb-span \">            <img decoding=\"async\" class=\"bwg_mosaic_thumb_0 skip-lazy bwg_img_clear bwg_img_custom \"                 id=\"8\"                 src=\"https:\/\/www.folklore.ee\/ars\/wp-content\/uploads\/photo-gallery\/thumb\/DSC3433.jpg?bwg=1692614039\"                 data-src=\"https:\/\/www.folklore.ee\/ars\/wp-content\/uploads\/photo-gallery\/thumb\/DSC3433.jpg?bwg=1692614039\"                 data-width=\"333.00\"                 data-height=\"500.00\"                 alt=\"DSC3433\"                 title=\"DSC3433\" \/>                      <\/div>        <\/a>                <a  class=\"bwg-a bwg_lightbox bwg_lightbox_0\" href=\"https:\/\/www.folklore.ee\/ars\/wp-content\/uploads\/photo-gallery\/DSC3434.jpg?bwg=1692614039\" data-image-id=\"9\" data-elementor-open-lightbox=\"no\">          <div class=\"bwg_mosaic_thumb_spun_0 bwg-item0 bwg-mosaic-thumb-span \">            <img decoding=\"async\" class=\"bwg_mosaic_thumb_0 skip-lazy bwg_img_clear bwg_img_custom \"                 id=\"9\"                 src=\"https:\/\/www.folklore.ee\/ars\/wp-content\/uploads\/photo-gallery\/thumb\/DSC3434.jpg?bwg=1692614039\"                 data-src=\"https:\/\/www.folklore.ee\/ars\/wp-content\/uploads\/photo-gallery\/thumb\/DSC3434.jpg?bwg=1692614039\"                 data-width=\"333.00\"                 data-height=\"500.00\"                 alt=\"DSC3434\"                 title=\"DSC3434\" \/>                      <\/div>        <\/a>            <\/div>    <\/div>              <\/div>        <\/form>        <style>          #bwg_container1_0 #bwg_container2_0 #spider_popup_overlay_0 {          background-color: #EEEEEE;          opacity: 0.60;          }          <\/style>        <div id=\"bwg_spider_popup_loading_0\" class=\"bwg_spider_popup_loading\"><\/div>        <div id=\"spider_popup_overlay_0\" class=\"spider_popup_overlay\" onclick=\"spider_destroypopup(1000)\"><\/div>        <input type=\"hidden\" id=\"bwg_random_seed_0\" value=\"578459874\">                <\/div>    <\/div>    <script>      if (document.readyState === 'complete') {        if( typeof bwg_main_ready == 'function' ) {          if ( jQuery(\"#bwg_container1_0\").height() ) {            bwg_main_ready(jQuery(\"#bwg_container1_0\"));          }        }      } else {        document.addEventListener('DOMContentLoaded', function() {          if( typeof bwg_main_ready == 'function' ) {            if ( jQuery(\"#bwg_container1_0\").height() ) {             bwg_main_ready(jQuery(\"#bwg_container1_0\"));            }          }        });      }    <\/script>    \n","protected":false},"excerpt":{"rendered":"<p>Alar Madissoni fotod n\u00e4itusest<\/p>\n","protected":false},"author":1,"featured_media":0,"parent":458,"menu_order":0,"comment_status":"closed","ping_status":"closed","template":"","meta":{"footnotes":""},"class_list":["post-287","page","type-page","status-publish","hentry"],"yoast_head":"<!-- This site is optimized with the Yoast SEO plugin v20.12 - https:\/\/yoast.com\/wordpress\/plugins\/seo\/ -->\n<title>P\u00f5lva kihelkonna muistendid tekstiilis | Akadeemiline Rahvaluule Selts<\/title>\n<meta name=\"robots\" content=\"index, follow, max-snippet:-1, max-image-preview:large, max-video-preview:-1\" \/>\n<link rel=\"canonical\" href=\"https:\/\/www.folklore.ee\/ars\/galerii\/muistendid-tekstiilis\/\" \/>\n<meta property=\"og:locale\" content=\"en_US\" \/>\n<meta property=\"og:type\" content=\"article\" \/>\n<meta property=\"og:title\" content=\"P\u00f5lva kihelkonna muistendid tekstiilis | Akadeemiline Rahvaluule Selts\" \/>\n<meta property=\"og:description\" content=\"Alar Madissoni fotod n\u00e4itusest\" \/>\n<meta property=\"og:url\" content=\"https:\/\/www.folklore.ee\/ars\/galerii\/muistendid-tekstiilis\/\" \/>\n<meta property=\"og:site_name\" content=\"Akadeemiline Rahvaluule Selts\" \/>\n<meta property=\"article:modified_time\" content=\"2023-09-26T07:40:53+00:00\" \/>\n<meta name=\"twitter:card\" content=\"summary_large_image\" \/>\n<meta name=\"twitter:label1\" content=\"Est. reading time\" \/>\n\t<meta name=\"twitter:data1\" content=\"1 minute\" \/>\n<script type=\"application\/ld+json\" class=\"yoast-schema-graph\">{\"@context\":\"https:\/\/schema.org\",\"@graph\":[{\"@type\":\"WebPage\",\"@id\":\"https:\/\/www.folklore.ee\/ars\/galerii\/muistendid-tekstiilis\/\",\"url\":\"https:\/\/www.folklore.ee\/ars\/galerii\/muistendid-tekstiilis\/\",\"name\":\"P\u00f5lva kihelkonna muistendid tekstiilis | Akadeemiline Rahvaluule Selts\",\"isPartOf\":{\"@id\":\"https:\/\/www.folklore.ee\/ars\/#website\"},\"datePublished\":\"2023-08-21T10:37:32+00:00\",\"dateModified\":\"2023-09-26T07:40:53+00:00\",\"breadcrumb\":{\"@id\":\"https:\/\/www.folklore.ee\/ars\/galerii\/muistendid-tekstiilis\/#breadcrumb\"},\"inLanguage\":\"en-US\",\"potentialAction\":[{\"@type\":\"ReadAction\",\"target\":[\"https:\/\/www.folklore.ee\/ars\/galerii\/muistendid-tekstiilis\/\"]}]},{\"@type\":\"BreadcrumbList\",\"@id\":\"https:\/\/www.folklore.ee\/ars\/galerii\/muistendid-tekstiilis\/#breadcrumb\",\"itemListElement\":[{\"@type\":\"ListItem\",\"position\":1,\"name\":\"Avaleht\",\"item\":\"https:\/\/www.folklore.ee\/ars\/\"},{\"@type\":\"ListItem\",\"position\":2,\"name\":\"Galerii\",\"item\":\"https:\/\/www.folklore.ee\/ars\/galerii\/\"},{\"@type\":\"ListItem\",\"position\":3,\"name\":\"P\u00f5lva kihelkonna muistendid tekstiilis\"}]},{\"@type\":\"WebSite\",\"@id\":\"https:\/\/www.folklore.ee\/ars\/#website\",\"url\":\"https:\/\/www.folklore.ee\/ars\/\",\"name\":\"Akadeemiline Rahvaluule Selts\",\"description\":\"Folkloristide, \u00fcli\u00f5pilaste ja k\u00f5igi rahvaluulest huvitatute \u00fchendus, mis aitab kaasa rahvaluule kogumisele, tutvustamisele, uurimisele ja publitseerimisele.\",\"potentialAction\":[{\"@type\":\"SearchAction\",\"target\":{\"@type\":\"EntryPoint\",\"urlTemplate\":\"https:\/\/www.folklore.ee\/ars\/?s={search_term_string}\"},\"query-input\":\"required name=search_term_string\"}],\"inLanguage\":\"en-US\"}]}<\/script>\n<!-- \/ Yoast SEO plugin. -->","yoast_head_json":{"title":"P\u00f5lva kihelkonna muistendid tekstiilis | Akadeemiline Rahvaluule Selts","robots":{"index":"index","follow":"follow","max-snippet":"max-snippet:-1","max-image-preview":"max-image-preview:large","max-video-preview":"max-video-preview:-1"},"canonical":"https:\/\/www.folklore.ee\/ars\/galerii\/muistendid-tekstiilis\/","og_locale":"en_US","og_type":"article","og_title":"P\u00f5lva kihelkonna muistendid tekstiilis | Akadeemiline Rahvaluule Selts","og_description":"Alar Madissoni fotod n\u00e4itusest","og_url":"https:\/\/www.folklore.ee\/ars\/galerii\/muistendid-tekstiilis\/","og_site_name":"Akadeemiline Rahvaluule Selts","article_modified_time":"2023-09-26T07:40:53+00:00","twitter_card":"summary_large_image","twitter_misc":{"Est. reading time":"1 minute"},"schema":{"@context":"https:\/\/schema.org","@graph":[{"@type":"WebPage","@id":"https:\/\/www.folklore.ee\/ars\/galerii\/muistendid-tekstiilis\/","url":"https:\/\/www.folklore.ee\/ars\/galerii\/muistendid-tekstiilis\/","name":"P\u00f5lva kihelkonna muistendid tekstiilis | Akadeemiline Rahvaluule Selts","isPartOf":{"@id":"https:\/\/www.folklore.ee\/ars\/#website"},"datePublished":"2023-08-21T10:37:32+00:00","dateModified":"2023-09-26T07:40:53+00:00","breadcrumb":{"@id":"https:\/\/www.folklore.ee\/ars\/galerii\/muistendid-tekstiilis\/#breadcrumb"},"inLanguage":"en-US","potentialAction":[{"@type":"ReadAction","target":["https:\/\/www.folklore.ee\/ars\/galerii\/muistendid-tekstiilis\/"]}]},{"@type":"BreadcrumbList","@id":"https:\/\/www.folklore.ee\/ars\/galerii\/muistendid-tekstiilis\/#breadcrumb","itemListElement":[{"@type":"ListItem","position":1,"name":"Avaleht","item":"https:\/\/www.folklore.ee\/ars\/"},{"@type":"ListItem","position":2,"name":"Galerii","item":"https:\/\/www.folklore.ee\/ars\/galerii\/"},{"@type":"ListItem","position":3,"name":"P\u00f5lva kihelkonna muistendid tekstiilis"}]},{"@type":"WebSite","@id":"https:\/\/www.folklore.ee\/ars\/#website","url":"https:\/\/www.folklore.ee\/ars\/","name":"Akadeemiline Rahvaluule Selts","description":"Folkloristide, \u00fcli\u00f5pilaste ja k\u00f5igi rahvaluulest huvitatute \u00fchendus, mis aitab kaasa rahvaluule kogumisele, tutvustamisele, uurimisele ja publitseerimisele.","potentialAction":[{"@type":"SearchAction","target":{"@type":"EntryPoint","urlTemplate":"https:\/\/www.folklore.ee\/ars\/?s={search_term_string}"},"query-input":"required name=search_term_string"}],"inLanguage":"en-US"}]}},"_links":{"self":[{"href":"https:\/\/www.folklore.ee\/ars\/wp-json\/wp\/v2\/pages\/287","targetHints":{"allow":["GET"]}}],"collection":[{"href":"https:\/\/www.folklore.ee\/ars\/wp-json\/wp\/v2\/pages"}],"about":[{"href":"https:\/\/www.folklore.ee\/ars\/wp-json\/wp\/v2\/types\/page"}],"author":[{"embeddable":true,"href":"https:\/\/www.folklore.ee\/ars\/wp-json\/wp\/v2\/users\/1"}],"replies":[{"embeddable":true,"href":"https:\/\/www.folklore.ee\/ars\/wp-json\/wp\/v2\/comments?post=287"}],"version-history":[{"count":4,"href":"https:\/\/www.folklore.ee\/ars\/wp-json\/wp\/v2\/pages\/287\/revisions"}],"predecessor-version":[{"id":464,"href":"https:\/\/www.folklore.ee\/ars\/wp-json\/wp\/v2\/pages\/287\/revisions\/464"}],"up":[{"embeddable":true,"href":"https:\/\/www.folklore.ee\/ars\/wp-json\/wp\/v2\/pages\/458"}],"wp:attachment":[{"href":"https:\/\/www.folklore.ee\/ars\/wp-json\/wp\/v2\/media?parent=287"}],"curies":[{"name":"wp","href":"https:\/\/api.w.org\/{rel}","templated":true}]}}