{"id":24,"date":"2023-07-25T13:51:03","date_gmt":"2023-07-25T13:51:03","guid":{"rendered":"http:\/\/localhost\/ars\/?page_id=24"},"modified":"2023-07-28T08:14:31","modified_gmt":"2023-07-28T08:14:31","slug":"pohikiri","status":"publish","type":"page","link":"https:\/\/www.folklore.ee\/ars\/pohikiri\/","title":{"rendered":"P\u00f5hikiri"},"content":{"rendered":"\n<p><strong>I \u00dclds\u00e4tted<\/strong><\/p>\n\n\n\n<p><strong>1.<\/strong> Seltsi nimetus on Akadeemiline Rahvaluule Selts, inglise keeles Academic Folklore Society. Selts on aastatel 1925\u20131940 tegutsenud Akadeemilise Rahvaluule Seltsi \u00f5igusj\u00e4rglane (asutatud 28.11.1925, taasasutatud 25.01.1996; sundl\u00f5petatud 15.06.1999; taasasutatud 27.01.2000).<\/p>\n\n\n\n<p><strong>2.<\/strong> Akadeemilise Rahvaluule Seltsi (edaspidi ARS) juhatuse asukoht: Eesti Vabariik, Tartu linn, Vanemuise 42.<\/p>\n\n\n\n<p><strong>3.<\/strong> ARS on mittetulundus\u00fching, mille eesm\u00e4rk on kaasa aidata rahvaluule kogumisele, uurimisele ja tutvustamisele, kirjastada ja levitada rahvaluule-alaseid publikatsioone. Selts \u00fchendab nii oma algaastate kui hilisema Emakeele Seltsi rahvaluulesektsiooni (1966\u20131995) traditsioone ja kogemusi, koondades kutselisi folkloriste, \u00fcli\u00f5pilasi ja k\u00f5iki teisi folkloorist huvituvaid isikuid.<\/p>\n\n\n\n<p>Oma eesm\u00e4rkide t\u00e4itmiseks ARS<\/p>\n\n\n\n<p><strong>3.1.<\/strong> koondab liikmeid, kes oma tegevusega tahavad seltsi \u00fclesannete t\u00e4itmisest osa v\u00f5tta;<\/p>\n\n\n\n<p><strong>3.2.<\/strong> korraldab koosolekuid, seminare, konverentse, rahvaluulep\u00e4evi, rahvaluule kogumisv\u00f5istlusi jm \u00fcritusi ning annab v\u00e4lja rahvaluule-alaseid publikatsioone jm materjale;<\/p>\n\n\n\n<p><strong>3.3.<\/strong> teeb koost\u00f6\u00f6d teiste seltside, teadusasutuste ja k\u00f5rgkoolidega kodu- ja v\u00e4lismaal.<\/p>\n\n\n\n<p><strong>4.<\/strong> ARS on juriidiline isik k\u00f5igi sellest tulenevate \u00f5iguste ja kohustustega. Seltsi \u00fcldkoosoleku n\u00f5usolekul v\u00f5ib moodustada ARS-i sektsioone.<\/p>\n\n\n\n<p><strong>5. <\/strong>ARS-il on oma logo, pitsat, kirjablankett ja pangaarve. ARS-i logol on hoburauds\u00f5lg ning tekst Akadeemiline Rahvaluule Selts, pitsatil kordub hoburauds\u00f5le kujund, selle \u00fcmber tekst Akadeemiline Rahvaluule Selts.<\/p>\n\n\n\n<p><strong>6. <\/strong>ARS juhindub oma tegevuses mittetulundus\u00fchingute ja nende liitude seadusest, teistest Eesti Vabariigi territooriumil kehtivatest normatiivaktidest ning k\u00e4esolevast p\u00f5hikirjast.<\/p>\n\n\n\n<p><strong>II Liikmed<\/strong><\/p>\n\n\n\n<p><strong>7. <\/strong>ARS-il on tegevliikmed, toetajaliikmed ja auliikmed.<\/p>\n\n\n\n<p><strong>7.1. <\/strong>ARS-i tegevliikmeteks on f\u00fc\u00fcsilised isikud, kes oma tegevusega aitavad kaasa ARS-i eesm\u00e4rkide saavutamisele.<\/p>\n\n\n\n<p><strong>7.2.<\/strong> ARS-i auliikmeteks on f\u00fc\u00fcsilised isikud, kelle teened rahvaluule uurimisel, kogumisel ja tutvustamisel on eriti silmapaistvad.<\/p>\n\n\n\n<p><strong>7.3.<\/strong> ARS-i toetajaliikmeks on f\u00fc\u00fcsilised v\u00f5i juriidilised isikud, kes oma liikmemaksuga v\u00f5i m\u00f5nel muul viisil ARS-i toetavad.<\/p>\n\n\n\n<p><strong>8.<\/strong> Liikmeks vastuv\u00f5tmine ja seltsist v\u00e4ljaarvamine.<\/p>\n\n\n\n<p><strong>8.1. <\/strong>ARS-i tegevliikme v\u00f5tab vastu juhatus kandidaadi kirjaliku avalduse p\u00f5hjal ja kahe liikme soovitusel.<\/p>\n\n\n\n<p><strong>8.2.<\/strong> ARS-i auliikme valib \u00fcldkoosolek kas seltsi juhatuse ettepanekul v\u00f5i v\u00e4hemalt viie tegevliikme kirjalikult p\u00f5hjendatud ettepanekul.<\/p>\n\n\n\n<p><strong>8.3.<\/strong> ARS-i toetajaliikme v\u00f5tab vastu \u00fcldkoosolek tema kirjaliku avalduse p\u00f5hjal juhatuse ettepanekul.<\/p>\n\n\n\n<p><strong>8.4.<\/strong> Liige arvatakse ARS-ist v\u00e4lja tema kirjaliku avalduse alusel. Liikmemaksu tasumata j\u00e4tmisel kolme aasta jooksul kustutatakse liige nimekirjast juhatuse otsusega, millest teatatakse j\u00e4rgmisel \u00fcldkoosolekul.<\/p>\n\n\n\n<p><strong>9.<\/strong> <strong>Liikmete \u00f5igused.<\/strong><\/p>\n\n\n\n<p><strong>9.1. <\/strong>ARS-i tegev- ja auliikmel on \u00f5igus v\u00f5tta osa ARS-i tegevusest, valida selle juht- ja kontrollorganeid ning v\u00f5tta h\u00e4\u00e4le\u00f5igusega osa \u00fcldkoosolekutest. Tegev- ja auliikmed v\u00f5ivad olla valitud mistahes ARS-i organitesse.<\/p>\n\n\n\n<p><strong>9.2.<\/strong> Toetajaliikmel on \u00f5igus ise v\u00f5i volitatud esindaja kauda osa v\u00f5tta \u00fcldkoosolekust s\u00f5na\u00f5igusega. Toetajaliikme poolt antud toetuse kasutamist ei saa otsustada ilma toetajaliikme v\u00f5i ta volitatud esindaja osav\u00f5tuta.<\/p>\n\n\n\n<p><strong>10.<\/strong> <strong>Liikmete kohustused.<\/strong><\/p>\n\n\n\n<p><strong>10.1. <\/strong>ARS-i tegevliikmed maksavad iga-aastast liikmemaksu \u00fcldkoosoleku poolt kindlaks m\u00e4\u00e4ratud suuruses. Erandjuhtudel v\u00f5ib juhatus liikmeid liikmemaksu tasumisest vabastada. \u00dcli\u00f5pilased ja pension\u00e4rid saavad liikmemaksusoodustusi.<\/p>\n\n\n\n<p><strong>10.2.<\/strong> ARS-i toetajaliikme liikmemaksu suurus m\u00e4\u00e4ratakse liikme v\u00f5i tema volitatud esindaja ja juhatuse l\u00e4bir\u00e4\u00e4kimistel. Toetajaliikme liikmemaksu miinimum on k\u00fcmme korda suurem tegevliikme liikmemaksusummast.<\/p>\n\n\n\n<p><strong>10.3.<\/strong> ARS-i auliige on liikmemaksust vabastatud.<\/p>\n\n\n\n<p><strong>III Organisatsioon<\/strong><\/p>\n\n\n\n<p><strong>11.<\/strong> ARS-i juhtorganid on \u00fcldkoosolek ja selle poolt valitud juhatus.<\/p>\n\n\n\n<p><strong>12.<\/strong> ARS-i k\u00f5rgeim organ on \u00fcldkoosolek, mis toimub v\u00e4hemalt \u00fcks kord aastas.<\/p>\n\n\n\n<p><strong>13. \u00dcldkoosolek<\/strong><\/p>\n\n\n\n<p><strong>13.1.<\/strong> Korralise \u00fcldkoosoleku kutsub kokku juhatus. \u00dcldkoosoleku aeg, koht ja p\u00e4evakord teatatakse liikmeile v\u00e4hemalt 7 p\u00e4eva enne \u00fcldkoosolekut. Erakorraline \u00fcldkoosolek kutsutakse kokku kas juhatuse v\u00f5i revisjonikomisjoni algatusel v\u00f5i v\u00e4hemalt 1\/3 tegevliikmete kirjalikul n\u00f5udmisel.<\/p>\n\n\n\n<p><strong>13.2. <\/strong>\u00dcldkoosolek on otsustusv\u00f5imeline s\u00f5ltumatult osav\u00f5tjate arvust, v\u00e4lja arvatud k\u00fcsimustes, mis k\u00e4sitlevad ARS-i tegevuse l\u00f5petamist v\u00f5i p\u00f5hikirja muutmist. Nende k\u00fcsimuste otsustamisel on vajalik v\u00e4hemalt poolte + \u00fche ARS-i h\u00e4\u00e4le\u00f5iguslike liikmete kohalviibimine v\u00f5i esindatus \u00fcldkoosolekul kas oma eelnevalt esitatud kirjaliku seisukoha v\u00f5i volitatud isiku kaudu.<\/p>\n\n\n\n<p><strong>13.3.<\/strong> \u00dcldkoosolek teeb otsused lihth\u00e4\u00e4lteenamusega.<\/p>\n\n\n\n<p><strong>13.4.<\/strong> \u00dcldkoosolekut juhatab ARS-i juhatuse liige, v\u00e4lja arvatud juhatuse ja revisjonikomisjoni valimise protseduur, mida juhatab koosoleku poolt valitud juhatusse mittekuuluv liige.<\/p>\n\n\n\n<p><strong>13.5.<\/strong> \u00dcldkoosolek kinnitab ARS-i p\u00f5hikirja ja selle muudatused ning t\u00e4iendused;<\/p>\n\n\n\n<p><strong>13.6. <\/strong>otsustab ARS-i p\u00f5hilisi organisatsioonilisi ja tegevust puudutavaid k\u00fcsimusi;<\/p>\n\n\n\n<p><strong>13.7. <\/strong>kinnitab kodukorra;<\/p>\n\n\n\n<p><strong>13.8. <\/strong>valib salajasel h\u00e4\u00e4letusel juhatuse ja revisjonikomisjoni ning viib l\u00e4bi muid valimisi vastavalt kodukorrale;<\/p>\n\n\n\n<p><strong>13.9. <\/strong>kuulab \u00e4ra ja kinnitab juhatuse ja revisjonikomisjoni aruanded;<\/p>\n\n\n\n<p><strong>13.10.<\/strong> m\u00e4\u00e4rab liikmemaksu suuruse ning seltsi rahaliste vahendite kasutamise;<\/p>\n\n\n\n<p><strong>13.11. <\/strong>kinnitab seltsi auliikmed;<\/p>\n\n\n\n<p><strong>13.12. <\/strong>otsustab ARS-i tegevuse l\u00f5petamise ja reorganiseerimisega seotud k\u00fcsimusi.<\/p>\n\n\n\n<p><strong>14. Juhatus<\/strong><\/p>\n\n\n\n<p><strong>14.1. <\/strong>ARS-i tegevuse juhtimiseks valib \u00fcldkoosolek kaheks aastaks 5-liikmelise juhatuse, kelle \u00f5igused on v\u00f5rdsed. Lubatud on juhatuse liikmete tagasikutsumine enne volituste l\u00f5ppt\u00e4htaja m\u00f6\u00f6dumist. Juhatuse liikmete \u00fclesanded on fikseeritud ARS-i kodukorras.<\/p>\n\n\n\n<p><strong>14.2.<\/strong> Juhatus tegutseb \u00fcldkoosolekult saadud volituste piires, l\u00e4htudes p\u00f5hikirjast, kodukorrast ja \u00fcldkoosoleku otsustest, ning on aruandekohustuslik \u00fcldkoosoleku ees.<\/p>\n\n\n\n<p><strong>14.3.<\/strong> Juhatuse koosolek on otsustusv\u00f5imeline, kui koos on v\u00e4hemalt kolm liiget. Juhatus otsustab k\u00fcsimusi lihth\u00e4\u00e4lteenamusega.<\/p>\n\n\n\n<p><strong>14.4.<\/strong> Allkirja\u00f5igus ARS-i nimel on k\u00f5igil juhatuse liikmetel, kelle allkiri on selleks otstarbeks notariaalselt kinnitatud. Pangadokumentidele allakirjutamine toimub seadusandlusega etten\u00e4htud korras.<\/p>\n\n\n\n<p><strong>14.5. <\/strong>Juhatus koostab ja kinnitab ARS-i t\u00f6\u00f6plaani ja tegevuse aruande;<\/p>\n\n\n\n<p><strong>14.6.<\/strong> juhib ARS-i tegevust koosolekute vahelisel ajal;<\/p>\n\n\n\n<p><strong>14.7.<\/strong> peab arvestust seltsi liikmeskonna \u00fcle ning kogub sisseastumis- ja liikmemaksu;<\/p>\n\n\n\n<p><strong>14.8. <\/strong>haldab ARS-i materiaalseid ja rahalisi varasid;<\/p>\n\n\n\n<p><strong>14.9.<\/strong> seab sisse ja hoiab korras raamatupidamise vastavalt kehtivale korrale;<\/p>\n\n\n\n<p><strong>14.10.<\/strong> esindab ARS-i;<\/p>\n\n\n\n<p><strong>14.11. <\/strong>s\u00f5lmib lepinguid;<\/p>\n\n\n\n<p><strong>14.12. <\/strong>suunab oma otsusega avaldamisele ARS-i v\u00e4ljaandeid;<\/p>\n\n\n\n<p><strong>14.13. <\/strong>kutsub kokku \u00fcldkoosoleku.<\/p>\n\n\n\n<p><strong>15.<\/strong> <strong>Revisjonikomisjon<\/strong><\/p>\n\n\n\n<p><strong>15.1.<\/strong> ARS-i varade kasutamise revideerimiseks valib \u00fcldkoosolek kaheks aastaks tegevliikmete hulgast lihth\u00e4\u00e4lteenamusega salajasel h\u00e4\u00e4letusel kolmeliikmelise revisjonikomisjoni. Revisjonikomisjoni ei v\u00f5i kuuluda juhatuse liikmed.<\/p>\n\n\n\n<p><strong>15.2.<\/strong> Revisjonikomisjon revideerib ARS-i tegevust mitte harvemini kui kord aruandeperioodil ja esitab tulemused \u00fcldkoosolekule. Revisjonikomisjoni liikmed v\u00f5ivad n\u00f5uandva h\u00e4\u00e4le\u00f5igusega osaleda juhatuse koosolekuil.<\/p>\n\n\n\n<p><strong>15.3.<\/strong> Revisjonikomisjonil on \u00f5igus igal ajal tutvuda ARS-i majandustegevust ja raamatupidamist puudutavate dokumentidega.<\/p>\n\n\n\n<p><strong>IV Majandustegevus ja varad<\/strong><\/p>\n\n\n\n<p><strong>16.<\/strong> ARS-i varad tekivad liikmemaksudest, varalistest annetustest, sihtotstarbelistest toetustest ja muudest allikatest.<\/p>\n\n\n\n<p><strong>17.<\/strong> ARS-i varade kasutamise ja k\u00e4sutamise korra m\u00e4\u00e4rab juhatus, kes kannab vastutust nende otstarbeka ja sihip\u00e4rase kasutamise eest. Seltsi varasid kasutatakse p\u00f5hikirjaliste eesm\u00e4rkide saavutamiseks.<\/p>\n\n\n\n<p><strong>18. <\/strong>ARS-i juhatus teostab raamatupidamist vastavalt kehtivale seadusandlusele ja esitab seadusandlusega etten\u00e4htud korras aruandeid p\u00e4devatele riigiorganitele ning v\u00f5imaldab oma majandustegevuse kontrollimist.<\/p>\n\n\n\n<p><strong>V P\u00f5hikirja kinnitamine. Seltsi reorganiseerimine ja tegevuse l\u00f5petamine<\/strong><\/p>\n\n\n\n<p><strong>19.<\/strong> ARS-i p\u00f5hikirja ja selle muudatused v\u00f5tab \u00fcldkoosolek vastu salajasel h\u00e4\u00e4letusel, silmas pidades k\u00e4esoleva p\u00f5hikirja punktide 18, 19, 20 s\u00e4tteid. K\u00fcsimuse arutamine peab olema teavitatud koosoleku kutses.<\/p>\n\n\n\n<p><strong>20.<\/strong> ARS-i tegevust v\u00f5idakse l\u00f5petada v\u00f5i reorganiseerida \u00fcldkoosoleku otsusel salajasel h\u00e4\u00e4letusel, pidades silmas punktide 13, 14, 15 s\u00e4tteid. L\u00f5petamise v\u00f5i reorganiseerimise ettepaneku v\u00f5ib teha juhatus, revisjonikomisjon v\u00f5i 1\/10 ARS-i tegevliikmetest. Ettepanek peab olema esitatud kirjalikult. K\u00fcsimuse arutamine peab olema m\u00e4rgitud koosoleku kutses.<\/p>\n\n\n\n<p><strong>21.<\/strong> ARS-i tegevuse l\u00f5petamise korral antakse tema varad \u00fcldkoosoleku otsusel \u00fcle m\u00f5nele folklooriga tegelevale teadusasutusele, organisatsioonile v\u00f5i k\u00f5rgkoolile.<\/p>\n\n\n\n<p><strong>21. <\/strong>ARS-i reorganiseerimine ja tegevuse l\u00f5petamine toimub seaduses s\u00e4testatud korras.<\/p>\n\n\n\n<div style=\"height:30px\" aria-hidden=\"true\" class=\"wp-block-spacer\"><\/div>\n\n\n\n<p style=\"font-size:14px;\">P\u00f5hikiri vastu v\u00f5etud seltsi taasasutamiskoosolekul 25. jaanuaril 2000. a.<br>P\u00f5hikirja muudatused (punktid 8.1., 13.2., 13.4., 14.1., 14.3., 14.4., 14.11., 15.1.) vastu v\u00f5etud seltsi \u00fcldkoosolekul 29. mail 2008. a.<br>P\u00f5hikirja muudatused (juhatuse ja revisjonikomisjoni valimine kaheks aastaks: punktid 14.1., 15.1.) vastu v\u00f5etud seltsi \u00fcldkoosolekul 28. mail 2009. a.<\/p>\n","protected":false},"excerpt":{"rendered":"<p>I \u00dclds\u00e4tted 1. Seltsi nimetus on Akadeemiline Rahvaluule Selts, inglise keeles Academic Folklore Society. Selts on aastatel 1925\u20131940 tegutsenud Akadeemilise Rahvaluule Seltsi \u00f5igusj\u00e4rglane (asutatud 28.11.1925, taasasutatud 25.01.1996; sundl\u00f5petatud 15.06.1999; taasasutatud 27.01.2000). 2. Akadeemilise Rahvaluule Seltsi (edaspidi ARS) juhatuse asukoht: Eesti Vabariik, Tartu linn, Vanemuise 42. 3. ARS on mittetulundus\u00fching, mille eesm\u00e4rk on kaasa aidata rahvaluule [&hellip;]<\/p>\n","protected":false},"author":1,"featured_media":0,"parent":0,"menu_order":0,"comment_status":"closed","ping_status":"closed","template":"","meta":{"footnotes":""},"class_list":["post-24","page","type-page","status-publish","hentry"],"yoast_head":"<!-- This site is optimized with the Yoast SEO plugin v20.12 - https:\/\/yoast.com\/wordpress\/plugins\/seo\/ -->\n<title>P\u00f5hikiri | Akadeemiline Rahvaluule Selts<\/title>\n<meta name=\"robots\" content=\"index, follow, max-snippet:-1, max-image-preview:large, max-video-preview:-1\" \/>\n<link rel=\"canonical\" href=\"https:\/\/www.folklore.ee\/ars\/pohikiri\/\" \/>\n<meta property=\"og:locale\" content=\"en_US\" \/>\n<meta property=\"og:type\" content=\"article\" \/>\n<meta property=\"og:title\" content=\"P\u00f5hikiri | Akadeemiline Rahvaluule Selts\" \/>\n<meta property=\"og:description\" content=\"I \u00dclds\u00e4tted 1. Seltsi nimetus on Akadeemiline Rahvaluule Selts, inglise keeles Academic Folklore Society. Selts on aastatel 1925\u20131940 tegutsenud Akadeemilise Rahvaluule Seltsi \u00f5igusj\u00e4rglane (asutatud 28.11.1925, taasasutatud 25.01.1996; sundl\u00f5petatud 15.06.1999; taasasutatud 27.01.2000). 2. Akadeemilise Rahvaluule Seltsi (edaspidi ARS) juhatuse asukoht: Eesti Vabariik, Tartu linn, Vanemuise 42. 3. ARS on mittetulundus\u00fching, mille eesm\u00e4rk on kaasa aidata rahvaluule [&hellip;]\" \/>\n<meta property=\"og:url\" content=\"https:\/\/www.folklore.ee\/ars\/pohikiri\/\" \/>\n<meta property=\"og:site_name\" content=\"Akadeemiline Rahvaluule Selts\" \/>\n<meta property=\"article:modified_time\" content=\"2023-07-28T08:14:31+00:00\" \/>\n<meta name=\"twitter:card\" content=\"summary_large_image\" \/>\n<meta name=\"twitter:label1\" content=\"Est. reading time\" \/>\n\t<meta name=\"twitter:data1\" content=\"5 minutes\" \/>\n<script type=\"application\/ld+json\" class=\"yoast-schema-graph\">{\"@context\":\"https:\/\/schema.org\",\"@graph\":[{\"@type\":\"WebPage\",\"@id\":\"https:\/\/www.folklore.ee\/ars\/pohikiri\/\",\"url\":\"https:\/\/www.folklore.ee\/ars\/pohikiri\/\",\"name\":\"P\u00f5hikiri | Akadeemiline Rahvaluule Selts\",\"isPartOf\":{\"@id\":\"https:\/\/www.folklore.ee\/ars\/#website\"},\"datePublished\":\"2023-07-25T13:51:03+00:00\",\"dateModified\":\"2023-07-28T08:14:31+00:00\",\"breadcrumb\":{\"@id\":\"https:\/\/www.folklore.ee\/ars\/pohikiri\/#breadcrumb\"},\"inLanguage\":\"en-US\",\"potentialAction\":[{\"@type\":\"ReadAction\",\"target\":[\"https:\/\/www.folklore.ee\/ars\/pohikiri\/\"]}]},{\"@type\":\"BreadcrumbList\",\"@id\":\"https:\/\/www.folklore.ee\/ars\/pohikiri\/#breadcrumb\",\"itemListElement\":[{\"@type\":\"ListItem\",\"position\":1,\"name\":\"Avaleht\",\"item\":\"https:\/\/www.folklore.ee\/ars\/\"},{\"@type\":\"ListItem\",\"position\":2,\"name\":\"P\u00f5hikiri\"}]},{\"@type\":\"WebSite\",\"@id\":\"https:\/\/www.folklore.ee\/ars\/#website\",\"url\":\"https:\/\/www.folklore.ee\/ars\/\",\"name\":\"Akadeemiline Rahvaluule Selts\",\"description\":\"Folkloristide, \u00fcli\u00f5pilaste ja k\u00f5igi rahvaluulest huvitatute \u00fchendus, mis aitab kaasa rahvaluule kogumisele, tutvustamisele, uurimisele ja publitseerimisele.\",\"potentialAction\":[{\"@type\":\"SearchAction\",\"target\":{\"@type\":\"EntryPoint\",\"urlTemplate\":\"https:\/\/www.folklore.ee\/ars\/?s={search_term_string}\"},\"query-input\":\"required name=search_term_string\"}],\"inLanguage\":\"en-US\"}]}<\/script>\n<!-- \/ Yoast SEO plugin. -->","yoast_head_json":{"title":"P\u00f5hikiri | Akadeemiline Rahvaluule Selts","robots":{"index":"index","follow":"follow","max-snippet":"max-snippet:-1","max-image-preview":"max-image-preview:large","max-video-preview":"max-video-preview:-1"},"canonical":"https:\/\/www.folklore.ee\/ars\/pohikiri\/","og_locale":"en_US","og_type":"article","og_title":"P\u00f5hikiri | Akadeemiline Rahvaluule Selts","og_description":"I \u00dclds\u00e4tted 1. Seltsi nimetus on Akadeemiline Rahvaluule Selts, inglise keeles Academic Folklore Society. Selts on aastatel 1925\u20131940 tegutsenud Akadeemilise Rahvaluule Seltsi \u00f5igusj\u00e4rglane (asutatud 28.11.1925, taasasutatud 25.01.1996; sundl\u00f5petatud 15.06.1999; taasasutatud 27.01.2000). 2. Akadeemilise Rahvaluule Seltsi (edaspidi ARS) juhatuse asukoht: Eesti Vabariik, Tartu linn, Vanemuise 42. 3. ARS on mittetulundus\u00fching, mille eesm\u00e4rk on kaasa aidata rahvaluule [&hellip;]","og_url":"https:\/\/www.folklore.ee\/ars\/pohikiri\/","og_site_name":"Akadeemiline Rahvaluule Selts","article_modified_time":"2023-07-28T08:14:31+00:00","twitter_card":"summary_large_image","twitter_misc":{"Est. reading time":"5 minutes"},"schema":{"@context":"https:\/\/schema.org","@graph":[{"@type":"WebPage","@id":"https:\/\/www.folklore.ee\/ars\/pohikiri\/","url":"https:\/\/www.folklore.ee\/ars\/pohikiri\/","name":"P\u00f5hikiri | Akadeemiline Rahvaluule Selts","isPartOf":{"@id":"https:\/\/www.folklore.ee\/ars\/#website"},"datePublished":"2023-07-25T13:51:03+00:00","dateModified":"2023-07-28T08:14:31+00:00","breadcrumb":{"@id":"https:\/\/www.folklore.ee\/ars\/pohikiri\/#breadcrumb"},"inLanguage":"en-US","potentialAction":[{"@type":"ReadAction","target":["https:\/\/www.folklore.ee\/ars\/pohikiri\/"]}]},{"@type":"BreadcrumbList","@id":"https:\/\/www.folklore.ee\/ars\/pohikiri\/#breadcrumb","itemListElement":[{"@type":"ListItem","position":1,"name":"Avaleht","item":"https:\/\/www.folklore.ee\/ars\/"},{"@type":"ListItem","position":2,"name":"P\u00f5hikiri"}]},{"@type":"WebSite","@id":"https:\/\/www.folklore.ee\/ars\/#website","url":"https:\/\/www.folklore.ee\/ars\/","name":"Akadeemiline Rahvaluule Selts","description":"Folkloristide, \u00fcli\u00f5pilaste ja k\u00f5igi rahvaluulest huvitatute \u00fchendus, mis aitab kaasa rahvaluule kogumisele, tutvustamisele, uurimisele ja publitseerimisele.","potentialAction":[{"@type":"SearchAction","target":{"@type":"EntryPoint","urlTemplate":"https:\/\/www.folklore.ee\/ars\/?s={search_term_string}"},"query-input":"required name=search_term_string"}],"inLanguage":"en-US"}]}},"_links":{"self":[{"href":"https:\/\/www.folklore.ee\/ars\/wp-json\/wp\/v2\/pages\/24","targetHints":{"allow":["GET"]}}],"collection":[{"href":"https:\/\/www.folklore.ee\/ars\/wp-json\/wp\/v2\/pages"}],"about":[{"href":"https:\/\/www.folklore.ee\/ars\/wp-json\/wp\/v2\/types\/page"}],"author":[{"embeddable":true,"href":"https:\/\/www.folklore.ee\/ars\/wp-json\/wp\/v2\/users\/1"}],"replies":[{"embeddable":true,"href":"https:\/\/www.folklore.ee\/ars\/wp-json\/wp\/v2\/comments?post=24"}],"version-history":[{"count":8,"href":"https:\/\/www.folklore.ee\/ars\/wp-json\/wp\/v2\/pages\/24\/revisions"}],"predecessor-version":[{"id":50,"href":"https:\/\/www.folklore.ee\/ars\/wp-json\/wp\/v2\/pages\/24\/revisions\/50"}],"wp:attachment":[{"href":"https:\/\/www.folklore.ee\/ars\/wp-json\/wp\/v2\/media?parent=24"}],"curies":[{"name":"wp","href":"https:\/\/api.w.org\/{rel}","templated":true}]}}