{"id":236,"date":"2023-08-02T06:27:46","date_gmt":"2023-08-02T06:27:46","guid":{"rendered":"http:\/\/localhost\/ars\/?page_id=236"},"modified":"2023-08-02T06:27:46","modified_gmt":"2023-08-02T06:27:46","slug":"2022-mari-sarv","status":"publish","type":"page","link":"https:\/\/www.folklore.ee\/ars\/aastapreemia-saajad\/2022-mari-sarv\/","title":{"rendered":"2022 \u2013 Mari Sarv"},"content":{"rendered":"\n<p><strong>2022. aasta Eesti folkloristika aastapreemia laureaat on Mari Sarv<\/strong><\/p>\n\n\n\n<p>Akadeemiline Rahvaluule Selts koost\u00f6\u00f6s Eesti Kultuurkapitali Rahvakultuuri sihtkapitaliga annab igal kevadel v\u00e4lja Eesti folkloristika aastapreemiat. Preemia eesm\u00e4rk on t\u00f5sta esile preemia saamisele eelnenud aasta jooksul silma paistnud folkloristi tegevust.<\/p>\n\n\n\n<p>Sel aastal esitati preemiale kaks kandidaati: usundiuurija Reet Hiiem\u00e4e ja regilaulu-uurija Mari Sarv.<\/p>\n\n\n\n<p>2022. aasta Eesti folkloristika aastapreemia otsustati anda Eesti Kirjandusmuuseumi Eesti Rahvaluule Arhiivi vanemteadurile Mari Sarvele. Laureaadi puhul t\u00f5steti esile tema uudset l\u00e4henemist regilaulude uurimisele. Digihumanitaaria vahendeid rakendades on ta s\u00fc\u00fcvinud nii Eesti eri piirkondade kui ka laiemalt l\u00e4\u00e4nemeresoome regilaulude meetrika ja s\u00f5navarasuhete uurimisse. Need meetodid on andnud sisukaid ja kohati ootamatuid tulemusi varieeruva keelega regilaulutekstide anal\u00fc\u00fcsimisel. Sel moel on ta kontrollinud \u00fcle seni kehtivaid p\u00f5hit\u00f5desid, neid kinnitades v\u00f5i \u00fcmber l\u00fckates.<\/p>\n\n\n\n<p>Lisaks eelretsenseeritavatele artiklitele ning osalemisele rahvusvahelistes uurimisprojektides t\u00f5endab Mari Sarve uurimist\u00f6\u00f6 m\u00f5jukust edukalt taotletud r\u00fchmagrant. Mari Sarv on aastaid juhtinud digihumanitaaria alast tegevust Eestis, olles alates 2013. aastast \u00fcks digihumanitaaria aastakonverentside korraldajaist. T\u00e4helepanuv\u00e4\u00e4riv on ka tema aktiivne osalemine teaduspoliitilistes diskussioonides.<\/p>\n\n\n\n<p>Eesti folkloristika aastapreemia laureaadi valimise komisjonis olid Akadeemilise Rahvaluule Seltsi juhatusest Pihla Maria Siim, Mare Kalda, Helen K\u00e4stik ja K\u00e4rri Toomeos-Orglaan, lisaks osalesid hindamisel Eda Kalmre Eesti Kirjandusmuuseumist ning Madis Arukask ja Ergo-Hart V\u00e4strik Tartu \u00dclikoolist.<\/p>\n\n\n\n<p>Preemia anti k\u00e4tte 26. mail Tartus Eesti Kirjandusmuuseumis toimunud Akadeemilise Rahvaluule Seltsi koosolekul.<\/p>\n\n\n\n<p>Lisainfo: K\u00e4rri Toomeos-Orglaan (<a href=\"mailto:karri.toomeos-orglaan@folklore.ee\">karri.toomeos-orglaan@folklore.ee<\/a>)<\/p>\n\n\n\n<p>Akadeemiline Rahvaluule Selts<br>Vanemuise 42<br>Tartu 51003<\/p>\n","protected":false},"excerpt":{"rendered":"<p>2022. aasta Eesti folkloristika aastapreemia laureaat on Mari Sarv Akadeemiline Rahvaluule Selts koost\u00f6\u00f6s Eesti Kultuurkapitali Rahvakultuuri sihtkapitaliga annab igal kevadel v\u00e4lja Eesti folkloristika aastapreemiat. Preemia eesm\u00e4rk on t\u00f5sta esile preemia saamisele eelnenud aasta jooksul silma paistnud folkloristi tegevust. Sel aastal esitati preemiale kaks kandidaati: usundiuurija Reet Hiiem\u00e4e ja regilaulu-uurija Mari Sarv. 2022. aasta Eesti folkloristika [&hellip;]<\/p>\n","protected":false},"author":1,"featured_media":0,"parent":149,"menu_order":0,"comment_status":"closed","ping_status":"closed","template":"","meta":{"footnotes":""},"class_list":["post-236","page","type-page","status-publish","hentry"],"yoast_head":"<!-- This site is optimized with the Yoast SEO plugin v20.12 - https:\/\/yoast.com\/wordpress\/plugins\/seo\/ -->\n<title>2022 \u2013 Mari Sarv | Akadeemiline Rahvaluule Selts<\/title>\n<meta name=\"robots\" content=\"index, follow, max-snippet:-1, max-image-preview:large, max-video-preview:-1\" \/>\n<link rel=\"canonical\" href=\"https:\/\/www.folklore.ee\/ars\/aastapreemia-saajad\/2022-mari-sarv\/\" \/>\n<meta property=\"og:locale\" content=\"en_US\" \/>\n<meta property=\"og:type\" content=\"article\" \/>\n<meta property=\"og:title\" content=\"2022 \u2013 Mari Sarv | Akadeemiline Rahvaluule Selts\" \/>\n<meta property=\"og:description\" content=\"2022. aasta Eesti folkloristika aastapreemia laureaat on Mari Sarv Akadeemiline Rahvaluule Selts koost\u00f6\u00f6s Eesti Kultuurkapitali Rahvakultuuri sihtkapitaliga annab igal kevadel v\u00e4lja Eesti folkloristika aastapreemiat. Preemia eesm\u00e4rk on t\u00f5sta esile preemia saamisele eelnenud aasta jooksul silma paistnud folkloristi tegevust. Sel aastal esitati preemiale kaks kandidaati: usundiuurija Reet Hiiem\u00e4e ja regilaulu-uurija Mari Sarv. 2022. aasta Eesti folkloristika [&hellip;]\" \/>\n<meta property=\"og:url\" content=\"https:\/\/www.folklore.ee\/ars\/aastapreemia-saajad\/2022-mari-sarv\/\" \/>\n<meta property=\"og:site_name\" content=\"Akadeemiline Rahvaluule Selts\" \/>\n<meta name=\"twitter:card\" content=\"summary_large_image\" \/>\n<meta name=\"twitter:label1\" content=\"Est. reading time\" \/>\n\t<meta name=\"twitter:data1\" content=\"1 minute\" \/>\n<script type=\"application\/ld+json\" class=\"yoast-schema-graph\">{\"@context\":\"https:\/\/schema.org\",\"@graph\":[{\"@type\":\"WebPage\",\"@id\":\"https:\/\/www.folklore.ee\/ars\/aastapreemia-saajad\/2022-mari-sarv\/\",\"url\":\"https:\/\/www.folklore.ee\/ars\/aastapreemia-saajad\/2022-mari-sarv\/\",\"name\":\"2022 \u2013 Mari Sarv | Akadeemiline Rahvaluule Selts\",\"isPartOf\":{\"@id\":\"https:\/\/www.folklore.ee\/ars\/#website\"},\"datePublished\":\"2023-08-02T06:27:46+00:00\",\"dateModified\":\"2023-08-02T06:27:46+00:00\",\"breadcrumb\":{\"@id\":\"https:\/\/www.folklore.ee\/ars\/aastapreemia-saajad\/2022-mari-sarv\/#breadcrumb\"},\"inLanguage\":\"en-US\",\"potentialAction\":[{\"@type\":\"ReadAction\",\"target\":[\"https:\/\/www.folklore.ee\/ars\/aastapreemia-saajad\/2022-mari-sarv\/\"]}]},{\"@type\":\"BreadcrumbList\",\"@id\":\"https:\/\/www.folklore.ee\/ars\/aastapreemia-saajad\/2022-mari-sarv\/#breadcrumb\",\"itemListElement\":[{\"@type\":\"ListItem\",\"position\":1,\"name\":\"Avaleht\",\"item\":\"https:\/\/www.folklore.ee\/ars\/\"},{\"@type\":\"ListItem\",\"position\":2,\"name\":\"Eesti folkloristika aastapreemia\",\"item\":\"https:\/\/www.folklore.ee\/ars\/aastapreemia-saajad\/\"},{\"@type\":\"ListItem\",\"position\":3,\"name\":\"2022 \u2013 Mari Sarv\"}]},{\"@type\":\"WebSite\",\"@id\":\"https:\/\/www.folklore.ee\/ars\/#website\",\"url\":\"https:\/\/www.folklore.ee\/ars\/\",\"name\":\"Akadeemiline Rahvaluule Selts\",\"description\":\"Folkloristide, \u00fcli\u00f5pilaste ja k\u00f5igi rahvaluulest huvitatute \u00fchendus, mis aitab kaasa rahvaluule kogumisele, tutvustamisele, uurimisele ja publitseerimisele.\",\"potentialAction\":[{\"@type\":\"SearchAction\",\"target\":{\"@type\":\"EntryPoint\",\"urlTemplate\":\"https:\/\/www.folklore.ee\/ars\/?s={search_term_string}\"},\"query-input\":\"required name=search_term_string\"}],\"inLanguage\":\"en-US\"}]}<\/script>\n<!-- \/ Yoast SEO plugin. -->","yoast_head_json":{"title":"2022 \u2013 Mari Sarv | Akadeemiline Rahvaluule Selts","robots":{"index":"index","follow":"follow","max-snippet":"max-snippet:-1","max-image-preview":"max-image-preview:large","max-video-preview":"max-video-preview:-1"},"canonical":"https:\/\/www.folklore.ee\/ars\/aastapreemia-saajad\/2022-mari-sarv\/","og_locale":"en_US","og_type":"article","og_title":"2022 \u2013 Mari Sarv | Akadeemiline Rahvaluule Selts","og_description":"2022. aasta Eesti folkloristika aastapreemia laureaat on Mari Sarv Akadeemiline Rahvaluule Selts koost\u00f6\u00f6s Eesti Kultuurkapitali Rahvakultuuri sihtkapitaliga annab igal kevadel v\u00e4lja Eesti folkloristika aastapreemiat. Preemia eesm\u00e4rk on t\u00f5sta esile preemia saamisele eelnenud aasta jooksul silma paistnud folkloristi tegevust. Sel aastal esitati preemiale kaks kandidaati: usundiuurija Reet Hiiem\u00e4e ja regilaulu-uurija Mari Sarv. 2022. aasta Eesti folkloristika [&hellip;]","og_url":"https:\/\/www.folklore.ee\/ars\/aastapreemia-saajad\/2022-mari-sarv\/","og_site_name":"Akadeemiline Rahvaluule Selts","twitter_card":"summary_large_image","twitter_misc":{"Est. reading time":"1 minute"},"schema":{"@context":"https:\/\/schema.org","@graph":[{"@type":"WebPage","@id":"https:\/\/www.folklore.ee\/ars\/aastapreemia-saajad\/2022-mari-sarv\/","url":"https:\/\/www.folklore.ee\/ars\/aastapreemia-saajad\/2022-mari-sarv\/","name":"2022 \u2013 Mari Sarv | Akadeemiline Rahvaluule Selts","isPartOf":{"@id":"https:\/\/www.folklore.ee\/ars\/#website"},"datePublished":"2023-08-02T06:27:46+00:00","dateModified":"2023-08-02T06:27:46+00:00","breadcrumb":{"@id":"https:\/\/www.folklore.ee\/ars\/aastapreemia-saajad\/2022-mari-sarv\/#breadcrumb"},"inLanguage":"en-US","potentialAction":[{"@type":"ReadAction","target":["https:\/\/www.folklore.ee\/ars\/aastapreemia-saajad\/2022-mari-sarv\/"]}]},{"@type":"BreadcrumbList","@id":"https:\/\/www.folklore.ee\/ars\/aastapreemia-saajad\/2022-mari-sarv\/#breadcrumb","itemListElement":[{"@type":"ListItem","position":1,"name":"Avaleht","item":"https:\/\/www.folklore.ee\/ars\/"},{"@type":"ListItem","position":2,"name":"Eesti folkloristika aastapreemia","item":"https:\/\/www.folklore.ee\/ars\/aastapreemia-saajad\/"},{"@type":"ListItem","position":3,"name":"2022 \u2013 Mari Sarv"}]},{"@type":"WebSite","@id":"https:\/\/www.folklore.ee\/ars\/#website","url":"https:\/\/www.folklore.ee\/ars\/","name":"Akadeemiline Rahvaluule Selts","description":"Folkloristide, \u00fcli\u00f5pilaste ja k\u00f5igi rahvaluulest huvitatute \u00fchendus, mis aitab kaasa rahvaluule kogumisele, tutvustamisele, uurimisele ja publitseerimisele.","potentialAction":[{"@type":"SearchAction","target":{"@type":"EntryPoint","urlTemplate":"https:\/\/www.folklore.ee\/ars\/?s={search_term_string}"},"query-input":"required name=search_term_string"}],"inLanguage":"en-US"}]}},"_links":{"self":[{"href":"https:\/\/www.folklore.ee\/ars\/wp-json\/wp\/v2\/pages\/236","targetHints":{"allow":["GET"]}}],"collection":[{"href":"https:\/\/www.folklore.ee\/ars\/wp-json\/wp\/v2\/pages"}],"about":[{"href":"https:\/\/www.folklore.ee\/ars\/wp-json\/wp\/v2\/types\/page"}],"author":[{"embeddable":true,"href":"https:\/\/www.folklore.ee\/ars\/wp-json\/wp\/v2\/users\/1"}],"replies":[{"embeddable":true,"href":"https:\/\/www.folklore.ee\/ars\/wp-json\/wp\/v2\/comments?post=236"}],"version-history":[{"count":1,"href":"https:\/\/www.folklore.ee\/ars\/wp-json\/wp\/v2\/pages\/236\/revisions"}],"predecessor-version":[{"id":237,"href":"https:\/\/www.folklore.ee\/ars\/wp-json\/wp\/v2\/pages\/236\/revisions\/237"}],"up":[{"embeddable":true,"href":"https:\/\/www.folklore.ee\/ars\/wp-json\/wp\/v2\/pages\/149"}],"wp:attachment":[{"href":"https:\/\/www.folklore.ee\/ars\/wp-json\/wp\/v2\/media?parent=236"}],"curies":[{"name":"wp","href":"https:\/\/api.w.org\/{rel}","templated":true}]}}