{"id":22,"date":"2023-07-25T13:50:55","date_gmt":"2023-07-25T13:50:55","guid":{"rendered":"http:\/\/localhost\/ars\/?page_id=22"},"modified":"2025-05-20T09:14:50","modified_gmt":"2025-05-20T09:14:50","slug":"liikmed","status":"publish","type":"page","link":"https:\/\/www.folklore.ee\/ars\/liikmed\/","title":{"rendered":"Liikmed"},"content":{"rendered":"\n<p><strong>Soovid liituda<\/strong>? Leia kaks soovitajat, t\u00e4ida <a href=\"https:\/\/www.folklore.ee\/ars\/wp-content\/uploads\/2024\/04\/liikme-avaldus_kodulehele.docx\">liitumisavaldus<\/a> ning saada m\u00f5nele juhatuse liikmele (<a href=\"https:\/\/www.folklore.ee\/ars\/\">kontaktid avalehel<\/a>)!<\/p>\n\n\n\n<p>Seltsi aastane liikmemaks on 10 eurot (5 eurot tudengitele ja pension\u00e4ridele); palume see maksta seltsi arveldusarvele SEB pangas IBAN EE771010220023690018.<\/p>\n\n\n\n<p><\/p>\n\n\n\n<p><strong>Akadeemilise Rahvaluule Seltsi tegev- ja auliikmed 20.05.2025 seisuga:<\/strong><\/p>\n\n\n\n<ul class=\"wp-block-list\">\n<li>Arraste, Angela<\/li>\n\n\n\n<li>Arukask, Madis<\/li>\n\n\n\n<li>Bhutia, Kikee Doma<\/li>\n\n\n\n<li>Ernits, Enn<\/li>\n\n\n\n<li>Ernits, Tiiu<\/li>\n\n\n\n<li>Fiadotava, Anastasiya<\/li>\n\n\n\n<li>Gor\u0161i\u010d, Ave<\/li>\n\n\n\n<li>Granbom-Herranen, Liisa<\/li>\n\n\n\n<li>Hagu, Paul<\/li>\n\n\n\n<li>Heinapuu, Ott<\/li>\n\n\n\n<li>Hiiem\u00e4e, Mall<\/li>\n\n\n\n<li>Hiiem\u00e4e, Reet<\/li>\n\n\n\n<li>Holitsyna, Polina<\/li>\n\n\n\n<li>J\u00e4rv, Risto<\/li>\n\n\n\n<li>Kaasik, Mairi<\/li>\n\n\n\n<li>Kalda, Mare<\/li>\n\n\n\n<li>Kalkun, Andreas<\/li>\n\n\n\n<li>Kalmre, Eda<\/li>\n\n\n\n<li>Kikas, Katre<\/li>\n\n\n\n<li>Kippar, Pille<\/li>\n\n\n\n<li>Kivari, Kristel<\/li>\n\n\n\n<li>Korb, Anu<\/li>\n\n\n\n<li>K\u00f5iva, Mare<\/li>\n\n\n\n<li>K\u00f5ivupuu, Marju<\/li>\n\n\n\n<li>K\u00f5mmus, Helen<\/li>\n\n\n\n<li>K\u00e4stik, Helen<\/li>\n\n\n\n<li>Laaneman, Liilia<\/li>\n\n\n\n<li>Labi, Kanni<\/li>\n\n\n\n<li>Laineste, Liisi<\/li>\n\n\n\n<li>Lintrop, Aado<\/li>\n\n\n\n<li>Metsvahi, Merili<\/li>\n\n\n\n<li>M\u00e4tas, Mare<\/li>\n\n\n\n<li>Oras, Janika<\/li>\n\n\n\n<li>Paales, Liina<\/li>\n\n\n\n<li>Pae, Mari-Liis<\/li>\n\n\n\n<li>Pomozi, Eda<\/li>\n\n\n\n<li>Reinaus, Reeli<\/li>\n\n\n\n<li>Remmel, Mari-Ann<\/li>\n\n\n\n<li>Roper, Jonathan<\/li>\n\n\n\n<li>R\u00fc\u00fctel, Ingrid<\/li>\n\n\n\n<li>Rygovskiy, Danila<\/li>\n\n\n\n<li>Saar, Edgar<\/li>\n\n\n\n<li>Saarlo, Liina<\/li>\n\n\n\n<li>Salve, Kristi<\/li>\n\n\n\n<li>Sarma, Rabindranath<\/li>\n\n\n\n<li>Saukas, Rein<\/li>\n\n\n\n<li>Sepp, Tiina<\/li>\n\n\n\n<li>Siim, Pihla Maria<\/li>\n\n\n\n<li>Simmermann, Eda-Kai<\/li>\n\n\n\n<li>Sudak, Jaan<\/li>\n\n\n\n<li>S\u00e4rg, Taive<\/li>\n\n\n\n<li>Tamm, Kadri<\/li>\n\n\n\n<li>Tarto, Enn Kalev<\/li>\n\n\n\n<li>Toomeos-Orglaan, K\u00e4rri<\/li>\n\n\n\n<li>Toulouze, Eva<\/li>\n\n\n\n<li>Tuisk, Astrid<\/li>\n\n\n\n<li>Vahtram\u00e4e, Ell<\/li>\n\n\n\n<li>Valk, \u00dclo<\/li>\n\n\n\n<li>Valper, Valdo<\/li>\n\n\n\n<li>Voolaid, Piret<\/li>\n\n\n\n<li>V\u00e4hi, Tiina<\/li>\n\n\n\n<li>V\u00e4ina, Mari<\/li>\n\n\n\n<li>V\u00e4strik, Ergo-Hart<\/li>\n<\/ul>\n","protected":false},"excerpt":{"rendered":"<p>Soovid liituda? Leia kaks soovitajat, t\u00e4ida liitumisavaldus ning saada m\u00f5nele juhatuse liikmele (kontaktid avalehel)! Seltsi aastane liikmemaks on 10 eurot (5 eurot tudengitele ja pension\u00e4ridele); palume see maksta seltsi arveldusarvele SEB pangas IBAN EE771010220023690018. Akadeemilise Rahvaluule Seltsi tegev- ja auliikmed 20.05.2025 seisuga:<\/p>\n","protected":false},"author":1,"featured_media":0,"parent":0,"menu_order":0,"comment_status":"closed","ping_status":"closed","template":"","meta":{"footnotes":""},"class_list":["post-22","page","type-page","status-publish","hentry"],"yoast_head":"<!-- This site is optimized with the Yoast SEO plugin v20.12 - https:\/\/yoast.com\/wordpress\/plugins\/seo\/ -->\n<title>Liikmed | Akadeemiline Rahvaluule Selts<\/title>\n<meta name=\"robots\" content=\"index, follow, max-snippet:-1, max-image-preview:large, max-video-preview:-1\" \/>\n<link rel=\"canonical\" href=\"https:\/\/www.folklore.ee\/ars\/liikmed\/\" \/>\n<meta property=\"og:locale\" content=\"en_US\" \/>\n<meta property=\"og:type\" content=\"article\" \/>\n<meta property=\"og:title\" content=\"Liikmed | Akadeemiline Rahvaluule Selts\" \/>\n<meta property=\"og:description\" content=\"Soovid liituda? Leia kaks soovitajat, t\u00e4ida liitumisavaldus ning saada m\u00f5nele juhatuse liikmele (kontaktid avalehel)! Seltsi aastane liikmemaks on 10 eurot (5 eurot tudengitele ja pension\u00e4ridele); palume see maksta seltsi arveldusarvele SEB pangas IBAN EE771010220023690018. Akadeemilise Rahvaluule Seltsi tegev- ja auliikmed 20.05.2025 seisuga:\" \/>\n<meta property=\"og:url\" content=\"https:\/\/www.folklore.ee\/ars\/liikmed\/\" \/>\n<meta property=\"og:site_name\" content=\"Akadeemiline Rahvaluule Selts\" \/>\n<meta property=\"article:modified_time\" content=\"2025-05-20T09:14:50+00:00\" \/>\n<meta name=\"twitter:card\" content=\"summary_large_image\" \/>\n<meta name=\"twitter:label1\" content=\"Est. reading time\" \/>\n\t<meta name=\"twitter:data1\" content=\"1 minute\" \/>\n<script type=\"application\/ld+json\" class=\"yoast-schema-graph\">{\"@context\":\"https:\/\/schema.org\",\"@graph\":[{\"@type\":\"WebPage\",\"@id\":\"https:\/\/www.folklore.ee\/ars\/liikmed\/\",\"url\":\"https:\/\/www.folklore.ee\/ars\/liikmed\/\",\"name\":\"Liikmed | Akadeemiline Rahvaluule Selts\",\"isPartOf\":{\"@id\":\"https:\/\/www.folklore.ee\/ars\/#website\"},\"datePublished\":\"2023-07-25T13:50:55+00:00\",\"dateModified\":\"2025-05-20T09:14:50+00:00\",\"breadcrumb\":{\"@id\":\"https:\/\/www.folklore.ee\/ars\/liikmed\/#breadcrumb\"},\"inLanguage\":\"en-US\",\"potentialAction\":[{\"@type\":\"ReadAction\",\"target\":[\"https:\/\/www.folklore.ee\/ars\/liikmed\/\"]}]},{\"@type\":\"BreadcrumbList\",\"@id\":\"https:\/\/www.folklore.ee\/ars\/liikmed\/#breadcrumb\",\"itemListElement\":[{\"@type\":\"ListItem\",\"position\":1,\"name\":\"Avaleht\",\"item\":\"https:\/\/www.folklore.ee\/ars\/\"},{\"@type\":\"ListItem\",\"position\":2,\"name\":\"Liikmed\"}]},{\"@type\":\"WebSite\",\"@id\":\"https:\/\/www.folklore.ee\/ars\/#website\",\"url\":\"https:\/\/www.folklore.ee\/ars\/\",\"name\":\"Akadeemiline Rahvaluule Selts\",\"description\":\"Folkloristide, \u00fcli\u00f5pilaste ja k\u00f5igi rahvaluulest huvitatute \u00fchendus, mis aitab kaasa rahvaluule kogumisele, tutvustamisele, uurimisele ja publitseerimisele.\",\"potentialAction\":[{\"@type\":\"SearchAction\",\"target\":{\"@type\":\"EntryPoint\",\"urlTemplate\":\"https:\/\/www.folklore.ee\/ars\/?s={search_term_string}\"},\"query-input\":\"required name=search_term_string\"}],\"inLanguage\":\"en-US\"}]}<\/script>\n<!-- \/ Yoast SEO plugin. -->","yoast_head_json":{"title":"Liikmed | Akadeemiline Rahvaluule Selts","robots":{"index":"index","follow":"follow","max-snippet":"max-snippet:-1","max-image-preview":"max-image-preview:large","max-video-preview":"max-video-preview:-1"},"canonical":"https:\/\/www.folklore.ee\/ars\/liikmed\/","og_locale":"en_US","og_type":"article","og_title":"Liikmed | Akadeemiline Rahvaluule Selts","og_description":"Soovid liituda? Leia kaks soovitajat, t\u00e4ida liitumisavaldus ning saada m\u00f5nele juhatuse liikmele (kontaktid avalehel)! Seltsi aastane liikmemaks on 10 eurot (5 eurot tudengitele ja pension\u00e4ridele); palume see maksta seltsi arveldusarvele SEB pangas IBAN EE771010220023690018. Akadeemilise Rahvaluule Seltsi tegev- ja auliikmed 20.05.2025 seisuga:","og_url":"https:\/\/www.folklore.ee\/ars\/liikmed\/","og_site_name":"Akadeemiline Rahvaluule Selts","article_modified_time":"2025-05-20T09:14:50+00:00","twitter_card":"summary_large_image","twitter_misc":{"Est. reading time":"1 minute"},"schema":{"@context":"https:\/\/schema.org","@graph":[{"@type":"WebPage","@id":"https:\/\/www.folklore.ee\/ars\/liikmed\/","url":"https:\/\/www.folklore.ee\/ars\/liikmed\/","name":"Liikmed | Akadeemiline Rahvaluule Selts","isPartOf":{"@id":"https:\/\/www.folklore.ee\/ars\/#website"},"datePublished":"2023-07-25T13:50:55+00:00","dateModified":"2025-05-20T09:14:50+00:00","breadcrumb":{"@id":"https:\/\/www.folklore.ee\/ars\/liikmed\/#breadcrumb"},"inLanguage":"en-US","potentialAction":[{"@type":"ReadAction","target":["https:\/\/www.folklore.ee\/ars\/liikmed\/"]}]},{"@type":"BreadcrumbList","@id":"https:\/\/www.folklore.ee\/ars\/liikmed\/#breadcrumb","itemListElement":[{"@type":"ListItem","position":1,"name":"Avaleht","item":"https:\/\/www.folklore.ee\/ars\/"},{"@type":"ListItem","position":2,"name":"Liikmed"}]},{"@type":"WebSite","@id":"https:\/\/www.folklore.ee\/ars\/#website","url":"https:\/\/www.folklore.ee\/ars\/","name":"Akadeemiline Rahvaluule Selts","description":"Folkloristide, \u00fcli\u00f5pilaste ja k\u00f5igi rahvaluulest huvitatute \u00fchendus, mis aitab kaasa rahvaluule kogumisele, tutvustamisele, uurimisele ja publitseerimisele.","potentialAction":[{"@type":"SearchAction","target":{"@type":"EntryPoint","urlTemplate":"https:\/\/www.folklore.ee\/ars\/?s={search_term_string}"},"query-input":"required name=search_term_string"}],"inLanguage":"en-US"}]}},"_links":{"self":[{"href":"https:\/\/www.folklore.ee\/ars\/wp-json\/wp\/v2\/pages\/22","targetHints":{"allow":["GET"]}}],"collection":[{"href":"https:\/\/www.folklore.ee\/ars\/wp-json\/wp\/v2\/pages"}],"about":[{"href":"https:\/\/www.folklore.ee\/ars\/wp-json\/wp\/v2\/types\/page"}],"author":[{"embeddable":true,"href":"https:\/\/www.folklore.ee\/ars\/wp-json\/wp\/v2\/users\/1"}],"replies":[{"embeddable":true,"href":"https:\/\/www.folklore.ee\/ars\/wp-json\/wp\/v2\/comments?post=22"}],"version-history":[{"count":31,"href":"https:\/\/www.folklore.ee\/ars\/wp-json\/wp\/v2\/pages\/22\/revisions"}],"predecessor-version":[{"id":1165,"href":"https:\/\/www.folklore.ee\/ars\/wp-json\/wp\/v2\/pages\/22\/revisions\/1165"}],"wp:attachment":[{"href":"https:\/\/www.folklore.ee\/ars\/wp-json\/wp\/v2\/media?parent=22"}],"curies":[{"name":"wp","href":"https:\/\/api.w.org\/{rel}","templated":true}]}}