{"id":174,"date":"2023-08-01T11:41:34","date_gmt":"2023-08-01T11:41:34","guid":{"rendered":"http:\/\/localhost\/ars\/?page_id=174"},"modified":"2023-08-01T11:42:24","modified_gmt":"2023-08-01T11:42:24","slug":"2021-asta-oim","status":"publish","type":"page","link":"https:\/\/www.folklore.ee\/ars\/aastapreemia-saajad\/2021-asta-oim\/","title":{"rendered":"2021 &#8211; Asta \u00d5im"},"content":{"rendered":"\n<p><strong>2021. aasta Eesti folkloristika aastapreemia laureaat on Asta \u00d5im<\/strong><\/p>\n\n\n\n<p>Akadeemiline Rahvaluule Selts koost\u00f6\u00f6s Eesti Kultuurkapitali Rahvakultuuri sihtkapitaliga annab igal kevadel v\u00e4lja Eesti folkloristika aastapreemiat. Preemia eesm\u00e4rk on t\u00f5sta esile preemia saamisele eelnenud aasta jooksul silma paistnud folkloristi tegevust.<\/p>\n\n\n\n<p>Sel aastal esitati preemiale kaks kandidaati: folklorist Mari Sarv ja keeleteadlane Asta \u00d5im.<\/p>\n\n\n\n<p>2021. aasta Eesti folkloristika aastapreemia p\u00e4lvis keeleteadlane Asta \u00d5im monumentaalv\u00e4ljaande \u201eEesti k\u00f5nek\u00e4\u00e4nud I-II\u201c koostamise eest. Laureaat on pika teadlaskarj\u00e4\u00e4ri v\u00e4ltel \u00fchendanud keeleteaduse ja folkloristliku kujundk\u00f5ne uurimise, mille tulemusel valminud v\u00e4ljaanne v\u00f5tab kokku aastatepikkuse fraseoloogia-alase uurimist\u00f6\u00f6.<\/p>\n\n\n\n<p>Traditsiooniliste v\u00e4ljendite anal\u00fc\u00fcsimise k\u00f5rval on laureaat loonud abivahendeid metafoorialaste eksimuste v\u00e4ltimiseks ja avanud vanemate v\u00e4ljendite tausta t\u00e4nasele keelekasutajale.<\/p>\n\n\n\n<p>Aastatel 2002\u20132013 t\u00f6\u00f6tas Asta \u00d5im Eesti Kirjandusmuuseumis, tema juhtimisel alustas t\u00f6\u00f6d k\u00f5nek\u00e4\u00e4ndude t\u00f6\u00f6r\u00fchm, kelle \u00fclesandeks oli valmistada ette allikpublikatsioon Jakob Hurda algatatud sarjas Monumenta Estoniae Antiquae. V\u00e4ljaande p\u00f5hjaks sai <a href=\"https:\/\/www.folklore.ee\/justkui\/\" target=\"_blank\" rel=\"noreferrer noopener\">eesti k\u00f5nek\u00e4\u00e4ndude ja fraseologismide andmebaas<\/a> ja selle alusel koostatud <a href=\"https:\/\/www.folklore.ee\/justkui\/sonastik\/\" target=\"_blank\" rel=\"noreferrer noopener\">fraseologismide aluss\u00f5nastik<\/a>.<\/p>\n\n\n\n<p>Lisainfo: K\u00e4rri Toomeos-Orglaan (<a href=\"mailto:karri.toomeos-orglaan@folklore.ee\">karri.toomeos-orglaan@folklore.ee<\/a>)<\/p>\n\n\n\n<p>Akadeemiline Rahvaluule Selts<br>Vanemuise 42<br>Tartu 51003<\/p>\n","protected":false},"excerpt":{"rendered":"<p>2021. aasta Eesti folkloristika aastapreemia laureaat on Asta \u00d5im Akadeemiline Rahvaluule Selts koost\u00f6\u00f6s Eesti Kultuurkapitali Rahvakultuuri sihtkapitaliga annab igal kevadel v\u00e4lja Eesti folkloristika aastapreemiat. Preemia eesm\u00e4rk on t\u00f5sta esile preemia saamisele eelnenud aasta jooksul silma paistnud folkloristi tegevust. Sel aastal esitati preemiale kaks kandidaati: folklorist Mari Sarv ja keeleteadlane Asta \u00d5im. 2021. aasta Eesti folkloristika [&hellip;]<\/p>\n","protected":false},"author":1,"featured_media":0,"parent":149,"menu_order":0,"comment_status":"closed","ping_status":"closed","template":"","meta":{"footnotes":""},"class_list":["post-174","page","type-page","status-publish","hentry"],"yoast_head":"<!-- This site is optimized with the Yoast SEO plugin v20.12 - https:\/\/yoast.com\/wordpress\/plugins\/seo\/ -->\n<title>2021 - Asta \u00d5im | Akadeemiline Rahvaluule Selts<\/title>\n<meta name=\"robots\" content=\"index, follow, max-snippet:-1, max-image-preview:large, max-video-preview:-1\" \/>\n<link rel=\"canonical\" href=\"https:\/\/www.folklore.ee\/ars\/aastapreemia-saajad\/2021-asta-oim\/\" \/>\n<meta property=\"og:locale\" content=\"en_US\" \/>\n<meta property=\"og:type\" content=\"article\" \/>\n<meta property=\"og:title\" content=\"2021 - Asta \u00d5im | Akadeemiline Rahvaluule Selts\" \/>\n<meta property=\"og:description\" content=\"2021. aasta Eesti folkloristika aastapreemia laureaat on Asta \u00d5im Akadeemiline Rahvaluule Selts koost\u00f6\u00f6s Eesti Kultuurkapitali Rahvakultuuri sihtkapitaliga annab igal kevadel v\u00e4lja Eesti folkloristika aastapreemiat. Preemia eesm\u00e4rk on t\u00f5sta esile preemia saamisele eelnenud aasta jooksul silma paistnud folkloristi tegevust. Sel aastal esitati preemiale kaks kandidaati: folklorist Mari Sarv ja keeleteadlane Asta \u00d5im. 2021. aasta Eesti folkloristika [&hellip;]\" \/>\n<meta property=\"og:url\" content=\"https:\/\/www.folklore.ee\/ars\/aastapreemia-saajad\/2021-asta-oim\/\" \/>\n<meta property=\"og:site_name\" content=\"Akadeemiline Rahvaluule Selts\" \/>\n<meta property=\"article:modified_time\" content=\"2023-08-01T11:42:24+00:00\" \/>\n<meta name=\"twitter:card\" content=\"summary_large_image\" \/>\n<meta name=\"twitter:label1\" content=\"Est. reading time\" \/>\n\t<meta name=\"twitter:data1\" content=\"1 minute\" \/>\n<script type=\"application\/ld+json\" class=\"yoast-schema-graph\">{\"@context\":\"https:\/\/schema.org\",\"@graph\":[{\"@type\":\"WebPage\",\"@id\":\"https:\/\/www.folklore.ee\/ars\/aastapreemia-saajad\/2021-asta-oim\/\",\"url\":\"https:\/\/www.folklore.ee\/ars\/aastapreemia-saajad\/2021-asta-oim\/\",\"name\":\"2021 - Asta \u00d5im | Akadeemiline Rahvaluule Selts\",\"isPartOf\":{\"@id\":\"https:\/\/www.folklore.ee\/ars\/#website\"},\"datePublished\":\"2023-08-01T11:41:34+00:00\",\"dateModified\":\"2023-08-01T11:42:24+00:00\",\"breadcrumb\":{\"@id\":\"https:\/\/www.folklore.ee\/ars\/aastapreemia-saajad\/2021-asta-oim\/#breadcrumb\"},\"inLanguage\":\"en-US\",\"potentialAction\":[{\"@type\":\"ReadAction\",\"target\":[\"https:\/\/www.folklore.ee\/ars\/aastapreemia-saajad\/2021-asta-oim\/\"]}]},{\"@type\":\"BreadcrumbList\",\"@id\":\"https:\/\/www.folklore.ee\/ars\/aastapreemia-saajad\/2021-asta-oim\/#breadcrumb\",\"itemListElement\":[{\"@type\":\"ListItem\",\"position\":1,\"name\":\"Avaleht\",\"item\":\"https:\/\/www.folklore.ee\/ars\/\"},{\"@type\":\"ListItem\",\"position\":2,\"name\":\"Eesti folkloristika aastapreemia\",\"item\":\"https:\/\/www.folklore.ee\/ars\/aastapreemia-saajad\/\"},{\"@type\":\"ListItem\",\"position\":3,\"name\":\"2021 &#8211; Asta \u00d5im\"}]},{\"@type\":\"WebSite\",\"@id\":\"https:\/\/www.folklore.ee\/ars\/#website\",\"url\":\"https:\/\/www.folklore.ee\/ars\/\",\"name\":\"Akadeemiline Rahvaluule Selts\",\"description\":\"Folkloristide, \u00fcli\u00f5pilaste ja k\u00f5igi rahvaluulest huvitatute \u00fchendus, mis aitab kaasa rahvaluule kogumisele, tutvustamisele, uurimisele ja publitseerimisele.\",\"potentialAction\":[{\"@type\":\"SearchAction\",\"target\":{\"@type\":\"EntryPoint\",\"urlTemplate\":\"https:\/\/www.folklore.ee\/ars\/?s={search_term_string}\"},\"query-input\":\"required name=search_term_string\"}],\"inLanguage\":\"en-US\"}]}<\/script>\n<!-- \/ Yoast SEO plugin. -->","yoast_head_json":{"title":"2021 - Asta \u00d5im | Akadeemiline Rahvaluule Selts","robots":{"index":"index","follow":"follow","max-snippet":"max-snippet:-1","max-image-preview":"max-image-preview:large","max-video-preview":"max-video-preview:-1"},"canonical":"https:\/\/www.folklore.ee\/ars\/aastapreemia-saajad\/2021-asta-oim\/","og_locale":"en_US","og_type":"article","og_title":"2021 - Asta \u00d5im | Akadeemiline Rahvaluule Selts","og_description":"2021. aasta Eesti folkloristika aastapreemia laureaat on Asta \u00d5im Akadeemiline Rahvaluule Selts koost\u00f6\u00f6s Eesti Kultuurkapitali Rahvakultuuri sihtkapitaliga annab igal kevadel v\u00e4lja Eesti folkloristika aastapreemiat. Preemia eesm\u00e4rk on t\u00f5sta esile preemia saamisele eelnenud aasta jooksul silma paistnud folkloristi tegevust. Sel aastal esitati preemiale kaks kandidaati: folklorist Mari Sarv ja keeleteadlane Asta \u00d5im. 2021. aasta Eesti folkloristika [&hellip;]","og_url":"https:\/\/www.folklore.ee\/ars\/aastapreemia-saajad\/2021-asta-oim\/","og_site_name":"Akadeemiline Rahvaluule Selts","article_modified_time":"2023-08-01T11:42:24+00:00","twitter_card":"summary_large_image","twitter_misc":{"Est. reading time":"1 minute"},"schema":{"@context":"https:\/\/schema.org","@graph":[{"@type":"WebPage","@id":"https:\/\/www.folklore.ee\/ars\/aastapreemia-saajad\/2021-asta-oim\/","url":"https:\/\/www.folklore.ee\/ars\/aastapreemia-saajad\/2021-asta-oim\/","name":"2021 - Asta \u00d5im | Akadeemiline Rahvaluule Selts","isPartOf":{"@id":"https:\/\/www.folklore.ee\/ars\/#website"},"datePublished":"2023-08-01T11:41:34+00:00","dateModified":"2023-08-01T11:42:24+00:00","breadcrumb":{"@id":"https:\/\/www.folklore.ee\/ars\/aastapreemia-saajad\/2021-asta-oim\/#breadcrumb"},"inLanguage":"en-US","potentialAction":[{"@type":"ReadAction","target":["https:\/\/www.folklore.ee\/ars\/aastapreemia-saajad\/2021-asta-oim\/"]}]},{"@type":"BreadcrumbList","@id":"https:\/\/www.folklore.ee\/ars\/aastapreemia-saajad\/2021-asta-oim\/#breadcrumb","itemListElement":[{"@type":"ListItem","position":1,"name":"Avaleht","item":"https:\/\/www.folklore.ee\/ars\/"},{"@type":"ListItem","position":2,"name":"Eesti folkloristika aastapreemia","item":"https:\/\/www.folklore.ee\/ars\/aastapreemia-saajad\/"},{"@type":"ListItem","position":3,"name":"2021 &#8211; Asta \u00d5im"}]},{"@type":"WebSite","@id":"https:\/\/www.folklore.ee\/ars\/#website","url":"https:\/\/www.folklore.ee\/ars\/","name":"Akadeemiline Rahvaluule Selts","description":"Folkloristide, \u00fcli\u00f5pilaste ja k\u00f5igi rahvaluulest huvitatute \u00fchendus, mis aitab kaasa rahvaluule kogumisele, tutvustamisele, uurimisele ja publitseerimisele.","potentialAction":[{"@type":"SearchAction","target":{"@type":"EntryPoint","urlTemplate":"https:\/\/www.folklore.ee\/ars\/?s={search_term_string}"},"query-input":"required name=search_term_string"}],"inLanguage":"en-US"}]}},"_links":{"self":[{"href":"https:\/\/www.folklore.ee\/ars\/wp-json\/wp\/v2\/pages\/174","targetHints":{"allow":["GET"]}}],"collection":[{"href":"https:\/\/www.folklore.ee\/ars\/wp-json\/wp\/v2\/pages"}],"about":[{"href":"https:\/\/www.folklore.ee\/ars\/wp-json\/wp\/v2\/types\/page"}],"author":[{"embeddable":true,"href":"https:\/\/www.folklore.ee\/ars\/wp-json\/wp\/v2\/users\/1"}],"replies":[{"embeddable":true,"href":"https:\/\/www.folklore.ee\/ars\/wp-json\/wp\/v2\/comments?post=174"}],"version-history":[{"count":1,"href":"https:\/\/www.folklore.ee\/ars\/wp-json\/wp\/v2\/pages\/174\/revisions"}],"predecessor-version":[{"id":175,"href":"https:\/\/www.folklore.ee\/ars\/wp-json\/wp\/v2\/pages\/174\/revisions\/175"}],"up":[{"embeddable":true,"href":"https:\/\/www.folklore.ee\/ars\/wp-json\/wp\/v2\/pages\/149"}],"wp:attachment":[{"href":"https:\/\/www.folklore.ee\/ars\/wp-json\/wp\/v2\/media?parent=174"}],"curies":[{"name":"wp","href":"https:\/\/api.w.org\/{rel}","templated":true}]}}