{"id":161,"date":"2023-08-01T11:37:18","date_gmt":"2023-08-01T11:37:18","guid":{"rendered":"http:\/\/localhost\/ars\/?page_id=161"},"modified":"2023-08-01T11:38:47","modified_gmt":"2023-08-01T11:38:47","slug":"2018-anu-korb","status":"publish","type":"page","link":"https:\/\/www.folklore.ee\/ars\/aastapreemia-saajad\/2018-anu-korb\/","title":{"rendered":"2018 &#8211; Anu Korb"},"content":{"rendered":"\n<p><strong>2018. aasta Eesti folkloristika aastapreemia laureaat on Anu Korb<\/strong><\/p>\n\n\n\n<p>Alates 2011. aastast on Akadeemiline Rahvaluule Selts koost\u00f6\u00f6s Eesti Kultuurkapitali Rahvakultuuri sihtkapitaliga andnud v\u00e4lja Eesti folkloristika aastapreemiat. Preemia eesm\u00e4rk on t\u00f5sta esile preemia saamisele eelnenud aasta jooksul silma paistnud folkloristi tegevust.<\/p>\n\n\n\n<p>Sel aastal esitati preemiale kolm kandidaati: Anu Korb, Merili Metsvahi ja Piret Voolaid. K\u00f5igi kandidaatide teadustegevus oli nii eelmisel kui ka varasematel aastatel laiahaardeline \u2013 avaldati teadusartikleid ja allikapublikatsioone. K\u00f5igi nominentide puhul saab esile t\u00f5sta nende teadusorganisatoorset tegevust ja oma uurimustulemuste populariseerimist.<\/p>\n\n\n\n<p><strong>2018. aasta Eesti folkloristika aastapreemia p\u00e4lvis Eesti Kirjandusmuuseumi Eesti Rahvaluule Arhiivi vanemteadur Anu Korb.<\/strong><\/p>\n\n\n\n<p>Laureaadi puhul t\u00f5stetakse esile tema pikaajalist ja mitmek\u00fclgset tegevust Siberi eesti kogukondade uurimisel, nende p\u00e4rimuse ja argikultuuri talletamisel ja erinevatele publikutele tutvustamisel. M\u00f6\u00f6dunud aastal ilmunud \u201eKohtumised Siberis\u201c koondab paarik\u00fcmne aasta v\u00e4lit\u00f6\u00f6de m\u00e4rkmeid v\u00e4ljaande koostajalt ja toimetajalt Anu Korbilt ning teistelt temaga v\u00e4lit\u00f6\u00f6del osalenud folkloristidelt. V\u00e4lit\u00f6\u00f6del kirja pandud t\u00e4helepanekud on tunnistuseks p\u00f6\u00f6rdelistest muutustest Siberi eestlaste elus.<\/p>\n\n\n\n<p>V\u00e4lit\u00f6\u00f6p\u00e4evikute uurimisele lisaks keskendus Korb oma artiklites Siberi eestlaste rahvameditsiini uurimisele, materjali kogumise ajaloole ja kogukonna teadmistes toimunud muutuste j\u00e4lgimisele; valmis artikkel Siberi eestlaste m\u00e4lestustest \u00fchismajandite loomise ja kolhoosielu kohta ning \u00fclevaade Virumaa rahvaluule kogumisloost.<\/p>\n\n\n\n<p>Preemia anti \u00fcle 31. mail Tartus Eesti Kirjandusmuuseumis toimunud Akadeemilise Rahvaluule Seltsi aastakoosolekul.<\/p>\n\n\n\n<p>ARSi juhatus<br>Info: K\u00e4rri Toomeos-Orglaan<br>(<a href=\"mailto:karri.toomeos-orglaan@folklore.ee\">karri.toomeos-orglaan@folklore.ee<\/a>, <a href=\"tel:+37255571447\">+372 55571447<\/a>)<\/p>\n\n\n\n<p>Akadeemiline Rahvaluule Selts<br>Vanemuise 42<br>Tartu 51003<\/p>\n","protected":false},"excerpt":{"rendered":"<p>2018. aasta Eesti folkloristika aastapreemia laureaat on Anu Korb Alates 2011. aastast on Akadeemiline Rahvaluule Selts koost\u00f6\u00f6s Eesti Kultuurkapitali Rahvakultuuri sihtkapitaliga andnud v\u00e4lja Eesti folkloristika aastapreemiat. Preemia eesm\u00e4rk on t\u00f5sta esile preemia saamisele eelnenud aasta jooksul silma paistnud folkloristi tegevust. Sel aastal esitati preemiale kolm kandidaati: Anu Korb, Merili Metsvahi ja Piret Voolaid. K\u00f5igi kandidaatide [&hellip;]<\/p>\n","protected":false},"author":1,"featured_media":0,"parent":149,"menu_order":0,"comment_status":"closed","ping_status":"closed","template":"","meta":{"footnotes":""},"class_list":["post-161","page","type-page","status-publish","hentry"],"yoast_head":"<!-- This site is optimized with the Yoast SEO plugin v20.12 - https:\/\/yoast.com\/wordpress\/plugins\/seo\/ -->\n<title>2018 - Anu Korb | Akadeemiline Rahvaluule Selts<\/title>\n<meta name=\"robots\" content=\"index, follow, max-snippet:-1, max-image-preview:large, max-video-preview:-1\" \/>\n<link rel=\"canonical\" href=\"https:\/\/www.folklore.ee\/ars\/aastapreemia-saajad\/2018-anu-korb\/\" \/>\n<meta property=\"og:locale\" content=\"en_US\" \/>\n<meta property=\"og:type\" content=\"article\" \/>\n<meta property=\"og:title\" content=\"2018 - Anu Korb | Akadeemiline Rahvaluule Selts\" \/>\n<meta property=\"og:description\" content=\"2018. aasta Eesti folkloristika aastapreemia laureaat on Anu Korb Alates 2011. aastast on Akadeemiline Rahvaluule Selts koost\u00f6\u00f6s Eesti Kultuurkapitali Rahvakultuuri sihtkapitaliga andnud v\u00e4lja Eesti folkloristika aastapreemiat. Preemia eesm\u00e4rk on t\u00f5sta esile preemia saamisele eelnenud aasta jooksul silma paistnud folkloristi tegevust. Sel aastal esitati preemiale kolm kandidaati: Anu Korb, Merili Metsvahi ja Piret Voolaid. K\u00f5igi kandidaatide [&hellip;]\" \/>\n<meta property=\"og:url\" content=\"https:\/\/www.folklore.ee\/ars\/aastapreemia-saajad\/2018-anu-korb\/\" \/>\n<meta property=\"og:site_name\" content=\"Akadeemiline Rahvaluule Selts\" \/>\n<meta property=\"article:modified_time\" content=\"2023-08-01T11:38:47+00:00\" \/>\n<meta name=\"twitter:card\" content=\"summary_large_image\" \/>\n<meta name=\"twitter:label1\" content=\"Est. reading time\" \/>\n\t<meta name=\"twitter:data1\" content=\"1 minute\" \/>\n<script type=\"application\/ld+json\" class=\"yoast-schema-graph\">{\"@context\":\"https:\/\/schema.org\",\"@graph\":[{\"@type\":\"WebPage\",\"@id\":\"https:\/\/www.folklore.ee\/ars\/aastapreemia-saajad\/2018-anu-korb\/\",\"url\":\"https:\/\/www.folklore.ee\/ars\/aastapreemia-saajad\/2018-anu-korb\/\",\"name\":\"2018 - Anu Korb | Akadeemiline Rahvaluule Selts\",\"isPartOf\":{\"@id\":\"https:\/\/www.folklore.ee\/ars\/#website\"},\"datePublished\":\"2023-08-01T11:37:18+00:00\",\"dateModified\":\"2023-08-01T11:38:47+00:00\",\"breadcrumb\":{\"@id\":\"https:\/\/www.folklore.ee\/ars\/aastapreemia-saajad\/2018-anu-korb\/#breadcrumb\"},\"inLanguage\":\"en-US\",\"potentialAction\":[{\"@type\":\"ReadAction\",\"target\":[\"https:\/\/www.folklore.ee\/ars\/aastapreemia-saajad\/2018-anu-korb\/\"]}]},{\"@type\":\"BreadcrumbList\",\"@id\":\"https:\/\/www.folklore.ee\/ars\/aastapreemia-saajad\/2018-anu-korb\/#breadcrumb\",\"itemListElement\":[{\"@type\":\"ListItem\",\"position\":1,\"name\":\"Avaleht\",\"item\":\"https:\/\/www.folklore.ee\/ars\/\"},{\"@type\":\"ListItem\",\"position\":2,\"name\":\"Eesti folkloristika aastapreemia\",\"item\":\"https:\/\/www.folklore.ee\/ars\/aastapreemia-saajad\/\"},{\"@type\":\"ListItem\",\"position\":3,\"name\":\"2018 &#8211; Anu Korb\"}]},{\"@type\":\"WebSite\",\"@id\":\"https:\/\/www.folklore.ee\/ars\/#website\",\"url\":\"https:\/\/www.folklore.ee\/ars\/\",\"name\":\"Akadeemiline Rahvaluule Selts\",\"description\":\"Folkloristide, \u00fcli\u00f5pilaste ja k\u00f5igi rahvaluulest huvitatute \u00fchendus, mis aitab kaasa rahvaluule kogumisele, tutvustamisele, uurimisele ja publitseerimisele.\",\"potentialAction\":[{\"@type\":\"SearchAction\",\"target\":{\"@type\":\"EntryPoint\",\"urlTemplate\":\"https:\/\/www.folklore.ee\/ars\/?s={search_term_string}\"},\"query-input\":\"required name=search_term_string\"}],\"inLanguage\":\"en-US\"}]}<\/script>\n<!-- \/ Yoast SEO plugin. -->","yoast_head_json":{"title":"2018 - Anu Korb | Akadeemiline Rahvaluule Selts","robots":{"index":"index","follow":"follow","max-snippet":"max-snippet:-1","max-image-preview":"max-image-preview:large","max-video-preview":"max-video-preview:-1"},"canonical":"https:\/\/www.folklore.ee\/ars\/aastapreemia-saajad\/2018-anu-korb\/","og_locale":"en_US","og_type":"article","og_title":"2018 - Anu Korb | Akadeemiline Rahvaluule Selts","og_description":"2018. aasta Eesti folkloristika aastapreemia laureaat on Anu Korb Alates 2011. aastast on Akadeemiline Rahvaluule Selts koost\u00f6\u00f6s Eesti Kultuurkapitali Rahvakultuuri sihtkapitaliga andnud v\u00e4lja Eesti folkloristika aastapreemiat. Preemia eesm\u00e4rk on t\u00f5sta esile preemia saamisele eelnenud aasta jooksul silma paistnud folkloristi tegevust. Sel aastal esitati preemiale kolm kandidaati: Anu Korb, Merili Metsvahi ja Piret Voolaid. K\u00f5igi kandidaatide [&hellip;]","og_url":"https:\/\/www.folklore.ee\/ars\/aastapreemia-saajad\/2018-anu-korb\/","og_site_name":"Akadeemiline Rahvaluule Selts","article_modified_time":"2023-08-01T11:38:47+00:00","twitter_card":"summary_large_image","twitter_misc":{"Est. reading time":"1 minute"},"schema":{"@context":"https:\/\/schema.org","@graph":[{"@type":"WebPage","@id":"https:\/\/www.folklore.ee\/ars\/aastapreemia-saajad\/2018-anu-korb\/","url":"https:\/\/www.folklore.ee\/ars\/aastapreemia-saajad\/2018-anu-korb\/","name":"2018 - Anu Korb | Akadeemiline Rahvaluule Selts","isPartOf":{"@id":"https:\/\/www.folklore.ee\/ars\/#website"},"datePublished":"2023-08-01T11:37:18+00:00","dateModified":"2023-08-01T11:38:47+00:00","breadcrumb":{"@id":"https:\/\/www.folklore.ee\/ars\/aastapreemia-saajad\/2018-anu-korb\/#breadcrumb"},"inLanguage":"en-US","potentialAction":[{"@type":"ReadAction","target":["https:\/\/www.folklore.ee\/ars\/aastapreemia-saajad\/2018-anu-korb\/"]}]},{"@type":"BreadcrumbList","@id":"https:\/\/www.folklore.ee\/ars\/aastapreemia-saajad\/2018-anu-korb\/#breadcrumb","itemListElement":[{"@type":"ListItem","position":1,"name":"Avaleht","item":"https:\/\/www.folklore.ee\/ars\/"},{"@type":"ListItem","position":2,"name":"Eesti folkloristika aastapreemia","item":"https:\/\/www.folklore.ee\/ars\/aastapreemia-saajad\/"},{"@type":"ListItem","position":3,"name":"2018 &#8211; Anu Korb"}]},{"@type":"WebSite","@id":"https:\/\/www.folklore.ee\/ars\/#website","url":"https:\/\/www.folklore.ee\/ars\/","name":"Akadeemiline Rahvaluule Selts","description":"Folkloristide, \u00fcli\u00f5pilaste ja k\u00f5igi rahvaluulest huvitatute \u00fchendus, mis aitab kaasa rahvaluule kogumisele, tutvustamisele, uurimisele ja publitseerimisele.","potentialAction":[{"@type":"SearchAction","target":{"@type":"EntryPoint","urlTemplate":"https:\/\/www.folklore.ee\/ars\/?s={search_term_string}"},"query-input":"required name=search_term_string"}],"inLanguage":"en-US"}]}},"_links":{"self":[{"href":"https:\/\/www.folklore.ee\/ars\/wp-json\/wp\/v2\/pages\/161","targetHints":{"allow":["GET"]}}],"collection":[{"href":"https:\/\/www.folklore.ee\/ars\/wp-json\/wp\/v2\/pages"}],"about":[{"href":"https:\/\/www.folklore.ee\/ars\/wp-json\/wp\/v2\/types\/page"}],"author":[{"embeddable":true,"href":"https:\/\/www.folklore.ee\/ars\/wp-json\/wp\/v2\/users\/1"}],"replies":[{"embeddable":true,"href":"https:\/\/www.folklore.ee\/ars\/wp-json\/wp\/v2\/comments?post=161"}],"version-history":[{"count":3,"href":"https:\/\/www.folklore.ee\/ars\/wp-json\/wp\/v2\/pages\/161\/revisions"}],"predecessor-version":[{"id":166,"href":"https:\/\/www.folklore.ee\/ars\/wp-json\/wp\/v2\/pages\/161\/revisions\/166"}],"up":[{"embeddable":true,"href":"https:\/\/www.folklore.ee\/ars\/wp-json\/wp\/v2\/pages\/149"}],"wp:attachment":[{"href":"https:\/\/www.folklore.ee\/ars\/wp-json\/wp\/v2\/media?parent=161"}],"curies":[{"name":"wp","href":"https:\/\/api.w.org\/{rel}","templated":true}]}}