{"id":159,"date":"2023-08-01T11:36:14","date_gmt":"2023-08-01T11:36:14","guid":{"rendered":"http:\/\/localhost\/ars\/?page_id=159"},"modified":"2023-08-01T11:36:14","modified_gmt":"2023-08-01T11:36:14","slug":"2017-reet-hiiemae","status":"publish","type":"page","link":"https:\/\/www.folklore.ee\/ars\/aastapreemia-saajad\/2017-reet-hiiemae\/","title":{"rendered":"2017 &#8211; Reet Hiiem\u00e4e"},"content":{"rendered":"\n<p>2017. aasta Eesti folkloristika preemia sai Reet Hiiem\u00e4e<\/p>\n\n\n\n<p>Alates 2011. aastast on Akadeemiline Rahvaluule Selts koost\u00f6\u00f6s Eesti Kultuurkapitali Rahvakultuuri sihtkapitaliga andnud v\u00e4lja Eesti folkloristika aastapreemiat. Preemia eesm\u00e4rk on t\u00f5sta esile preemia saamisele eelnenud aasta jooksul silma paistnud folkloristi tegevust.<\/p>\n\n\n\n<p>Sel aastal esitati \u017e\u00fcriile neli kandidaati: Reet Hiiem\u00e4e, Helen K\u00f5mmus, Aado Lintrop ja Merili Metsvahi. K\u00f5igi mainitute 2016. aasta oli tegus ja laiahaardeline \u2013 valminud on nii teadusartikleid, allikapublikatsioone kui ka populaarteaduslikke v\u00e4ljaandeid.<\/p>\n\n\n\n<p>2017. aasta Eesti folkloristika preemia otsustati anda Eesti kirjandusmuuseumi folkloristika osakonna teadurile <strong>Reet Hiiem\u00e4ele<\/strong>, kes on mitmek\u00fclgne ja viljakas folklorist nind usundiuurija.<\/p>\n\n\n\n<p>2017. aastal ilmus Reet Hiiem\u00e4e sulest hulgaliselt k\u00f5rgetasemelisi teadusartikleid ning laiemale lugejaskonnale m\u00f5eldud k\u00e4sitlusi, ka koostas ta ajakirja Folklore usundiliste juttude erinumbri. Aasta l\u00f5pus valmis tal doktorit\u00f6\u00f6 <strong><em>&#8220;Folkloor kui mentaalse enesekaitse vahend: usundilise p\u00e4rimuse pragmaatikast&#8221;<\/em><\/strong>, mille kaitses k\u00e4esoleva aasta algul.<\/p>\n\n\n\n<p>Reet Hiiem\u00e4e on uurinud nii klassikalisi folkloori\u017eanre kui ka t\u00e4nap\u00e4evaseid rahvaluule ja usundiga seotud n\u00e4htusi. T\u00e4nu heale vana p\u00e4rimuse tundmisele oskab Reet Hiiem\u00e4e n\u00e4ha seoseid vanade ja uute n\u00e4htuste vahel. Hiiem\u00e4e uurimuste allikateks on nii arhiivides kui ka meedias ja internetis leiduv elav p\u00e4rimus. Reet Hiiem\u00e4e uurimused aitavad m\u00f5ista t\u00e4nap\u00e4eva n\u00e4iliselt sekulaarses Eestis toimuvaid n\u00e4htusi (nt \u00fcleloomulikud kogemused ja teispoolsusega suhtlemine) ning n\u00e4itavad p\u00e4rimuse d\u00fcnaamikat. Lisaks teadustegevusele on Reet Hiiem\u00e4e ka aktiivne oma uurimuste populariseerija.<\/p>\n\n\n\n<p>Preemia anti k\u00e4tte 25. mail Tartus Eesti Kirjandusmuuseumis toimunud Akadeemilise Rahvaluule Seltsi aastakoosolekul.<\/p>\n\n\n\n<p>ARSi juhatus<\/p>\n\n\n\n<p>Akadeemiline Rahvaluule Selts<br>Vanemuise 42<br>Tartu 51003<\/p>\n","protected":false},"excerpt":{"rendered":"<p>2017. aasta Eesti folkloristika preemia sai Reet Hiiem\u00e4e Alates 2011. aastast on Akadeemiline Rahvaluule Selts koost\u00f6\u00f6s Eesti Kultuurkapitali Rahvakultuuri sihtkapitaliga andnud v\u00e4lja Eesti folkloristika aastapreemiat. Preemia eesm\u00e4rk on t\u00f5sta esile preemia saamisele eelnenud aasta jooksul silma paistnud folkloristi tegevust. Sel aastal esitati \u017e\u00fcriile neli kandidaati: Reet Hiiem\u00e4e, Helen K\u00f5mmus, Aado Lintrop ja Merili Metsvahi. K\u00f5igi [&hellip;]<\/p>\n","protected":false},"author":1,"featured_media":0,"parent":149,"menu_order":0,"comment_status":"closed","ping_status":"closed","template":"","meta":{"footnotes":""},"class_list":["post-159","page","type-page","status-publish","hentry"],"yoast_head":"<!-- This site is optimized with the Yoast SEO plugin v20.12 - https:\/\/yoast.com\/wordpress\/plugins\/seo\/ -->\n<title>2017 - Reet Hiiem\u00e4e | Akadeemiline Rahvaluule Selts<\/title>\n<meta name=\"robots\" content=\"index, follow, max-snippet:-1, max-image-preview:large, max-video-preview:-1\" \/>\n<link rel=\"canonical\" href=\"https:\/\/www.folklore.ee\/ars\/aastapreemia-saajad\/2017-reet-hiiemae\/\" \/>\n<meta property=\"og:locale\" content=\"en_US\" \/>\n<meta property=\"og:type\" content=\"article\" \/>\n<meta property=\"og:title\" content=\"2017 - Reet Hiiem\u00e4e | Akadeemiline Rahvaluule Selts\" \/>\n<meta property=\"og:description\" content=\"2017. aasta Eesti folkloristika preemia sai Reet Hiiem\u00e4e Alates 2011. aastast on Akadeemiline Rahvaluule Selts koost\u00f6\u00f6s Eesti Kultuurkapitali Rahvakultuuri sihtkapitaliga andnud v\u00e4lja Eesti folkloristika aastapreemiat. Preemia eesm\u00e4rk on t\u00f5sta esile preemia saamisele eelnenud aasta jooksul silma paistnud folkloristi tegevust. Sel aastal esitati \u017e\u00fcriile neli kandidaati: Reet Hiiem\u00e4e, Helen K\u00f5mmus, Aado Lintrop ja Merili Metsvahi. K\u00f5igi [&hellip;]\" \/>\n<meta property=\"og:url\" content=\"https:\/\/www.folklore.ee\/ars\/aastapreemia-saajad\/2017-reet-hiiemae\/\" \/>\n<meta property=\"og:site_name\" content=\"Akadeemiline Rahvaluule Selts\" \/>\n<meta name=\"twitter:card\" content=\"summary_large_image\" \/>\n<meta name=\"twitter:label1\" content=\"Est. reading time\" \/>\n\t<meta name=\"twitter:data1\" content=\"2 minutes\" \/>\n<script type=\"application\/ld+json\" class=\"yoast-schema-graph\">{\"@context\":\"https:\/\/schema.org\",\"@graph\":[{\"@type\":\"WebPage\",\"@id\":\"https:\/\/www.folklore.ee\/ars\/aastapreemia-saajad\/2017-reet-hiiemae\/\",\"url\":\"https:\/\/www.folklore.ee\/ars\/aastapreemia-saajad\/2017-reet-hiiemae\/\",\"name\":\"2017 - Reet Hiiem\u00e4e | Akadeemiline Rahvaluule Selts\",\"isPartOf\":{\"@id\":\"https:\/\/www.folklore.ee\/ars\/#website\"},\"datePublished\":\"2023-08-01T11:36:14+00:00\",\"dateModified\":\"2023-08-01T11:36:14+00:00\",\"breadcrumb\":{\"@id\":\"https:\/\/www.folklore.ee\/ars\/aastapreemia-saajad\/2017-reet-hiiemae\/#breadcrumb\"},\"inLanguage\":\"en-US\",\"potentialAction\":[{\"@type\":\"ReadAction\",\"target\":[\"https:\/\/www.folklore.ee\/ars\/aastapreemia-saajad\/2017-reet-hiiemae\/\"]}]},{\"@type\":\"BreadcrumbList\",\"@id\":\"https:\/\/www.folklore.ee\/ars\/aastapreemia-saajad\/2017-reet-hiiemae\/#breadcrumb\",\"itemListElement\":[{\"@type\":\"ListItem\",\"position\":1,\"name\":\"Avaleht\",\"item\":\"https:\/\/www.folklore.ee\/ars\/\"},{\"@type\":\"ListItem\",\"position\":2,\"name\":\"Eesti folkloristika aastapreemia\",\"item\":\"https:\/\/www.folklore.ee\/ars\/aastapreemia-saajad\/\"},{\"@type\":\"ListItem\",\"position\":3,\"name\":\"2017 &#8211; Reet Hiiem\u00e4e\"}]},{\"@type\":\"WebSite\",\"@id\":\"https:\/\/www.folklore.ee\/ars\/#website\",\"url\":\"https:\/\/www.folklore.ee\/ars\/\",\"name\":\"Akadeemiline Rahvaluule Selts\",\"description\":\"Folkloristide, \u00fcli\u00f5pilaste ja k\u00f5igi rahvaluulest huvitatute \u00fchendus, mis aitab kaasa rahvaluule kogumisele, tutvustamisele, uurimisele ja publitseerimisele.\",\"potentialAction\":[{\"@type\":\"SearchAction\",\"target\":{\"@type\":\"EntryPoint\",\"urlTemplate\":\"https:\/\/www.folklore.ee\/ars\/?s={search_term_string}\"},\"query-input\":\"required name=search_term_string\"}],\"inLanguage\":\"en-US\"}]}<\/script>\n<!-- \/ Yoast SEO plugin. -->","yoast_head_json":{"title":"2017 - Reet Hiiem\u00e4e | Akadeemiline Rahvaluule Selts","robots":{"index":"index","follow":"follow","max-snippet":"max-snippet:-1","max-image-preview":"max-image-preview:large","max-video-preview":"max-video-preview:-1"},"canonical":"https:\/\/www.folklore.ee\/ars\/aastapreemia-saajad\/2017-reet-hiiemae\/","og_locale":"en_US","og_type":"article","og_title":"2017 - Reet Hiiem\u00e4e | Akadeemiline Rahvaluule Selts","og_description":"2017. aasta Eesti folkloristika preemia sai Reet Hiiem\u00e4e Alates 2011. aastast on Akadeemiline Rahvaluule Selts koost\u00f6\u00f6s Eesti Kultuurkapitali Rahvakultuuri sihtkapitaliga andnud v\u00e4lja Eesti folkloristika aastapreemiat. Preemia eesm\u00e4rk on t\u00f5sta esile preemia saamisele eelnenud aasta jooksul silma paistnud folkloristi tegevust. Sel aastal esitati \u017e\u00fcriile neli kandidaati: Reet Hiiem\u00e4e, Helen K\u00f5mmus, Aado Lintrop ja Merili Metsvahi. K\u00f5igi [&hellip;]","og_url":"https:\/\/www.folklore.ee\/ars\/aastapreemia-saajad\/2017-reet-hiiemae\/","og_site_name":"Akadeemiline Rahvaluule Selts","twitter_card":"summary_large_image","twitter_misc":{"Est. reading time":"2 minutes"},"schema":{"@context":"https:\/\/schema.org","@graph":[{"@type":"WebPage","@id":"https:\/\/www.folklore.ee\/ars\/aastapreemia-saajad\/2017-reet-hiiemae\/","url":"https:\/\/www.folklore.ee\/ars\/aastapreemia-saajad\/2017-reet-hiiemae\/","name":"2017 - Reet Hiiem\u00e4e | Akadeemiline Rahvaluule Selts","isPartOf":{"@id":"https:\/\/www.folklore.ee\/ars\/#website"},"datePublished":"2023-08-01T11:36:14+00:00","dateModified":"2023-08-01T11:36:14+00:00","breadcrumb":{"@id":"https:\/\/www.folklore.ee\/ars\/aastapreemia-saajad\/2017-reet-hiiemae\/#breadcrumb"},"inLanguage":"en-US","potentialAction":[{"@type":"ReadAction","target":["https:\/\/www.folklore.ee\/ars\/aastapreemia-saajad\/2017-reet-hiiemae\/"]}]},{"@type":"BreadcrumbList","@id":"https:\/\/www.folklore.ee\/ars\/aastapreemia-saajad\/2017-reet-hiiemae\/#breadcrumb","itemListElement":[{"@type":"ListItem","position":1,"name":"Avaleht","item":"https:\/\/www.folklore.ee\/ars\/"},{"@type":"ListItem","position":2,"name":"Eesti folkloristika aastapreemia","item":"https:\/\/www.folklore.ee\/ars\/aastapreemia-saajad\/"},{"@type":"ListItem","position":3,"name":"2017 &#8211; Reet Hiiem\u00e4e"}]},{"@type":"WebSite","@id":"https:\/\/www.folklore.ee\/ars\/#website","url":"https:\/\/www.folklore.ee\/ars\/","name":"Akadeemiline Rahvaluule Selts","description":"Folkloristide, \u00fcli\u00f5pilaste ja k\u00f5igi rahvaluulest huvitatute \u00fchendus, mis aitab kaasa rahvaluule kogumisele, tutvustamisele, uurimisele ja publitseerimisele.","potentialAction":[{"@type":"SearchAction","target":{"@type":"EntryPoint","urlTemplate":"https:\/\/www.folklore.ee\/ars\/?s={search_term_string}"},"query-input":"required name=search_term_string"}],"inLanguage":"en-US"}]}},"_links":{"self":[{"href":"https:\/\/www.folklore.ee\/ars\/wp-json\/wp\/v2\/pages\/159","targetHints":{"allow":["GET"]}}],"collection":[{"href":"https:\/\/www.folklore.ee\/ars\/wp-json\/wp\/v2\/pages"}],"about":[{"href":"https:\/\/www.folklore.ee\/ars\/wp-json\/wp\/v2\/types\/page"}],"author":[{"embeddable":true,"href":"https:\/\/www.folklore.ee\/ars\/wp-json\/wp\/v2\/users\/1"}],"replies":[{"embeddable":true,"href":"https:\/\/www.folklore.ee\/ars\/wp-json\/wp\/v2\/comments?post=159"}],"version-history":[{"count":1,"href":"https:\/\/www.folklore.ee\/ars\/wp-json\/wp\/v2\/pages\/159\/revisions"}],"predecessor-version":[{"id":160,"href":"https:\/\/www.folklore.ee\/ars\/wp-json\/wp\/v2\/pages\/159\/revisions\/160"}],"up":[{"embeddable":true,"href":"https:\/\/www.folklore.ee\/ars\/wp-json\/wp\/v2\/pages\/149"}],"wp:attachment":[{"href":"https:\/\/www.folklore.ee\/ars\/wp-json\/wp\/v2\/media?parent=159"}],"curies":[{"name":"wp","href":"https:\/\/api.w.org\/{rel}","templated":true}]}}