{"id":154,"date":"2023-08-01T11:31:46","date_gmt":"2023-08-01T11:31:46","guid":{"rendered":"http:\/\/localhost\/ars\/?page_id=154"},"modified":"2023-08-01T11:31:46","modified_gmt":"2023-08-01T11:31:46","slug":"2015-mare-koiva","status":"publish","type":"page","link":"https:\/\/www.folklore.ee\/ars\/aastapreemia-saajad\/2015-mare-koiva\/","title":{"rendered":"2015 &#8211; Mare K\u00f5iva"},"content":{"rendered":"\n<p><strong>2015. aasta Eesti folkloristika preemia sai Mare K\u00f5iva<\/strong><\/p>\n\n\n\n<p><strong>Alates 2011. aastast on Akadeemiline Rahvaluule Selts koost\u00f6\u00f6s Eesti Kultuurkapitali Rahvakultuuri sihtkapitaliga andnud v\u00e4lja Eesti folkloristika aastapreemiat. Preemia eesm\u00e4rk on t\u00f5sta esile preemia saamisele eelnenud aasta jooksul silma paistnud folkloristi tegevust.<\/strong><\/p>\n\n\n\n<p>Sel aastal esitati preemiakomisjonile kolm kandidaati: Risto J\u00e4rv, Anu Korb ja Mare K\u00f5iva. K\u00f5igi mainitute 2014. aasta oli viljakas ja laiahaardeline &#8211; valminud on nii teadusartikleid, allpublikatsioone, populaarteaduslikke v\u00e4ljaandeid kui ka heliplaate. K\u00f5igi \u00fclesseatute puhul t\u00f5steti esile ka nende teadusorganisatoorset tegevust.<\/p>\n\n\n\n<p>2015. aasta Eesti folkloristika preemia otsustati anda Eesti Kirjandusmuuseumi juhtivteadur Mare K\u00f5ivale. Mare K\u00f5ival ilmus 2014. aastal kaks artiklikogumikku: Through the Ages I. Folklore as a Common Expression of Lingual, Figurative, Emotional and Mental Memory ja Through the Ages II. Time, Space, and Eternity.<\/p>\n\n\n\n<p>Kogumikesse koondatud k\u00e4sitlused peegeldavad autori huvide mitmekesisust, h\u00f5lmates nt loitsusid, ravitsejaid, haldjap\u00e4rimust, hirmun\u00e4htustega seotud problemaatikat, rahvameditsiini, internetikogukondi ja eesti diasporaakogukondi. On nii vanale arhiiviainesele keskenduvaid k\u00e4sitlusi, isiklike v\u00e4lit\u00f6\u00f6materjalide anal\u00fc\u00fcse kui ka katsetusi erinevate teadusharude piiridele j\u00e4\u00e4vate teemade ja meetoditega. K\u00f5ige \u00fcldisemaks teemaks, mis Mare K\u00f5ivat paelub on see, mida ja millesse erinevad inimesed erinevatel aegadel usuvad, kuidas neid uskumusi narratiivideks vormivad ning oma k\u00e4itumises arvesse v\u00f5tavad. K\u00f5ivale pakuvad huvi ka k\u00fcsimused, kuidas uskumused ja narratiivid \u00fchelt kogukonnalt teisele r\u00e4ndavad, uues aegruumis kohanevad.<br>Preemia anti k\u00e4tte 28. mail Tartus Eesti Kirjandusmuuseumis toimunud Akadeemilise Rahvaluule Seltsi aastakoosolekul.<\/p>\n\n\n\n<p>ARSi juhatus<\/p>\n\n\n\n<p>Akadeemiline Rahvaluule Selts<br>Vanemuise 42<br>Tartu 51003<\/p>\n\n\n\n<p>Info: Katre Kikas (<a href=\"mailto:katre.kikas@folklore.ee\">katre.kikas@folklore.ee<\/a>), Pihla Maria Siim (<a href=\"mailto:pihla.siim@ut.ee\">pihla.siim@ut.ee<\/a>)<\/p>\n","protected":false},"excerpt":{"rendered":"<p>2015. aasta Eesti folkloristika preemia sai Mare K\u00f5iva Alates 2011. aastast on Akadeemiline Rahvaluule Selts koost\u00f6\u00f6s Eesti Kultuurkapitali Rahvakultuuri sihtkapitaliga andnud v\u00e4lja Eesti folkloristika aastapreemiat. Preemia eesm\u00e4rk on t\u00f5sta esile preemia saamisele eelnenud aasta jooksul silma paistnud folkloristi tegevust. Sel aastal esitati preemiakomisjonile kolm kandidaati: Risto J\u00e4rv, Anu Korb ja Mare K\u00f5iva. K\u00f5igi mainitute 2014. [&hellip;]<\/p>\n","protected":false},"author":1,"featured_media":0,"parent":149,"menu_order":0,"comment_status":"closed","ping_status":"closed","template":"","meta":{"footnotes":""},"class_list":["post-154","page","type-page","status-publish","hentry"],"yoast_head":"<!-- This site is optimized with the Yoast SEO plugin v20.12 - https:\/\/yoast.com\/wordpress\/plugins\/seo\/ -->\n<title>2015 - Mare K\u00f5iva | Akadeemiline Rahvaluule Selts<\/title>\n<meta name=\"robots\" content=\"index, follow, max-snippet:-1, max-image-preview:large, max-video-preview:-1\" \/>\n<link rel=\"canonical\" href=\"https:\/\/www.folklore.ee\/ars\/aastapreemia-saajad\/2015-mare-koiva\/\" \/>\n<meta property=\"og:locale\" content=\"en_US\" \/>\n<meta property=\"og:type\" content=\"article\" \/>\n<meta property=\"og:title\" content=\"2015 - Mare K\u00f5iva | Akadeemiline Rahvaluule Selts\" \/>\n<meta property=\"og:description\" content=\"2015. aasta Eesti folkloristika preemia sai Mare K\u00f5iva Alates 2011. aastast on Akadeemiline Rahvaluule Selts koost\u00f6\u00f6s Eesti Kultuurkapitali Rahvakultuuri sihtkapitaliga andnud v\u00e4lja Eesti folkloristika aastapreemiat. Preemia eesm\u00e4rk on t\u00f5sta esile preemia saamisele eelnenud aasta jooksul silma paistnud folkloristi tegevust. Sel aastal esitati preemiakomisjonile kolm kandidaati: Risto J\u00e4rv, Anu Korb ja Mare K\u00f5iva. K\u00f5igi mainitute 2014. [&hellip;]\" \/>\n<meta property=\"og:url\" content=\"https:\/\/www.folklore.ee\/ars\/aastapreemia-saajad\/2015-mare-koiva\/\" \/>\n<meta property=\"og:site_name\" content=\"Akadeemiline Rahvaluule Selts\" \/>\n<meta name=\"twitter:card\" content=\"summary_large_image\" \/>\n<meta name=\"twitter:label1\" content=\"Est. reading time\" \/>\n\t<meta name=\"twitter:data1\" content=\"2 minutes\" \/>\n<script type=\"application\/ld+json\" class=\"yoast-schema-graph\">{\"@context\":\"https:\/\/schema.org\",\"@graph\":[{\"@type\":\"WebPage\",\"@id\":\"https:\/\/www.folklore.ee\/ars\/aastapreemia-saajad\/2015-mare-koiva\/\",\"url\":\"https:\/\/www.folklore.ee\/ars\/aastapreemia-saajad\/2015-mare-koiva\/\",\"name\":\"2015 - Mare K\u00f5iva | Akadeemiline Rahvaluule Selts\",\"isPartOf\":{\"@id\":\"https:\/\/www.folklore.ee\/ars\/#website\"},\"datePublished\":\"2023-08-01T11:31:46+00:00\",\"dateModified\":\"2023-08-01T11:31:46+00:00\",\"breadcrumb\":{\"@id\":\"https:\/\/www.folklore.ee\/ars\/aastapreemia-saajad\/2015-mare-koiva\/#breadcrumb\"},\"inLanguage\":\"en-US\",\"potentialAction\":[{\"@type\":\"ReadAction\",\"target\":[\"https:\/\/www.folklore.ee\/ars\/aastapreemia-saajad\/2015-mare-koiva\/\"]}]},{\"@type\":\"BreadcrumbList\",\"@id\":\"https:\/\/www.folklore.ee\/ars\/aastapreemia-saajad\/2015-mare-koiva\/#breadcrumb\",\"itemListElement\":[{\"@type\":\"ListItem\",\"position\":1,\"name\":\"Avaleht\",\"item\":\"https:\/\/www.folklore.ee\/ars\/\"},{\"@type\":\"ListItem\",\"position\":2,\"name\":\"Eesti folkloristika aastapreemia\",\"item\":\"https:\/\/www.folklore.ee\/ars\/aastapreemia-saajad\/\"},{\"@type\":\"ListItem\",\"position\":3,\"name\":\"2015 &#8211; Mare K\u00f5iva\"}]},{\"@type\":\"WebSite\",\"@id\":\"https:\/\/www.folklore.ee\/ars\/#website\",\"url\":\"https:\/\/www.folklore.ee\/ars\/\",\"name\":\"Akadeemiline Rahvaluule Selts\",\"description\":\"Folkloristide, \u00fcli\u00f5pilaste ja k\u00f5igi rahvaluulest huvitatute \u00fchendus, mis aitab kaasa rahvaluule kogumisele, tutvustamisele, uurimisele ja publitseerimisele.\",\"potentialAction\":[{\"@type\":\"SearchAction\",\"target\":{\"@type\":\"EntryPoint\",\"urlTemplate\":\"https:\/\/www.folklore.ee\/ars\/?s={search_term_string}\"},\"query-input\":\"required name=search_term_string\"}],\"inLanguage\":\"en-US\"}]}<\/script>\n<!-- \/ Yoast SEO plugin. -->","yoast_head_json":{"title":"2015 - Mare K\u00f5iva | Akadeemiline Rahvaluule Selts","robots":{"index":"index","follow":"follow","max-snippet":"max-snippet:-1","max-image-preview":"max-image-preview:large","max-video-preview":"max-video-preview:-1"},"canonical":"https:\/\/www.folklore.ee\/ars\/aastapreemia-saajad\/2015-mare-koiva\/","og_locale":"en_US","og_type":"article","og_title":"2015 - Mare K\u00f5iva | Akadeemiline Rahvaluule Selts","og_description":"2015. aasta Eesti folkloristika preemia sai Mare K\u00f5iva Alates 2011. aastast on Akadeemiline Rahvaluule Selts koost\u00f6\u00f6s Eesti Kultuurkapitali Rahvakultuuri sihtkapitaliga andnud v\u00e4lja Eesti folkloristika aastapreemiat. Preemia eesm\u00e4rk on t\u00f5sta esile preemia saamisele eelnenud aasta jooksul silma paistnud folkloristi tegevust. Sel aastal esitati preemiakomisjonile kolm kandidaati: Risto J\u00e4rv, Anu Korb ja Mare K\u00f5iva. K\u00f5igi mainitute 2014. [&hellip;]","og_url":"https:\/\/www.folklore.ee\/ars\/aastapreemia-saajad\/2015-mare-koiva\/","og_site_name":"Akadeemiline Rahvaluule Selts","twitter_card":"summary_large_image","twitter_misc":{"Est. reading time":"2 minutes"},"schema":{"@context":"https:\/\/schema.org","@graph":[{"@type":"WebPage","@id":"https:\/\/www.folklore.ee\/ars\/aastapreemia-saajad\/2015-mare-koiva\/","url":"https:\/\/www.folklore.ee\/ars\/aastapreemia-saajad\/2015-mare-koiva\/","name":"2015 - Mare K\u00f5iva | Akadeemiline Rahvaluule Selts","isPartOf":{"@id":"https:\/\/www.folklore.ee\/ars\/#website"},"datePublished":"2023-08-01T11:31:46+00:00","dateModified":"2023-08-01T11:31:46+00:00","breadcrumb":{"@id":"https:\/\/www.folklore.ee\/ars\/aastapreemia-saajad\/2015-mare-koiva\/#breadcrumb"},"inLanguage":"en-US","potentialAction":[{"@type":"ReadAction","target":["https:\/\/www.folklore.ee\/ars\/aastapreemia-saajad\/2015-mare-koiva\/"]}]},{"@type":"BreadcrumbList","@id":"https:\/\/www.folklore.ee\/ars\/aastapreemia-saajad\/2015-mare-koiva\/#breadcrumb","itemListElement":[{"@type":"ListItem","position":1,"name":"Avaleht","item":"https:\/\/www.folklore.ee\/ars\/"},{"@type":"ListItem","position":2,"name":"Eesti folkloristika aastapreemia","item":"https:\/\/www.folklore.ee\/ars\/aastapreemia-saajad\/"},{"@type":"ListItem","position":3,"name":"2015 &#8211; Mare K\u00f5iva"}]},{"@type":"WebSite","@id":"https:\/\/www.folklore.ee\/ars\/#website","url":"https:\/\/www.folklore.ee\/ars\/","name":"Akadeemiline Rahvaluule Selts","description":"Folkloristide, \u00fcli\u00f5pilaste ja k\u00f5igi rahvaluulest huvitatute \u00fchendus, mis aitab kaasa rahvaluule kogumisele, tutvustamisele, uurimisele ja publitseerimisele.","potentialAction":[{"@type":"SearchAction","target":{"@type":"EntryPoint","urlTemplate":"https:\/\/www.folklore.ee\/ars\/?s={search_term_string}"},"query-input":"required name=search_term_string"}],"inLanguage":"en-US"}]}},"_links":{"self":[{"href":"https:\/\/www.folklore.ee\/ars\/wp-json\/wp\/v2\/pages\/154","targetHints":{"allow":["GET"]}}],"collection":[{"href":"https:\/\/www.folklore.ee\/ars\/wp-json\/wp\/v2\/pages"}],"about":[{"href":"https:\/\/www.folklore.ee\/ars\/wp-json\/wp\/v2\/types\/page"}],"author":[{"embeddable":true,"href":"https:\/\/www.folklore.ee\/ars\/wp-json\/wp\/v2\/users\/1"}],"replies":[{"embeddable":true,"href":"https:\/\/www.folklore.ee\/ars\/wp-json\/wp\/v2\/comments?post=154"}],"version-history":[{"count":1,"href":"https:\/\/www.folklore.ee\/ars\/wp-json\/wp\/v2\/pages\/154\/revisions"}],"predecessor-version":[{"id":155,"href":"https:\/\/www.folklore.ee\/ars\/wp-json\/wp\/v2\/pages\/154\/revisions\/155"}],"up":[{"embeddable":true,"href":"https:\/\/www.folklore.ee\/ars\/wp-json\/wp\/v2\/pages\/149"}],"wp:attachment":[{"href":"https:\/\/www.folklore.ee\/ars\/wp-json\/wp\/v2\/media?parent=154"}],"curies":[{"name":"wp","href":"https:\/\/api.w.org\/{rel}","templated":true}]}}