{"id":151,"date":"2023-07-31T13:17:24","date_gmt":"2023-07-31T13:17:24","guid":{"rendered":"http:\/\/localhost\/ars\/?page_id=151"},"modified":"2023-07-31T13:17:24","modified_gmt":"2023-07-31T13:17:24","slug":"2014-eda-kalmre","status":"publish","type":"page","link":"https:\/\/www.folklore.ee\/ars\/aastapreemia-saajad\/2014-eda-kalmre\/","title":{"rendered":"2014 &#8211; Eda Kalmre"},"content":{"rendered":"\n<h2 class=\"wp-block-heading\">2014. aasta Eesti folkloristika preemia sai Eda Kalmre<\/h2>\n\n\n\n<p><strong>Alates 2011. aastast on Akadeemiline Rahvaluule Selts koost\u00f6\u00f6s Eesti Kultuurkapitali Rahvakultuuri sihtkapitaliga andnud v\u00e4lja Eesti folkloristika aastapreemiat. Preemia eesm\u00e4rk on t\u00f5sta esile preemia saamisele eelnenud aasta jooksul silma paistnud folkloristi tegevust.<\/strong><\/p>\n\n\n\n<p>Sel aastal esitati preemiakomisjonile kolm kandidaati: Reet Hiiem\u00e4e, Eda Kalmre ja Piret Voolaid. K\u00f5igi mainitute 2013. aasta oli viljakas ja laiahaardeline &#8211; valminud on nii teadusartikleid kui ka populaarteaduslikke v\u00e4ljaandeid.<\/p>\n\n\n\n<p>2014. aasta Eesti folkloristika preemia otsustati anda Eesti Kirjandusmuuseumi vanemteadur Eda Kalmrele. Eda Kalmre avaldas 2013. aastal rahvusvahelisele publikule suunatud monograafia kuulujuttudest Teise maailmas\u00f5ja j\u00e4rgses Tartus (The Human Sausage Factory. A Study of Post-War Rumour in Tartu, kirjastus Rodopi), ning artiklid M\u00fcnchauseni lugude seostest t\u00e4nap\u00e4evaste loomapiinamist kajastavate meediatekstidega ja nn p\u00e4ritolu-muistendite (lood tuntud v\u00e4lismaalaste Eesti p\u00e4ritolust) esilekerkimise sotsiaalsetest tagamaadest.<\/p>\n\n\n\n<p>K\u00f5iki publikatsioone l\u00e4bivad k\u00fcsimused rahvajutu ja t\u00f5e suhetest, ametliku ajaloo ning indiviidi m\u00e4lu erinevustest ning inimeste ja kollektiivide soovist minevikku \u00fcha uuesti olevikuga kohandada. Uurimused tuginevad v\u00e4ga mitmek\u00fclgsele allikmaterjalile: rahvaluulearhiivi kogud, ajaloodokumendid, erinevate ajastute ajakirjandusv\u00e4ljaanded, m\u00e4lestused, ilukirjandus, telesaated, fotod ning k\u00f5ikv\u00f5imalikud interneti allikad. Autor on k\u00f5ik need allikmaterjalid s\u00fcnteesinud p\u00f5nevaks tervikuks, kus \u00fchelt poolt tulevad esile iga allikaliigi erip\u00e4rad, teisalt aga ka ehk esmapilgul m\u00e4rkamatuks j\u00e4\u00e4vad seosed erinevate ajastute tekstide vahel.<br>Preemia anti k\u00e4tte 29. mail Tartus Eesti Kirjandusmuuseumis toimunud Akadeemilise Rahvaluule Seltsi aastakoosolekul.<a href=\"https:\/\/kultuur.err.ee\/299365\/eesti-folkloristikapreemia-voitis-eda-kalmre\" target=\"_blank\" rel=\"noreferrer noopener\"> Vaata ERRi videot preemia \u00fcleandmisest.<\/a><\/p>\n\n\n\n<p>ARSi juhatus<\/p>\n\n\n\n<p>Akadeemiline Rahvaluule Selts<br>Vanemuise 42<br>Tartu 51003<\/p>\n\n\n\n<p>Info: Katre Kikas (<a href=\"mailto:katre.kikas@folklore.ee\">katre.kikas@folklore.ee<\/a>), Pihla Maria Siim (<a href=\"mailto:pihla.siim@ut.ee\">pihla.siim@ut.ee<\/a>)<\/p>\n","protected":false},"excerpt":{"rendered":"<p>2014. aasta Eesti folkloristika preemia sai Eda Kalmre Alates 2011. aastast on Akadeemiline Rahvaluule Selts koost\u00f6\u00f6s Eesti Kultuurkapitali Rahvakultuuri sihtkapitaliga andnud v\u00e4lja Eesti folkloristika aastapreemiat. Preemia eesm\u00e4rk on t\u00f5sta esile preemia saamisele eelnenud aasta jooksul silma paistnud folkloristi tegevust. Sel aastal esitati preemiakomisjonile kolm kandidaati: Reet Hiiem\u00e4e, Eda Kalmre ja Piret Voolaid. K\u00f5igi mainitute 2013. [&hellip;]<\/p>\n","protected":false},"author":1,"featured_media":0,"parent":149,"menu_order":0,"comment_status":"closed","ping_status":"closed","template":"","meta":{"footnotes":""},"class_list":["post-151","page","type-page","status-publish","hentry"],"yoast_head":"<!-- This site is optimized with the Yoast SEO plugin v20.12 - https:\/\/yoast.com\/wordpress\/plugins\/seo\/ -->\n<title>2014 - Eda Kalmre | Akadeemiline Rahvaluule Selts<\/title>\n<meta name=\"robots\" content=\"index, follow, max-snippet:-1, max-image-preview:large, max-video-preview:-1\" \/>\n<link rel=\"canonical\" href=\"https:\/\/www.folklore.ee\/ars\/aastapreemia-saajad\/2014-eda-kalmre\/\" \/>\n<meta property=\"og:locale\" content=\"en_US\" \/>\n<meta property=\"og:type\" content=\"article\" \/>\n<meta property=\"og:title\" content=\"2014 - Eda Kalmre | Akadeemiline Rahvaluule Selts\" \/>\n<meta property=\"og:description\" content=\"2014. aasta Eesti folkloristika preemia sai Eda Kalmre Alates 2011. aastast on Akadeemiline Rahvaluule Selts koost\u00f6\u00f6s Eesti Kultuurkapitali Rahvakultuuri sihtkapitaliga andnud v\u00e4lja Eesti folkloristika aastapreemiat. Preemia eesm\u00e4rk on t\u00f5sta esile preemia saamisele eelnenud aasta jooksul silma paistnud folkloristi tegevust. Sel aastal esitati preemiakomisjonile kolm kandidaati: Reet Hiiem\u00e4e, Eda Kalmre ja Piret Voolaid. K\u00f5igi mainitute 2013. [&hellip;]\" \/>\n<meta property=\"og:url\" content=\"https:\/\/www.folklore.ee\/ars\/aastapreemia-saajad\/2014-eda-kalmre\/\" \/>\n<meta property=\"og:site_name\" content=\"Akadeemiline Rahvaluule Selts\" \/>\n<meta name=\"twitter:card\" content=\"summary_large_image\" \/>\n<meta name=\"twitter:label1\" content=\"Est. reading time\" \/>\n\t<meta name=\"twitter:data1\" content=\"2 minutes\" \/>\n<script type=\"application\/ld+json\" class=\"yoast-schema-graph\">{\"@context\":\"https:\/\/schema.org\",\"@graph\":[{\"@type\":\"WebPage\",\"@id\":\"https:\/\/www.folklore.ee\/ars\/aastapreemia-saajad\/2014-eda-kalmre\/\",\"url\":\"https:\/\/www.folklore.ee\/ars\/aastapreemia-saajad\/2014-eda-kalmre\/\",\"name\":\"2014 - Eda Kalmre | Akadeemiline Rahvaluule Selts\",\"isPartOf\":{\"@id\":\"https:\/\/www.folklore.ee\/ars\/#website\"},\"datePublished\":\"2023-07-31T13:17:24+00:00\",\"dateModified\":\"2023-07-31T13:17:24+00:00\",\"breadcrumb\":{\"@id\":\"https:\/\/www.folklore.ee\/ars\/aastapreemia-saajad\/2014-eda-kalmre\/#breadcrumb\"},\"inLanguage\":\"en-US\",\"potentialAction\":[{\"@type\":\"ReadAction\",\"target\":[\"https:\/\/www.folklore.ee\/ars\/aastapreemia-saajad\/2014-eda-kalmre\/\"]}]},{\"@type\":\"BreadcrumbList\",\"@id\":\"https:\/\/www.folklore.ee\/ars\/aastapreemia-saajad\/2014-eda-kalmre\/#breadcrumb\",\"itemListElement\":[{\"@type\":\"ListItem\",\"position\":1,\"name\":\"Avaleht\",\"item\":\"https:\/\/www.folklore.ee\/ars\/\"},{\"@type\":\"ListItem\",\"position\":2,\"name\":\"Eesti folkloristika aastapreemia\",\"item\":\"https:\/\/www.folklore.ee\/ars\/aastapreemia-saajad\/\"},{\"@type\":\"ListItem\",\"position\":3,\"name\":\"2014 &#8211; Eda Kalmre\"}]},{\"@type\":\"WebSite\",\"@id\":\"https:\/\/www.folklore.ee\/ars\/#website\",\"url\":\"https:\/\/www.folklore.ee\/ars\/\",\"name\":\"Akadeemiline Rahvaluule Selts\",\"description\":\"Folkloristide, \u00fcli\u00f5pilaste ja k\u00f5igi rahvaluulest huvitatute \u00fchendus, mis aitab kaasa rahvaluule kogumisele, tutvustamisele, uurimisele ja publitseerimisele.\",\"potentialAction\":[{\"@type\":\"SearchAction\",\"target\":{\"@type\":\"EntryPoint\",\"urlTemplate\":\"https:\/\/www.folklore.ee\/ars\/?s={search_term_string}\"},\"query-input\":\"required name=search_term_string\"}],\"inLanguage\":\"en-US\"}]}<\/script>\n<!-- \/ Yoast SEO plugin. -->","yoast_head_json":{"title":"2014 - Eda Kalmre | Akadeemiline Rahvaluule Selts","robots":{"index":"index","follow":"follow","max-snippet":"max-snippet:-1","max-image-preview":"max-image-preview:large","max-video-preview":"max-video-preview:-1"},"canonical":"https:\/\/www.folklore.ee\/ars\/aastapreemia-saajad\/2014-eda-kalmre\/","og_locale":"en_US","og_type":"article","og_title":"2014 - Eda Kalmre | Akadeemiline Rahvaluule Selts","og_description":"2014. aasta Eesti folkloristika preemia sai Eda Kalmre Alates 2011. aastast on Akadeemiline Rahvaluule Selts koost\u00f6\u00f6s Eesti Kultuurkapitali Rahvakultuuri sihtkapitaliga andnud v\u00e4lja Eesti folkloristika aastapreemiat. Preemia eesm\u00e4rk on t\u00f5sta esile preemia saamisele eelnenud aasta jooksul silma paistnud folkloristi tegevust. Sel aastal esitati preemiakomisjonile kolm kandidaati: Reet Hiiem\u00e4e, Eda Kalmre ja Piret Voolaid. K\u00f5igi mainitute 2013. [&hellip;]","og_url":"https:\/\/www.folklore.ee\/ars\/aastapreemia-saajad\/2014-eda-kalmre\/","og_site_name":"Akadeemiline Rahvaluule Selts","twitter_card":"summary_large_image","twitter_misc":{"Est. reading time":"2 minutes"},"schema":{"@context":"https:\/\/schema.org","@graph":[{"@type":"WebPage","@id":"https:\/\/www.folklore.ee\/ars\/aastapreemia-saajad\/2014-eda-kalmre\/","url":"https:\/\/www.folklore.ee\/ars\/aastapreemia-saajad\/2014-eda-kalmre\/","name":"2014 - Eda Kalmre | Akadeemiline Rahvaluule Selts","isPartOf":{"@id":"https:\/\/www.folklore.ee\/ars\/#website"},"datePublished":"2023-07-31T13:17:24+00:00","dateModified":"2023-07-31T13:17:24+00:00","breadcrumb":{"@id":"https:\/\/www.folklore.ee\/ars\/aastapreemia-saajad\/2014-eda-kalmre\/#breadcrumb"},"inLanguage":"en-US","potentialAction":[{"@type":"ReadAction","target":["https:\/\/www.folklore.ee\/ars\/aastapreemia-saajad\/2014-eda-kalmre\/"]}]},{"@type":"BreadcrumbList","@id":"https:\/\/www.folklore.ee\/ars\/aastapreemia-saajad\/2014-eda-kalmre\/#breadcrumb","itemListElement":[{"@type":"ListItem","position":1,"name":"Avaleht","item":"https:\/\/www.folklore.ee\/ars\/"},{"@type":"ListItem","position":2,"name":"Eesti folkloristika aastapreemia","item":"https:\/\/www.folklore.ee\/ars\/aastapreemia-saajad\/"},{"@type":"ListItem","position":3,"name":"2014 &#8211; Eda Kalmre"}]},{"@type":"WebSite","@id":"https:\/\/www.folklore.ee\/ars\/#website","url":"https:\/\/www.folklore.ee\/ars\/","name":"Akadeemiline Rahvaluule Selts","description":"Folkloristide, \u00fcli\u00f5pilaste ja k\u00f5igi rahvaluulest huvitatute \u00fchendus, mis aitab kaasa rahvaluule kogumisele, tutvustamisele, uurimisele ja publitseerimisele.","potentialAction":[{"@type":"SearchAction","target":{"@type":"EntryPoint","urlTemplate":"https:\/\/www.folklore.ee\/ars\/?s={search_term_string}"},"query-input":"required name=search_term_string"}],"inLanguage":"en-US"}]}},"_links":{"self":[{"href":"https:\/\/www.folklore.ee\/ars\/wp-json\/wp\/v2\/pages\/151","targetHints":{"allow":["GET"]}}],"collection":[{"href":"https:\/\/www.folklore.ee\/ars\/wp-json\/wp\/v2\/pages"}],"about":[{"href":"https:\/\/www.folklore.ee\/ars\/wp-json\/wp\/v2\/types\/page"}],"author":[{"embeddable":true,"href":"https:\/\/www.folklore.ee\/ars\/wp-json\/wp\/v2\/users\/1"}],"replies":[{"embeddable":true,"href":"https:\/\/www.folklore.ee\/ars\/wp-json\/wp\/v2\/comments?post=151"}],"version-history":[{"count":1,"href":"https:\/\/www.folklore.ee\/ars\/wp-json\/wp\/v2\/pages\/151\/revisions"}],"predecessor-version":[{"id":152,"href":"https:\/\/www.folklore.ee\/ars\/wp-json\/wp\/v2\/pages\/151\/revisions\/152"}],"up":[{"embeddable":true,"href":"https:\/\/www.folklore.ee\/ars\/wp-json\/wp\/v2\/pages\/149"}],"wp:attachment":[{"href":"https:\/\/www.folklore.ee\/ars\/wp-json\/wp\/v2\/media?parent=151"}],"curies":[{"name":"wp","href":"https:\/\/api.w.org\/{rel}","templated":true}]}}