{"id":149,"date":"2023-07-31T12:51:40","date_gmt":"2023-07-31T12:51:40","guid":{"rendered":"http:\/\/localhost\/ars\/?page_id=149"},"modified":"2025-05-26T11:33:46","modified_gmt":"2025-05-26T11:33:46","slug":"aastapreemia-saajad","status":"publish","type":"page","link":"https:\/\/www.folklore.ee\/ars\/aastapreemia-saajad\/","title":{"rendered":"Eesti folkloristika aastapreemia"},"content":{"rendered":"\n<h2 class=\"wp-block-heading\"><\/h2>\n\n\n\n<p>Eesti folkloristika aastapreemiat annab Akadeemiline Rahvaluule Selts koost\u00f6\u00f6s Eesti Kultuurkapitali Rahvakultuuri sihtkapitaliga v\u00e4lja alates 2011. aastast. Preemia eesm\u00e4rk on t\u00f5sta esile preemia saamisele eelnenud kolme aasta jooksul silma paistnud folkloristi tegevust. Kandidaate v\u00f5ivad esitada institutsioonid, inimr\u00fchmad, \u00fcksikisikud. Preemia m\u00e4\u00e4rab Akadeemilise Rahvaluule Seltsi juhatuse moodustatud \u017e\u00fcrii ning see antakse k\u00e4tte Akadeemilise Rahvaluule Seltsi mai kuu koosolekul.<\/p>\n\n\n\n<p class=\"has-text-align-left has-medium-font-size\"><strong>2025. aasta Eesti folkloristika aastapreemia laureaat on Tallinna \u00dclikooli vanemteadur Marju K\u00f5ivupuu.<\/strong><\/p>\n\n\n\n<figure class=\"wp-block-image size-large\"><img loading=\"lazy\" decoding=\"async\" width=\"1024\" height=\"683\" src=\"https:\/\/www.folklore.ee\/ars\/wp-content\/uploads\/2025\/05\/500001797_613163638458700_6277882976537686419_n-1024x683.jpg\" alt=\"\" class=\"wp-image-1142\" srcset=\"https:\/\/www.folklore.ee\/ars\/wp-content\/uploads\/2025\/05\/500001797_613163638458700_6277882976537686419_n-1024x683.jpg 1024w, https:\/\/www.folklore.ee\/ars\/wp-content\/uploads\/2025\/05\/500001797_613163638458700_6277882976537686419_n-300x200.jpg 300w, https:\/\/www.folklore.ee\/ars\/wp-content\/uploads\/2025\/05\/500001797_613163638458700_6277882976537686419_n-768x512.jpg 768w, https:\/\/www.folklore.ee\/ars\/wp-content\/uploads\/2025\/05\/500001797_613163638458700_6277882976537686419_n-1536x1024.jpg 1536w, https:\/\/www.folklore.ee\/ars\/wp-content\/uploads\/2025\/05\/500001797_613163638458700_6277882976537686419_n.jpg 2048w\" sizes=\"auto, (max-width: 1024px) 100vw, 1024px\" \/><\/figure>\n\n\n\n<p>Eesti folkloristika aastapreemia 2025 p\u00e4lvis Marju K\u00f5ivupuu<\/p>\n\n\n\n<p>Eesti folkloristika aastapreemia 2025 p\u00e4lvis Marju K\u00f5ivupuu. \u017d\u00fcrii hinnangul on tema uurimist\u00f6\u00f6 m\u00f5ju eesti kultuuri lahtim\u00f5testamisel olnud v\u00e4ga suur ning seejuures on ta ise valdkonda aktiivselt teadustanud rohkete laiemale avalikkusele suunatud kirjat\u00f6\u00f6de ja esinemiste kaudu. <\/p>\n\n\n\n<p>Marju K\u00f5ivupuu on kultuuriloolane ja folklorist, kelle pikaajaline teaduslik tegevus on seotud uurimisteemadega etnoloogia, folkloristika, kultuuriajaloo ja (kultuuri)geograafia vallas. Oma peamiste uurimishuvidena toobki K\u00f5ivupuu esile kultuurip\u00e4randit selle k\u00f5ige laiemas t\u00e4henduses, samuti surmakultuuri, rahva- v\u00f5i p\u00e4rimusmeditsiini ning inimese ja looduse\/maastiku suhteid. Tema viimaste publikatsioonide hulka kuuluvad \u201cRikas h\u00e4rra, rikas vald; vaene h\u00e4rra, vaene vald\u201d, \u201cIntimate embodied rituals of mourning in Estonia: the cases of commemorative tattooing and infertility grief\u201d (koos Reet Hiiem\u00e4e ja Jaanika Kelmsaarega), \u201cInimeste lahkumine. Raamat surma ja kalmistukultuurist\u201d.<\/p>\n\n\n\n<p>Eesti folkloristika aastapreemiat annab Akadeemiline Rahvaluule Selts koost\u00f6\u00f6s Eesti Kultuurkapitali Rahvakultuuri sihtkapitaliga v\u00e4lja alates 2011. aastast. Preemia eesm\u00e4rk on t\u00f5sta esile preemia saamisele eelnenud kolme aasta jooksul silma paistnud folkloristi tegevust.<\/p>\n\n\n\n<p>Eesti folkloristika aastapreemia komisjonis olid Akadeemilise Rahvaluule Seltsi juhatusest Anastasiya Fiadotava, Enn Kalev Tarto, Mari-Liis Sinilaht ja Ell Vahtram\u00e4e. Lisaks kuulusid \u017e\u00fcrii koosseisu Nikolay Kuznetsov, Madis Arukask ja Maili Pilt.<\/p>\n\n\n\n<p>Preemia anti k\u00e4tte 22. mail Tartus Eesti Kirjandusmuuseumis toimunud Akadeemilise Rahvaluule Seltsi pidulikul koosolekul.<\/p>\n\n\n\n<p><img loading=\"lazy\" decoding=\"async\" height=\"16\" width=\"16\" alt=\"\ud83d\udcf7\" src=\"https:\/\/static.xx.fbcdn.net\/images\/emoji.php\/v9\/t5d\/1\/16\/1f4f7.png\">Foto: Enn Kalev Tarto<\/p>\n\n\n\n<p><\/p>\n","protected":false},"excerpt":{"rendered":"<p>Eesti folkloristika aastapreemiat annab Akadeemiline Rahvaluule Selts koost\u00f6\u00f6s Eesti Kultuurkapitali Rahvakultuuri sihtkapitaliga v\u00e4lja alates 2011. aastast. Preemia eesm\u00e4rk on t\u00f5sta esile preemia saamisele eelnenud kolme aasta jooksul silma paistnud folkloristi tegevust. Kandidaate v\u00f5ivad esitada institutsioonid, inimr\u00fchmad, \u00fcksikisikud. Preemia m\u00e4\u00e4rab Akadeemilise Rahvaluule Seltsi juhatuse moodustatud \u017e\u00fcrii ning see antakse k\u00e4tte Akadeemilise Rahvaluule Seltsi mai kuu koosolekul. [&hellip;]<\/p>\n","protected":false},"author":1,"featured_media":0,"parent":0,"menu_order":0,"comment_status":"closed","ping_status":"closed","template":"","meta":{"footnotes":""},"class_list":["post-149","page","type-page","status-publish","hentry"],"yoast_head":"<!-- This site is optimized with the Yoast SEO plugin v20.12 - https:\/\/yoast.com\/wordpress\/plugins\/seo\/ -->\n<title>Eesti folkloristika aastapreemia | Akadeemiline Rahvaluule Selts<\/title>\n<meta name=\"robots\" content=\"index, follow, max-snippet:-1, max-image-preview:large, max-video-preview:-1\" \/>\n<link rel=\"canonical\" href=\"https:\/\/www.folklore.ee\/ars\/aastapreemia-saajad\/\" \/>\n<meta property=\"og:locale\" content=\"en_US\" \/>\n<meta property=\"og:type\" content=\"article\" \/>\n<meta property=\"og:title\" content=\"Eesti folkloristika aastapreemia | Akadeemiline Rahvaluule Selts\" \/>\n<meta property=\"og:description\" content=\"Eesti folkloristika aastapreemiat annab Akadeemiline Rahvaluule Selts koost\u00f6\u00f6s Eesti Kultuurkapitali Rahvakultuuri sihtkapitaliga v\u00e4lja alates 2011. aastast. Preemia eesm\u00e4rk on t\u00f5sta esile preemia saamisele eelnenud kolme aasta jooksul silma paistnud folkloristi tegevust. Kandidaate v\u00f5ivad esitada institutsioonid, inimr\u00fchmad, \u00fcksikisikud. Preemia m\u00e4\u00e4rab Akadeemilise Rahvaluule Seltsi juhatuse moodustatud \u017e\u00fcrii ning see antakse k\u00e4tte Akadeemilise Rahvaluule Seltsi mai kuu koosolekul. [&hellip;]\" \/>\n<meta property=\"og:url\" content=\"https:\/\/www.folklore.ee\/ars\/aastapreemia-saajad\/\" \/>\n<meta property=\"og:site_name\" content=\"Akadeemiline Rahvaluule Selts\" \/>\n<meta property=\"article:modified_time\" content=\"2025-05-26T11:33:46+00:00\" \/>\n<meta property=\"og:image\" content=\"https:\/\/www.folklore.ee\/ars\/wp-content\/uploads\/2025\/05\/500001797_613163638458700_6277882976537686419_n-1024x683.jpg\" \/>\n<meta name=\"twitter:card\" content=\"summary_large_image\" \/>\n<meta name=\"twitter:label1\" content=\"Est. reading time\" \/>\n\t<meta name=\"twitter:data1\" content=\"2 minutes\" \/>\n<script type=\"application\/ld+json\" class=\"yoast-schema-graph\">{\"@context\":\"https:\/\/schema.org\",\"@graph\":[{\"@type\":\"WebPage\",\"@id\":\"https:\/\/www.folklore.ee\/ars\/aastapreemia-saajad\/\",\"url\":\"https:\/\/www.folklore.ee\/ars\/aastapreemia-saajad\/\",\"name\":\"Eesti folkloristika aastapreemia | Akadeemiline Rahvaluule Selts\",\"isPartOf\":{\"@id\":\"https:\/\/www.folklore.ee\/ars\/#website\"},\"datePublished\":\"2023-07-31T12:51:40+00:00\",\"dateModified\":\"2025-05-26T11:33:46+00:00\",\"breadcrumb\":{\"@id\":\"https:\/\/www.folklore.ee\/ars\/aastapreemia-saajad\/#breadcrumb\"},\"inLanguage\":\"en-US\",\"potentialAction\":[{\"@type\":\"ReadAction\",\"target\":[\"https:\/\/www.folklore.ee\/ars\/aastapreemia-saajad\/\"]}]},{\"@type\":\"BreadcrumbList\",\"@id\":\"https:\/\/www.folklore.ee\/ars\/aastapreemia-saajad\/#breadcrumb\",\"itemListElement\":[{\"@type\":\"ListItem\",\"position\":1,\"name\":\"Avaleht\",\"item\":\"https:\/\/www.folklore.ee\/ars\/\"},{\"@type\":\"ListItem\",\"position\":2,\"name\":\"Eesti folkloristika aastapreemia\"}]},{\"@type\":\"WebSite\",\"@id\":\"https:\/\/www.folklore.ee\/ars\/#website\",\"url\":\"https:\/\/www.folklore.ee\/ars\/\",\"name\":\"Akadeemiline Rahvaluule Selts\",\"description\":\"Folkloristide, \u00fcli\u00f5pilaste ja k\u00f5igi rahvaluulest huvitatute \u00fchendus, mis aitab kaasa rahvaluule kogumisele, tutvustamisele, uurimisele ja publitseerimisele.\",\"potentialAction\":[{\"@type\":\"SearchAction\",\"target\":{\"@type\":\"EntryPoint\",\"urlTemplate\":\"https:\/\/www.folklore.ee\/ars\/?s={search_term_string}\"},\"query-input\":\"required name=search_term_string\"}],\"inLanguage\":\"en-US\"}]}<\/script>\n<!-- \/ Yoast SEO plugin. -->","yoast_head_json":{"title":"Eesti folkloristika aastapreemia | Akadeemiline Rahvaluule Selts","robots":{"index":"index","follow":"follow","max-snippet":"max-snippet:-1","max-image-preview":"max-image-preview:large","max-video-preview":"max-video-preview:-1"},"canonical":"https:\/\/www.folklore.ee\/ars\/aastapreemia-saajad\/","og_locale":"en_US","og_type":"article","og_title":"Eesti folkloristika aastapreemia | Akadeemiline Rahvaluule Selts","og_description":"Eesti folkloristika aastapreemiat annab Akadeemiline Rahvaluule Selts koost\u00f6\u00f6s Eesti Kultuurkapitali Rahvakultuuri sihtkapitaliga v\u00e4lja alates 2011. aastast. Preemia eesm\u00e4rk on t\u00f5sta esile preemia saamisele eelnenud kolme aasta jooksul silma paistnud folkloristi tegevust. Kandidaate v\u00f5ivad esitada institutsioonid, inimr\u00fchmad, \u00fcksikisikud. Preemia m\u00e4\u00e4rab Akadeemilise Rahvaluule Seltsi juhatuse moodustatud \u017e\u00fcrii ning see antakse k\u00e4tte Akadeemilise Rahvaluule Seltsi mai kuu koosolekul. [&hellip;]","og_url":"https:\/\/www.folklore.ee\/ars\/aastapreemia-saajad\/","og_site_name":"Akadeemiline Rahvaluule Selts","article_modified_time":"2025-05-26T11:33:46+00:00","og_image":[{"url":"https:\/\/www.folklore.ee\/ars\/wp-content\/uploads\/2025\/05\/500001797_613163638458700_6277882976537686419_n-1024x683.jpg"}],"twitter_card":"summary_large_image","twitter_misc":{"Est. reading time":"2 minutes"},"schema":{"@context":"https:\/\/schema.org","@graph":[{"@type":"WebPage","@id":"https:\/\/www.folklore.ee\/ars\/aastapreemia-saajad\/","url":"https:\/\/www.folklore.ee\/ars\/aastapreemia-saajad\/","name":"Eesti folkloristika aastapreemia | Akadeemiline Rahvaluule Selts","isPartOf":{"@id":"https:\/\/www.folklore.ee\/ars\/#website"},"datePublished":"2023-07-31T12:51:40+00:00","dateModified":"2025-05-26T11:33:46+00:00","breadcrumb":{"@id":"https:\/\/www.folklore.ee\/ars\/aastapreemia-saajad\/#breadcrumb"},"inLanguage":"en-US","potentialAction":[{"@type":"ReadAction","target":["https:\/\/www.folklore.ee\/ars\/aastapreemia-saajad\/"]}]},{"@type":"BreadcrumbList","@id":"https:\/\/www.folklore.ee\/ars\/aastapreemia-saajad\/#breadcrumb","itemListElement":[{"@type":"ListItem","position":1,"name":"Avaleht","item":"https:\/\/www.folklore.ee\/ars\/"},{"@type":"ListItem","position":2,"name":"Eesti folkloristika aastapreemia"}]},{"@type":"WebSite","@id":"https:\/\/www.folklore.ee\/ars\/#website","url":"https:\/\/www.folklore.ee\/ars\/","name":"Akadeemiline Rahvaluule Selts","description":"Folkloristide, \u00fcli\u00f5pilaste ja k\u00f5igi rahvaluulest huvitatute \u00fchendus, mis aitab kaasa rahvaluule kogumisele, tutvustamisele, uurimisele ja publitseerimisele.","potentialAction":[{"@type":"SearchAction","target":{"@type":"EntryPoint","urlTemplate":"https:\/\/www.folklore.ee\/ars\/?s={search_term_string}"},"query-input":"required name=search_term_string"}],"inLanguage":"en-US"}]}},"_links":{"self":[{"href":"https:\/\/www.folklore.ee\/ars\/wp-json\/wp\/v2\/pages\/149","targetHints":{"allow":["GET"]}}],"collection":[{"href":"https:\/\/www.folklore.ee\/ars\/wp-json\/wp\/v2\/pages"}],"about":[{"href":"https:\/\/www.folklore.ee\/ars\/wp-json\/wp\/v2\/types\/page"}],"author":[{"embeddable":true,"href":"https:\/\/www.folklore.ee\/ars\/wp-json\/wp\/v2\/users\/1"}],"replies":[{"embeddable":true,"href":"https:\/\/www.folklore.ee\/ars\/wp-json\/wp\/v2\/comments?post=149"}],"version-history":[{"count":33,"href":"https:\/\/www.folklore.ee\/ars\/wp-json\/wp\/v2\/pages\/149\/revisions"}],"predecessor-version":[{"id":1143,"href":"https:\/\/www.folklore.ee\/ars\/wp-json\/wp\/v2\/pages\/149\/revisions\/1143"}],"wp:attachment":[{"href":"https:\/\/www.folklore.ee\/ars\/wp-json\/wp\/v2\/media?parent=149"}],"curies":[{"name":"wp","href":"https:\/\/api.w.org\/{rel}","templated":true}]}}