{"id":1318,"date":"2026-04-13T09:38:40","date_gmt":"2026-04-13T09:38:40","guid":{"rendered":"https:\/\/www.folklore.ee\/ars\/?page_id=1318"},"modified":"2026-04-13T09:48:19","modified_gmt":"2026-04-13T09:48:19","slug":"ootame-ettepanekuid-eesti-folkloristika-aastapreemia-valjaandmiseks","status":"publish","type":"page","link":"https:\/\/www.folklore.ee\/ars\/ootame-ettepanekuid-eesti-folkloristika-aastapreemia-valjaandmiseks\/","title":{"rendered":"Ootame ettepanekuid Eesti folkloristika aastapreemia v\u00e4ljaandmiseks"},"content":{"rendered":"\n<h2 class=\"wp-block-heading\">T\u00c4HTAEG: 5. mai 2026<\/h2>\n\n\n\n<p>Eesti folkloristika aastapreemia m\u00e4\u00e4ratakse silmapaistva tulemuse eest folkloori teaduslikul uurimisel ja uurimistulemuste populariseerimisel. Auhinna eesm\u00e4rk on t\u00f5sta esile preemia saamisele eelnenud kolme aasta jooksul silma paistnud folkloristi tegevust.<\/p>\n\n\n\n<p>Nominentidena eelistatakse eesti kultuuriruumiga seotud \u00fcksikisikuid. Kandidaate v\u00f5ivad esitada institutsioonid, uurimisr\u00fchmad ja \u00fcksikisikud.<\/p>\n\n\n\n<p>Kandidaatide \u00fclesseadmiseks tuleb esitada ARSi juhatusele kirjalik avaldus koos p\u00f5hjendusega, kus tutvustatakse kandidaadi teadustegevust aastatel 2023-2025.<\/p>\n\n\n\n<p>Ettepanekud palume saata hiljemalt 5. mail 2026&nbsp;<a href=\"mailto:katre.kikas@folklore.ee\" target=\"_blank\" rel=\"noreferrer noopener\">katre.kikas@folklore.ee<\/a><\/p>\n\n\n\n<p>Eesti folkloristika aastapreemiat annab v\u00e4lja Akadeemiline Rahvaluule Selts koost\u00f6\u00f6s Eesti Kultuurkapitali Rahvakultuuri sihtkapitaliga. Preemia suurus on 2000 eurot.<\/p>\n\n\n\n<p>Preemia m\u00e4\u00e4rab ARSi juhatuse moodustatud \u017e\u00fcrii ning see antakse k\u00e4tte Akadeemilise Rahvaluule Seltsi koosolekul 28. mail 2026 Eesti Kirjandusmuuseumi saalis.<\/p>\n\n\n\n<p>Info eesti folkloristika aastapreemia kohta ARSi kodulehel&nbsp;<a href=\"https:\/\/www.folklore.ee\/ars\/aastapreemia-saajad\/\" target=\"_blank\" rel=\"noreferrer noopener\">https:\/\/www.folklore.ee\/ars\/aastapreemia-saajad\/<\/a><\/p>\n","protected":false},"excerpt":{"rendered":"<p>T\u00c4HTAEG: 5. mai 2026 Eesti folkloristika aastapreemia m\u00e4\u00e4ratakse silmapaistva tulemuse eest folkloori teaduslikul uurimisel ja uurimistulemuste populariseerimisel. Auhinna eesm\u00e4rk on t\u00f5sta esile preemia saamisele eelnenud kolme aasta jooksul silma paistnud folkloristi tegevust. Nominentidena eelistatakse eesti kultuuriruumiga seotud \u00fcksikisikuid. Kandidaate v\u00f5ivad esitada institutsioonid, uurimisr\u00fchmad ja \u00fcksikisikud. Kandidaatide \u00fclesseadmiseks tuleb esitada ARSi juhatusele kirjalik avaldus koos p\u00f5hjendusega, [&hellip;]<\/p>\n","protected":false},"author":2,"featured_media":0,"parent":0,"menu_order":0,"comment_status":"closed","ping_status":"closed","template":"","meta":{"footnotes":""},"class_list":["post-1318","page","type-page","status-publish","hentry"],"yoast_head":"<!-- This site is optimized with the Yoast SEO plugin v20.12 - https:\/\/yoast.com\/wordpress\/plugins\/seo\/ -->\n<title>Ootame ettepanekuid Eesti folkloristika aastapreemia v\u00e4ljaandmiseks | Akadeemiline Rahvaluule Selts<\/title>\n<meta name=\"robots\" content=\"index, follow, max-snippet:-1, max-image-preview:large, max-video-preview:-1\" \/>\n<link rel=\"canonical\" href=\"https:\/\/www.folklore.ee\/ars\/ootame-ettepanekuid-eesti-folkloristika-aastapreemia-valjaandmiseks\/\" \/>\n<meta property=\"og:locale\" content=\"en_US\" \/>\n<meta property=\"og:type\" content=\"article\" \/>\n<meta property=\"og:title\" content=\"Ootame ettepanekuid Eesti folkloristika aastapreemia v\u00e4ljaandmiseks | Akadeemiline Rahvaluule Selts\" \/>\n<meta property=\"og:description\" content=\"T\u00c4HTAEG: 5. mai 2026 Eesti folkloristika aastapreemia m\u00e4\u00e4ratakse silmapaistva tulemuse eest folkloori teaduslikul uurimisel ja uurimistulemuste populariseerimisel. Auhinna eesm\u00e4rk on t\u00f5sta esile preemia saamisele eelnenud kolme aasta jooksul silma paistnud folkloristi tegevust. Nominentidena eelistatakse eesti kultuuriruumiga seotud \u00fcksikisikuid. Kandidaate v\u00f5ivad esitada institutsioonid, uurimisr\u00fchmad ja \u00fcksikisikud. Kandidaatide \u00fclesseadmiseks tuleb esitada ARSi juhatusele kirjalik avaldus koos p\u00f5hjendusega, [&hellip;]\" \/>\n<meta property=\"og:url\" content=\"https:\/\/www.folklore.ee\/ars\/ootame-ettepanekuid-eesti-folkloristika-aastapreemia-valjaandmiseks\/\" \/>\n<meta property=\"og:site_name\" content=\"Akadeemiline Rahvaluule Selts\" \/>\n<meta property=\"article:modified_time\" content=\"2026-04-13T09:48:19+00:00\" \/>\n<meta name=\"twitter:card\" content=\"summary_large_image\" \/>\n<meta name=\"twitter:label1\" content=\"Est. reading time\" \/>\n\t<meta name=\"twitter:data1\" content=\"1 minute\" \/>\n<script type=\"application\/ld+json\" class=\"yoast-schema-graph\">{\"@context\":\"https:\/\/schema.org\",\"@graph\":[{\"@type\":\"WebPage\",\"@id\":\"https:\/\/www.folklore.ee\/ars\/ootame-ettepanekuid-eesti-folkloristika-aastapreemia-valjaandmiseks\/\",\"url\":\"https:\/\/www.folklore.ee\/ars\/ootame-ettepanekuid-eesti-folkloristika-aastapreemia-valjaandmiseks\/\",\"name\":\"Ootame ettepanekuid Eesti folkloristika aastapreemia v\u00e4ljaandmiseks | Akadeemiline Rahvaluule Selts\",\"isPartOf\":{\"@id\":\"https:\/\/www.folklore.ee\/ars\/#website\"},\"datePublished\":\"2026-04-13T09:38:40+00:00\",\"dateModified\":\"2026-04-13T09:48:19+00:00\",\"breadcrumb\":{\"@id\":\"https:\/\/www.folklore.ee\/ars\/ootame-ettepanekuid-eesti-folkloristika-aastapreemia-valjaandmiseks\/#breadcrumb\"},\"inLanguage\":\"en-US\",\"potentialAction\":[{\"@type\":\"ReadAction\",\"target\":[\"https:\/\/www.folklore.ee\/ars\/ootame-ettepanekuid-eesti-folkloristika-aastapreemia-valjaandmiseks\/\"]}]},{\"@type\":\"BreadcrumbList\",\"@id\":\"https:\/\/www.folklore.ee\/ars\/ootame-ettepanekuid-eesti-folkloristika-aastapreemia-valjaandmiseks\/#breadcrumb\",\"itemListElement\":[{\"@type\":\"ListItem\",\"position\":1,\"name\":\"Avaleht\",\"item\":\"https:\/\/www.folklore.ee\/ars\/\"},{\"@type\":\"ListItem\",\"position\":2,\"name\":\"Ootame ettepanekuid Eesti folkloristika aastapreemia v\u00e4ljaandmiseks\"}]},{\"@type\":\"WebSite\",\"@id\":\"https:\/\/www.folklore.ee\/ars\/#website\",\"url\":\"https:\/\/www.folklore.ee\/ars\/\",\"name\":\"Akadeemiline Rahvaluule Selts\",\"description\":\"Folkloristide, \u00fcli\u00f5pilaste ja k\u00f5igi rahvaluulest huvitatute \u00fchendus, mis aitab kaasa rahvaluule kogumisele, tutvustamisele, uurimisele ja publitseerimisele.\",\"potentialAction\":[{\"@type\":\"SearchAction\",\"target\":{\"@type\":\"EntryPoint\",\"urlTemplate\":\"https:\/\/www.folklore.ee\/ars\/?s={search_term_string}\"},\"query-input\":\"required name=search_term_string\"}],\"inLanguage\":\"en-US\"}]}<\/script>\n<!-- \/ Yoast SEO plugin. -->","yoast_head_json":{"title":"Ootame ettepanekuid Eesti folkloristika aastapreemia v\u00e4ljaandmiseks | Akadeemiline Rahvaluule Selts","robots":{"index":"index","follow":"follow","max-snippet":"max-snippet:-1","max-image-preview":"max-image-preview:large","max-video-preview":"max-video-preview:-1"},"canonical":"https:\/\/www.folklore.ee\/ars\/ootame-ettepanekuid-eesti-folkloristika-aastapreemia-valjaandmiseks\/","og_locale":"en_US","og_type":"article","og_title":"Ootame ettepanekuid Eesti folkloristika aastapreemia v\u00e4ljaandmiseks | Akadeemiline Rahvaluule Selts","og_description":"T\u00c4HTAEG: 5. mai 2026 Eesti folkloristika aastapreemia m\u00e4\u00e4ratakse silmapaistva tulemuse eest folkloori teaduslikul uurimisel ja uurimistulemuste populariseerimisel. Auhinna eesm\u00e4rk on t\u00f5sta esile preemia saamisele eelnenud kolme aasta jooksul silma paistnud folkloristi tegevust. Nominentidena eelistatakse eesti kultuuriruumiga seotud \u00fcksikisikuid. Kandidaate v\u00f5ivad esitada institutsioonid, uurimisr\u00fchmad ja \u00fcksikisikud. Kandidaatide \u00fclesseadmiseks tuleb esitada ARSi juhatusele kirjalik avaldus koos p\u00f5hjendusega, [&hellip;]","og_url":"https:\/\/www.folklore.ee\/ars\/ootame-ettepanekuid-eesti-folkloristika-aastapreemia-valjaandmiseks\/","og_site_name":"Akadeemiline Rahvaluule Selts","article_modified_time":"2026-04-13T09:48:19+00:00","twitter_card":"summary_large_image","twitter_misc":{"Est. reading time":"1 minute"},"schema":{"@context":"https:\/\/schema.org","@graph":[{"@type":"WebPage","@id":"https:\/\/www.folklore.ee\/ars\/ootame-ettepanekuid-eesti-folkloristika-aastapreemia-valjaandmiseks\/","url":"https:\/\/www.folklore.ee\/ars\/ootame-ettepanekuid-eesti-folkloristika-aastapreemia-valjaandmiseks\/","name":"Ootame ettepanekuid Eesti folkloristika aastapreemia v\u00e4ljaandmiseks | Akadeemiline Rahvaluule Selts","isPartOf":{"@id":"https:\/\/www.folklore.ee\/ars\/#website"},"datePublished":"2026-04-13T09:38:40+00:00","dateModified":"2026-04-13T09:48:19+00:00","breadcrumb":{"@id":"https:\/\/www.folklore.ee\/ars\/ootame-ettepanekuid-eesti-folkloristika-aastapreemia-valjaandmiseks\/#breadcrumb"},"inLanguage":"en-US","potentialAction":[{"@type":"ReadAction","target":["https:\/\/www.folklore.ee\/ars\/ootame-ettepanekuid-eesti-folkloristika-aastapreemia-valjaandmiseks\/"]}]},{"@type":"BreadcrumbList","@id":"https:\/\/www.folklore.ee\/ars\/ootame-ettepanekuid-eesti-folkloristika-aastapreemia-valjaandmiseks\/#breadcrumb","itemListElement":[{"@type":"ListItem","position":1,"name":"Avaleht","item":"https:\/\/www.folklore.ee\/ars\/"},{"@type":"ListItem","position":2,"name":"Ootame ettepanekuid Eesti folkloristika aastapreemia v\u00e4ljaandmiseks"}]},{"@type":"WebSite","@id":"https:\/\/www.folklore.ee\/ars\/#website","url":"https:\/\/www.folklore.ee\/ars\/","name":"Akadeemiline Rahvaluule Selts","description":"Folkloristide, \u00fcli\u00f5pilaste ja k\u00f5igi rahvaluulest huvitatute \u00fchendus, mis aitab kaasa rahvaluule kogumisele, tutvustamisele, uurimisele ja publitseerimisele.","potentialAction":[{"@type":"SearchAction","target":{"@type":"EntryPoint","urlTemplate":"https:\/\/www.folklore.ee\/ars\/?s={search_term_string}"},"query-input":"required name=search_term_string"}],"inLanguage":"en-US"}]}},"_links":{"self":[{"href":"https:\/\/www.folklore.ee\/ars\/wp-json\/wp\/v2\/pages\/1318","targetHints":{"allow":["GET"]}}],"collection":[{"href":"https:\/\/www.folklore.ee\/ars\/wp-json\/wp\/v2\/pages"}],"about":[{"href":"https:\/\/www.folklore.ee\/ars\/wp-json\/wp\/v2\/types\/page"}],"author":[{"embeddable":true,"href":"https:\/\/www.folklore.ee\/ars\/wp-json\/wp\/v2\/users\/2"}],"replies":[{"embeddable":true,"href":"https:\/\/www.folklore.ee\/ars\/wp-json\/wp\/v2\/comments?post=1318"}],"version-history":[{"count":4,"href":"https:\/\/www.folklore.ee\/ars\/wp-json\/wp\/v2\/pages\/1318\/revisions"}],"predecessor-version":[{"id":1326,"href":"https:\/\/www.folklore.ee\/ars\/wp-json\/wp\/v2\/pages\/1318\/revisions\/1326"}],"wp:attachment":[{"href":"https:\/\/www.folklore.ee\/ars\/wp-json\/wp\/v2\/media?parent=1318"}],"curies":[{"name":"wp","href":"https:\/\/api.w.org\/{rel}","templated":true}]}}