{"id":1290,"date":"2026-02-10T10:41:07","date_gmt":"2026-02-10T10:41:07","guid":{"rendered":"https:\/\/www.folklore.ee\/ars\/?page_id=1290"},"modified":"2026-02-10T10:47:23","modified_gmt":"2026-02-10T10:47:23","slug":"uudised-2025","status":"publish","type":"page","link":"https:\/\/www.folklore.ee\/ars\/uudised-2025\/","title":{"rendered":"Uudised 2025"},"content":{"rendered":"\n<figure class=\"wp-block-embed is-type-wp-embed is-provider-akadeemiline-rahvaluule-selts wp-block-embed-akadeemiline-rahvaluule-selts\"><div class=\"wp-block-embed__wrapper\">\n<blockquote class=\"wp-embedded-content\" data-secret=\"3y0fyv75iy\"><a href=\"https:\/\/www.folklore.ee\/ars\/akadeemiline-rahvaluule-selts-100\/\">Akadeemiline Rahvaluule Selts 100!<\/a><\/blockquote><iframe loading=\"lazy\" class=\"wp-embedded-content\" sandbox=\"allow-scripts\" security=\"restricted\" style=\"position: absolute; visibility: hidden;\" title=\"&#8220;Akadeemiline Rahvaluule Selts 100!&#8221; &#8212; Akadeemiline Rahvaluule Selts\" src=\"https:\/\/www.folklore.ee\/ars\/akadeemiline-rahvaluule-selts-100\/embed\/#?secret=mooOUptSoa#?secret=3y0fyv75iy\" data-secret=\"3y0fyv75iy\" width=\"500\" height=\"282\" frameborder=\"0\" marginwidth=\"0\" marginheight=\"0\" scrolling=\"no\"><\/iframe>\n<\/div><\/figure>\n\n\n\n<figure class=\"wp-block-embed is-type-wp-embed is-provider-akadeemiline-rahvaluule-selts wp-block-embed-akadeemiline-rahvaluule-selts\"><div class=\"wp-block-embed__wrapper\">\n<blockquote class=\"wp-embedded-content\" data-secret=\"2RkAdyZtda\"><a href=\"https:\/\/www.folklore.ee\/ars\/inimuuringute-eetika-humanitaarteadustes-akadeemilise-rahvaluule-seltsi-19-sugiskonverents\/\">OOTAME ETTEKANDEID: Inimuuringute eetika humanitaarteadustes. Akadeemilise Rahvaluule Seltsi 19. s\u00fcgiskonverents<\/a><\/blockquote><iframe loading=\"lazy\" class=\"wp-embedded-content\" sandbox=\"allow-scripts\" security=\"restricted\" style=\"position: absolute; visibility: hidden;\" title=\"&#8220;OOTAME ETTEKANDEID: Inimuuringute eetika humanitaarteadustes. Akadeemilise Rahvaluule Seltsi 19. s\u00fcgiskonverents&#8221; &#8212; Akadeemiline Rahvaluule Selts\" src=\"https:\/\/www.folklore.ee\/ars\/inimuuringute-eetika-humanitaarteadustes-akadeemilise-rahvaluule-seltsi-19-sugiskonverents\/embed\/#?secret=TZi8arwXfG#?secret=2RkAdyZtda\" data-secret=\"2RkAdyZtda\" width=\"500\" height=\"282\" frameborder=\"0\" marginwidth=\"0\" marginheight=\"0\" scrolling=\"no\"><\/iframe>\n<\/div><\/figure>\n\n\n\n<div class=\"wp-block-group\"><div class=\"wp-block-group__inner-container is-layout-constrained wp-block-group-is-layout-constrained\">\n<figure class=\"wp-block-embed is-type-wp-embed is-provider-akadeemiline-rahvaluule-selts wp-block-embed-akadeemiline-rahvaluule-selts\"><div class=\"wp-block-embed__wrapper\">\n<blockquote class=\"wp-embedded-content\" data-secret=\"OeouGEb48q\"><a href=\"https:\/\/www.folklore.ee\/ars\/eesti-folkloristika-aastapreemia-2025-palvis-marju-koivupuu\/\">Eesti folkloristika aastapreemia 2025 p\u00e4lvis Marju K\u00f5ivupuu<\/a><\/blockquote><iframe loading=\"lazy\" class=\"wp-embedded-content\" sandbox=\"allow-scripts\" security=\"restricted\" style=\"position: absolute; visibility: hidden;\" title=\"&#8220;Eesti folkloristika aastapreemia 2025 p\u00e4lvis Marju K\u00f5ivupuu&#8221; &#8212; Akadeemiline Rahvaluule Selts\" src=\"https:\/\/www.folklore.ee\/ars\/eesti-folkloristika-aastapreemia-2025-palvis-marju-koivupuu\/embed\/#?secret=dRAI114hdI#?secret=OeouGEb48q\" data-secret=\"OeouGEb48q\" width=\"500\" height=\"282\" frameborder=\"0\" marginwidth=\"0\" marginheight=\"0\" scrolling=\"no\"><\/iframe>\n<\/div><\/figure>\n<\/div><\/div>\n\n\n\n<figure class=\"wp-block-embed is-type-wp-embed is-provider-akadeemiline-rahvaluule-selts wp-block-embed-akadeemiline-rahvaluule-selts\"><div class=\"wp-block-embed__wrapper\">\n<blockquote class=\"wp-embedded-content\" data-secret=\"ToPZxeWp38\"><a href=\"https:\/\/www.folklore.ee\/ars\/2025-aasta-eesti-folkloristika-preemia-katteandmine\/\">2025. aasta Eesti folkloristika preemia k\u00e4tteandmine<\/a><\/blockquote><iframe loading=\"lazy\" class=\"wp-embedded-content\" sandbox=\"allow-scripts\" security=\"restricted\" style=\"position: absolute; visibility: hidden;\" title=\"&#8220;2025. aasta Eesti folkloristika preemia k\u00e4tteandmine&#8221; &#8212; Akadeemiline Rahvaluule Selts\" src=\"https:\/\/www.folklore.ee\/ars\/2025-aasta-eesti-folkloristika-preemia-katteandmine\/embed\/#?secret=QfQeKe7Tcj#?secret=ToPZxeWp38\" data-secret=\"ToPZxeWp38\" width=\"500\" height=\"282\" frameborder=\"0\" marginwidth=\"0\" marginheight=\"0\" scrolling=\"no\"><\/iframe>\n<\/div><\/figure>\n\n\n\n<figure class=\"wp-block-embed is-type-wp-embed is-provider-akadeemiline-rahvaluule-selts wp-block-embed-akadeemiline-rahvaluule-selts\"><div class=\"wp-block-embed__wrapper\">\n<blockquote class=\"wp-embedded-content\" data-secret=\"xaShHDXfNI\"><a href=\"https:\/\/www.folklore.ee\/ars\/akadeemilise-rahvaluule-seltsi-uus-juhatus\/\">Akadeemilise Rahvaluule Seltsi uus juhatus<\/a><\/blockquote><iframe loading=\"lazy\" class=\"wp-embedded-content\" sandbox=\"allow-scripts\" security=\"restricted\" style=\"position: absolute; visibility: hidden;\" title=\"&#8220;Akadeemilise Rahvaluule Seltsi uus juhatus&#8221; &#8212; Akadeemiline Rahvaluule Selts\" src=\"https:\/\/www.folklore.ee\/ars\/akadeemilise-rahvaluule-seltsi-uus-juhatus\/embed\/#?secret=RkpahQe1I4#?secret=xaShHDXfNI\" data-secret=\"xaShHDXfNI\" width=\"500\" height=\"282\" frameborder=\"0\" marginwidth=\"0\" marginheight=\"0\" scrolling=\"no\"><\/iframe>\n<\/div><\/figure>\n\n\n\n<figure class=\"wp-block-embed is-type-wp-embed is-provider-akadeemiline-rahvaluule-selts wp-block-embed-akadeemiline-rahvaluule-selts\"><div class=\"wp-block-embed__wrapper\">\n<blockquote class=\"wp-embedded-content\" data-secret=\"cFpYCUSRjI\"><a href=\"https:\/\/www.folklore.ee\/ars\/ootame-avaldusi-eesti-folkloristika-aastapreemia-valjaandmiseks\/\">Ootame avaldusi eesti folkloristika aastapreemia v\u00e4ljaandmiseks<\/a><\/blockquote><iframe loading=\"lazy\" class=\"wp-embedded-content\" sandbox=\"allow-scripts\" security=\"restricted\" style=\"position: absolute; visibility: hidden;\" title=\"&#8220;Ootame avaldusi eesti folkloristika aastapreemia v\u00e4ljaandmiseks&#8221; &#8212; Akadeemiline Rahvaluule Selts\" src=\"https:\/\/www.folklore.ee\/ars\/ootame-avaldusi-eesti-folkloristika-aastapreemia-valjaandmiseks\/embed\/#?secret=BZHW1H6JuA#?secret=cFpYCUSRjI\" data-secret=\"cFpYCUSRjI\" width=\"500\" height=\"282\" frameborder=\"0\" marginwidth=\"0\" marginheight=\"0\" scrolling=\"no\"><\/iframe>\n<\/div><\/figure>\n\n\n\n<figure class=\"wp-block-embed is-type-wp-embed is-provider-akadeemiline-rahvaluule-selts wp-block-embed-akadeemiline-rahvaluule-selts\"><div class=\"wp-block-embed__wrapper\">\n<blockquote class=\"wp-embedded-content\" data-secret=\"cFpYCUSRjI\"><a href=\"https:\/\/www.folklore.ee\/ars\/ootame-avaldusi-eesti-folkloristika-aastapreemia-valjaandmiseks\/\">Ootame avaldusi eesti folkloristika aastapreemia v\u00e4ljaandmiseks<\/a><\/blockquote><iframe loading=\"lazy\" class=\"wp-embedded-content\" sandbox=\"allow-scripts\" security=\"restricted\" style=\"position: absolute; visibility: hidden;\" title=\"&#8220;Ootame avaldusi eesti folkloristika aastapreemia v\u00e4ljaandmiseks&#8221; &#8212; Akadeemiline Rahvaluule Selts\" src=\"https:\/\/www.folklore.ee\/ars\/ootame-avaldusi-eesti-folkloristika-aastapreemia-valjaandmiseks\/embed\/#?secret=BZHW1H6JuA#?secret=cFpYCUSRjI\" data-secret=\"cFpYCUSRjI\" width=\"500\" height=\"282\" frameborder=\"0\" marginwidth=\"0\" marginheight=\"0\" scrolling=\"no\"><\/iframe>\n<\/div><\/figure>\n\n\n\n<figure class=\"wp-block-embed is-type-wp-embed is-provider-akadeemiline-rahvaluule-selts wp-block-embed-akadeemiline-rahvaluule-selts\"><div class=\"wp-block-embed__wrapper\">\n<blockquote class=\"wp-embedded-content\" data-secret=\"wXKX9OIOPX\"><a href=\"https:\/\/www.folklore.ee\/ars\/registreerimine-eesti-folkloristide-xix-talvekonverentsile-loppeb-25-veebruaril\/\">Registreerimine Eesti folkloristide XIX talvekonverentsile l\u00f5ppeb 25. veebruaril<\/a><\/blockquote><iframe loading=\"lazy\" class=\"wp-embedded-content\" sandbox=\"allow-scripts\" security=\"restricted\" style=\"position: absolute; visibility: hidden;\" title=\"&#8220;Registreerimine Eesti folkloristide XIX talvekonverentsile l\u00f5ppeb 25. veebruaril&#8221; &#8212; Akadeemiline Rahvaluule Selts\" src=\"https:\/\/www.folklore.ee\/ars\/registreerimine-eesti-folkloristide-xix-talvekonverentsile-loppeb-25-veebruaril\/embed\/#?secret=E98hh7ozSD#?secret=wXKX9OIOPX\" data-secret=\"wXKX9OIOPX\" width=\"500\" height=\"282\" frameborder=\"0\" marginwidth=\"0\" marginheight=\"0\" scrolling=\"no\"><\/iframe>\n<\/div><\/figure>\n","protected":false},"excerpt":{"rendered":"","protected":false},"author":2,"featured_media":0,"parent":0,"menu_order":0,"comment_status":"closed","ping_status":"closed","template":"","meta":{"footnotes":""},"class_list":["post-1290","page","type-page","status-publish","hentry"],"yoast_head":"<!-- This site is optimized with the Yoast SEO plugin v20.12 - https:\/\/yoast.com\/wordpress\/plugins\/seo\/ -->\n<title>Uudised 2025 | Akadeemiline Rahvaluule Selts<\/title>\n<meta name=\"robots\" content=\"index, follow, max-snippet:-1, max-image-preview:large, max-video-preview:-1\" \/>\n<link rel=\"canonical\" href=\"https:\/\/www.folklore.ee\/ars\/uudised-2025\/\" \/>\n<meta property=\"og:locale\" content=\"en_US\" \/>\n<meta property=\"og:type\" content=\"article\" \/>\n<meta property=\"og:title\" content=\"Uudised 2025 | Akadeemiline Rahvaluule Selts\" \/>\n<meta property=\"og:url\" content=\"https:\/\/www.folklore.ee\/ars\/uudised-2025\/\" \/>\n<meta property=\"og:site_name\" content=\"Akadeemiline Rahvaluule Selts\" \/>\n<meta property=\"article:modified_time\" content=\"2026-02-10T10:47:23+00:00\" \/>\n<meta name=\"twitter:card\" content=\"summary_large_image\" \/>\n<meta name=\"twitter:label1\" content=\"Est. reading time\" \/>\n\t<meta name=\"twitter:data1\" content=\"1 minute\" \/>\n<script type=\"application\/ld+json\" class=\"yoast-schema-graph\">{\"@context\":\"https:\/\/schema.org\",\"@graph\":[{\"@type\":\"WebPage\",\"@id\":\"https:\/\/www.folklore.ee\/ars\/uudised-2025\/\",\"url\":\"https:\/\/www.folklore.ee\/ars\/uudised-2025\/\",\"name\":\"Uudised 2025 | Akadeemiline Rahvaluule Selts\",\"isPartOf\":{\"@id\":\"https:\/\/www.folklore.ee\/ars\/#website\"},\"datePublished\":\"2026-02-10T10:41:07+00:00\",\"dateModified\":\"2026-02-10T10:47:23+00:00\",\"breadcrumb\":{\"@id\":\"https:\/\/www.folklore.ee\/ars\/uudised-2025\/#breadcrumb\"},\"inLanguage\":\"en-US\",\"potentialAction\":[{\"@type\":\"ReadAction\",\"target\":[\"https:\/\/www.folklore.ee\/ars\/uudised-2025\/\"]}]},{\"@type\":\"BreadcrumbList\",\"@id\":\"https:\/\/www.folklore.ee\/ars\/uudised-2025\/#breadcrumb\",\"itemListElement\":[{\"@type\":\"ListItem\",\"position\":1,\"name\":\"Avaleht\",\"item\":\"https:\/\/www.folklore.ee\/ars\/\"},{\"@type\":\"ListItem\",\"position\":2,\"name\":\"Uudised 2025\"}]},{\"@type\":\"WebSite\",\"@id\":\"https:\/\/www.folklore.ee\/ars\/#website\",\"url\":\"https:\/\/www.folklore.ee\/ars\/\",\"name\":\"Akadeemiline Rahvaluule Selts\",\"description\":\"Folkloristide, \u00fcli\u00f5pilaste ja k\u00f5igi rahvaluulest huvitatute \u00fchendus, mis aitab kaasa rahvaluule kogumisele, tutvustamisele, uurimisele ja publitseerimisele.\",\"potentialAction\":[{\"@type\":\"SearchAction\",\"target\":{\"@type\":\"EntryPoint\",\"urlTemplate\":\"https:\/\/www.folklore.ee\/ars\/?s={search_term_string}\"},\"query-input\":\"required name=search_term_string\"}],\"inLanguage\":\"en-US\"}]}<\/script>\n<!-- \/ Yoast SEO plugin. -->","yoast_head_json":{"title":"Uudised 2025 | Akadeemiline Rahvaluule Selts","robots":{"index":"index","follow":"follow","max-snippet":"max-snippet:-1","max-image-preview":"max-image-preview:large","max-video-preview":"max-video-preview:-1"},"canonical":"https:\/\/www.folklore.ee\/ars\/uudised-2025\/","og_locale":"en_US","og_type":"article","og_title":"Uudised 2025 | Akadeemiline Rahvaluule Selts","og_url":"https:\/\/www.folklore.ee\/ars\/uudised-2025\/","og_site_name":"Akadeemiline Rahvaluule Selts","article_modified_time":"2026-02-10T10:47:23+00:00","twitter_card":"summary_large_image","twitter_misc":{"Est. reading time":"1 minute"},"schema":{"@context":"https:\/\/schema.org","@graph":[{"@type":"WebPage","@id":"https:\/\/www.folklore.ee\/ars\/uudised-2025\/","url":"https:\/\/www.folklore.ee\/ars\/uudised-2025\/","name":"Uudised 2025 | Akadeemiline Rahvaluule Selts","isPartOf":{"@id":"https:\/\/www.folklore.ee\/ars\/#website"},"datePublished":"2026-02-10T10:41:07+00:00","dateModified":"2026-02-10T10:47:23+00:00","breadcrumb":{"@id":"https:\/\/www.folklore.ee\/ars\/uudised-2025\/#breadcrumb"},"inLanguage":"en-US","potentialAction":[{"@type":"ReadAction","target":["https:\/\/www.folklore.ee\/ars\/uudised-2025\/"]}]},{"@type":"BreadcrumbList","@id":"https:\/\/www.folklore.ee\/ars\/uudised-2025\/#breadcrumb","itemListElement":[{"@type":"ListItem","position":1,"name":"Avaleht","item":"https:\/\/www.folklore.ee\/ars\/"},{"@type":"ListItem","position":2,"name":"Uudised 2025"}]},{"@type":"WebSite","@id":"https:\/\/www.folklore.ee\/ars\/#website","url":"https:\/\/www.folklore.ee\/ars\/","name":"Akadeemiline Rahvaluule Selts","description":"Folkloristide, \u00fcli\u00f5pilaste ja k\u00f5igi rahvaluulest huvitatute \u00fchendus, mis aitab kaasa rahvaluule kogumisele, tutvustamisele, uurimisele ja publitseerimisele.","potentialAction":[{"@type":"SearchAction","target":{"@type":"EntryPoint","urlTemplate":"https:\/\/www.folklore.ee\/ars\/?s={search_term_string}"},"query-input":"required name=search_term_string"}],"inLanguage":"en-US"}]}},"_links":{"self":[{"href":"https:\/\/www.folklore.ee\/ars\/wp-json\/wp\/v2\/pages\/1290","targetHints":{"allow":["GET"]}}],"collection":[{"href":"https:\/\/www.folklore.ee\/ars\/wp-json\/wp\/v2\/pages"}],"about":[{"href":"https:\/\/www.folklore.ee\/ars\/wp-json\/wp\/v2\/types\/page"}],"author":[{"embeddable":true,"href":"https:\/\/www.folklore.ee\/ars\/wp-json\/wp\/v2\/users\/2"}],"replies":[{"embeddable":true,"href":"https:\/\/www.folklore.ee\/ars\/wp-json\/wp\/v2\/comments?post=1290"}],"version-history":[{"count":2,"href":"https:\/\/www.folklore.ee\/ars\/wp-json\/wp\/v2\/pages\/1290\/revisions"}],"predecessor-version":[{"id":1294,"href":"https:\/\/www.folklore.ee\/ars\/wp-json\/wp\/v2\/pages\/1290\/revisions\/1294"}],"wp:attachment":[{"href":"https:\/\/www.folklore.ee\/ars\/wp-json\/wp\/v2\/media?parent=1290"}],"curies":[{"name":"wp","href":"https:\/\/api.w.org\/{rel}","templated":true}]}}