{"id":1257,"date":"2025-12-02T20:01:49","date_gmt":"2025-12-02T20:01:49","guid":{"rendered":"https:\/\/www.folklore.ee\/ars\/?page_id=1257"},"modified":"2025-12-02T20:01:50","modified_gmt":"2025-12-02T20:01:50","slug":"arsi-juhtimine-1925","status":"publish","type":"page","link":"https:\/\/www.folklore.ee\/ars\/arsi-juhtimine-1925\/","title":{"rendered":"ARSi juhtimine 1925-"},"content":{"rendered":"<div class=\"wp-block-image\">\n<figure class=\"alignright size-large is-resized\"><img loading=\"lazy\" decoding=\"async\" width=\"1024\" height=\"576\" src=\"https:\/\/www.folklore.ee\/ars\/wp-content\/uploads\/2025\/11\/Slaid1-1024x576.jpg\" alt=\"\" class=\"wp-image-1244\" style=\"width:347px;height:auto\" srcset=\"https:\/\/www.folklore.ee\/ars\/wp-content\/uploads\/2025\/11\/Slaid1-1024x576.jpg 1024w, https:\/\/www.folklore.ee\/ars\/wp-content\/uploads\/2025\/11\/Slaid1-300x169.jpg 300w, https:\/\/www.folklore.ee\/ars\/wp-content\/uploads\/2025\/11\/Slaid1-768x432.jpg 768w, https:\/\/www.folklore.ee\/ars\/wp-content\/uploads\/2025\/11\/Slaid1.jpg 1280w\" sizes=\"auto, (max-width: 1024px) 100vw, 1024px\" \/><\/figure>\n<\/div>\n\n\n<p><strong>Akadeemiline Rahvaluule Selts (1925-1940)<\/strong><\/p>\n\n\n\n<div class=\"wp-block-group is-vertical is-layout-flex wp-container-core-group-is-layout-8cf370e7 wp-block-group-is-layout-flex\">\n<p>1924-1934 Esimees: Matthias Johann Eisen<\/p>\n\n\n\n<p>1934-1938 Esimees Walter Anderson<\/p>\n\n\n\n<p>1939-1940 Esimees Gustav Vilbaste<\/p>\n<\/div>\n\n\n\n<p><strong>Emakeele Seltsi rahvaluulesektsioon (1966-1996)<\/strong><\/p>\n\n\n\n<div class=\"wp-block-group is-vertical is-layout-flex wp-container-core-group-is-layout-8cf370e7 wp-block-group-is-layout-flex\">\n<p>9. oktoober 1966 Eduard Laugaste, Veera Pino, Ingrid R\u00fc\u00fctel<\/p>\n\n\n\n<p>28. november 1968 Udo Kolk, Mall Proodel, Ingrid Sarv<\/p>\n\n\n\n<p>28. november 1974 Paul Hagu, Ellen Liiv, Ingrid Sarv<\/p>\n\n\n\n<p>25. november 1976 Ingrid Sarv, Ellen Liiv, Ruth Mirov<\/p>\n\n\n\n<p>30. november 1978 Ingrid Sarv, Ellen Liin, Eha Viluoja<\/p>\n\n\n\n<p>27. november 1980 Ingrid Sarv, Ellen Liin, Eha Viluoja<\/p>\n\n\n\n<p>25. november 1982 Ingrid Sarv, Kristi Salve, Rein Saukas<\/p>\n\n\n\n<p>29. november1984 Ingrid Sarv, Kristi Salve, Vaike Sarv<\/p>\n\n\n\n<p>27. november 1986 Ingrid Sarv Kristi Salve, Vaike Sarv<\/p>\n\n\n\n<p>24. november 1988 Pille Kippar, Paul Hagu, Mare K\u00f5iva<\/p>\n\n\n\n<p>29. november 1990 Pille Kippar, Anu Vissel, Marju K\u00f5ivupuu<\/p>\n\n\n\n<p>26. november 1992 Pille Kippar, Anu Vissel, Marju K\u00f5ivupuu<\/p>\n\n\n\n<p>24. november 1994 Anu Vissel, Kadri Peebo, Eda Kalmre<\/p>\n<\/div>\n\n\n\n<p><strong>Akadeemiline Rahvaluule Selts (1996-)<\/strong><\/p>\n\n\n\n<div class=\"wp-block-group is-vertical is-layout-flex wp-container-core-group-is-layout-8cf370e7 wp-block-group-is-layout-flex\">\n<p>25. Jaanuar 1996&nbsp;<\/p>\n\n\n\n<p>Juhatus: \u00dclo Valk, Anu Vissel, Kadri Tamm<\/p>\n\n\n\n<p>Revisjon: Katrin Ribenis, Mall Hiiem\u00e4e, Kristi Salve<\/p>\n\n\n\n<p>26. M\u00e4rts 1998<\/p>\n\n\n\n<p>Juhatus: Ergo Hart-V\u00e4strik, Madis Arukask, Kadri Tamm<\/p>\n\n\n\n<p>Revisjon: Janika Oras, Astrid Tuisk, Kristi Salve<\/p>\n\n\n\n<p>27. Mai 1999<\/p>\n\n\n\n<p>Juhatus: Ergo-Hart V\u00e4strik, Madis Arukask, Kadri Tamm<\/p>\n\n\n\n<p>Revisjon: Janika Oras, Astrid Tuisk, Kristi Salve<\/p>\n\n\n\n<p>31. Jaanuar 2002<\/p>\n\n\n\n<p>Juhatus: Liina Saarlo, Kristi Salve, Pille Runnel<\/p>\n\n\n\n<p>Revisjon: Anu Vissel, Anu Korb, Ergo-Hart V\u00e4strik<\/p>\n\n\n\n<p>29. Mai 2003<\/p>\n\n\n\n<p>Juhatus: Liina Saarlo, Risto J\u00e4rv, Kristi Salve<\/p>\n\n\n\n<p>Revisjon: Anu Vissel, Anu Korb, Ergo-Hart V\u00e4strik<\/p>\n\n\n\n<p>27. Mai 2004<\/p>\n\n\n\n<p>Juhatus: Risto J\u00e4rv, Liina Saarlo, Kristi Salve<\/p>\n\n\n\n<p>Revisjon: Anu Korb, Kanni Labi, Ergo-Hart V\u00e4strik<\/p>\n\n\n\n<p>8. September 2005<\/p>\n\n\n\n<p>Juhatus: Risto J\u00e4rv, Rein Saukas, Taive S\u00e4rg<\/p>\n\n\n\n<p>Revisjon: Mare Kalda, Anu Korb, Mairi Kaasik<\/p>\n\n\n\n<p>25. Mai 2006<\/p>\n\n\n\n<p>Juhatus: Risto J\u00e4rv, Rein Saukas, Taive S\u00e4rg<\/p>\n\n\n\n<p>Revisjon: Mare Kalda, Anu Korb, Mairi Kaasik<\/p>\n\n\n\n<p>31. Mai 2007<\/p>\n\n\n\n<p>Juhatus: Risto J\u00e4rv, Janika Oras, Rein Saukas, Taive S\u00e4rg, Ave Tupits<\/p>\n\n\n\n<p>Revisjon: Mairi Kaasik, Mare Kalda, Anu Korb<\/p>\n\n\n\n<p>29. Mai 2008&nbsp;<\/p>\n\n\n\n<p>Juhatus: Risto J\u00e4rv, Janika Oras, Rein Saukas, Taive S\u00e4rg, Ave Tupits<\/p>\n\n\n\n<p>Revisjon: Mairi Kaasik, Mare Kalda, Anu Korb<\/p>\n\n\n\n<p>28. Mai 2009<\/p>\n\n\n\n<p>Juhatus: Madis Arukask, Eda Kalmre, Janika Oras, Taive S\u00e4rg, Ave Tupits<\/p>\n\n\n\n<p>Revisjon: Mairi Kaasik, Rein Saukas, Mare Kalda<\/p>\n\n\n\n<p>19. Mai 2011<\/p>\n\n\n\n<p>Juhatus: Eda Kalmre, Pihla Maria Siin, Tiina Sepp, Maarja Aigro, Ell Vahtram\u00e4e<\/p>\n\n\n\n<p>Revisjon: Liilia Laaneman, Mare Kalda, Rein Saukas<\/p>\n\n\n\n<p>30. Mai 2013&nbsp;<\/p>\n\n\n\n<p>Juhatus: Andreas Kalkun, Katre Kikas, Merili Metsvahi, Pihla Maria Siim, Ell Vahtram\u00e4e&nbsp;<\/p>\n\n\n\n<p>Revisjon: Liilia Laaneman, Rein Saukas ja Mare Kalda<\/p>\n\n\n\n<p>28. mai 2015<\/p>\n\n\n\n<p>Juhatus: Katre Kikas, Andreas Kalkun, Anu Korb, K\u00e4rri Toomeos-Orglaan, Merili Metsvahi<\/p>\n\n\n\n<p>Revisjon: Mare Kalda, Liilia Laaneman, Rein Saukas<\/p>\n\n\n\n<p>25. mai 2017<\/p>\n\n\n\n<p>Juhatus: Anu Korb, Merili Metsvahi, Reet Hiiem\u00e4e, K\u00e4rri Toomeos-Orglaan, Ergo-Hart V\u00e4strik<\/p>\n\n\n\n<p>Revisjon: Mare Kalda, Liilia Laaneman, Helen K\u00f5mmus<\/p>\n\n\n\n<p>25. aprill 2019<\/p>\n\n\n\n<p>Juhatus: K\u00e4rri Toomeos-Orglaan, Reet Hiiem\u00e4e, Merili Metsvahi, Pihla Maria Siim ja Mare Kalda.<\/p>\n\n\n\n<p>Revisjon: Liilia Laaneman, Helen K\u00f5mmus ja Ergo-Hart V\u00e4strik<\/p>\n\n\n\n<p>30. september 2021<\/p>\n\n\n\n<p>Juhatus: Reet Hiiem\u00e4e, Mare Kalda, Helen K\u00e4stik, Pihla Maria Siim, K\u00e4rri Toomeos-Orglaan<\/p>\n\n\n\n<p>Revisjon: Mairi Kaasik, Helen K\u00f5mmus, Liilia Laaneman<\/p>\n\n\n\n<p>27. aprill 2023<\/p>\n\n\n\n<p>Juhatus: Mare Kalda, Katre Kikas, Pihla Maria Siim, Enn Kalev Tarto ja Helen K\u00e4stik<\/p>\n\n\n\n<p>Revisjon: Mairi Kaasik, Helen K\u00f5mmus ja Ave Gor\u0161i\u010d<\/p>\n\n\n\n<p>24. aprill 2025<\/p>\n\n\n\n<p>Juhatus: Katre Kikas, Enn Kalev Tarto, Anastasiya Fiadotava, Mari-Liis Sinilaht, Ell Vahtram\u00e4e<\/p>\n\n\n\n<p>Revisjon: Mairi Kaasik, Helen K\u00f5mmus ja Ave Gor\u0161i\u010d<\/p>\n\n\n\n<p><\/p>\n<\/div>\n","protected":false},"excerpt":{"rendered":"<p>Akadeemiline Rahvaluule Selts (1925-1940) 1924-1934 Esimees: Matthias Johann Eisen 1934-1938 Esimees Walter Anderson 1939-1940 Esimees Gustav Vilbaste Emakeele Seltsi rahvaluulesektsioon (1966-1996) 9. oktoober 1966 Eduard Laugaste, Veera Pino, Ingrid R\u00fc\u00fctel 28. november 1968 Udo Kolk, Mall Proodel, Ingrid Sarv 28. november 1974 Paul Hagu, Ellen Liiv, Ingrid Sarv 25. november 1976 Ingrid Sarv, Ellen Liiv, [&hellip;]<\/p>\n","protected":false},"author":2,"featured_media":0,"parent":0,"menu_order":0,"comment_status":"closed","ping_status":"closed","template":"","meta":{"footnotes":""},"class_list":["post-1257","page","type-page","status-publish","hentry"],"yoast_head":"<!-- This site is optimized with the Yoast SEO plugin v20.12 - https:\/\/yoast.com\/wordpress\/plugins\/seo\/ -->\n<title>ARSi juhtimine 1925- | Akadeemiline Rahvaluule Selts<\/title>\n<meta name=\"robots\" content=\"index, follow, max-snippet:-1, max-image-preview:large, max-video-preview:-1\" \/>\n<link rel=\"canonical\" href=\"https:\/\/www.folklore.ee\/ars\/arsi-juhtimine-1925\/\" \/>\n<meta property=\"og:locale\" content=\"en_US\" \/>\n<meta property=\"og:type\" content=\"article\" \/>\n<meta property=\"og:title\" content=\"ARSi juhtimine 1925- | Akadeemiline Rahvaluule Selts\" \/>\n<meta property=\"og:description\" content=\"Akadeemiline Rahvaluule Selts (1925-1940) 1924-1934 Esimees: Matthias Johann Eisen 1934-1938 Esimees Walter Anderson 1939-1940 Esimees Gustav Vilbaste Emakeele Seltsi rahvaluulesektsioon (1966-1996) 9. oktoober 1966 Eduard Laugaste, Veera Pino, Ingrid R\u00fc\u00fctel 28. november 1968 Udo Kolk, Mall Proodel, Ingrid Sarv 28. november 1974 Paul Hagu, Ellen Liiv, Ingrid Sarv 25. november 1976 Ingrid Sarv, Ellen Liiv, [&hellip;]\" \/>\n<meta property=\"og:url\" content=\"https:\/\/www.folklore.ee\/ars\/arsi-juhtimine-1925\/\" \/>\n<meta property=\"og:site_name\" content=\"Akadeemiline Rahvaluule Selts\" \/>\n<meta property=\"article:modified_time\" content=\"2025-12-02T20:01:50+00:00\" \/>\n<meta property=\"og:image\" content=\"https:\/\/www.folklore.ee\/ars\/wp-content\/uploads\/2025\/11\/Slaid1-1024x576.jpg\" \/>\n<meta name=\"twitter:card\" content=\"summary_large_image\" \/>\n<meta name=\"twitter:label1\" content=\"Est. reading time\" \/>\n\t<meta name=\"twitter:data1\" content=\"3 minutes\" \/>\n<script type=\"application\/ld+json\" class=\"yoast-schema-graph\">{\"@context\":\"https:\/\/schema.org\",\"@graph\":[{\"@type\":\"WebPage\",\"@id\":\"https:\/\/www.folklore.ee\/ars\/arsi-juhtimine-1925\/\",\"url\":\"https:\/\/www.folklore.ee\/ars\/arsi-juhtimine-1925\/\",\"name\":\"ARSi juhtimine 1925- | Akadeemiline Rahvaluule Selts\",\"isPartOf\":{\"@id\":\"https:\/\/www.folklore.ee\/ars\/#website\"},\"datePublished\":\"2025-12-02T20:01:49+00:00\",\"dateModified\":\"2025-12-02T20:01:50+00:00\",\"breadcrumb\":{\"@id\":\"https:\/\/www.folklore.ee\/ars\/arsi-juhtimine-1925\/#breadcrumb\"},\"inLanguage\":\"en-US\",\"potentialAction\":[{\"@type\":\"ReadAction\",\"target\":[\"https:\/\/www.folklore.ee\/ars\/arsi-juhtimine-1925\/\"]}]},{\"@type\":\"BreadcrumbList\",\"@id\":\"https:\/\/www.folklore.ee\/ars\/arsi-juhtimine-1925\/#breadcrumb\",\"itemListElement\":[{\"@type\":\"ListItem\",\"position\":1,\"name\":\"Avaleht\",\"item\":\"https:\/\/www.folklore.ee\/ars\/\"},{\"@type\":\"ListItem\",\"position\":2,\"name\":\"ARSi juhtimine 1925-\"}]},{\"@type\":\"WebSite\",\"@id\":\"https:\/\/www.folklore.ee\/ars\/#website\",\"url\":\"https:\/\/www.folklore.ee\/ars\/\",\"name\":\"Akadeemiline Rahvaluule Selts\",\"description\":\"Folkloristide, \u00fcli\u00f5pilaste ja k\u00f5igi rahvaluulest huvitatute \u00fchendus, mis aitab kaasa rahvaluule kogumisele, tutvustamisele, uurimisele ja publitseerimisele.\",\"potentialAction\":[{\"@type\":\"SearchAction\",\"target\":{\"@type\":\"EntryPoint\",\"urlTemplate\":\"https:\/\/www.folklore.ee\/ars\/?s={search_term_string}\"},\"query-input\":\"required name=search_term_string\"}],\"inLanguage\":\"en-US\"}]}<\/script>\n<!-- \/ Yoast SEO plugin. -->","yoast_head_json":{"title":"ARSi juhtimine 1925- | Akadeemiline Rahvaluule Selts","robots":{"index":"index","follow":"follow","max-snippet":"max-snippet:-1","max-image-preview":"max-image-preview:large","max-video-preview":"max-video-preview:-1"},"canonical":"https:\/\/www.folklore.ee\/ars\/arsi-juhtimine-1925\/","og_locale":"en_US","og_type":"article","og_title":"ARSi juhtimine 1925- | Akadeemiline Rahvaluule Selts","og_description":"Akadeemiline Rahvaluule Selts (1925-1940) 1924-1934 Esimees: Matthias Johann Eisen 1934-1938 Esimees Walter Anderson 1939-1940 Esimees Gustav Vilbaste Emakeele Seltsi rahvaluulesektsioon (1966-1996) 9. oktoober 1966 Eduard Laugaste, Veera Pino, Ingrid R\u00fc\u00fctel 28. november 1968 Udo Kolk, Mall Proodel, Ingrid Sarv 28. november 1974 Paul Hagu, Ellen Liiv, Ingrid Sarv 25. november 1976 Ingrid Sarv, Ellen Liiv, [&hellip;]","og_url":"https:\/\/www.folklore.ee\/ars\/arsi-juhtimine-1925\/","og_site_name":"Akadeemiline Rahvaluule Selts","article_modified_time":"2025-12-02T20:01:50+00:00","og_image":[{"url":"https:\/\/www.folklore.ee\/ars\/wp-content\/uploads\/2025\/11\/Slaid1-1024x576.jpg"}],"twitter_card":"summary_large_image","twitter_misc":{"Est. reading time":"3 minutes"},"schema":{"@context":"https:\/\/schema.org","@graph":[{"@type":"WebPage","@id":"https:\/\/www.folklore.ee\/ars\/arsi-juhtimine-1925\/","url":"https:\/\/www.folklore.ee\/ars\/arsi-juhtimine-1925\/","name":"ARSi juhtimine 1925- | Akadeemiline Rahvaluule Selts","isPartOf":{"@id":"https:\/\/www.folklore.ee\/ars\/#website"},"datePublished":"2025-12-02T20:01:49+00:00","dateModified":"2025-12-02T20:01:50+00:00","breadcrumb":{"@id":"https:\/\/www.folklore.ee\/ars\/arsi-juhtimine-1925\/#breadcrumb"},"inLanguage":"en-US","potentialAction":[{"@type":"ReadAction","target":["https:\/\/www.folklore.ee\/ars\/arsi-juhtimine-1925\/"]}]},{"@type":"BreadcrumbList","@id":"https:\/\/www.folklore.ee\/ars\/arsi-juhtimine-1925\/#breadcrumb","itemListElement":[{"@type":"ListItem","position":1,"name":"Avaleht","item":"https:\/\/www.folklore.ee\/ars\/"},{"@type":"ListItem","position":2,"name":"ARSi juhtimine 1925-"}]},{"@type":"WebSite","@id":"https:\/\/www.folklore.ee\/ars\/#website","url":"https:\/\/www.folklore.ee\/ars\/","name":"Akadeemiline Rahvaluule Selts","description":"Folkloristide, \u00fcli\u00f5pilaste ja k\u00f5igi rahvaluulest huvitatute \u00fchendus, mis aitab kaasa rahvaluule kogumisele, tutvustamisele, uurimisele ja publitseerimisele.","potentialAction":[{"@type":"SearchAction","target":{"@type":"EntryPoint","urlTemplate":"https:\/\/www.folklore.ee\/ars\/?s={search_term_string}"},"query-input":"required name=search_term_string"}],"inLanguage":"en-US"}]}},"_links":{"self":[{"href":"https:\/\/www.folklore.ee\/ars\/wp-json\/wp\/v2\/pages\/1257","targetHints":{"allow":["GET"]}}],"collection":[{"href":"https:\/\/www.folklore.ee\/ars\/wp-json\/wp\/v2\/pages"}],"about":[{"href":"https:\/\/www.folklore.ee\/ars\/wp-json\/wp\/v2\/types\/page"}],"author":[{"embeddable":true,"href":"https:\/\/www.folklore.ee\/ars\/wp-json\/wp\/v2\/users\/2"}],"replies":[{"embeddable":true,"href":"https:\/\/www.folklore.ee\/ars\/wp-json\/wp\/v2\/comments?post=1257"}],"version-history":[{"count":1,"href":"https:\/\/www.folklore.ee\/ars\/wp-json\/wp\/v2\/pages\/1257\/revisions"}],"predecessor-version":[{"id":1258,"href":"https:\/\/www.folklore.ee\/ars\/wp-json\/wp\/v2\/pages\/1257\/revisions\/1258"}],"wp:attachment":[{"href":"https:\/\/www.folklore.ee\/ars\/wp-json\/wp\/v2\/media?parent=1257"}],"curies":[{"name":"wp","href":"https:\/\/api.w.org\/{rel}","templated":true}]}}