{"id":12,"date":"2023-07-25T09:38:34","date_gmt":"2023-07-25T09:38:34","guid":{"rendered":"http:\/\/localhost\/ars\/?page_id=12"},"modified":"2025-12-02T20:03:04","modified_gmt":"2025-12-02T20:03:04","slug":"ajalugu","status":"publish","type":"page","link":"https:\/\/www.folklore.ee\/ars\/ajalugu\/","title":{"rendered":"Ajalugu"},"content":{"rendered":"\n<h2 class=\"wp-block-heading\">Akadeemiline Rahvaluule Selts (ARS) 1925\u20131940<\/h2>\n\n\n\n<p>Rahvaluuleprofessor <strong>Matthias Johann Eisen<\/strong>i (1857\u20131934) eestvedamisel rajati 1925. aastal Tartusse \u00fclikooli juurde Akadeemiline Rahvaluule Selts (ARS). Asutajaliikmete hulgas olid veel <strong>Walter Anderson<\/strong>, <strong>Oskar Loorits<\/strong>, \u00fcli\u00f5pilased Oskar Parmas ja Elmar P\u00e4ss. Asutamiskoosolek toimus 28. novembril, p\u00f5hikiri oli \u00fclikooli valitsuses kinnitatud juba 19. novembril. Eisen oli oma surmani ka seltsi esimees. Hiljem juhtis seltsi T\u00dc prof. Walter Anderson (1934\u20131938) ja seej\u00e4rel <strong>Gustav Vilbaste<\/strong> (1938\u20131940) \u2013 siis tegutses selts Tallinnas. Aastal 1940 sulges n\u00f5ukogude v\u00f5im ARS-i.<\/p>\n\n\n\n<p>Asutamisel seati ARS-i tegevuse eesm\u00e4rgiks \u201drahvaluule korjamine, huvi \u00e4ratamine rahvaluule vastu ja rahvaluule uurimine\u201d eelk\u00f5ige \u00fcli\u00f5pilaste hulgas. ARS-i avakoosolekul seadis Eisen seltsi esmaseks \u00fclesandeks \u201drahvaluule korjamisega praeguseid kogusid t\u00e4iendada\u201d. ARS-i esialgsed ambitsioonid <strong>kogumist\u00f6\u00f6<\/strong> osas olidki suured: 1927. aasta suvel plaaniti saata stipendiaadid 16-sse Eestimaa kihelkonda, lisaks Koiva-eestlaste juurde. Juhatuse otsusega moodustati oma iseseisev rahvaluulekogu. Tegelikkuses kujunes k\u00f5ik hoopis tagasihoidlikuks, sest stipendiaatide tasustamiseks ei \u00f5nnestunud raha hankida. Praegune ARS-i kogu Eesti Rahvaluule Arhiivis koosneb kahest mapist, kus 1656 lehek\u00fcljel\/sedelil on kokku 1508 punkti rahvaluulet: Paul Bergi (Ariste), Paulopriit Voolaine, Klaudia Ivanovskaja ja Ivvo Vabarna setu korjandused ning Tartu Tehnikag\u00fcmnaasiumi \u00f5pilaste kirjapanekud.<\/p>\n\n\n\n<p>Seatud eesm\u00e4rkidest m\u00e4rksa tulemuslikumalt ja aktiivsemalt tegutses selts <strong>teaduslike ettekandekoosolekute<\/strong> korraldamisel, neid oli aastas 5\u20136. Eiseni eluajal peetud koosolekutel oli \u00fcks ettekanne alati temalt. Ettekannete temaatika kujunes \u00fcpris laiaks: folklooritutvustused, \u00fclevaated, uurimused. K\u00f5ige rohkem r\u00e4\u00e4giti rahvausundist ja rahvalaulust. K\u00e4sitleti regilaulu ja uuema riimilise rahvalaulu \u00fcldisemaid aspekte, konkreetseid laulut\u00fc\u00fcpe, omap\u00e4rasemaid laulupiirkondi (Setumaa), suurlaulikuid ja nende repertuaari. T\u00e4htis koht oli ka folkloristika ajalool, eriti eesti folkloori suurmeeste (Jakob Hurt, Alexander Heinrich Neus, Oskar Kallas jt) ja nimekate rahvalaulikute (Miku Ode) t\u00e4htp\u00e4evadel. Suurt t\u00e4helepanu p\u00f6\u00f6rati soome-ugri folkloorile. Seltsi liikmed jagasid muljeid rahvusvahelistest teadus\u00fcritustest.<\/p>\n\n\n\n<p>Oma maa rahvap\u00e4rimust tutvustasid nimekad v\u00e4lismaa teadlased: Kaarle Krohn, Eemil Nestor Set\u00e4l\u00e4, Viljo Johannes Mansikka, Ilmari Manninen, Helmi Helminen ja Sulo Haltsonen Soomest, Jen\u00f6 Fazekas Ungarist, Walther Ziesemer Saksmaalt. ARS-i koosolekutel t\u00f5statati palju huvitavaid teaduslikke probleeme ning enamik ettekandeid ilmus kiiresti tr\u00fckis\u00f5nas.<\/p>\n\n\n\n<h2 class=\"wp-block-heading\">Emakeele Seltsi rahvaluulesektsioon 1966\u20131995<\/h2>\n\n\n\n<p>S\u00f5jaj\u00e4rgsetel aastak\u00fcmnetel kerkis vajadus oma erialaseltsi j\u00e4rele folkloristide hulgas aeg-ajalt ikka p\u00e4evakorrale, kuid n\u00f5ukogude korra tingimustes oli endise ARS-i taastamine nagu ka uue (praeguses m\u00f5istes mittetulundus\u00fchingu) loomine \u00fcsna m\u00f5eldamatu. P\u00e4\u00e4ster\u00f5ngaks osutus Emakeele Selts, mille juurde 9. oktoobril 1966. aastal moodustati viie folkloristi (<strong>Eduard Laugaste, Udo Kolk, \u00dclo Tedre, Erna Normann, Ottilie K\u00f5iva<\/strong>) ettepanekul iseseisev kolmeliikmelise juhatusega rahvaluulesektsioon. Esimesse juhatusse kuulusid Eduard Laugaste, Ingrid R\u00fc\u00fctel ja Veera Pino. Esialgu kujunes p\u00f5hiliseks t\u00f6\u00f6vormiks ettekandekoosolek, mida peeti regulaarselt iga kuu (v.a suvekuud ja detsember) viimasel neljap\u00e4eval. Esimese koosoleku kavas oli kaks ettekannet: Ellen Liivi \u201eUsundiliste muistendite s\u00fcstematiseerimisest\u201d ning Rudolf P\u00f5ldm\u00e4e \u201eKoidula ja rahvalaul\u201d. Rahvaluulesektsioonis peetud ettekannete temaatika oli avar, h\u00f5lmates mitmesuguste rahvaluulek\u00fcsimuste k\u00f5rval ka naaberalasid, nagu etnograafia.<\/p>\n\n\n\n<p>Tegevus hakkas kiiresti laienema eriti p\u00e4rast seda, kui 1975. aastal asus sektsiooni juhtima <strong>Ingrid Sarv<\/strong>, kes j\u00e4i sellele kohale kuni 1988. aastani. Kasutusele v\u00f5eti mitmed uued t\u00f6\u00f6vormid: ettekannete illustreerimiseks kutsuti esinema rahvakunstiansambleid (\u201eHellero\u201d, \u201eLeegajus\u201d, \u201eLeigarid\u201d, \u201eS\u00f5sar\u00f5\u201d), \u201eVanemuise\u201d stuudio abiga katsetati muinasjutuetendustega, vahendati soome-ugri folklooriansamblite kontserte, lisaks Tartule hakati (kordus)koosolekuid korraldama ka Tallinnas. 1973. aastal said Elva keskkooli ettepanekul alguse koolide rahvaluulep\u00e4evad, mida korraldati folkloristide ja koolide tihedas koost\u00f6\u00f6s. Sageli said rahvaluulep\u00e4evadest alguse ka folkloorikogumise aktsioonid koolides. Tegevuse avardumine t\u00f5i \u00fcritustele alati palju rahvast \u2013 kutseliste folkloristide k\u00f5rval ka \u00fcli\u00f5pilasi ja rahvaluulehuvilisi linnakodanike, n\u00e4iteks 1981. aastal oli keskmiselt 56 osav\u00f5tjat, mis \u00fcletas niimoodi tunduvalt Emakeele Seltsi keelekoosolekutel osalejate arvu. 1980. aastatel suudeti rahvaluulesektsiooni eestv\u00f5ttel v\u00e4lja anda Emakeele Seltsi toimetiste sarjas koguni kaks artiklikogumikku: \u201eRahvasuust kirjapanekuni\u201d (Tallinn, 1985) ja \u201eRahvaluulest\u201d (Tallinn, 1987).<\/p>\n\n\n\n<p>K\u00f5iki sektsiooni \u00fcritusi protokolliti ja neist avaldati \u00fclevaated ajakirja \u201eKeel ja Kirjandus\u201d rubriigis \u201eES-i rahvaluulesektsioonis\u201d. ES rahvaluulesektsiooni viimane esimees oli Anu Vissel, kes viimasel koosolekul 7. detsembril 1995 pidas ettekande \u201e70 aastat Akadeemilise Rahvaluule Seltsi asutamisest\u201d. ES-i rahvaluulesektsioon j\u00f5udis 30 aasta jooksul pidada 245 koosolekut, millel peeti 629 ettekannet, ja koolides korraldati 40 rahvaluulep\u00e4eva, lisaks \u00fcks Riias L\u00e4ti Eesti Seltsis.<\/p>\n\n\n\n<h2 class=\"wp-block-heading\">Akadeemiline Rahvaluule Selts 1996\u2013<\/h2>\n\n\n\n<p>1994. aastal kerkis folkloristide seas \u00fcles iseseisva erialaseltsi asutamise idee, mille eestvedajaks-ellurakendajaks sai Anu Vissel. Rahvaluulesektsiooni juhatuse korraldatud k\u00fcsitluse j\u00e4rgi pooldas valdav enamik folkloriste Akadeemilise Rahvaluule Seltsi taastamist 1940. aastal suletud seltsi \u00f5igusj\u00e4rglasena. P\u00f5hikirja koostamiseks moodustati redaktsioonitoimkond. ARS-i taasasutamiskoosolek toimus 25. jaanuaril 1996. aastal, kui v\u00f5eti vastu p\u00f5hikiri, mis s\u00e4testab seltsi eesm\u00e4rgina eesti ja teiste rahvaste rahvaluule uurimise, kogumise ja rahvaluulealaste v\u00e4ljaannete publitseerimise. Esimesse juhatusse valiti \u00dclo Valk (esimees), Anu Vissel ja Kadri Tamm. Avakoosolekul pidas Ingrid R\u00fc\u00fctel akadeemilise ettekande \u201eEesti rahvaviiside t\u00fcpologiseerimine\u201d. Asutamisj\u00e4rgsetel aastatel kujunes p\u00f5hiliseks t\u00f6\u00f6vormiks, nagu see oli olnud varemgi, teaduslik ettekandekoosolek. Varasemat traditsiooni j\u00e4rgides valiti nende korraldamise ajaks kuu viimase neljap\u00e4eva p\u00e4rastl\u00f5una.<\/p>\n\n\n\n<p>21. sajandi algusest on seltsi tegevus mitmekesistunud, lisaks \u00fche-kahe ettekandega k\u00f5nekoosolekutele, on korraldatud &#8211; sageli koost\u00f6\u00f6s m\u00f5ne teise folkloristliku institutsiooniga &#8211; ka sisult mahukamaid <strong>konverentse<\/strong> <strong>ja<\/strong> <strong>ettekandep\u00e4evi<\/strong>, mis on leidnud positiivset vastukaja. ARSi juhtimisel v\u00f5i kaaskorraldamisel on t\u00e4histatud ettekandep\u00e4evade v\u00f5i -koosolekutega teenekate folkloristide juubeleid.<\/p>\n\n\n\n<p>2003. aastal alustati s\u00fcgiseste v\u00e4lit\u00f6\u00f6de praktikatele keskenduvate <strong>konverentsidega<\/strong> (nn kogumiskonverentsid). Esimestel aastatel oli fookuses suviste v\u00e4lit\u00f6\u00f6de \u00fclevaated, alates 2005. aastast on konverentside keskmes konkreetne teema. Kogumiskonverentsid kasvasid v\u00e4lja mitu aastak\u00fcmmet traditsioonis p\u00fcsinud septembrikuistest ekspeditsioonide \u00fclevaatekoosolekuist ning Hans Schultzi poolt 1903. aastal v\u00e4ljak\u00e4idud ideest, et igal aastal \u201evana vara s\u00f5brad, korjajad ja korjanduste vastuv\u00f5tjad\u201d \u00fcle Eesti Tartus kogumisteemalisel konverentsil kohtuksid. ARS on sagedasti kaaskorraldajaks alates 2005. aastast toimuvatel <strong>Eesti folkloristide talvekonverentsidel<\/strong>.<\/p>\n\n\n\n<p>2006. aastast on aeg-ajalt toimunud \u00fchep\u00e4evased kultuuriloolis-folkloristlikud <strong>seminar-retked <\/strong>erinevatesse Eesti paikadesse (Helme, V\u00e4ike-Maarja, Simuna, Koeru, Mehikoorma), juhendajaks kohalik giid v\u00f5i keegi folklorist.<\/p>\n\n\n\n<p>Alates 2011. aastast annab ARS koost\u00f6\u00f6s Eesti Kultuurkapitali Rahvakultuuri sihtkapitaliga v\u00e4lja <strong>Eesti folkloristika aastapreemiat<\/strong>. Preemia eesm\u00e4rk on t\u00f5sta esile preemia saamisele eelnenud kolme aasta jooksul silma paistnud folkloristi tegevust.<\/p>\n\n\n\n<p>2024. aasta l\u00f5pus assotsieerus <strong>ARS Eesti teaduste akadeemiaga<\/strong>.&nbsp;<\/p>\n\n\n\n<div class=\"wp-block-buttons is-layout-flex wp-block-buttons-is-layout-flex\">\n<div class=\"wp-block-button\"><a class=\"wp-block-button__link wp-element-button\" href=\"https:\/\/www.folklore.ee\/ars\/arsi-juhtimine-1925\/\">ARSi juhtimine 1925-2025<\/a><\/div>\n<\/div>\n\n\n\n<h2 class=\"wp-block-heading\"><strong>Rohkem infot ARSi ajaloost<\/strong>:<\/h2>\n\n\n\n<p class=\"has-text-align-left\">*) ARSi esimesest tegevusperioodist v\u00f5ib p\u00f5hjalikumalt lugeda <strong>Elmar P\u00e4ssi <\/strong>artiklist &#8220;Akadeemilise Rahvaluule Seltsi tegevusest 1925-1940&#8221; (Keel ja Kirjandus 1969, 10, 36-39).<\/p>\n\n\n\n<p>*) Emakeele Seltsi rahvaluule sektsiooni tegevusest v\u00f5ib p\u00f5hjalikumalt lugeda <strong>Merili Metsvahi <\/strong>artiklist. &#8220;Emakeele Seltsi rahvaluulesektsiooni tegevus 1966-1994&#8221; (Emakeele Selts 1920-2020, toimetanud J\u00fcri Valge, 548\u2212567). V\u00e4ljaanne on loetav <a href=\"https:\/\/www.emakeeleselts.ee\/wp-content\/uploads\/2024\/01\/ES_pohikroonika_sisu.pdf\">siin<\/a>.<\/p>\n\n\n\n<p>*) T\u00e4psema \u00fclevaate ARSi tegemistest alates 1996. aastast saab meie kodulehe rubriigist \u201e<a href=\"https:\/\/www.folklore.ee\/ars\/uritused\/\">\u00dcritused<\/a>\u201d.<\/p>\n\n\n<div class=\"wp-block-image\">\n<figure class=\"alignleft size-full is-resized\"><img loading=\"lazy\" decoding=\"async\" width=\"279\" height=\"240\" src=\"https:\/\/www.folklore.ee\/ars\/wp-content\/uploads\/2025\/11\/seltsi-logo.gif\" alt=\"\" class=\"wp-image-1204\" style=\"width:144px;height:auto\"\/><\/figure>\n<\/div>\n\n<div class=\"wp-block-image\">\n<figure class=\"alignleft size-large is-resized\"><img loading=\"lazy\" decoding=\"async\" width=\"1024\" height=\"683\" src=\"https:\/\/www.folklore.ee\/ars\/wp-content\/uploads\/2025\/11\/uuslogo-1-1024x683.png\" alt=\"\" class=\"wp-image-1207\" style=\"width:228px;height:auto\" srcset=\"https:\/\/www.folklore.ee\/ars\/wp-content\/uploads\/2025\/11\/uuslogo-1-1024x683.png 1024w, https:\/\/www.folklore.ee\/ars\/wp-content\/uploads\/2025\/11\/uuslogo-1-300x200.png 300w, https:\/\/www.folklore.ee\/ars\/wp-content\/uploads\/2025\/11\/uuslogo-1-768x512.png 768w, https:\/\/www.folklore.ee\/ars\/wp-content\/uploads\/2025\/11\/uuslogo-1-1536x1024.png 1536w, https:\/\/www.folklore.ee\/ars\/wp-content\/uploads\/2025\/11\/uuslogo-1-2048x1365.png 2048w\" sizes=\"auto, (max-width: 1024px) 100vw, 1024px\" \/><\/figure>\n<\/div>\n\n<div class=\"wp-block-image\">\n<figure class=\"alignleft size-full is-resized\"><img loading=\"lazy\" decoding=\"async\" width=\"472\" height=\"472\" src=\"https:\/\/www.folklore.ee\/ars\/wp-content\/uploads\/2025\/11\/AKADEEMILINE_RAHVALUULE_SELTS_LOGO_a.jpg\" alt=\"\" class=\"wp-image-1208\" style=\"width:211px;height:auto\" srcset=\"https:\/\/www.folklore.ee\/ars\/wp-content\/uploads\/2025\/11\/AKADEEMILINE_RAHVALUULE_SELTS_LOGO_a.jpg 472w, https:\/\/www.folklore.ee\/ars\/wp-content\/uploads\/2025\/11\/AKADEEMILINE_RAHVALUULE_SELTS_LOGO_a-300x300.jpg 300w, https:\/\/www.folklore.ee\/ars\/wp-content\/uploads\/2025\/11\/AKADEEMILINE_RAHVALUULE_SELTS_LOGO_a-150x150.jpg 150w\" sizes=\"auto, (max-width: 472px) 100vw, 472px\" \/><\/figure>\n<\/div>\n\n\n<p><\/p>\n\n\n\n<p><\/p>\n\n\n\n<p><\/p>\n\n\n\n<p><\/p>\n\n\n\n<p><\/p>\n\n\n\n<p><\/p>\n","protected":false},"excerpt":{"rendered":"<p>Akadeemiline Rahvaluule Selts (ARS) 1925\u20131940 Rahvaluuleprofessor Matthias Johann Eiseni (1857\u20131934) eestvedamisel rajati 1925. aastal Tartusse \u00fclikooli juurde Akadeemiline Rahvaluule Selts (ARS). Asutajaliikmete hulgas olid veel Walter Anderson, Oskar Loorits, \u00fcli\u00f5pilased Oskar Parmas ja Elmar P\u00e4ss. Asutamiskoosolek toimus 28. novembril, p\u00f5hikiri oli \u00fclikooli valitsuses kinnitatud juba 19. novembril. Eisen oli oma surmani ka seltsi esimees. Hiljem [&hellip;]<\/p>\n","protected":false},"author":1,"featured_media":0,"parent":0,"menu_order":0,"comment_status":"closed","ping_status":"closed","template":"","meta":{"footnotes":""},"class_list":["post-12","page","type-page","status-publish","hentry"],"yoast_head":"<!-- This site is optimized with the Yoast SEO plugin v20.12 - https:\/\/yoast.com\/wordpress\/plugins\/seo\/ -->\n<title>Ajalugu | Akadeemiline Rahvaluule Selts<\/title>\n<meta name=\"robots\" content=\"index, follow, max-snippet:-1, max-image-preview:large, max-video-preview:-1\" \/>\n<link rel=\"canonical\" href=\"https:\/\/www.folklore.ee\/ars\/ajalugu\/\" \/>\n<meta property=\"og:locale\" content=\"en_US\" \/>\n<meta property=\"og:type\" content=\"article\" \/>\n<meta property=\"og:title\" content=\"Ajalugu | Akadeemiline Rahvaluule Selts\" \/>\n<meta property=\"og:description\" content=\"Akadeemiline Rahvaluule Selts (ARS) 1925\u20131940 Rahvaluuleprofessor Matthias Johann Eiseni (1857\u20131934) eestvedamisel rajati 1925. aastal Tartusse \u00fclikooli juurde Akadeemiline Rahvaluule Selts (ARS). Asutajaliikmete hulgas olid veel Walter Anderson, Oskar Loorits, \u00fcli\u00f5pilased Oskar Parmas ja Elmar P\u00e4ss. Asutamiskoosolek toimus 28. novembril, p\u00f5hikiri oli \u00fclikooli valitsuses kinnitatud juba 19. novembril. Eisen oli oma surmani ka seltsi esimees. Hiljem [&hellip;]\" \/>\n<meta property=\"og:url\" content=\"https:\/\/www.folklore.ee\/ars\/ajalugu\/\" \/>\n<meta property=\"og:site_name\" content=\"Akadeemiline Rahvaluule Selts\" \/>\n<meta property=\"article:modified_time\" content=\"2025-12-02T20:03:04+00:00\" \/>\n<meta property=\"og:image\" content=\"https:\/\/www.folklore.ee\/ars\/wp-content\/uploads\/2025\/11\/seltsi-logo.gif\" \/>\n<meta name=\"twitter:card\" content=\"summary_large_image\" \/>\n<meta name=\"twitter:label1\" content=\"Est. reading time\" \/>\n\t<meta name=\"twitter:data1\" content=\"5 minutes\" \/>\n<script type=\"application\/ld+json\" class=\"yoast-schema-graph\">{\"@context\":\"https:\/\/schema.org\",\"@graph\":[{\"@type\":\"WebPage\",\"@id\":\"https:\/\/www.folklore.ee\/ars\/ajalugu\/\",\"url\":\"https:\/\/www.folklore.ee\/ars\/ajalugu\/\",\"name\":\"Ajalugu | Akadeemiline Rahvaluule Selts\",\"isPartOf\":{\"@id\":\"https:\/\/www.folklore.ee\/ars\/#website\"},\"datePublished\":\"2023-07-25T09:38:34+00:00\",\"dateModified\":\"2025-12-02T20:03:04+00:00\",\"breadcrumb\":{\"@id\":\"https:\/\/www.folklore.ee\/ars\/ajalugu\/#breadcrumb\"},\"inLanguage\":\"en-US\",\"potentialAction\":[{\"@type\":\"ReadAction\",\"target\":[\"https:\/\/www.folklore.ee\/ars\/ajalugu\/\"]}]},{\"@type\":\"BreadcrumbList\",\"@id\":\"https:\/\/www.folklore.ee\/ars\/ajalugu\/#breadcrumb\",\"itemListElement\":[{\"@type\":\"ListItem\",\"position\":1,\"name\":\"Avaleht\",\"item\":\"https:\/\/www.folklore.ee\/ars\/\"},{\"@type\":\"ListItem\",\"position\":2,\"name\":\"Ajalugu\"}]},{\"@type\":\"WebSite\",\"@id\":\"https:\/\/www.folklore.ee\/ars\/#website\",\"url\":\"https:\/\/www.folklore.ee\/ars\/\",\"name\":\"Akadeemiline Rahvaluule Selts\",\"description\":\"Folkloristide, \u00fcli\u00f5pilaste ja k\u00f5igi rahvaluulest huvitatute \u00fchendus, mis aitab kaasa rahvaluule kogumisele, tutvustamisele, uurimisele ja publitseerimisele.\",\"potentialAction\":[{\"@type\":\"SearchAction\",\"target\":{\"@type\":\"EntryPoint\",\"urlTemplate\":\"https:\/\/www.folklore.ee\/ars\/?s={search_term_string}\"},\"query-input\":\"required name=search_term_string\"}],\"inLanguage\":\"en-US\"}]}<\/script>\n<!-- \/ Yoast SEO plugin. -->","yoast_head_json":{"title":"Ajalugu | Akadeemiline Rahvaluule Selts","robots":{"index":"index","follow":"follow","max-snippet":"max-snippet:-1","max-image-preview":"max-image-preview:large","max-video-preview":"max-video-preview:-1"},"canonical":"https:\/\/www.folklore.ee\/ars\/ajalugu\/","og_locale":"en_US","og_type":"article","og_title":"Ajalugu | Akadeemiline Rahvaluule Selts","og_description":"Akadeemiline Rahvaluule Selts (ARS) 1925\u20131940 Rahvaluuleprofessor Matthias Johann Eiseni (1857\u20131934) eestvedamisel rajati 1925. aastal Tartusse \u00fclikooli juurde Akadeemiline Rahvaluule Selts (ARS). Asutajaliikmete hulgas olid veel Walter Anderson, Oskar Loorits, \u00fcli\u00f5pilased Oskar Parmas ja Elmar P\u00e4ss. Asutamiskoosolek toimus 28. novembril, p\u00f5hikiri oli \u00fclikooli valitsuses kinnitatud juba 19. novembril. Eisen oli oma surmani ka seltsi esimees. Hiljem [&hellip;]","og_url":"https:\/\/www.folklore.ee\/ars\/ajalugu\/","og_site_name":"Akadeemiline Rahvaluule Selts","article_modified_time":"2025-12-02T20:03:04+00:00","og_image":[{"url":"https:\/\/www.folklore.ee\/ars\/wp-content\/uploads\/2025\/11\/seltsi-logo.gif"}],"twitter_card":"summary_large_image","twitter_misc":{"Est. reading time":"5 minutes"},"schema":{"@context":"https:\/\/schema.org","@graph":[{"@type":"WebPage","@id":"https:\/\/www.folklore.ee\/ars\/ajalugu\/","url":"https:\/\/www.folklore.ee\/ars\/ajalugu\/","name":"Ajalugu | Akadeemiline Rahvaluule Selts","isPartOf":{"@id":"https:\/\/www.folklore.ee\/ars\/#website"},"datePublished":"2023-07-25T09:38:34+00:00","dateModified":"2025-12-02T20:03:04+00:00","breadcrumb":{"@id":"https:\/\/www.folklore.ee\/ars\/ajalugu\/#breadcrumb"},"inLanguage":"en-US","potentialAction":[{"@type":"ReadAction","target":["https:\/\/www.folklore.ee\/ars\/ajalugu\/"]}]},{"@type":"BreadcrumbList","@id":"https:\/\/www.folklore.ee\/ars\/ajalugu\/#breadcrumb","itemListElement":[{"@type":"ListItem","position":1,"name":"Avaleht","item":"https:\/\/www.folklore.ee\/ars\/"},{"@type":"ListItem","position":2,"name":"Ajalugu"}]},{"@type":"WebSite","@id":"https:\/\/www.folklore.ee\/ars\/#website","url":"https:\/\/www.folklore.ee\/ars\/","name":"Akadeemiline Rahvaluule Selts","description":"Folkloristide, \u00fcli\u00f5pilaste ja k\u00f5igi rahvaluulest huvitatute \u00fchendus, mis aitab kaasa rahvaluule kogumisele, tutvustamisele, uurimisele ja publitseerimisele.","potentialAction":[{"@type":"SearchAction","target":{"@type":"EntryPoint","urlTemplate":"https:\/\/www.folklore.ee\/ars\/?s={search_term_string}"},"query-input":"required name=search_term_string"}],"inLanguage":"en-US"}]}},"_links":{"self":[{"href":"https:\/\/www.folklore.ee\/ars\/wp-json\/wp\/v2\/pages\/12","targetHints":{"allow":["GET"]}}],"collection":[{"href":"https:\/\/www.folklore.ee\/ars\/wp-json\/wp\/v2\/pages"}],"about":[{"href":"https:\/\/www.folklore.ee\/ars\/wp-json\/wp\/v2\/types\/page"}],"author":[{"embeddable":true,"href":"https:\/\/www.folklore.ee\/ars\/wp-json\/wp\/v2\/users\/1"}],"replies":[{"embeddable":true,"href":"https:\/\/www.folklore.ee\/ars\/wp-json\/wp\/v2\/comments?post=12"}],"version-history":[{"count":17,"href":"https:\/\/www.folklore.ee\/ars\/wp-json\/wp\/v2\/pages\/12\/revisions"}],"predecessor-version":[{"id":1260,"href":"https:\/\/www.folklore.ee\/ars\/wp-json\/wp\/v2\/pages\/12\/revisions\/1260"}],"wp:attachment":[{"href":"https:\/\/www.folklore.ee\/ars\/wp-json\/wp\/v2\/media?parent=12"}],"curies":[{"name":"wp","href":"https:\/\/api.w.org\/{rel}","templated":true}]}}