{"id":1193,"date":"2025-11-14T13:12:06","date_gmt":"2025-11-14T13:12:06","guid":{"rendered":"https:\/\/www.folklore.ee\/ars\/?page_id=1193"},"modified":"2025-12-01T20:07:59","modified_gmt":"2025-12-01T20:07:59","slug":"inimuuringute-eetika-humanitaarteadustes-anu-korb-75-akadeemiline-rahvaluule-selts-100","status":"publish","type":"page","link":"https:\/\/www.folklore.ee\/ars\/inimuuringute-eetika-humanitaarteadustes-anu-korb-75-akadeemiline-rahvaluule-selts-100\/","title":{"rendered":"Inimuuringute eetika humanitaarteadustes. Anu Korb 75. Akadeemiline Rahvaluule Selts 100"},"content":{"rendered":"\n<p><strong>2. detsember<\/strong><\/p>\n\n\n\n<p>9.00 Avas\u00f5nad<\/p>\n\n\n\n<p>9.10-10.10 plenaarettekanne <\/p>\n\n\n\n<p><strong>Margit Sutrop <\/strong>Mida v\u00f5i keda humanitaarteaduste eetika kaitseb?<\/p>\n\n\n\n<p>10.10-10.30 Kohvipaus<\/p>\n\n\n\n<p>10.30-12.00&nbsp;<\/p>\n\n\n\n<p><strong>Madis Arukask<\/strong> Uurija, uuritav ja materjal rahvusteadustes ning valdkondadevahelises uurimises<\/p>\n\n\n\n<p><strong>Reet Hiiem\u00e4e <\/strong>Eetikak\u00fcsimustest rahvusvahelise koost\u00f6\u00f6projekti CHRYSES n\u00e4itel<\/p>\n\n\n\n<p><strong>Enn Kalev Tarto, K\u00e4rri Toomeos-Orglaan, Astrid Tuisk <\/strong>Kelle tahe, kelle \u00f5igus? V\u00e4lit\u00f6\u00f6del kogutud m\u00e4lestuste kasutus\u00f5igused ja sellega seotud eetilised dilemmad<\/p>\n\n\n\n<p>12.00-13.30 l\u00f5una<\/p>\n\n\n\n<p>foton\u00e4ituse tutvustus: &#8220;Kohtumisi omadega&#8221; koostaja <strong>Liina Saarlo<\/strong><\/p>\n\n\n\n<p>13.30-15.00 vestlusring: Institutsioonid ja eetika<\/p>\n\n\n\n<p>Modereerib: <strong>Elo-Hanna Seljamaa<\/strong><\/p>\n\n\n\n<p>Osalevad: <strong>Eve Annuk, Piret Koosa, Piret Paal<\/strong>, <strong>T\u00f5nis T\u00fcrna<\/strong><\/p>\n\n\n\n<p>15.00-15.30 Kohvipaus<\/p>\n\n\n\n<p>15.30-16.30&nbsp;<\/p>\n\n\n\n<p><strong>Kadi Lubi <\/strong>Z-p\u00f5lvkond: variatsioonid teemal &#8220;Keisri uued r\u00f5ivad&#8221;?<\/p>\n\n\n\n<p><strong>Beatrice D&#8217;Angelo <\/strong>P\u00fchade ruumide sees: uurija, mitte r\u00fc\u00fcstaja. Antropoloogiline uurimus koduhospiitsi hooldusest<\/p>\n\n\n\n<p>16.35-18.30 film<\/p>\n\n\n\n<p><strong>Liivo Niglas \u201c<a href=\"https:\/\/www.efis.ee\/film\/18460\">Armastuse maa<\/a>\u201d (2016)<\/strong><\/p>\n\n\n\n<p><\/p>\n\n\n\n<p><strong>3. detsember<\/strong><\/p>\n\n\n\n<p>9.00-10.00 plenaarettekanne&nbsp;<\/p>\n\n\n\n<p><strong>Kati Kallio <\/strong>Responsibility of the research community towards minority cultures: the case of Karelian language in Finland<\/p>\n\n\n\n<p>10.00-10.30 Kohvipaus<\/p>\n\n\n\n<p>10.30-12.00<\/p>\n\n\n\n<p><strong>Maili Pilt <\/strong>Kohandudes andmestunud maailmaga: sotsiaalmeedia tervisesuhtlust uuriva folkloristi v\u00e4ljakutsetest v\u00e4ljal ja inimuuringute eetikakomiteele taotlust kirjutades<\/p>\n\n\n\n<p><strong>Allan K\u00e4hrik <\/strong>Hingehoidja moraalne dilemma hingehoidliku vestluse tulemuste kajastamisel patsiendi terviklikus ravis, raviplaanis, aruandluses ja teadust\u00f6\u00f6s.<\/p>\n\n\n\n<p><strong>Pihla Maria Siim <\/strong>Eetika ja v\u00f5im migrantide uurimisel ning uurimismaterjali arhiveerimisel<\/p>\n\n\n\n<p>12.00-13.30 l\u00f5una<\/p>\n\n\n\n<p>13.30-15.00 vestlusring: Kogukonnad ja eetika<\/p>\n\n\n\n<p>Modereerib: <strong>Andreas Kalkun<\/strong>,&nbsp;<\/p>\n\n\n\n<p>Osalevad:&nbsp; <strong>Tiiu Jaago, Anu Korb, Liivo Niglas, Rebeka P\u00f5ldsam<\/strong><\/p>\n\n\n\n<p>Kohvipaus<\/p>\n\n\n\n<p>15.30-17.00&nbsp;<\/p>\n\n\n\n<p><strong>Astrid Tuisk <\/strong>M\u00e4ngimine lapsep\u00f5lves: kogukondlikud v\u00e4\u00e4rtused ja ajastu peegeldus<\/p>\n\n\n\n<p><strong>Elli Marie Tragel <\/strong>Kuidas meelt uurida, aga mitte puurida? Mikrofenomenoloogilise intervjuu kulg ja n\u00f5usolek<\/p>\n\n\n\n<p><strong>Kadi Kass <\/strong>Kelle h\u00e4\u00e4l k\u00f5lab? Eetika kogemusp\u00f5hises kogukonnauurimuses<\/p>\n\n\n\n<p>17.00 vaba koosviibimine: Anu Korb 75 ja Akadeemiline Rahvaluule Selts 100<\/p>\n","protected":false},"excerpt":{"rendered":"<p>2. detsember 9.00 Avas\u00f5nad 9.10-10.10 plenaarettekanne Margit Sutrop Mida v\u00f5i keda humanitaarteaduste eetika kaitseb? 10.10-10.30 Kohvipaus 10.30-12.00&nbsp; Madis Arukask Uurija, uuritav ja materjal rahvusteadustes ning valdkondadevahelises uurimises Reet Hiiem\u00e4e Eetikak\u00fcsimustest rahvusvahelise koost\u00f6\u00f6projekti CHRYSES n\u00e4itel Enn Kalev Tarto, K\u00e4rri Toomeos-Orglaan, Astrid Tuisk Kelle tahe, kelle \u00f5igus? V\u00e4lit\u00f6\u00f6del kogutud m\u00e4lestuste kasutus\u00f5igused ja sellega seotud eetilised dilemmad 12.00-13.30 [&hellip;]<\/p>\n","protected":false},"author":2,"featured_media":0,"parent":0,"menu_order":0,"comment_status":"closed","ping_status":"closed","template":"","meta":{"footnotes":""},"class_list":["post-1193","page","type-page","status-publish","hentry"],"yoast_head":"<!-- This site is optimized with the Yoast SEO plugin v20.12 - https:\/\/yoast.com\/wordpress\/plugins\/seo\/ -->\n<title>Inimuuringute eetika humanitaarteadustes. Anu Korb 75. Akadeemiline Rahvaluule Selts 100 | Akadeemiline Rahvaluule Selts<\/title>\n<meta name=\"robots\" content=\"index, follow, max-snippet:-1, max-image-preview:large, max-video-preview:-1\" \/>\n<link rel=\"canonical\" href=\"https:\/\/www.folklore.ee\/ars\/inimuuringute-eetika-humanitaarteadustes-anu-korb-75-akadeemiline-rahvaluule-selts-100\/\" \/>\n<meta property=\"og:locale\" content=\"en_US\" \/>\n<meta property=\"og:type\" content=\"article\" \/>\n<meta property=\"og:title\" content=\"Inimuuringute eetika humanitaarteadustes. Anu Korb 75. Akadeemiline Rahvaluule Selts 100 | Akadeemiline Rahvaluule Selts\" \/>\n<meta property=\"og:description\" content=\"2. detsember 9.00 Avas\u00f5nad 9.10-10.10 plenaarettekanne Margit Sutrop Mida v\u00f5i keda humanitaarteaduste eetika kaitseb? 10.10-10.30 Kohvipaus 10.30-12.00&nbsp; Madis Arukask Uurija, uuritav ja materjal rahvusteadustes ning valdkondadevahelises uurimises Reet Hiiem\u00e4e Eetikak\u00fcsimustest rahvusvahelise koost\u00f6\u00f6projekti CHRYSES n\u00e4itel Enn Kalev Tarto, K\u00e4rri Toomeos-Orglaan, Astrid Tuisk Kelle tahe, kelle \u00f5igus? V\u00e4lit\u00f6\u00f6del kogutud m\u00e4lestuste kasutus\u00f5igused ja sellega seotud eetilised dilemmad 12.00-13.30 [&hellip;]\" \/>\n<meta property=\"og:url\" content=\"https:\/\/www.folklore.ee\/ars\/inimuuringute-eetika-humanitaarteadustes-anu-korb-75-akadeemiline-rahvaluule-selts-100\/\" \/>\n<meta property=\"og:site_name\" content=\"Akadeemiline Rahvaluule Selts\" \/>\n<meta property=\"article:modified_time\" content=\"2025-12-01T20:07:59+00:00\" \/>\n<meta name=\"twitter:card\" content=\"summary_large_image\" \/>\n<meta name=\"twitter:label1\" content=\"Est. reading time\" \/>\n\t<meta name=\"twitter:data1\" content=\"2 minutes\" \/>\n<script type=\"application\/ld+json\" class=\"yoast-schema-graph\">{\"@context\":\"https:\/\/schema.org\",\"@graph\":[{\"@type\":\"WebPage\",\"@id\":\"https:\/\/www.folklore.ee\/ars\/inimuuringute-eetika-humanitaarteadustes-anu-korb-75-akadeemiline-rahvaluule-selts-100\/\",\"url\":\"https:\/\/www.folklore.ee\/ars\/inimuuringute-eetika-humanitaarteadustes-anu-korb-75-akadeemiline-rahvaluule-selts-100\/\",\"name\":\"Inimuuringute eetika humanitaarteadustes. Anu Korb 75. Akadeemiline Rahvaluule Selts 100 | Akadeemiline Rahvaluule Selts\",\"isPartOf\":{\"@id\":\"https:\/\/www.folklore.ee\/ars\/#website\"},\"datePublished\":\"2025-11-14T13:12:06+00:00\",\"dateModified\":\"2025-12-01T20:07:59+00:00\",\"breadcrumb\":{\"@id\":\"https:\/\/www.folklore.ee\/ars\/inimuuringute-eetika-humanitaarteadustes-anu-korb-75-akadeemiline-rahvaluule-selts-100\/#breadcrumb\"},\"inLanguage\":\"en-US\",\"potentialAction\":[{\"@type\":\"ReadAction\",\"target\":[\"https:\/\/www.folklore.ee\/ars\/inimuuringute-eetika-humanitaarteadustes-anu-korb-75-akadeemiline-rahvaluule-selts-100\/\"]}]},{\"@type\":\"BreadcrumbList\",\"@id\":\"https:\/\/www.folklore.ee\/ars\/inimuuringute-eetika-humanitaarteadustes-anu-korb-75-akadeemiline-rahvaluule-selts-100\/#breadcrumb\",\"itemListElement\":[{\"@type\":\"ListItem\",\"position\":1,\"name\":\"Avaleht\",\"item\":\"https:\/\/www.folklore.ee\/ars\/\"},{\"@type\":\"ListItem\",\"position\":2,\"name\":\"Inimuuringute eetika humanitaarteadustes. Anu Korb 75. Akadeemiline Rahvaluule Selts 100\"}]},{\"@type\":\"WebSite\",\"@id\":\"https:\/\/www.folklore.ee\/ars\/#website\",\"url\":\"https:\/\/www.folklore.ee\/ars\/\",\"name\":\"Akadeemiline Rahvaluule Selts\",\"description\":\"Folkloristide, \u00fcli\u00f5pilaste ja k\u00f5igi rahvaluulest huvitatute \u00fchendus, mis aitab kaasa rahvaluule kogumisele, tutvustamisele, uurimisele ja publitseerimisele.\",\"potentialAction\":[{\"@type\":\"SearchAction\",\"target\":{\"@type\":\"EntryPoint\",\"urlTemplate\":\"https:\/\/www.folklore.ee\/ars\/?s={search_term_string}\"},\"query-input\":\"required name=search_term_string\"}],\"inLanguage\":\"en-US\"}]}<\/script>\n<!-- \/ Yoast SEO plugin. -->","yoast_head_json":{"title":"Inimuuringute eetika humanitaarteadustes. Anu Korb 75. Akadeemiline Rahvaluule Selts 100 | Akadeemiline Rahvaluule Selts","robots":{"index":"index","follow":"follow","max-snippet":"max-snippet:-1","max-image-preview":"max-image-preview:large","max-video-preview":"max-video-preview:-1"},"canonical":"https:\/\/www.folklore.ee\/ars\/inimuuringute-eetika-humanitaarteadustes-anu-korb-75-akadeemiline-rahvaluule-selts-100\/","og_locale":"en_US","og_type":"article","og_title":"Inimuuringute eetika humanitaarteadustes. Anu Korb 75. Akadeemiline Rahvaluule Selts 100 | Akadeemiline Rahvaluule Selts","og_description":"2. detsember 9.00 Avas\u00f5nad 9.10-10.10 plenaarettekanne Margit Sutrop Mida v\u00f5i keda humanitaarteaduste eetika kaitseb? 10.10-10.30 Kohvipaus 10.30-12.00&nbsp; Madis Arukask Uurija, uuritav ja materjal rahvusteadustes ning valdkondadevahelises uurimises Reet Hiiem\u00e4e Eetikak\u00fcsimustest rahvusvahelise koost\u00f6\u00f6projekti CHRYSES n\u00e4itel Enn Kalev Tarto, K\u00e4rri Toomeos-Orglaan, Astrid Tuisk Kelle tahe, kelle \u00f5igus? V\u00e4lit\u00f6\u00f6del kogutud m\u00e4lestuste kasutus\u00f5igused ja sellega seotud eetilised dilemmad 12.00-13.30 [&hellip;]","og_url":"https:\/\/www.folklore.ee\/ars\/inimuuringute-eetika-humanitaarteadustes-anu-korb-75-akadeemiline-rahvaluule-selts-100\/","og_site_name":"Akadeemiline Rahvaluule Selts","article_modified_time":"2025-12-01T20:07:59+00:00","twitter_card":"summary_large_image","twitter_misc":{"Est. reading time":"2 minutes"},"schema":{"@context":"https:\/\/schema.org","@graph":[{"@type":"WebPage","@id":"https:\/\/www.folklore.ee\/ars\/inimuuringute-eetika-humanitaarteadustes-anu-korb-75-akadeemiline-rahvaluule-selts-100\/","url":"https:\/\/www.folklore.ee\/ars\/inimuuringute-eetika-humanitaarteadustes-anu-korb-75-akadeemiline-rahvaluule-selts-100\/","name":"Inimuuringute eetika humanitaarteadustes. Anu Korb 75. Akadeemiline Rahvaluule Selts 100 | Akadeemiline Rahvaluule Selts","isPartOf":{"@id":"https:\/\/www.folklore.ee\/ars\/#website"},"datePublished":"2025-11-14T13:12:06+00:00","dateModified":"2025-12-01T20:07:59+00:00","breadcrumb":{"@id":"https:\/\/www.folklore.ee\/ars\/inimuuringute-eetika-humanitaarteadustes-anu-korb-75-akadeemiline-rahvaluule-selts-100\/#breadcrumb"},"inLanguage":"en-US","potentialAction":[{"@type":"ReadAction","target":["https:\/\/www.folklore.ee\/ars\/inimuuringute-eetika-humanitaarteadustes-anu-korb-75-akadeemiline-rahvaluule-selts-100\/"]}]},{"@type":"BreadcrumbList","@id":"https:\/\/www.folklore.ee\/ars\/inimuuringute-eetika-humanitaarteadustes-anu-korb-75-akadeemiline-rahvaluule-selts-100\/#breadcrumb","itemListElement":[{"@type":"ListItem","position":1,"name":"Avaleht","item":"https:\/\/www.folklore.ee\/ars\/"},{"@type":"ListItem","position":2,"name":"Inimuuringute eetika humanitaarteadustes. Anu Korb 75. Akadeemiline Rahvaluule Selts 100"}]},{"@type":"WebSite","@id":"https:\/\/www.folklore.ee\/ars\/#website","url":"https:\/\/www.folklore.ee\/ars\/","name":"Akadeemiline Rahvaluule Selts","description":"Folkloristide, \u00fcli\u00f5pilaste ja k\u00f5igi rahvaluulest huvitatute \u00fchendus, mis aitab kaasa rahvaluule kogumisele, tutvustamisele, uurimisele ja publitseerimisele.","potentialAction":[{"@type":"SearchAction","target":{"@type":"EntryPoint","urlTemplate":"https:\/\/www.folklore.ee\/ars\/?s={search_term_string}"},"query-input":"required name=search_term_string"}],"inLanguage":"en-US"}]}},"_links":{"self":[{"href":"https:\/\/www.folklore.ee\/ars\/wp-json\/wp\/v2\/pages\/1193","targetHints":{"allow":["GET"]}}],"collection":[{"href":"https:\/\/www.folklore.ee\/ars\/wp-json\/wp\/v2\/pages"}],"about":[{"href":"https:\/\/www.folklore.ee\/ars\/wp-json\/wp\/v2\/types\/page"}],"author":[{"embeddable":true,"href":"https:\/\/www.folklore.ee\/ars\/wp-json\/wp\/v2\/users\/2"}],"replies":[{"embeddable":true,"href":"https:\/\/www.folklore.ee\/ars\/wp-json\/wp\/v2\/comments?post=1193"}],"version-history":[{"count":6,"href":"https:\/\/www.folklore.ee\/ars\/wp-json\/wp\/v2\/pages\/1193\/revisions"}],"predecessor-version":[{"id":1254,"href":"https:\/\/www.folklore.ee\/ars\/wp-json\/wp\/v2\/pages\/1193\/revisions\/1254"}],"wp:attachment":[{"href":"https:\/\/www.folklore.ee\/ars\/wp-json\/wp\/v2\/media?parent=1193"}],"curies":[{"name":"wp","href":"https:\/\/api.w.org\/{rel}","templated":true}]}}