{"id":1154,"date":"2025-08-13T10:40:57","date_gmt":"2025-08-13T10:40:57","guid":{"rendered":"https:\/\/www.folklore.ee\/ars\/?page_id=1154"},"modified":"2025-08-13T10:52:55","modified_gmt":"2025-08-13T10:52:55","slug":"inimuuringute-eetika-humanitaarteadustes-akadeemilise-rahvaluule-seltsi-19-sugiskonverents","status":"publish","type":"page","link":"https:\/\/www.folklore.ee\/ars\/inimuuringute-eetika-humanitaarteadustes-akadeemilise-rahvaluule-seltsi-19-sugiskonverents\/","title":{"rendered":"OOTAME ETTEKANDEID: Inimuuringute eetika humanitaarteadustes. Akadeemilise Rahvaluule Seltsi 19. s\u00fcgiskonverents"},"content":{"rendered":"\n<p>I ringkiri<\/p>\n\n\n\n<p>Aeg: 2.-3. detsember 2025<\/p>\n\n\n\n<p>Koht: Eesti Kirjandusmuuseumi saal (Vanemuise 42, Tartu).<\/p>\n\n\n\n<p>Teaduslik uurimistegevus on traditsiooniliselt l\u00e4htunud uurija ja uuritava, subjekti ja objekti eristusest. Piir nende kahe vahel on kunagi olnud r\u00f5hutatult selge ja diskreetne, t\u00e4naseks tunneme ka l\u00e4henemisi, kus uurija-uuritava subjektsus v\u00f5ib enam kokku sulada v\u00f5i lausa autoetnograafiliselt kattuda. N\u00fc\u00fcdseks on ka humanitaarteadusliku uurimist\u00f6\u00f6 osaks saanud uurimiseetika v\u00f5i v\u00e4hemalt peavad uurijad seda endale kuidagi teadvustama. Kultuuri ja inimtegevuse uurimisel on see k\u00fcsimus inimeste omavahelistest, samuti uurija ja uuritava, kollektiivi ja indiviidi vahelistest \u00f5igustest ja suhetest. See on k\u00fcsimus teadust\u00f6\u00f6 m\u00f5just uuritavatele ning uuritava valikute ja otsuste osast uurimisprotsessis, samuti sellest mis ja kuidas saab t\u00f6\u00f6 k\u00e4igus talletatud andmetest ja muust materjalist edasi. Eetikak\u00fcsimused l\u00e4bivad uurimisprotsessi andmete kogumise kavandamisest tulemuste avaldamiseni.<\/p>\n\n\n\n<p>Uurimiseetikaga seotud \u00fcldised ja \u00fcksikk\u00fcsimused peegeldavad nii \u00fchiskondlikke t\u00f5ekspidamisi kui ka konkreetset uurimisvaldkonda. Siin on m\u00e4ngus nii uurija kui uuritava (kogukonna) huvid ja vajadused, mis ei tarvitse olla sarnased ja tasakaalus. Ideaalis v\u00f5iksid need alluda \u00fchiselt m\u00f5istetavatele ja s\u00f5nastatavatele printsiipidele. Tegelikkus v\u00f5ib osutuda teistsuguseks.. Ka pole arusaamad uuritava rollist uurimistegevuses ning salvestuste j\u00e4relelust erinevates distsipliinides kattuvad. K\u00fcsimusi on mitmeid:<\/p>\n\n\n\n<ul class=\"wp-block-list\">\n<li>Kuidas tagada eetikareegleid kehtestades erinevate teadusharude ja -traditsioonide erip\u00e4ra ja autonoomsus?<\/li>\n\n\n\n<li>Kuidas teha nii, et uuritava privaatsust kaitstes ei l\u00e4heks kaduma ainulaadne materjal, mis on v\u00e4\u00e4rtuslik ka p\u00f5lvkondi hiljem?<\/li>\n\n\n\n<li>Kellele kuulub talletatud andmestik ja edasine kontroll selle \u00fcle ning miks?<\/li>\n\n\n\n<li>Kui m\u00f5jutatav on uuritav uurimisprotsessis? Aga uurija?<\/li>\n\n\n\n<li>Mida teha, kui uuritava enda soovid ei kattu ametlikult kehtestatud eetikan\u00f5uetega?<\/li>\n\n\n\n<li>Kellel on \u00f5igus eetikak\u00fcsimustes kogukonda esindada?<\/li>\n\n\n\n<li>Kus asuvad privaatsuse piirid erinevates \u00fchiskondades ja kultuurides, kuidas on need ajas muutunud?<\/li>\n\n\n\n<li>Milliseid eetilisi v\u00e4ljakutseid esitavad v\u00e4lit\u00f6\u00f6d veebis ja veebiandmed?<\/li>\n<\/ul>\n\n\n\n<p>Ootame ettekandeid, mis puudutavad erinevaid meetodeid, ajastuid ja kultuurilisi kontekste, eri t\u00fc\u00fcpi andmeid, nii isiklikke kogemusi&nbsp; kui ka \u00fcldistavamaid k\u00e4sitlusi.<\/p>\n\n\n\n<p>Kutsume teid selle k\u00f5ige \u00fcle arutlema, muretsema ja vaidlema.&nbsp;<\/p>\n\n\n\n<p>Konverentsil esinevad plenaarettekannetega Margit Sutrop ja Kati Kallio.<\/p>\n\n\n\n<p>Konverentsiga t\u00e4histame Anu Korbi 75. juubelit<\/p>\n\n\n\n<p>Teeside esitamise t\u00e4htaeg on <strong>15. september 2025<\/strong>. Teesid pikkusega kuni 300 s\u00f5na saata: https:\/\/forms.gle\/tFo6Kj71KKY1wmJt6&nbsp;<\/p>\n\n\n\n<p>Konverentsi korraldavad Akadeemiline Rahvaluule Selts, Eesti Kirjandusmuuseum ning Tartu \u00dclikool (ARS MORIENDI ESTONIA 2030: meditsiiniantroploogiline ja lingvistiline uuring elu l\u00f5pu ja surmaga seotud teadmiste t\u00f5stmiseks (PRG2623), Kuulumine P\u00f5hja-Balti muutuvas julgeolekumaastikus)<\/p>\n\n\n\n<p>Info: Katre Kikas katre.kikas@folklore.ee<\/p>\n","protected":false},"excerpt":{"rendered":"<p>I ringkiri Aeg: 2.-3. detsember 2025 Koht: Eesti Kirjandusmuuseumi saal (Vanemuise 42, Tartu). Teaduslik uurimistegevus on traditsiooniliselt l\u00e4htunud uurija ja uuritava, subjekti ja objekti eristusest. Piir nende kahe vahel on kunagi olnud r\u00f5hutatult selge ja diskreetne, t\u00e4naseks tunneme ka l\u00e4henemisi, kus uurija-uuritava subjektsus v\u00f5ib enam kokku sulada v\u00f5i lausa autoetnograafiliselt kattuda. N\u00fc\u00fcdseks on ka humanitaarteadusliku [&hellip;]<\/p>\n","protected":false},"author":2,"featured_media":0,"parent":0,"menu_order":0,"comment_status":"closed","ping_status":"closed","template":"","meta":{"footnotes":""},"class_list":["post-1154","page","type-page","status-publish","hentry"],"yoast_head":"<!-- This site is optimized with the Yoast SEO plugin v20.12 - https:\/\/yoast.com\/wordpress\/plugins\/seo\/ -->\n<title>OOTAME ETTEKANDEID: Inimuuringute eetika humanitaarteadustes. Akadeemilise Rahvaluule Seltsi 19. s\u00fcgiskonverents | Akadeemiline Rahvaluule Selts<\/title>\n<meta name=\"robots\" content=\"index, follow, max-snippet:-1, max-image-preview:large, max-video-preview:-1\" \/>\n<link rel=\"canonical\" href=\"https:\/\/www.folklore.ee\/ars\/inimuuringute-eetika-humanitaarteadustes-akadeemilise-rahvaluule-seltsi-19-sugiskonverents\/\" \/>\n<meta property=\"og:locale\" content=\"en_US\" \/>\n<meta property=\"og:type\" content=\"article\" \/>\n<meta property=\"og:title\" content=\"OOTAME ETTEKANDEID: Inimuuringute eetika humanitaarteadustes. Akadeemilise Rahvaluule Seltsi 19. s\u00fcgiskonverents | Akadeemiline Rahvaluule Selts\" \/>\n<meta property=\"og:description\" content=\"I ringkiri Aeg: 2.-3. detsember 2025 Koht: Eesti Kirjandusmuuseumi saal (Vanemuise 42, Tartu). Teaduslik uurimistegevus on traditsiooniliselt l\u00e4htunud uurija ja uuritava, subjekti ja objekti eristusest. Piir nende kahe vahel on kunagi olnud r\u00f5hutatult selge ja diskreetne, t\u00e4naseks tunneme ka l\u00e4henemisi, kus uurija-uuritava subjektsus v\u00f5ib enam kokku sulada v\u00f5i lausa autoetnograafiliselt kattuda. N\u00fc\u00fcdseks on ka humanitaarteadusliku [&hellip;]\" \/>\n<meta property=\"og:url\" content=\"https:\/\/www.folklore.ee\/ars\/inimuuringute-eetika-humanitaarteadustes-akadeemilise-rahvaluule-seltsi-19-sugiskonverents\/\" \/>\n<meta property=\"og:site_name\" content=\"Akadeemiline Rahvaluule Selts\" \/>\n<meta property=\"article:modified_time\" content=\"2025-08-13T10:52:55+00:00\" \/>\n<meta name=\"twitter:card\" content=\"summary_large_image\" \/>\n<meta name=\"twitter:label1\" content=\"Est. reading time\" \/>\n\t<meta name=\"twitter:data1\" content=\"2 minutes\" \/>\n<script type=\"application\/ld+json\" class=\"yoast-schema-graph\">{\"@context\":\"https:\/\/schema.org\",\"@graph\":[{\"@type\":\"WebPage\",\"@id\":\"https:\/\/www.folklore.ee\/ars\/inimuuringute-eetika-humanitaarteadustes-akadeemilise-rahvaluule-seltsi-19-sugiskonverents\/\",\"url\":\"https:\/\/www.folklore.ee\/ars\/inimuuringute-eetika-humanitaarteadustes-akadeemilise-rahvaluule-seltsi-19-sugiskonverents\/\",\"name\":\"OOTAME ETTEKANDEID: Inimuuringute eetika humanitaarteadustes. Akadeemilise Rahvaluule Seltsi 19. s\u00fcgiskonverents | Akadeemiline Rahvaluule Selts\",\"isPartOf\":{\"@id\":\"https:\/\/www.folklore.ee\/ars\/#website\"},\"datePublished\":\"2025-08-13T10:40:57+00:00\",\"dateModified\":\"2025-08-13T10:52:55+00:00\",\"breadcrumb\":{\"@id\":\"https:\/\/www.folklore.ee\/ars\/inimuuringute-eetika-humanitaarteadustes-akadeemilise-rahvaluule-seltsi-19-sugiskonverents\/#breadcrumb\"},\"inLanguage\":\"en-US\",\"potentialAction\":[{\"@type\":\"ReadAction\",\"target\":[\"https:\/\/www.folklore.ee\/ars\/inimuuringute-eetika-humanitaarteadustes-akadeemilise-rahvaluule-seltsi-19-sugiskonverents\/\"]}]},{\"@type\":\"BreadcrumbList\",\"@id\":\"https:\/\/www.folklore.ee\/ars\/inimuuringute-eetika-humanitaarteadustes-akadeemilise-rahvaluule-seltsi-19-sugiskonverents\/#breadcrumb\",\"itemListElement\":[{\"@type\":\"ListItem\",\"position\":1,\"name\":\"Avaleht\",\"item\":\"https:\/\/www.folklore.ee\/ars\/\"},{\"@type\":\"ListItem\",\"position\":2,\"name\":\"OOTAME ETTEKANDEID: Inimuuringute eetika humanitaarteadustes. Akadeemilise Rahvaluule Seltsi 19. s\u00fcgiskonverents\"}]},{\"@type\":\"WebSite\",\"@id\":\"https:\/\/www.folklore.ee\/ars\/#website\",\"url\":\"https:\/\/www.folklore.ee\/ars\/\",\"name\":\"Akadeemiline Rahvaluule Selts\",\"description\":\"Folkloristide, \u00fcli\u00f5pilaste ja k\u00f5igi rahvaluulest huvitatute \u00fchendus, mis aitab kaasa rahvaluule kogumisele, tutvustamisele, uurimisele ja publitseerimisele.\",\"potentialAction\":[{\"@type\":\"SearchAction\",\"target\":{\"@type\":\"EntryPoint\",\"urlTemplate\":\"https:\/\/www.folklore.ee\/ars\/?s={search_term_string}\"},\"query-input\":\"required name=search_term_string\"}],\"inLanguage\":\"en-US\"}]}<\/script>\n<!-- \/ Yoast SEO plugin. -->","yoast_head_json":{"title":"OOTAME ETTEKANDEID: Inimuuringute eetika humanitaarteadustes. Akadeemilise Rahvaluule Seltsi 19. s\u00fcgiskonverents | Akadeemiline Rahvaluule Selts","robots":{"index":"index","follow":"follow","max-snippet":"max-snippet:-1","max-image-preview":"max-image-preview:large","max-video-preview":"max-video-preview:-1"},"canonical":"https:\/\/www.folklore.ee\/ars\/inimuuringute-eetika-humanitaarteadustes-akadeemilise-rahvaluule-seltsi-19-sugiskonverents\/","og_locale":"en_US","og_type":"article","og_title":"OOTAME ETTEKANDEID: Inimuuringute eetika humanitaarteadustes. Akadeemilise Rahvaluule Seltsi 19. s\u00fcgiskonverents | Akadeemiline Rahvaluule Selts","og_description":"I ringkiri Aeg: 2.-3. detsember 2025 Koht: Eesti Kirjandusmuuseumi saal (Vanemuise 42, Tartu). Teaduslik uurimistegevus on traditsiooniliselt l\u00e4htunud uurija ja uuritava, subjekti ja objekti eristusest. Piir nende kahe vahel on kunagi olnud r\u00f5hutatult selge ja diskreetne, t\u00e4naseks tunneme ka l\u00e4henemisi, kus uurija-uuritava subjektsus v\u00f5ib enam kokku sulada v\u00f5i lausa autoetnograafiliselt kattuda. N\u00fc\u00fcdseks on ka humanitaarteadusliku [&hellip;]","og_url":"https:\/\/www.folklore.ee\/ars\/inimuuringute-eetika-humanitaarteadustes-akadeemilise-rahvaluule-seltsi-19-sugiskonverents\/","og_site_name":"Akadeemiline Rahvaluule Selts","article_modified_time":"2025-08-13T10:52:55+00:00","twitter_card":"summary_large_image","twitter_misc":{"Est. reading time":"2 minutes"},"schema":{"@context":"https:\/\/schema.org","@graph":[{"@type":"WebPage","@id":"https:\/\/www.folklore.ee\/ars\/inimuuringute-eetika-humanitaarteadustes-akadeemilise-rahvaluule-seltsi-19-sugiskonverents\/","url":"https:\/\/www.folklore.ee\/ars\/inimuuringute-eetika-humanitaarteadustes-akadeemilise-rahvaluule-seltsi-19-sugiskonverents\/","name":"OOTAME ETTEKANDEID: Inimuuringute eetika humanitaarteadustes. Akadeemilise Rahvaluule Seltsi 19. s\u00fcgiskonverents | Akadeemiline Rahvaluule Selts","isPartOf":{"@id":"https:\/\/www.folklore.ee\/ars\/#website"},"datePublished":"2025-08-13T10:40:57+00:00","dateModified":"2025-08-13T10:52:55+00:00","breadcrumb":{"@id":"https:\/\/www.folklore.ee\/ars\/inimuuringute-eetika-humanitaarteadustes-akadeemilise-rahvaluule-seltsi-19-sugiskonverents\/#breadcrumb"},"inLanguage":"en-US","potentialAction":[{"@type":"ReadAction","target":["https:\/\/www.folklore.ee\/ars\/inimuuringute-eetika-humanitaarteadustes-akadeemilise-rahvaluule-seltsi-19-sugiskonverents\/"]}]},{"@type":"BreadcrumbList","@id":"https:\/\/www.folklore.ee\/ars\/inimuuringute-eetika-humanitaarteadustes-akadeemilise-rahvaluule-seltsi-19-sugiskonverents\/#breadcrumb","itemListElement":[{"@type":"ListItem","position":1,"name":"Avaleht","item":"https:\/\/www.folklore.ee\/ars\/"},{"@type":"ListItem","position":2,"name":"OOTAME ETTEKANDEID: Inimuuringute eetika humanitaarteadustes. Akadeemilise Rahvaluule Seltsi 19. s\u00fcgiskonverents"}]},{"@type":"WebSite","@id":"https:\/\/www.folklore.ee\/ars\/#website","url":"https:\/\/www.folklore.ee\/ars\/","name":"Akadeemiline Rahvaluule Selts","description":"Folkloristide, \u00fcli\u00f5pilaste ja k\u00f5igi rahvaluulest huvitatute \u00fchendus, mis aitab kaasa rahvaluule kogumisele, tutvustamisele, uurimisele ja publitseerimisele.","potentialAction":[{"@type":"SearchAction","target":{"@type":"EntryPoint","urlTemplate":"https:\/\/www.folklore.ee\/ars\/?s={search_term_string}"},"query-input":"required name=search_term_string"}],"inLanguage":"en-US"}]}},"_links":{"self":[{"href":"https:\/\/www.folklore.ee\/ars\/wp-json\/wp\/v2\/pages\/1154","targetHints":{"allow":["GET"]}}],"collection":[{"href":"https:\/\/www.folklore.ee\/ars\/wp-json\/wp\/v2\/pages"}],"about":[{"href":"https:\/\/www.folklore.ee\/ars\/wp-json\/wp\/v2\/types\/page"}],"author":[{"embeddable":true,"href":"https:\/\/www.folklore.ee\/ars\/wp-json\/wp\/v2\/users\/2"}],"replies":[{"embeddable":true,"href":"https:\/\/www.folklore.ee\/ars\/wp-json\/wp\/v2\/comments?post=1154"}],"version-history":[{"count":2,"href":"https:\/\/www.folklore.ee\/ars\/wp-json\/wp\/v2\/pages\/1154\/revisions"}],"predecessor-version":[{"id":1159,"href":"https:\/\/www.folklore.ee\/ars\/wp-json\/wp\/v2\/pages\/1154\/revisions\/1159"}],"wp:attachment":[{"href":"https:\/\/www.folklore.ee\/ars\/wp-json\/wp\/v2\/media?parent=1154"}],"curies":[{"name":"wp","href":"https:\/\/api.w.org\/{rel}","templated":true}]}}