{"id":1133,"date":"2025-05-20T20:21:09","date_gmt":"2025-05-20T20:21:09","guid":{"rendered":"https:\/\/www.folklore.ee\/ars\/?page_id=1133"},"modified":"2025-05-20T20:21:10","modified_gmt":"2025-05-20T20:21:10","slug":"2025-aasta-eesti-folkloristika-preemia-katteandmine","status":"publish","type":"page","link":"https:\/\/www.folklore.ee\/ars\/2025-aasta-eesti-folkloristika-preemia-katteandmine\/","title":{"rendered":"2025. aasta Eesti folkloristika preemia k\u00e4tteandmine"},"content":{"rendered":"<div class=\"wp-block-image\">\n<figure class=\"alignleft size-large is-resized\"><img loading=\"lazy\" decoding=\"async\" width=\"1024\" height=\"683\" src=\"https:\/\/www.folklore.ee\/ars\/wp-content\/uploads\/2025\/05\/paelad_puul-1024x683.jpg\" alt=\"\" class=\"wp-image-1134\" style=\"width:357px;height:auto\" srcset=\"https:\/\/www.folklore.ee\/ars\/wp-content\/uploads\/2025\/05\/paelad_puul-1024x683.jpg 1024w, https:\/\/www.folklore.ee\/ars\/wp-content\/uploads\/2025\/05\/paelad_puul-300x200.jpg 300w, https:\/\/www.folklore.ee\/ars\/wp-content\/uploads\/2025\/05\/paelad_puul-768x512.jpg 768w, https:\/\/www.folklore.ee\/ars\/wp-content\/uploads\/2025\/05\/paelad_puul-1536x1024.jpg 1536w, https:\/\/www.folklore.ee\/ars\/wp-content\/uploads\/2025\/05\/paelad_puul.jpg 2048w\" sizes=\"auto, (max-width: 1024px) 100vw, 1024px\" \/><\/figure>\n<\/div>\n\n\n<p>22. mail 2025 16.15 Eesti Kirjandusmuuseumis<\/p>\n\n\n\n<p>Alates 2011.<strong> <\/strong>aastast on Akadeemiline Rahvaluule Selts koost\u00f6\u00f6s Eesti Kultuurkapitali Rahvakultuuri sihtkapitaliga andnud v\u00e4lja Eesti folkloristika aastapreemiat. Preemia eesm\u00e4rk on t\u00f5sta esile preemia saamisele eelnenud kolme aasta jooksul silma paistnud folkloristi tegevust. Eelmisel aastal p\u00e4lvis preemia Eesti Kirjandusmuuseumi Eesti Rahvaluule Arhiivi vanemteadur Taive S\u00e4rg.<\/p>\n\n\n\n<p>Sel aastal esitati preemiale viis kandidaati: Eesti Kirjandusmuuseumi teadur Katre Kikas, Eesti Kirjandusmuuseumi juhtivteadur Mare K\u00f5iva, Tallinna \u00dclikooli vanemteadur Marju K\u00f5ivupuu, Tartu \u00dclikooli teadur Pihla Maria Siim ning Eesti Kirjandusmuuseumi vanemteadur Liina Saarlo. K\u00f5igi kandidaatide viimased kolm aastat on olnud viljakad ja mitmek\u00fclgsed.<\/p>\n\n\n\n<p><strong>Katre Kikas<\/strong> kaitses 2024. aastal doktoriv\u00e4itekirja &#8220;Moderniseerumine rahvaliku kirjalikkuse peeglis: 19. sajandi l\u00f5pu rahvaluulekogujad arhiivi ja avalikkuse \u00e4\u00e4realal&#8221;. Ta avaldas viimasel ajal artiklid v\u00e4givalla representeerimise viisidest arhiivitekstides, M\u00e4rt Siipseni ja Paulus Paurmanni loodusk\u00e4sitlusest ning intersubjektiivsuse avaldumisest Jaan Saalvergi kirjades Jakob Hurdale. Rahvaliku kirjalikkuse ilminguid, suulisuse ja kirjalikkuse d\u00fcnaamikat, rahvuslust, kirjanduse ja rahvaluule seoseid \u2013 k\u00f5iki oma uurimisaspekte on ta avanud sobivaimas teoreetilises raamis ning kaasahaaravat sisu luues.<\/p>\n\n\n\n<p><strong>Mare K\u00f5iva<\/strong> on Eesti Kirjandusmuuseumi folkloristika osakonna juhataja ja akadeemik. Ajavahemikul 2022\u20132024 on Mare K\u00f5iva v\u00e4lja andnud kolm raamatut: kaasautorluses Reet Hiiem\u00e4ega \u201eMaarjahein ja imevesi. P\u00e4rimuslikud naiste rituaalid Eestis\u201c, \u201eVetehaldjad 1. Vaaraorahvas, merekari, veehobused, kalaisa, kotermann\u201c ja \u201eSaaremaa n\u00f5iad ja v\u00f5lud\u201c. Mare&nbsp; juhib praegu 6 teadusprojekti ning ta on olnud mitme rahvusvahelise folkloristikaalase ajakirja ja sarja peatoimetaja, kaastoimetaja ja asutaja: Folklore: EJF (1996-), M\u00e4etagused (1996-), Sator (1998-), Yearbook of Balkan and Baltic Studies (2018-), Incantatio. International Journal on Charms, Charmers and Charming (2011-).<\/p>\n\n\n\n<p><strong>Marju K\u00f5ivupuu<\/strong> on kultuuriloolane ja folklorist, kelle pikaajaline teaduslik tegevus on seotud uurimisteemadega etnoloogia, folkloristika, kultuuriajaloo ja (kultuuri)geograafia vallas. Oma peamiste uurimishuvidena toobki K\u00f5ivupuu esile kultuurip\u00e4randit selle k\u00f5ige laiemas t\u00e4henduses, samuti surmakultuuri, rahva- v\u00f5i p\u00e4rimusmeditsiini ning inimese ja looduse\/maastiku suhteid. Tema viimaste publikatsioonide hulka kuuluvad \u201cRikas h\u00e4rra, rikas vald; vaene h\u00e4rra, vaene vald\u201d, \u201cIntimate embodied rituals of mourning in Estonia: the cases of commemorative tattooing and infertility grief\u201d (koos Reet Hiiem\u00e4e ja Jaanika Kelmsaarega), \u201cInimeste lahkumine. Raamat surma ja kalmistukultuurist\u201d.<\/p>\n\n\n\n<p><strong>Pihla Maria Siimu <\/strong>uurimused keskenduvad r\u00e4nde- ja hargmaisuse problemaatikale. Tema viimaste aastate olulisimaks tulemuseks on folkloristlik monograafia <em>Perheen liikkuvat paikat\u2026 <\/em>(2022), milles ta anal\u00fc\u00fcsib endisest N\u00f5ukogude Liidust, sealhulgas Eestist, Soome kolinud perekondi, nende kohanemist, suhteid vana ja uue kodumaaga ning kultuurilist kuuluvust. Samuti kaastoimetas ta artiklikogumikku <em>Migration and Families between East and North Europe: Translocal Lifelines <\/em>(2023), mis k\u00e4sitleb migratsiooni ja perekonna temaatikat Ida- ja P\u00f5hja-Euroopas.<\/p>\n\n\n\n<p><strong>Liina Saarlo<\/strong> uurimist\u00f6\u00f6 keskmes on aastatel 2022\u20132024 olnud peamiselt eesti regilaulu kui kultuurin\u00e4htuse eri aspektid \u2013 esitus, kogumislugu, t\u00fcpoloogia ning nende ideoloogiline ja institutsionaalne raamistik. Sel perioodil tal on ilmunud 20 teadusartiklit. Lisaks t\u00f6\u00f6le Eesti Kirjandusmuuseumi Eesti Rahvaluule Arhiivis on Liina Saarlo sel perioodil osalenud ka rahvusvahelises FILTER-projektis, kus uurinud eesti ja soome regilaulude \u00fchisjooni, s\u00fcvenenud v\u00f5imalikesse m\u00f5judesse, mis kirjanduslikel allikatel v\u00f5is olla eesti regilaulutraditsiooni kogumisele, suulisele traditsioonile ning omakorda regilaulukorpusele.<\/p>\n\n\n\n<p>T\u00e4navune preemiasaaja kuulutatakse v\u00e4lja 22. mail kell 16.15 algaval Akadeemilise Rahvaluule Seltsi koosolekul Eesti Kirjandusmuuseumi saalis. Preemia v\u00e4ljakuulutamisele eelneb eelmise aasta laureaadi Taive S\u00e4rje ettekanne \u201cL\u00e4ks laande lauluga: kaks rahvuslikku m\u00fc\u00fcti\u201d.&nbsp;Info: Enn Kalev Tarto <a href=\"mailto:enn.tarto@kirmus.ee\">enn.tarto@kirmus.ee<\/a>, Ell Vahtram\u00e4e <a href=\"mailto:ell.vahtramae@gmail.com\">ell.vahtramae@gmail.com<\/a>, Mari-Liis Sinilaht mariliispae@gmail.com, Anastasiya Fiadotava anastasiya.fiadotava@folklore.ee<\/p>\n","protected":false},"excerpt":{"rendered":"<p>22. mail 2025 16.15 Eesti Kirjandusmuuseumis Alates 2011. aastast on Akadeemiline Rahvaluule Selts koost\u00f6\u00f6s Eesti Kultuurkapitali Rahvakultuuri sihtkapitaliga andnud v\u00e4lja Eesti folkloristika aastapreemiat. Preemia eesm\u00e4rk on t\u00f5sta esile preemia saamisele eelnenud kolme aasta jooksul silma paistnud folkloristi tegevust. Eelmisel aastal p\u00e4lvis preemia Eesti Kirjandusmuuseumi Eesti Rahvaluule Arhiivi vanemteadur Taive S\u00e4rg. Sel aastal esitati preemiale viis [&hellip;]<\/p>\n","protected":false},"author":2,"featured_media":0,"parent":0,"menu_order":0,"comment_status":"closed","ping_status":"closed","template":"","meta":{"footnotes":""},"class_list":["post-1133","page","type-page","status-publish","hentry"],"yoast_head":"<!-- This site is optimized with the Yoast SEO plugin v20.12 - https:\/\/yoast.com\/wordpress\/plugins\/seo\/ -->\n<title>2025. aasta Eesti folkloristika preemia k\u00e4tteandmine | Akadeemiline Rahvaluule Selts<\/title>\n<meta name=\"robots\" content=\"index, follow, max-snippet:-1, max-image-preview:large, max-video-preview:-1\" \/>\n<link rel=\"canonical\" href=\"https:\/\/www.folklore.ee\/ars\/2025-aasta-eesti-folkloristika-preemia-katteandmine\/\" \/>\n<meta property=\"og:locale\" content=\"en_US\" \/>\n<meta property=\"og:type\" content=\"article\" \/>\n<meta property=\"og:title\" content=\"2025. aasta Eesti folkloristika preemia k\u00e4tteandmine | Akadeemiline Rahvaluule Selts\" \/>\n<meta property=\"og:description\" content=\"22. mail 2025 16.15 Eesti Kirjandusmuuseumis Alates 2011. aastast on Akadeemiline Rahvaluule Selts koost\u00f6\u00f6s Eesti Kultuurkapitali Rahvakultuuri sihtkapitaliga andnud v\u00e4lja Eesti folkloristika aastapreemiat. Preemia eesm\u00e4rk on t\u00f5sta esile preemia saamisele eelnenud kolme aasta jooksul silma paistnud folkloristi tegevust. Eelmisel aastal p\u00e4lvis preemia Eesti Kirjandusmuuseumi Eesti Rahvaluule Arhiivi vanemteadur Taive S\u00e4rg. Sel aastal esitati preemiale viis [&hellip;]\" \/>\n<meta property=\"og:url\" content=\"https:\/\/www.folklore.ee\/ars\/2025-aasta-eesti-folkloristika-preemia-katteandmine\/\" \/>\n<meta property=\"og:site_name\" content=\"Akadeemiline Rahvaluule Selts\" \/>\n<meta property=\"article:modified_time\" content=\"2025-05-20T20:21:10+00:00\" \/>\n<meta property=\"og:image\" content=\"https:\/\/www.folklore.ee\/ars\/wp-content\/uploads\/2025\/05\/paelad_puul-1024x683.jpg\" \/>\n<meta name=\"twitter:card\" content=\"summary_large_image\" \/>\n<meta name=\"twitter:label1\" content=\"Est. reading time\" \/>\n\t<meta name=\"twitter:data1\" content=\"3 minutes\" \/>\n<script type=\"application\/ld+json\" class=\"yoast-schema-graph\">{\"@context\":\"https:\/\/schema.org\",\"@graph\":[{\"@type\":\"WebPage\",\"@id\":\"https:\/\/www.folklore.ee\/ars\/2025-aasta-eesti-folkloristika-preemia-katteandmine\/\",\"url\":\"https:\/\/www.folklore.ee\/ars\/2025-aasta-eesti-folkloristika-preemia-katteandmine\/\",\"name\":\"2025. aasta Eesti folkloristika preemia k\u00e4tteandmine | Akadeemiline Rahvaluule Selts\",\"isPartOf\":{\"@id\":\"https:\/\/www.folklore.ee\/ars\/#website\"},\"datePublished\":\"2025-05-20T20:21:09+00:00\",\"dateModified\":\"2025-05-20T20:21:10+00:00\",\"breadcrumb\":{\"@id\":\"https:\/\/www.folklore.ee\/ars\/2025-aasta-eesti-folkloristika-preemia-katteandmine\/#breadcrumb\"},\"inLanguage\":\"en-US\",\"potentialAction\":[{\"@type\":\"ReadAction\",\"target\":[\"https:\/\/www.folklore.ee\/ars\/2025-aasta-eesti-folkloristika-preemia-katteandmine\/\"]}]},{\"@type\":\"BreadcrumbList\",\"@id\":\"https:\/\/www.folklore.ee\/ars\/2025-aasta-eesti-folkloristika-preemia-katteandmine\/#breadcrumb\",\"itemListElement\":[{\"@type\":\"ListItem\",\"position\":1,\"name\":\"Avaleht\",\"item\":\"https:\/\/www.folklore.ee\/ars\/\"},{\"@type\":\"ListItem\",\"position\":2,\"name\":\"2025. aasta Eesti folkloristika preemia k\u00e4tteandmine\"}]},{\"@type\":\"WebSite\",\"@id\":\"https:\/\/www.folklore.ee\/ars\/#website\",\"url\":\"https:\/\/www.folklore.ee\/ars\/\",\"name\":\"Akadeemiline Rahvaluule Selts\",\"description\":\"Folkloristide, \u00fcli\u00f5pilaste ja k\u00f5igi rahvaluulest huvitatute \u00fchendus, mis aitab kaasa rahvaluule kogumisele, tutvustamisele, uurimisele ja publitseerimisele.\",\"potentialAction\":[{\"@type\":\"SearchAction\",\"target\":{\"@type\":\"EntryPoint\",\"urlTemplate\":\"https:\/\/www.folklore.ee\/ars\/?s={search_term_string}\"},\"query-input\":\"required name=search_term_string\"}],\"inLanguage\":\"en-US\"}]}<\/script>\n<!-- \/ Yoast SEO plugin. -->","yoast_head_json":{"title":"2025. aasta Eesti folkloristika preemia k\u00e4tteandmine | Akadeemiline Rahvaluule Selts","robots":{"index":"index","follow":"follow","max-snippet":"max-snippet:-1","max-image-preview":"max-image-preview:large","max-video-preview":"max-video-preview:-1"},"canonical":"https:\/\/www.folklore.ee\/ars\/2025-aasta-eesti-folkloristika-preemia-katteandmine\/","og_locale":"en_US","og_type":"article","og_title":"2025. aasta Eesti folkloristika preemia k\u00e4tteandmine | Akadeemiline Rahvaluule Selts","og_description":"22. mail 2025 16.15 Eesti Kirjandusmuuseumis Alates 2011. aastast on Akadeemiline Rahvaluule Selts koost\u00f6\u00f6s Eesti Kultuurkapitali Rahvakultuuri sihtkapitaliga andnud v\u00e4lja Eesti folkloristika aastapreemiat. Preemia eesm\u00e4rk on t\u00f5sta esile preemia saamisele eelnenud kolme aasta jooksul silma paistnud folkloristi tegevust. Eelmisel aastal p\u00e4lvis preemia Eesti Kirjandusmuuseumi Eesti Rahvaluule Arhiivi vanemteadur Taive S\u00e4rg. Sel aastal esitati preemiale viis [&hellip;]","og_url":"https:\/\/www.folklore.ee\/ars\/2025-aasta-eesti-folkloristika-preemia-katteandmine\/","og_site_name":"Akadeemiline Rahvaluule Selts","article_modified_time":"2025-05-20T20:21:10+00:00","og_image":[{"url":"https:\/\/www.folklore.ee\/ars\/wp-content\/uploads\/2025\/05\/paelad_puul-1024x683.jpg"}],"twitter_card":"summary_large_image","twitter_misc":{"Est. reading time":"3 minutes"},"schema":{"@context":"https:\/\/schema.org","@graph":[{"@type":"WebPage","@id":"https:\/\/www.folklore.ee\/ars\/2025-aasta-eesti-folkloristika-preemia-katteandmine\/","url":"https:\/\/www.folklore.ee\/ars\/2025-aasta-eesti-folkloristika-preemia-katteandmine\/","name":"2025. aasta Eesti folkloristika preemia k\u00e4tteandmine | Akadeemiline Rahvaluule Selts","isPartOf":{"@id":"https:\/\/www.folklore.ee\/ars\/#website"},"datePublished":"2025-05-20T20:21:09+00:00","dateModified":"2025-05-20T20:21:10+00:00","breadcrumb":{"@id":"https:\/\/www.folklore.ee\/ars\/2025-aasta-eesti-folkloristika-preemia-katteandmine\/#breadcrumb"},"inLanguage":"en-US","potentialAction":[{"@type":"ReadAction","target":["https:\/\/www.folklore.ee\/ars\/2025-aasta-eesti-folkloristika-preemia-katteandmine\/"]}]},{"@type":"BreadcrumbList","@id":"https:\/\/www.folklore.ee\/ars\/2025-aasta-eesti-folkloristika-preemia-katteandmine\/#breadcrumb","itemListElement":[{"@type":"ListItem","position":1,"name":"Avaleht","item":"https:\/\/www.folklore.ee\/ars\/"},{"@type":"ListItem","position":2,"name":"2025. aasta Eesti folkloristika preemia k\u00e4tteandmine"}]},{"@type":"WebSite","@id":"https:\/\/www.folklore.ee\/ars\/#website","url":"https:\/\/www.folklore.ee\/ars\/","name":"Akadeemiline Rahvaluule Selts","description":"Folkloristide, \u00fcli\u00f5pilaste ja k\u00f5igi rahvaluulest huvitatute \u00fchendus, mis aitab kaasa rahvaluule kogumisele, tutvustamisele, uurimisele ja publitseerimisele.","potentialAction":[{"@type":"SearchAction","target":{"@type":"EntryPoint","urlTemplate":"https:\/\/www.folklore.ee\/ars\/?s={search_term_string}"},"query-input":"required name=search_term_string"}],"inLanguage":"en-US"}]}},"_links":{"self":[{"href":"https:\/\/www.folklore.ee\/ars\/wp-json\/wp\/v2\/pages\/1133","targetHints":{"allow":["GET"]}}],"collection":[{"href":"https:\/\/www.folklore.ee\/ars\/wp-json\/wp\/v2\/pages"}],"about":[{"href":"https:\/\/www.folklore.ee\/ars\/wp-json\/wp\/v2\/types\/page"}],"author":[{"embeddable":true,"href":"https:\/\/www.folklore.ee\/ars\/wp-json\/wp\/v2\/users\/2"}],"replies":[{"embeddable":true,"href":"https:\/\/www.folklore.ee\/ars\/wp-json\/wp\/v2\/comments?post=1133"}],"version-history":[{"count":1,"href":"https:\/\/www.folklore.ee\/ars\/wp-json\/wp\/v2\/pages\/1133\/revisions"}],"predecessor-version":[{"id":1135,"href":"https:\/\/www.folklore.ee\/ars\/wp-json\/wp\/v2\/pages\/1133\/revisions\/1135"}],"wp:attachment":[{"href":"https:\/\/www.folklore.ee\/ars\/wp-json\/wp\/v2\/media?parent=1133"}],"curies":[{"name":"wp","href":"https:\/\/api.w.org\/{rel}","templated":true}]}}