{"id":1120,"date":"2025-04-25T09:53:35","date_gmt":"2025-04-25T09:53:35","guid":{"rendered":"https:\/\/www.folklore.ee\/ars\/?page_id=1120"},"modified":"2025-04-25T09:54:21","modified_gmt":"2025-04-25T09:54:21","slug":"akadeemilise-rahvaluule-seltsi-uus-juhatus","status":"publish","type":"page","link":"https:\/\/www.folklore.ee\/ars\/akadeemilise-rahvaluule-seltsi-uus-juhatus\/","title":{"rendered":"Akadeemilise Rahvaluule Seltsi uus juhatus"},"content":{"rendered":"\n<p>24. aprillil 2025 toimunud \u00fcldkoosolekul valiti ARSi j\u00e4rgneva kahe aasta tegemisi juhtima: Anastasiya Fiadotava, Katre Kikas, Mari-Liis Sinilaht, Enn Kalev Tarto ja Ell Vahtram\u00e4e.<\/p>\n\n\n\n<p>J\u00f5udu uuele juhatusele!<\/p>\n","protected":false},"excerpt":{"rendered":"<p>24. aprillil 2025 toimunud \u00fcldkoosolekul valiti ARSi j\u00e4rgneva kahe aasta tegemisi juhtima: Anastasiya Fiadotava, Katre Kikas, Mari-Liis Sinilaht, Enn Kalev Tarto ja Ell Vahtram\u00e4e. J\u00f5udu uuele juhatusele!<\/p>\n","protected":false},"author":2,"featured_media":0,"parent":0,"menu_order":0,"comment_status":"closed","ping_status":"closed","template":"","meta":{"footnotes":""},"class_list":["post-1120","page","type-page","status-publish","hentry"],"yoast_head":"<!-- This site is optimized with the Yoast SEO plugin v20.12 - https:\/\/yoast.com\/wordpress\/plugins\/seo\/ -->\n<title>Akadeemilise Rahvaluule Seltsi uus juhatus | Akadeemiline Rahvaluule Selts<\/title>\n<meta name=\"robots\" content=\"index, follow, max-snippet:-1, max-image-preview:large, max-video-preview:-1\" \/>\n<link rel=\"canonical\" href=\"https:\/\/www.folklore.ee\/ars\/akadeemilise-rahvaluule-seltsi-uus-juhatus\/\" \/>\n<meta property=\"og:locale\" content=\"en_US\" \/>\n<meta property=\"og:type\" content=\"article\" \/>\n<meta property=\"og:title\" content=\"Akadeemilise Rahvaluule Seltsi uus juhatus | Akadeemiline Rahvaluule Selts\" \/>\n<meta property=\"og:description\" content=\"24. aprillil 2025 toimunud \u00fcldkoosolekul valiti ARSi j\u00e4rgneva kahe aasta tegemisi juhtima: Anastasiya Fiadotava, Katre Kikas, Mari-Liis Sinilaht, Enn Kalev Tarto ja Ell Vahtram\u00e4e. J\u00f5udu uuele juhatusele!\" \/>\n<meta property=\"og:url\" content=\"https:\/\/www.folklore.ee\/ars\/akadeemilise-rahvaluule-seltsi-uus-juhatus\/\" \/>\n<meta property=\"og:site_name\" content=\"Akadeemiline Rahvaluule Selts\" \/>\n<meta property=\"article:modified_time\" content=\"2025-04-25T09:54:21+00:00\" \/>\n<meta name=\"twitter:card\" content=\"summary_large_image\" \/>\n<meta name=\"twitter:label1\" content=\"Est. reading time\" \/>\n\t<meta name=\"twitter:data1\" content=\"1 minute\" \/>\n<script type=\"application\/ld+json\" class=\"yoast-schema-graph\">{\"@context\":\"https:\/\/schema.org\",\"@graph\":[{\"@type\":\"WebPage\",\"@id\":\"https:\/\/www.folklore.ee\/ars\/akadeemilise-rahvaluule-seltsi-uus-juhatus\/\",\"url\":\"https:\/\/www.folklore.ee\/ars\/akadeemilise-rahvaluule-seltsi-uus-juhatus\/\",\"name\":\"Akadeemilise Rahvaluule Seltsi uus juhatus | Akadeemiline Rahvaluule Selts\",\"isPartOf\":{\"@id\":\"https:\/\/www.folklore.ee\/ars\/#website\"},\"datePublished\":\"2025-04-25T09:53:35+00:00\",\"dateModified\":\"2025-04-25T09:54:21+00:00\",\"breadcrumb\":{\"@id\":\"https:\/\/www.folklore.ee\/ars\/akadeemilise-rahvaluule-seltsi-uus-juhatus\/#breadcrumb\"},\"inLanguage\":\"en-US\",\"potentialAction\":[{\"@type\":\"ReadAction\",\"target\":[\"https:\/\/www.folklore.ee\/ars\/akadeemilise-rahvaluule-seltsi-uus-juhatus\/\"]}]},{\"@type\":\"BreadcrumbList\",\"@id\":\"https:\/\/www.folklore.ee\/ars\/akadeemilise-rahvaluule-seltsi-uus-juhatus\/#breadcrumb\",\"itemListElement\":[{\"@type\":\"ListItem\",\"position\":1,\"name\":\"Avaleht\",\"item\":\"https:\/\/www.folklore.ee\/ars\/\"},{\"@type\":\"ListItem\",\"position\":2,\"name\":\"Akadeemilise Rahvaluule Seltsi uus juhatus\"}]},{\"@type\":\"WebSite\",\"@id\":\"https:\/\/www.folklore.ee\/ars\/#website\",\"url\":\"https:\/\/www.folklore.ee\/ars\/\",\"name\":\"Akadeemiline Rahvaluule Selts\",\"description\":\"Folkloristide, \u00fcli\u00f5pilaste ja k\u00f5igi rahvaluulest huvitatute \u00fchendus, mis aitab kaasa rahvaluule kogumisele, tutvustamisele, uurimisele ja publitseerimisele.\",\"potentialAction\":[{\"@type\":\"SearchAction\",\"target\":{\"@type\":\"EntryPoint\",\"urlTemplate\":\"https:\/\/www.folklore.ee\/ars\/?s={search_term_string}\"},\"query-input\":\"required name=search_term_string\"}],\"inLanguage\":\"en-US\"}]}<\/script>\n<!-- \/ Yoast SEO plugin. -->","yoast_head_json":{"title":"Akadeemilise Rahvaluule Seltsi uus juhatus | Akadeemiline Rahvaluule Selts","robots":{"index":"index","follow":"follow","max-snippet":"max-snippet:-1","max-image-preview":"max-image-preview:large","max-video-preview":"max-video-preview:-1"},"canonical":"https:\/\/www.folklore.ee\/ars\/akadeemilise-rahvaluule-seltsi-uus-juhatus\/","og_locale":"en_US","og_type":"article","og_title":"Akadeemilise Rahvaluule Seltsi uus juhatus | Akadeemiline Rahvaluule Selts","og_description":"24. aprillil 2025 toimunud \u00fcldkoosolekul valiti ARSi j\u00e4rgneva kahe aasta tegemisi juhtima: Anastasiya Fiadotava, Katre Kikas, Mari-Liis Sinilaht, Enn Kalev Tarto ja Ell Vahtram\u00e4e. J\u00f5udu uuele juhatusele!","og_url":"https:\/\/www.folklore.ee\/ars\/akadeemilise-rahvaluule-seltsi-uus-juhatus\/","og_site_name":"Akadeemiline Rahvaluule Selts","article_modified_time":"2025-04-25T09:54:21+00:00","twitter_card":"summary_large_image","twitter_misc":{"Est. reading time":"1 minute"},"schema":{"@context":"https:\/\/schema.org","@graph":[{"@type":"WebPage","@id":"https:\/\/www.folklore.ee\/ars\/akadeemilise-rahvaluule-seltsi-uus-juhatus\/","url":"https:\/\/www.folklore.ee\/ars\/akadeemilise-rahvaluule-seltsi-uus-juhatus\/","name":"Akadeemilise Rahvaluule Seltsi uus juhatus | Akadeemiline Rahvaluule Selts","isPartOf":{"@id":"https:\/\/www.folklore.ee\/ars\/#website"},"datePublished":"2025-04-25T09:53:35+00:00","dateModified":"2025-04-25T09:54:21+00:00","breadcrumb":{"@id":"https:\/\/www.folklore.ee\/ars\/akadeemilise-rahvaluule-seltsi-uus-juhatus\/#breadcrumb"},"inLanguage":"en-US","potentialAction":[{"@type":"ReadAction","target":["https:\/\/www.folklore.ee\/ars\/akadeemilise-rahvaluule-seltsi-uus-juhatus\/"]}]},{"@type":"BreadcrumbList","@id":"https:\/\/www.folklore.ee\/ars\/akadeemilise-rahvaluule-seltsi-uus-juhatus\/#breadcrumb","itemListElement":[{"@type":"ListItem","position":1,"name":"Avaleht","item":"https:\/\/www.folklore.ee\/ars\/"},{"@type":"ListItem","position":2,"name":"Akadeemilise Rahvaluule Seltsi uus juhatus"}]},{"@type":"WebSite","@id":"https:\/\/www.folklore.ee\/ars\/#website","url":"https:\/\/www.folklore.ee\/ars\/","name":"Akadeemiline Rahvaluule Selts","description":"Folkloristide, \u00fcli\u00f5pilaste ja k\u00f5igi rahvaluulest huvitatute \u00fchendus, mis aitab kaasa rahvaluule kogumisele, tutvustamisele, uurimisele ja publitseerimisele.","potentialAction":[{"@type":"SearchAction","target":{"@type":"EntryPoint","urlTemplate":"https:\/\/www.folklore.ee\/ars\/?s={search_term_string}"},"query-input":"required name=search_term_string"}],"inLanguage":"en-US"}]}},"_links":{"self":[{"href":"https:\/\/www.folklore.ee\/ars\/wp-json\/wp\/v2\/pages\/1120","targetHints":{"allow":["GET"]}}],"collection":[{"href":"https:\/\/www.folklore.ee\/ars\/wp-json\/wp\/v2\/pages"}],"about":[{"href":"https:\/\/www.folklore.ee\/ars\/wp-json\/wp\/v2\/types\/page"}],"author":[{"embeddable":true,"href":"https:\/\/www.folklore.ee\/ars\/wp-json\/wp\/v2\/users\/2"}],"replies":[{"embeddable":true,"href":"https:\/\/www.folklore.ee\/ars\/wp-json\/wp\/v2\/comments?post=1120"}],"version-history":[{"count":2,"href":"https:\/\/www.folklore.ee\/ars\/wp-json\/wp\/v2\/pages\/1120\/revisions"}],"predecessor-version":[{"id":1122,"href":"https:\/\/www.folklore.ee\/ars\/wp-json\/wp\/v2\/pages\/1120\/revisions\/1122"}],"wp:attachment":[{"href":"https:\/\/www.folklore.ee\/ars\/wp-json\/wp\/v2\/media?parent=1120"}],"curies":[{"name":"wp","href":"https:\/\/api.w.org\/{rel}","templated":true}]}}