{"id":1075,"date":"2025-02-05T10:30:29","date_gmt":"2025-02-05T10:30:29","guid":{"rendered":"https:\/\/www.folklore.ee\/ars\/?page_id=1075"},"modified":"2025-02-05T10:30:29","modified_gmt":"2025-02-05T10:30:29","slug":"registreerimine-eesti-folkloristide-xix-talvekonverentsile-loppeb-25-veebruaril","status":"publish","type":"page","link":"https:\/\/www.folklore.ee\/ars\/registreerimine-eesti-folkloristide-xix-talvekonverentsile-loppeb-25-veebruaril\/","title":{"rendered":"Registreerimine Eesti folkloristide XIX talvekonverentsile l\u00f5ppeb 25. veebruaril"},"content":{"rendered":"\n<p><a href=\"https:\/\/kultuuriteadused.ut.ee\/sites\/default\/files\/2024-12\/Paralleelmaailmad%20ja%20paralleelp%C3%A4rimused%20konverentsi%20ringkiri%20%20%281%29.docx\"><strong>&#8220;Folkloristide XIX talvekonverents: Paralleelmaailmad ja paralleelp\u00e4rimused&#8221;<\/strong><\/a><strong>\u00a0toimub 20.-21. m\u00e4rtsil 2025, Kadrina m\u00f5isa k\u00fclalistemajas Peipsi\u00e4\u00e4re vallas Tartumaal.\u00a0<\/strong><\/p>\n\n\n\n<p>Konverentsi osalustasu on <strong>Akadeemilise Rahvaluule Seltsi liikmele<\/strong> 15 eurot ja teistele 25 eurot. Osalustasu saab maksta arve alusel, mis saadetakse registreerunutele hiljemalt 4. m\u00e4rtsil 2025.<\/p>\n\n\n\n<p>Konverentsile saab registreeruda kuni 25. veebruarini, registreerimisvorm on leitav <a href=\"https:\/\/kultuuriteadused.ut.ee\/et\/uudis\/folkloristide-xix-talvekonverents-paralleelmaailmad-ja-paralleelparimused\">siit<\/a>.<\/p>\n\n\n\n<p>Konverentsi korraldajad: Tartu \u00dclikooli eesti ja v\u00f5rdleva rahvaluule osakond, Akadeemiline Rahvaluule Selts, Eesti Akadeemiline Usundiloo Selts ja Kodavere P\u00e4rimuskeskus.<\/p>\n\n\n\n<p>K\u00fcsimuste korral p\u00f6\u00f6rduda j\u00e4rgmiste kontaktisikute poole:&nbsp;<br>Madis Arukask, eesti ja v\u00f5rdleva rahvaluule kaasprofessor,&nbsp;<a href=\"mailto:madis.arukask@ut.ee\">madis.arukask@ut.ee<\/a>&nbsp;<br>Pihla&nbsp;Maria Siim, folkloristika teadur,&nbsp;<a href=\"mailto:pihla.siim@ut.ee\">pihla.siim@ut.ee<\/a>&nbsp;<\/p>\n\n\n\n<p><\/p>\n","protected":false},"excerpt":{"rendered":"<p>&#8220;Folkloristide XIX talvekonverents: Paralleelmaailmad ja paralleelp\u00e4rimused&#8221;\u00a0toimub 20.-21. m\u00e4rtsil 2025, Kadrina m\u00f5isa k\u00fclalistemajas Peipsi\u00e4\u00e4re vallas Tartumaal.\u00a0 Konverentsi osalustasu on Akadeemilise Rahvaluule Seltsi liikmele 15 eurot ja teistele 25 eurot. Osalustasu saab maksta arve alusel, mis saadetakse registreerunutele hiljemalt 4. m\u00e4rtsil 2025. Konverentsile saab registreeruda kuni 25. veebruarini, registreerimisvorm on leitav siit. Konverentsi korraldajad: Tartu \u00dclikooli eesti [&hellip;]<\/p>\n","protected":false},"author":2,"featured_media":0,"parent":0,"menu_order":0,"comment_status":"closed","ping_status":"closed","template":"","meta":{"footnotes":""},"class_list":["post-1075","page","type-page","status-publish","hentry"],"yoast_head":"<!-- This site is optimized with the Yoast SEO plugin v20.12 - https:\/\/yoast.com\/wordpress\/plugins\/seo\/ -->\n<title>Registreerimine Eesti folkloristide XIX talvekonverentsile l\u00f5ppeb 25. veebruaril | Akadeemiline Rahvaluule Selts<\/title>\n<meta name=\"robots\" content=\"index, follow, max-snippet:-1, max-image-preview:large, max-video-preview:-1\" \/>\n<link rel=\"canonical\" href=\"https:\/\/www.folklore.ee\/ars\/registreerimine-eesti-folkloristide-xix-talvekonverentsile-loppeb-25-veebruaril\/\" \/>\n<meta property=\"og:locale\" content=\"en_US\" \/>\n<meta property=\"og:type\" content=\"article\" \/>\n<meta property=\"og:title\" content=\"Registreerimine Eesti folkloristide XIX talvekonverentsile l\u00f5ppeb 25. veebruaril | Akadeemiline Rahvaluule Selts\" \/>\n<meta property=\"og:description\" content=\"&#8220;Folkloristide XIX talvekonverents: Paralleelmaailmad ja paralleelp\u00e4rimused&#8221;\u00a0toimub 20.-21. m\u00e4rtsil 2025, Kadrina m\u00f5isa k\u00fclalistemajas Peipsi\u00e4\u00e4re vallas Tartumaal.\u00a0 Konverentsi osalustasu on Akadeemilise Rahvaluule Seltsi liikmele 15 eurot ja teistele 25 eurot. Osalustasu saab maksta arve alusel, mis saadetakse registreerunutele hiljemalt 4. m\u00e4rtsil 2025. Konverentsile saab registreeruda kuni 25. veebruarini, registreerimisvorm on leitav siit. Konverentsi korraldajad: Tartu \u00dclikooli eesti [&hellip;]\" \/>\n<meta property=\"og:url\" content=\"https:\/\/www.folklore.ee\/ars\/registreerimine-eesti-folkloristide-xix-talvekonverentsile-loppeb-25-veebruaril\/\" \/>\n<meta property=\"og:site_name\" content=\"Akadeemiline Rahvaluule Selts\" \/>\n<meta name=\"twitter:card\" content=\"summary_large_image\" \/>\n<meta name=\"twitter:label1\" content=\"Est. reading time\" \/>\n\t<meta name=\"twitter:data1\" content=\"1 minute\" \/>\n<script type=\"application\/ld+json\" class=\"yoast-schema-graph\">{\"@context\":\"https:\/\/schema.org\",\"@graph\":[{\"@type\":\"WebPage\",\"@id\":\"https:\/\/www.folklore.ee\/ars\/registreerimine-eesti-folkloristide-xix-talvekonverentsile-loppeb-25-veebruaril\/\",\"url\":\"https:\/\/www.folklore.ee\/ars\/registreerimine-eesti-folkloristide-xix-talvekonverentsile-loppeb-25-veebruaril\/\",\"name\":\"Registreerimine Eesti folkloristide XIX talvekonverentsile l\u00f5ppeb 25. veebruaril | Akadeemiline Rahvaluule Selts\",\"isPartOf\":{\"@id\":\"https:\/\/www.folklore.ee\/ars\/#website\"},\"datePublished\":\"2025-02-05T10:30:29+00:00\",\"dateModified\":\"2025-02-05T10:30:29+00:00\",\"breadcrumb\":{\"@id\":\"https:\/\/www.folklore.ee\/ars\/registreerimine-eesti-folkloristide-xix-talvekonverentsile-loppeb-25-veebruaril\/#breadcrumb\"},\"inLanguage\":\"en-US\",\"potentialAction\":[{\"@type\":\"ReadAction\",\"target\":[\"https:\/\/www.folklore.ee\/ars\/registreerimine-eesti-folkloristide-xix-talvekonverentsile-loppeb-25-veebruaril\/\"]}]},{\"@type\":\"BreadcrumbList\",\"@id\":\"https:\/\/www.folklore.ee\/ars\/registreerimine-eesti-folkloristide-xix-talvekonverentsile-loppeb-25-veebruaril\/#breadcrumb\",\"itemListElement\":[{\"@type\":\"ListItem\",\"position\":1,\"name\":\"Avaleht\",\"item\":\"https:\/\/www.folklore.ee\/ars\/\"},{\"@type\":\"ListItem\",\"position\":2,\"name\":\"Registreerimine Eesti folkloristide XIX talvekonverentsile l\u00f5ppeb 25. veebruaril\"}]},{\"@type\":\"WebSite\",\"@id\":\"https:\/\/www.folklore.ee\/ars\/#website\",\"url\":\"https:\/\/www.folklore.ee\/ars\/\",\"name\":\"Akadeemiline Rahvaluule Selts\",\"description\":\"Folkloristide, \u00fcli\u00f5pilaste ja k\u00f5igi rahvaluulest huvitatute \u00fchendus, mis aitab kaasa rahvaluule kogumisele, tutvustamisele, uurimisele ja publitseerimisele.\",\"potentialAction\":[{\"@type\":\"SearchAction\",\"target\":{\"@type\":\"EntryPoint\",\"urlTemplate\":\"https:\/\/www.folklore.ee\/ars\/?s={search_term_string}\"},\"query-input\":\"required name=search_term_string\"}],\"inLanguage\":\"en-US\"}]}<\/script>\n<!-- \/ Yoast SEO plugin. -->","yoast_head_json":{"title":"Registreerimine Eesti folkloristide XIX talvekonverentsile l\u00f5ppeb 25. veebruaril | Akadeemiline Rahvaluule Selts","robots":{"index":"index","follow":"follow","max-snippet":"max-snippet:-1","max-image-preview":"max-image-preview:large","max-video-preview":"max-video-preview:-1"},"canonical":"https:\/\/www.folklore.ee\/ars\/registreerimine-eesti-folkloristide-xix-talvekonverentsile-loppeb-25-veebruaril\/","og_locale":"en_US","og_type":"article","og_title":"Registreerimine Eesti folkloristide XIX talvekonverentsile l\u00f5ppeb 25. veebruaril | Akadeemiline Rahvaluule Selts","og_description":"&#8220;Folkloristide XIX talvekonverents: Paralleelmaailmad ja paralleelp\u00e4rimused&#8221;\u00a0toimub 20.-21. m\u00e4rtsil 2025, Kadrina m\u00f5isa k\u00fclalistemajas Peipsi\u00e4\u00e4re vallas Tartumaal.\u00a0 Konverentsi osalustasu on Akadeemilise Rahvaluule Seltsi liikmele 15 eurot ja teistele 25 eurot. Osalustasu saab maksta arve alusel, mis saadetakse registreerunutele hiljemalt 4. m\u00e4rtsil 2025. Konverentsile saab registreeruda kuni 25. veebruarini, registreerimisvorm on leitav siit. Konverentsi korraldajad: Tartu \u00dclikooli eesti [&hellip;]","og_url":"https:\/\/www.folklore.ee\/ars\/registreerimine-eesti-folkloristide-xix-talvekonverentsile-loppeb-25-veebruaril\/","og_site_name":"Akadeemiline Rahvaluule Selts","twitter_card":"summary_large_image","twitter_misc":{"Est. reading time":"1 minute"},"schema":{"@context":"https:\/\/schema.org","@graph":[{"@type":"WebPage","@id":"https:\/\/www.folklore.ee\/ars\/registreerimine-eesti-folkloristide-xix-talvekonverentsile-loppeb-25-veebruaril\/","url":"https:\/\/www.folklore.ee\/ars\/registreerimine-eesti-folkloristide-xix-talvekonverentsile-loppeb-25-veebruaril\/","name":"Registreerimine Eesti folkloristide XIX talvekonverentsile l\u00f5ppeb 25. veebruaril | Akadeemiline Rahvaluule Selts","isPartOf":{"@id":"https:\/\/www.folklore.ee\/ars\/#website"},"datePublished":"2025-02-05T10:30:29+00:00","dateModified":"2025-02-05T10:30:29+00:00","breadcrumb":{"@id":"https:\/\/www.folklore.ee\/ars\/registreerimine-eesti-folkloristide-xix-talvekonverentsile-loppeb-25-veebruaril\/#breadcrumb"},"inLanguage":"en-US","potentialAction":[{"@type":"ReadAction","target":["https:\/\/www.folklore.ee\/ars\/registreerimine-eesti-folkloristide-xix-talvekonverentsile-loppeb-25-veebruaril\/"]}]},{"@type":"BreadcrumbList","@id":"https:\/\/www.folklore.ee\/ars\/registreerimine-eesti-folkloristide-xix-talvekonverentsile-loppeb-25-veebruaril\/#breadcrumb","itemListElement":[{"@type":"ListItem","position":1,"name":"Avaleht","item":"https:\/\/www.folklore.ee\/ars\/"},{"@type":"ListItem","position":2,"name":"Registreerimine Eesti folkloristide XIX talvekonverentsile l\u00f5ppeb 25. veebruaril"}]},{"@type":"WebSite","@id":"https:\/\/www.folklore.ee\/ars\/#website","url":"https:\/\/www.folklore.ee\/ars\/","name":"Akadeemiline Rahvaluule Selts","description":"Folkloristide, \u00fcli\u00f5pilaste ja k\u00f5igi rahvaluulest huvitatute \u00fchendus, mis aitab kaasa rahvaluule kogumisele, tutvustamisele, uurimisele ja publitseerimisele.","potentialAction":[{"@type":"SearchAction","target":{"@type":"EntryPoint","urlTemplate":"https:\/\/www.folklore.ee\/ars\/?s={search_term_string}"},"query-input":"required name=search_term_string"}],"inLanguage":"en-US"}]}},"_links":{"self":[{"href":"https:\/\/www.folklore.ee\/ars\/wp-json\/wp\/v2\/pages\/1075","targetHints":{"allow":["GET"]}}],"collection":[{"href":"https:\/\/www.folklore.ee\/ars\/wp-json\/wp\/v2\/pages"}],"about":[{"href":"https:\/\/www.folklore.ee\/ars\/wp-json\/wp\/v2\/types\/page"}],"author":[{"embeddable":true,"href":"https:\/\/www.folklore.ee\/ars\/wp-json\/wp\/v2\/users\/2"}],"replies":[{"embeddable":true,"href":"https:\/\/www.folklore.ee\/ars\/wp-json\/wp\/v2\/comments?post=1075"}],"version-history":[{"count":1,"href":"https:\/\/www.folklore.ee\/ars\/wp-json\/wp\/v2\/pages\/1075\/revisions"}],"predecessor-version":[{"id":1076,"href":"https:\/\/www.folklore.ee\/ars\/wp-json\/wp\/v2\/pages\/1075\/revisions\/1076"}],"wp:attachment":[{"href":"https:\/\/www.folklore.ee\/ars\/wp-json\/wp\/v2\/media?parent=1075"}],"curies":[{"name":"wp","href":"https:\/\/api.w.org\/{rel}","templated":true}]}}