{"id":1059,"date":"2024-12-21T18:47:46","date_gmt":"2024-12-21T18:47:46","guid":{"rendered":"https:\/\/www.folklore.ee\/ars\/?page_id=1059"},"modified":"2025-01-06T14:12:54","modified_gmt":"2025-01-06T14:12:54","slug":"xix-eesti-folkloristide-talvekonverents-2025-paralleelmaailmad-ja-paralleelparimused-ootab-ettekandeid","status":"publish","type":"page","link":"https:\/\/www.folklore.ee\/ars\/xix-eesti-folkloristide-talvekonverents-2025-paralleelmaailmad-ja-paralleelparimused-ootab-ettekandeid\/","title":{"rendered":"XIX Eesti folkloristide talvekonverents 2025 &#8220;Paralleelmaailmad ja paralleelp\u00e4rimused&#8221; ootab ettekandeid"},"content":{"rendered":"\n<p>Aeg ja koht: 20.-21. m\u00e4rts 2025 Kadrina m\u00f5isa k\u00fclalistemajas Peipsi\u00e4\u00e4re vallas Tartumaal.<br>Konverentsi t\u00f6\u00f6keeled: eesti ja inglise keel<\/p>\n\n\n\n<p>Folkloor kui n\u00e4htus ja folkloristika kui distsipliin p\u00f5hinevad arusaamal kultuurilisest mitmeh\u00e4\u00e4lsusest ja \u00fchtse autoriteedi k\u00fcsitavusest v\u00f5i selle puudumisest. Nii ei ole rahvaluuleteadlaste jaoks teadmises p\u00e4rimuse muutlikkusest ja varieeruvusest samas kultuurilises aegruumis palju uut. Aegade algusest on eri elualade, rahvuste ning muude r\u00fchmade p\u00e4rimus olnud erinev, omavahel nii dialoogis kui vastuolus, tekitades nii \u00fchendavat huvi kui kummastust.<br>Folkloor ning selle erinevad liigid kajastavad tihti erinevate maailmade, tegelikkuste v\u00f5i arusaamade vahelisi nihkeid. Siin on m\u00e4ngus nii kujutluse j\u00f5ud kui ka teadlikud teadvuse seisundi muutused. Nihked ja nihkumised \u00fchest v\u00f5imalikkusest teise iseloomustavad nii muinasjutukangelast kui regilaululauljat, nii \u0161amaani kui rollim\u00e4ngurit, nii s\u00fc\u017eeed kui praktikat, muiste ja n\u00fc\u00fcd.<br>Postmodernne p\u00e4rimusruum \u00fcha arenevate tehnoloogiliste vahendite ning hajusate identiteetidega on siin osas v\u00f5imalusi ja v\u00f5imalikkust vaid suurendanud.<br>Kutsume ettekandeid pidama ja m\u00f5tlema teemade \u00fcle, mis puudutavad p\u00e4rimuslikke paralleelsusi v\u00f5i \u00fcleminekuid \u00fchest reaalsusest, t\u00e4hendus- v\u00f5i kultuuriruumist teise. Vaagima minekuid ja tagasitulekuid, mis iseloomustavad folkloori poeetikat, praktikat v\u00f5i usundit. K\u00fcllap on just teisesuse taju, olgu see kas utoopiline v\u00f5i p\u00e4ris k\u00e4egakatsutav, v\u00e4ljam\u00f5eldud v\u00f5i kogemuslik, midagi sellist, mis rahvaluulet kogu aeg on iseloomustanud.<br>Konverents toimub&nbsp;<a href=\"https:\/\/www.kadrinamois.ee\/\">Kadrina m\u00f5isa k\u00fclalistemajas<\/a>&nbsp;ainult koha peal.<br><\/p>\n\n\n\n<p><strong>Teesid (200-300 s\u00f5na) palume saata 10.01.2025 aadressile conference.folkloristics@ut.ee.<br><\/strong><\/p>\n\n\n\n<p>Teeside vastuv\u00f5tmisest anname teada hiljemalt 24.01.2025.<br>Iga ettekande pikkuseks on umbes 20 minutit, millele j\u00e4rgneb arutelu.<\/p>\n\n\n\n<p><strong>T\u00e4psem info <\/strong><a href=\"https:\/\/kultuuriteadused.ut.ee\/et\/sisu\/folkloristide-xix-talvekonverents-paralleelmaailmad-ja-paralleelparimused\">konverentsi kodulehel<\/a>.<\/p>\n\n\n\n<p>Konverentsi korraldavad Tartu \u00dclikooli eesti ja v\u00f5rdleva rahvaluule osakond, Akadeemiline Rahvaluule Selts ja Eesti Akadeemiline Usundiloo seltsis.<br>Konverentsi osalustasu on Akadeemilise Rahvaluule Seltsi liikmele 15 eurot ja teistele 25 eurot.<br>Kontaktid: Madis Arukask (madis.arukask@ut.ee)<br>Pihla Maria Siim (pihla.siim@ut.ee)<\/p>\n","protected":false},"excerpt":{"rendered":"<p>Aeg ja koht: 20.-21. m\u00e4rts 2025 Kadrina m\u00f5isa k\u00fclalistemajas Peipsi\u00e4\u00e4re vallas Tartumaal.Konverentsi t\u00f6\u00f6keeled: eesti ja inglise keel Folkloor kui n\u00e4htus ja folkloristika kui distsipliin p\u00f5hinevad arusaamal kultuurilisest mitmeh\u00e4\u00e4lsusest ja \u00fchtse autoriteedi k\u00fcsitavusest v\u00f5i selle puudumisest. Nii ei ole rahvaluuleteadlaste jaoks teadmises p\u00e4rimuse muutlikkusest ja varieeruvusest samas kultuurilises aegruumis palju uut. Aegade algusest on eri elualade, [&hellip;]<\/p>\n","protected":false},"author":2,"featured_media":0,"parent":0,"menu_order":0,"comment_status":"closed","ping_status":"closed","template":"","meta":{"footnotes":""},"class_list":["post-1059","page","type-page","status-publish","hentry"],"yoast_head":"<!-- This site is optimized with the Yoast SEO plugin v20.12 - https:\/\/yoast.com\/wordpress\/plugins\/seo\/ -->\n<title>XIX Eesti folkloristide talvekonverents 2025 &quot;Paralleelmaailmad ja paralleelp\u00e4rimused&quot; ootab ettekandeid | Akadeemiline Rahvaluule Selts<\/title>\n<meta name=\"robots\" content=\"index, follow, max-snippet:-1, max-image-preview:large, max-video-preview:-1\" \/>\n<link rel=\"canonical\" href=\"https:\/\/www.folklore.ee\/ars\/xix-eesti-folkloristide-talvekonverents-2025-paralleelmaailmad-ja-paralleelparimused-ootab-ettekandeid\/\" \/>\n<meta property=\"og:locale\" content=\"en_US\" \/>\n<meta property=\"og:type\" content=\"article\" \/>\n<meta property=\"og:title\" content=\"XIX Eesti folkloristide talvekonverents 2025 &quot;Paralleelmaailmad ja paralleelp\u00e4rimused&quot; ootab ettekandeid | Akadeemiline Rahvaluule Selts\" \/>\n<meta property=\"og:description\" content=\"Aeg ja koht: 20.-21. m\u00e4rts 2025 Kadrina m\u00f5isa k\u00fclalistemajas Peipsi\u00e4\u00e4re vallas Tartumaal.Konverentsi t\u00f6\u00f6keeled: eesti ja inglise keel Folkloor kui n\u00e4htus ja folkloristika kui distsipliin p\u00f5hinevad arusaamal kultuurilisest mitmeh\u00e4\u00e4lsusest ja \u00fchtse autoriteedi k\u00fcsitavusest v\u00f5i selle puudumisest. Nii ei ole rahvaluuleteadlaste jaoks teadmises p\u00e4rimuse muutlikkusest ja varieeruvusest samas kultuurilises aegruumis palju uut. Aegade algusest on eri elualade, [&hellip;]\" \/>\n<meta property=\"og:url\" content=\"https:\/\/www.folklore.ee\/ars\/xix-eesti-folkloristide-talvekonverents-2025-paralleelmaailmad-ja-paralleelparimused-ootab-ettekandeid\/\" \/>\n<meta property=\"og:site_name\" content=\"Akadeemiline Rahvaluule Selts\" \/>\n<meta property=\"article:modified_time\" content=\"2025-01-06T14:12:54+00:00\" \/>\n<meta name=\"twitter:card\" content=\"summary_large_image\" \/>\n<meta name=\"twitter:label1\" content=\"Est. reading time\" \/>\n\t<meta name=\"twitter:data1\" content=\"2 minutes\" \/>\n<script type=\"application\/ld+json\" class=\"yoast-schema-graph\">{\"@context\":\"https:\/\/schema.org\",\"@graph\":[{\"@type\":\"WebPage\",\"@id\":\"https:\/\/www.folklore.ee\/ars\/xix-eesti-folkloristide-talvekonverents-2025-paralleelmaailmad-ja-paralleelparimused-ootab-ettekandeid\/\",\"url\":\"https:\/\/www.folklore.ee\/ars\/xix-eesti-folkloristide-talvekonverents-2025-paralleelmaailmad-ja-paralleelparimused-ootab-ettekandeid\/\",\"name\":\"XIX Eesti folkloristide talvekonverents 2025 \\\"Paralleelmaailmad ja paralleelp\u00e4rimused\\\" ootab ettekandeid | Akadeemiline Rahvaluule Selts\",\"isPartOf\":{\"@id\":\"https:\/\/www.folklore.ee\/ars\/#website\"},\"datePublished\":\"2024-12-21T18:47:46+00:00\",\"dateModified\":\"2025-01-06T14:12:54+00:00\",\"breadcrumb\":{\"@id\":\"https:\/\/www.folklore.ee\/ars\/xix-eesti-folkloristide-talvekonverents-2025-paralleelmaailmad-ja-paralleelparimused-ootab-ettekandeid\/#breadcrumb\"},\"inLanguage\":\"en-US\",\"potentialAction\":[{\"@type\":\"ReadAction\",\"target\":[\"https:\/\/www.folklore.ee\/ars\/xix-eesti-folkloristide-talvekonverents-2025-paralleelmaailmad-ja-paralleelparimused-ootab-ettekandeid\/\"]}]},{\"@type\":\"BreadcrumbList\",\"@id\":\"https:\/\/www.folklore.ee\/ars\/xix-eesti-folkloristide-talvekonverents-2025-paralleelmaailmad-ja-paralleelparimused-ootab-ettekandeid\/#breadcrumb\",\"itemListElement\":[{\"@type\":\"ListItem\",\"position\":1,\"name\":\"Avaleht\",\"item\":\"https:\/\/www.folklore.ee\/ars\/\"},{\"@type\":\"ListItem\",\"position\":2,\"name\":\"XIX Eesti folkloristide talvekonverents 2025 &#8220;Paralleelmaailmad ja paralleelp\u00e4rimused&#8221; ootab ettekandeid\"}]},{\"@type\":\"WebSite\",\"@id\":\"https:\/\/www.folklore.ee\/ars\/#website\",\"url\":\"https:\/\/www.folklore.ee\/ars\/\",\"name\":\"Akadeemiline Rahvaluule Selts\",\"description\":\"Folkloristide, \u00fcli\u00f5pilaste ja k\u00f5igi rahvaluulest huvitatute \u00fchendus, mis aitab kaasa rahvaluule kogumisele, tutvustamisele, uurimisele ja publitseerimisele.\",\"potentialAction\":[{\"@type\":\"SearchAction\",\"target\":{\"@type\":\"EntryPoint\",\"urlTemplate\":\"https:\/\/www.folklore.ee\/ars\/?s={search_term_string}\"},\"query-input\":\"required name=search_term_string\"}],\"inLanguage\":\"en-US\"}]}<\/script>\n<!-- \/ Yoast SEO plugin. -->","yoast_head_json":{"title":"XIX Eesti folkloristide talvekonverents 2025 \"Paralleelmaailmad ja paralleelp\u00e4rimused\" ootab ettekandeid | Akadeemiline Rahvaluule Selts","robots":{"index":"index","follow":"follow","max-snippet":"max-snippet:-1","max-image-preview":"max-image-preview:large","max-video-preview":"max-video-preview:-1"},"canonical":"https:\/\/www.folklore.ee\/ars\/xix-eesti-folkloristide-talvekonverents-2025-paralleelmaailmad-ja-paralleelparimused-ootab-ettekandeid\/","og_locale":"en_US","og_type":"article","og_title":"XIX Eesti folkloristide talvekonverents 2025 \"Paralleelmaailmad ja paralleelp\u00e4rimused\" ootab ettekandeid | Akadeemiline Rahvaluule Selts","og_description":"Aeg ja koht: 20.-21. m\u00e4rts 2025 Kadrina m\u00f5isa k\u00fclalistemajas Peipsi\u00e4\u00e4re vallas Tartumaal.Konverentsi t\u00f6\u00f6keeled: eesti ja inglise keel Folkloor kui n\u00e4htus ja folkloristika kui distsipliin p\u00f5hinevad arusaamal kultuurilisest mitmeh\u00e4\u00e4lsusest ja \u00fchtse autoriteedi k\u00fcsitavusest v\u00f5i selle puudumisest. Nii ei ole rahvaluuleteadlaste jaoks teadmises p\u00e4rimuse muutlikkusest ja varieeruvusest samas kultuurilises aegruumis palju uut. Aegade algusest on eri elualade, [&hellip;]","og_url":"https:\/\/www.folklore.ee\/ars\/xix-eesti-folkloristide-talvekonverents-2025-paralleelmaailmad-ja-paralleelparimused-ootab-ettekandeid\/","og_site_name":"Akadeemiline Rahvaluule Selts","article_modified_time":"2025-01-06T14:12:54+00:00","twitter_card":"summary_large_image","twitter_misc":{"Est. reading time":"2 minutes"},"schema":{"@context":"https:\/\/schema.org","@graph":[{"@type":"WebPage","@id":"https:\/\/www.folklore.ee\/ars\/xix-eesti-folkloristide-talvekonverents-2025-paralleelmaailmad-ja-paralleelparimused-ootab-ettekandeid\/","url":"https:\/\/www.folklore.ee\/ars\/xix-eesti-folkloristide-talvekonverents-2025-paralleelmaailmad-ja-paralleelparimused-ootab-ettekandeid\/","name":"XIX Eesti folkloristide talvekonverents 2025 \"Paralleelmaailmad ja paralleelp\u00e4rimused\" ootab ettekandeid | Akadeemiline Rahvaluule Selts","isPartOf":{"@id":"https:\/\/www.folklore.ee\/ars\/#website"},"datePublished":"2024-12-21T18:47:46+00:00","dateModified":"2025-01-06T14:12:54+00:00","breadcrumb":{"@id":"https:\/\/www.folklore.ee\/ars\/xix-eesti-folkloristide-talvekonverents-2025-paralleelmaailmad-ja-paralleelparimused-ootab-ettekandeid\/#breadcrumb"},"inLanguage":"en-US","potentialAction":[{"@type":"ReadAction","target":["https:\/\/www.folklore.ee\/ars\/xix-eesti-folkloristide-talvekonverents-2025-paralleelmaailmad-ja-paralleelparimused-ootab-ettekandeid\/"]}]},{"@type":"BreadcrumbList","@id":"https:\/\/www.folklore.ee\/ars\/xix-eesti-folkloristide-talvekonverents-2025-paralleelmaailmad-ja-paralleelparimused-ootab-ettekandeid\/#breadcrumb","itemListElement":[{"@type":"ListItem","position":1,"name":"Avaleht","item":"https:\/\/www.folklore.ee\/ars\/"},{"@type":"ListItem","position":2,"name":"XIX Eesti folkloristide talvekonverents 2025 &#8220;Paralleelmaailmad ja paralleelp\u00e4rimused&#8221; ootab ettekandeid"}]},{"@type":"WebSite","@id":"https:\/\/www.folklore.ee\/ars\/#website","url":"https:\/\/www.folklore.ee\/ars\/","name":"Akadeemiline Rahvaluule Selts","description":"Folkloristide, \u00fcli\u00f5pilaste ja k\u00f5igi rahvaluulest huvitatute \u00fchendus, mis aitab kaasa rahvaluule kogumisele, tutvustamisele, uurimisele ja publitseerimisele.","potentialAction":[{"@type":"SearchAction","target":{"@type":"EntryPoint","urlTemplate":"https:\/\/www.folklore.ee\/ars\/?s={search_term_string}"},"query-input":"required name=search_term_string"}],"inLanguage":"en-US"}]}},"_links":{"self":[{"href":"https:\/\/www.folklore.ee\/ars\/wp-json\/wp\/v2\/pages\/1059","targetHints":{"allow":["GET"]}}],"collection":[{"href":"https:\/\/www.folklore.ee\/ars\/wp-json\/wp\/v2\/pages"}],"about":[{"href":"https:\/\/www.folklore.ee\/ars\/wp-json\/wp\/v2\/types\/page"}],"author":[{"embeddable":true,"href":"https:\/\/www.folklore.ee\/ars\/wp-json\/wp\/v2\/users\/2"}],"replies":[{"embeddable":true,"href":"https:\/\/www.folklore.ee\/ars\/wp-json\/wp\/v2\/comments?post=1059"}],"version-history":[{"count":2,"href":"https:\/\/www.folklore.ee\/ars\/wp-json\/wp\/v2\/pages\/1059\/revisions"}],"predecessor-version":[{"id":1065,"href":"https:\/\/www.folklore.ee\/ars\/wp-json\/wp\/v2\/pages\/1059\/revisions\/1065"}],"wp:attachment":[{"href":"https:\/\/www.folklore.ee\/ars\/wp-json\/wp\/v2\/media?parent=1059"}],"curies":[{"name":"wp","href":"https:\/\/api.w.org\/{rel}","templated":true}]}}