{"id":1051,"date":"2024-12-05T20:19:01","date_gmt":"2024-12-05T20:19:01","guid":{"rendered":"https:\/\/www.folklore.ee\/ars\/?page_id=1051"},"modified":"2024-12-05T20:19:01","modified_gmt":"2024-12-05T20:19:01","slug":"eesti-teaduste-akadeemia-ja-akadeemiline-rahvaluule-selts-allkirjastasid-4-detsembril-2024-assotsieerumislepingu","status":"publish","type":"page","link":"https:\/\/www.folklore.ee\/ars\/eesti-teaduste-akadeemia-ja-akadeemiline-rahvaluule-selts-allkirjastasid-4-detsembril-2024-assotsieerumislepingu\/","title":{"rendered":"Eesti Teaduste Akadeemia ja Akadeemiline Rahvaluule Selts allkirjastasid 4. detsembril 2024 assotsieerumislepingu"},"content":{"rendered":"\n<p>4. detsembri Eesti Teaduste Akadeemia \u00fcldkogu istungil kirjutati alla Akadeemiline Rahvaluule Seltsi ja Eesti Teaduste Akadeemia assotsieerumisleping. Lepingus s\u00e4testati vastastikused eesm\u00e4rgid ning koost\u00f6\u00f6 praktilised alused. Teaduste Akadeemiaga on assotsieerunud enam kui 30 seltsi, \u00fchendust ja asutust, mis moodustavad k\u00f5iki teadusvaldkondi katva v\u00f5rgustiku. Niisugusena pakub Eesti Teaduste Akadeemia seltsile platvormi laiemaks koost\u00f6\u00f6ks ja n\u00e4htavuseks nii kohalikul kui ka rahvusvahelisel tasandil.<br><\/p>\n\n\n\n<figure class=\"wp-block-image size-large\"><img loading=\"lazy\" decoding=\"async\" width=\"1024\" height=\"683\" src=\"https:\/\/www.folklore.ee\/ars\/wp-content\/uploads\/2024\/12\/DSC3079-1024x683.jpg\" alt=\"\" class=\"wp-image-1052\" srcset=\"https:\/\/www.folklore.ee\/ars\/wp-content\/uploads\/2024\/12\/DSC3079-1024x683.jpg 1024w, https:\/\/www.folklore.ee\/ars\/wp-content\/uploads\/2024\/12\/DSC3079-300x200.jpg 300w, https:\/\/www.folklore.ee\/ars\/wp-content\/uploads\/2024\/12\/DSC3079-768x512.jpg 768w, https:\/\/www.folklore.ee\/ars\/wp-content\/uploads\/2024\/12\/DSC3079-1536x1024.jpg 1536w, https:\/\/www.folklore.ee\/ars\/wp-content\/uploads\/2024\/12\/DSC3079-2048x1365.jpg 2048w\" sizes=\"auto, (max-width: 1024px) 100vw, 1024px\" \/><figcaption class=\"wp-element-caption\">Fotograaf Sven Tupits;\rsven@fotogeen.com;\rTel.+3725092674\rwww.fotogeen.com;\rF.R.Kreutzwaldi 24<\/figcaption><\/figure>\n","protected":false},"excerpt":{"rendered":"<p>4. detsembri Eesti Teaduste Akadeemia \u00fcldkogu istungil kirjutati alla Akadeemiline Rahvaluule Seltsi ja Eesti Teaduste Akadeemia assotsieerumisleping. Lepingus s\u00e4testati vastastikused eesm\u00e4rgid ning koost\u00f6\u00f6 praktilised alused. Teaduste Akadeemiaga on assotsieerunud enam kui 30 seltsi, \u00fchendust ja asutust, mis moodustavad k\u00f5iki teadusvaldkondi katva v\u00f5rgustiku. Niisugusena pakub Eesti Teaduste Akadeemia seltsile platvormi laiemaks koost\u00f6\u00f6ks ja n\u00e4htavuseks nii kohalikul [&hellip;]<\/p>\n","protected":false},"author":2,"featured_media":0,"parent":0,"menu_order":0,"comment_status":"closed","ping_status":"closed","template":"","meta":{"footnotes":""},"class_list":["post-1051","page","type-page","status-publish","hentry"],"yoast_head":"<!-- This site is optimized with the Yoast SEO plugin v20.12 - https:\/\/yoast.com\/wordpress\/plugins\/seo\/ -->\n<title>Eesti Teaduste Akadeemia ja Akadeemiline Rahvaluule Selts allkirjastasid 4. detsembril 2024 assotsieerumislepingu | Akadeemiline Rahvaluule Selts<\/title>\n<meta name=\"robots\" content=\"index, follow, max-snippet:-1, max-image-preview:large, max-video-preview:-1\" \/>\n<link rel=\"canonical\" href=\"https:\/\/www.folklore.ee\/ars\/eesti-teaduste-akadeemia-ja-akadeemiline-rahvaluule-selts-allkirjastasid-4-detsembril-2024-assotsieerumislepingu\/\" \/>\n<meta property=\"og:locale\" content=\"en_US\" \/>\n<meta property=\"og:type\" content=\"article\" \/>\n<meta property=\"og:title\" content=\"Eesti Teaduste Akadeemia ja Akadeemiline Rahvaluule Selts allkirjastasid 4. detsembril 2024 assotsieerumislepingu | Akadeemiline Rahvaluule Selts\" \/>\n<meta property=\"og:description\" content=\"4. detsembri Eesti Teaduste Akadeemia \u00fcldkogu istungil kirjutati alla Akadeemiline Rahvaluule Seltsi ja Eesti Teaduste Akadeemia assotsieerumisleping. Lepingus s\u00e4testati vastastikused eesm\u00e4rgid ning koost\u00f6\u00f6 praktilised alused. Teaduste Akadeemiaga on assotsieerunud enam kui 30 seltsi, \u00fchendust ja asutust, mis moodustavad k\u00f5iki teadusvaldkondi katva v\u00f5rgustiku. Niisugusena pakub Eesti Teaduste Akadeemia seltsile platvormi laiemaks koost\u00f6\u00f6ks ja n\u00e4htavuseks nii kohalikul [&hellip;]\" \/>\n<meta property=\"og:url\" content=\"https:\/\/www.folklore.ee\/ars\/eesti-teaduste-akadeemia-ja-akadeemiline-rahvaluule-selts-allkirjastasid-4-detsembril-2024-assotsieerumislepingu\/\" \/>\n<meta property=\"og:site_name\" content=\"Akadeemiline Rahvaluule Selts\" \/>\n<meta property=\"og:image\" content=\"https:\/\/www.folklore.ee\/ars\/wp-content\/uploads\/2024\/12\/DSC3079-1024x683.jpg\" \/>\n<meta name=\"twitter:card\" content=\"summary_large_image\" \/>\n<meta name=\"twitter:label1\" content=\"Est. reading time\" \/>\n\t<meta name=\"twitter:data1\" content=\"1 minute\" \/>\n<script type=\"application\/ld+json\" class=\"yoast-schema-graph\">{\"@context\":\"https:\/\/schema.org\",\"@graph\":[{\"@type\":\"WebPage\",\"@id\":\"https:\/\/www.folklore.ee\/ars\/eesti-teaduste-akadeemia-ja-akadeemiline-rahvaluule-selts-allkirjastasid-4-detsembril-2024-assotsieerumislepingu\/\",\"url\":\"https:\/\/www.folklore.ee\/ars\/eesti-teaduste-akadeemia-ja-akadeemiline-rahvaluule-selts-allkirjastasid-4-detsembril-2024-assotsieerumislepingu\/\",\"name\":\"Eesti Teaduste Akadeemia ja Akadeemiline Rahvaluule Selts allkirjastasid 4. detsembril 2024 assotsieerumislepingu | Akadeemiline Rahvaluule Selts\",\"isPartOf\":{\"@id\":\"https:\/\/www.folklore.ee\/ars\/#website\"},\"datePublished\":\"2024-12-05T20:19:01+00:00\",\"dateModified\":\"2024-12-05T20:19:01+00:00\",\"breadcrumb\":{\"@id\":\"https:\/\/www.folklore.ee\/ars\/eesti-teaduste-akadeemia-ja-akadeemiline-rahvaluule-selts-allkirjastasid-4-detsembril-2024-assotsieerumislepingu\/#breadcrumb\"},\"inLanguage\":\"en-US\",\"potentialAction\":[{\"@type\":\"ReadAction\",\"target\":[\"https:\/\/www.folklore.ee\/ars\/eesti-teaduste-akadeemia-ja-akadeemiline-rahvaluule-selts-allkirjastasid-4-detsembril-2024-assotsieerumislepingu\/\"]}]},{\"@type\":\"BreadcrumbList\",\"@id\":\"https:\/\/www.folklore.ee\/ars\/eesti-teaduste-akadeemia-ja-akadeemiline-rahvaluule-selts-allkirjastasid-4-detsembril-2024-assotsieerumislepingu\/#breadcrumb\",\"itemListElement\":[{\"@type\":\"ListItem\",\"position\":1,\"name\":\"Avaleht\",\"item\":\"https:\/\/www.folklore.ee\/ars\/\"},{\"@type\":\"ListItem\",\"position\":2,\"name\":\"Eesti Teaduste Akadeemia ja Akadeemiline Rahvaluule Selts allkirjastasid 4. detsembril 2024 assotsieerumislepingu\"}]},{\"@type\":\"WebSite\",\"@id\":\"https:\/\/www.folklore.ee\/ars\/#website\",\"url\":\"https:\/\/www.folklore.ee\/ars\/\",\"name\":\"Akadeemiline Rahvaluule Selts\",\"description\":\"Folkloristide, \u00fcli\u00f5pilaste ja k\u00f5igi rahvaluulest huvitatute \u00fchendus, mis aitab kaasa rahvaluule kogumisele, tutvustamisele, uurimisele ja publitseerimisele.\",\"potentialAction\":[{\"@type\":\"SearchAction\",\"target\":{\"@type\":\"EntryPoint\",\"urlTemplate\":\"https:\/\/www.folklore.ee\/ars\/?s={search_term_string}\"},\"query-input\":\"required name=search_term_string\"}],\"inLanguage\":\"en-US\"}]}<\/script>\n<!-- \/ Yoast SEO plugin. -->","yoast_head_json":{"title":"Eesti Teaduste Akadeemia ja Akadeemiline Rahvaluule Selts allkirjastasid 4. detsembril 2024 assotsieerumislepingu | Akadeemiline Rahvaluule Selts","robots":{"index":"index","follow":"follow","max-snippet":"max-snippet:-1","max-image-preview":"max-image-preview:large","max-video-preview":"max-video-preview:-1"},"canonical":"https:\/\/www.folklore.ee\/ars\/eesti-teaduste-akadeemia-ja-akadeemiline-rahvaluule-selts-allkirjastasid-4-detsembril-2024-assotsieerumislepingu\/","og_locale":"en_US","og_type":"article","og_title":"Eesti Teaduste Akadeemia ja Akadeemiline Rahvaluule Selts allkirjastasid 4. detsembril 2024 assotsieerumislepingu | Akadeemiline Rahvaluule Selts","og_description":"4. detsembri Eesti Teaduste Akadeemia \u00fcldkogu istungil kirjutati alla Akadeemiline Rahvaluule Seltsi ja Eesti Teaduste Akadeemia assotsieerumisleping. Lepingus s\u00e4testati vastastikused eesm\u00e4rgid ning koost\u00f6\u00f6 praktilised alused. Teaduste Akadeemiaga on assotsieerunud enam kui 30 seltsi, \u00fchendust ja asutust, mis moodustavad k\u00f5iki teadusvaldkondi katva v\u00f5rgustiku. Niisugusena pakub Eesti Teaduste Akadeemia seltsile platvormi laiemaks koost\u00f6\u00f6ks ja n\u00e4htavuseks nii kohalikul [&hellip;]","og_url":"https:\/\/www.folklore.ee\/ars\/eesti-teaduste-akadeemia-ja-akadeemiline-rahvaluule-selts-allkirjastasid-4-detsembril-2024-assotsieerumislepingu\/","og_site_name":"Akadeemiline Rahvaluule Selts","og_image":[{"url":"https:\/\/www.folklore.ee\/ars\/wp-content\/uploads\/2024\/12\/DSC3079-1024x683.jpg"}],"twitter_card":"summary_large_image","twitter_misc":{"Est. reading time":"1 minute"},"schema":{"@context":"https:\/\/schema.org","@graph":[{"@type":"WebPage","@id":"https:\/\/www.folklore.ee\/ars\/eesti-teaduste-akadeemia-ja-akadeemiline-rahvaluule-selts-allkirjastasid-4-detsembril-2024-assotsieerumislepingu\/","url":"https:\/\/www.folklore.ee\/ars\/eesti-teaduste-akadeemia-ja-akadeemiline-rahvaluule-selts-allkirjastasid-4-detsembril-2024-assotsieerumislepingu\/","name":"Eesti Teaduste Akadeemia ja Akadeemiline Rahvaluule Selts allkirjastasid 4. detsembril 2024 assotsieerumislepingu | Akadeemiline Rahvaluule Selts","isPartOf":{"@id":"https:\/\/www.folklore.ee\/ars\/#website"},"datePublished":"2024-12-05T20:19:01+00:00","dateModified":"2024-12-05T20:19:01+00:00","breadcrumb":{"@id":"https:\/\/www.folklore.ee\/ars\/eesti-teaduste-akadeemia-ja-akadeemiline-rahvaluule-selts-allkirjastasid-4-detsembril-2024-assotsieerumislepingu\/#breadcrumb"},"inLanguage":"en-US","potentialAction":[{"@type":"ReadAction","target":["https:\/\/www.folklore.ee\/ars\/eesti-teaduste-akadeemia-ja-akadeemiline-rahvaluule-selts-allkirjastasid-4-detsembril-2024-assotsieerumislepingu\/"]}]},{"@type":"BreadcrumbList","@id":"https:\/\/www.folklore.ee\/ars\/eesti-teaduste-akadeemia-ja-akadeemiline-rahvaluule-selts-allkirjastasid-4-detsembril-2024-assotsieerumislepingu\/#breadcrumb","itemListElement":[{"@type":"ListItem","position":1,"name":"Avaleht","item":"https:\/\/www.folklore.ee\/ars\/"},{"@type":"ListItem","position":2,"name":"Eesti Teaduste Akadeemia ja Akadeemiline Rahvaluule Selts allkirjastasid 4. detsembril 2024 assotsieerumislepingu"}]},{"@type":"WebSite","@id":"https:\/\/www.folklore.ee\/ars\/#website","url":"https:\/\/www.folklore.ee\/ars\/","name":"Akadeemiline Rahvaluule Selts","description":"Folkloristide, \u00fcli\u00f5pilaste ja k\u00f5igi rahvaluulest huvitatute \u00fchendus, mis aitab kaasa rahvaluule kogumisele, tutvustamisele, uurimisele ja publitseerimisele.","potentialAction":[{"@type":"SearchAction","target":{"@type":"EntryPoint","urlTemplate":"https:\/\/www.folklore.ee\/ars\/?s={search_term_string}"},"query-input":"required name=search_term_string"}],"inLanguage":"en-US"}]}},"_links":{"self":[{"href":"https:\/\/www.folklore.ee\/ars\/wp-json\/wp\/v2\/pages\/1051","targetHints":{"allow":["GET"]}}],"collection":[{"href":"https:\/\/www.folklore.ee\/ars\/wp-json\/wp\/v2\/pages"}],"about":[{"href":"https:\/\/www.folklore.ee\/ars\/wp-json\/wp\/v2\/types\/page"}],"author":[{"embeddable":true,"href":"https:\/\/www.folklore.ee\/ars\/wp-json\/wp\/v2\/users\/2"}],"replies":[{"embeddable":true,"href":"https:\/\/www.folklore.ee\/ars\/wp-json\/wp\/v2\/comments?post=1051"}],"version-history":[{"count":1,"href":"https:\/\/www.folklore.ee\/ars\/wp-json\/wp\/v2\/pages\/1051\/revisions"}],"predecessor-version":[{"id":1053,"href":"https:\/\/www.folklore.ee\/ars\/wp-json\/wp\/v2\/pages\/1051\/revisions\/1053"}],"wp:attachment":[{"href":"https:\/\/www.folklore.ee\/ars\/wp-json\/wp\/v2\/media?parent=1051"}],"curies":[{"name":"wp","href":"https:\/\/api.w.org\/{rel}","templated":true}]}}