{"id":1048,"date":"2024-12-05T20:12:14","date_gmt":"2024-12-05T20:12:14","guid":{"rendered":"https:\/\/www.folklore.ee\/ars\/?page_id=1048"},"modified":"2026-02-10T11:13:46","modified_gmt":"2026-02-10T11:13:46","slug":"uudised","status":"publish","type":"page","link":"https:\/\/www.folklore.ee\/ars\/","title":{"rendered":"UUDISED"},"content":{"rendered":"\n<figure class=\"wp-block-image size-large\"><img loading=\"lazy\" decoding=\"async\" width=\"1024\" height=\"333\" src=\"https:\/\/www.folklore.ee\/ars\/wp-content\/uploads\/2023\/07\/SiimPihla_-1024x333.jpg\" alt=\"\" class=\"wp-image-11\" srcset=\"https:\/\/www.folklore.ee\/ars\/wp-content\/uploads\/2023\/07\/SiimPihla_-1024x333.jpg 1024w, https:\/\/www.folklore.ee\/ars\/wp-content\/uploads\/2023\/07\/SiimPihla_-300x98.jpg 300w, https:\/\/www.folklore.ee\/ars\/wp-content\/uploads\/2023\/07\/SiimPihla_-768x250.jpg 768w, https:\/\/www.folklore.ee\/ars\/wp-content\/uploads\/2023\/07\/SiimPihla_-1536x500.jpg 1536w, https:\/\/www.folklore.ee\/ars\/wp-content\/uploads\/2023\/07\/SiimPihla_.jpg 2048w\" sizes=\"auto, (max-width: 1024px) 100vw, 1024px\" \/><\/figure>\n\n\n\n<div class=\"wp-block-group is-layout-grid wp-container-core-group-is-layout-9649a0d9 wp-block-group-is-layout-grid\">\n<figure class=\"wp-block-embed is-type-wp-embed is-provider-akadeemiline-rahvaluule-selts wp-block-embed-akadeemiline-rahvaluule-selts\"><div class=\"wp-block-embed__wrapper\">\n<blockquote class=\"wp-embedded-content\" data-secret=\"wYUHL7ppSC\"><a href=\"https:\/\/www.folklore.ee\/ars\/2026\/02\/06\/26-2-2026-arsi-konekoosolek\/\">26.2.2026 ARSi k\u00f5nekoosolek<\/a><\/blockquote><iframe loading=\"lazy\" class=\"wp-embedded-content\" sandbox=\"allow-scripts\" security=\"restricted\" style=\"position: absolute; visibility: hidden;\" title=\"&#8220;26.2.2026 ARSi k\u00f5nekoosolek&#8221; &#8212; Akadeemiline Rahvaluule Selts\" src=\"https:\/\/www.folklore.ee\/ars\/2026\/02\/06\/26-2-2026-arsi-konekoosolek\/embed\/#?secret=qz0noJkUvF#?secret=wYUHL7ppSC\" data-secret=\"wYUHL7ppSC\" width=\"500\" height=\"282\" frameborder=\"0\" marginwidth=\"0\" marginheight=\"0\" scrolling=\"no\"><\/iframe>\n<\/div><\/figure>\n\n\n\n<figure class=\"wp-block-embed is-type-wp-embed is-provider-akadeemiline-rahvaluule-selts wp-block-embed-akadeemiline-rahvaluule-selts\"><div class=\"wp-block-embed__wrapper\">\n<blockquote class=\"wp-embedded-content\" data-secret=\"Cw7DUXn0Rf\"><a href=\"https:\/\/www.folklore.ee\/ars\/2026\/01\/08\/28-29-1-2026-eesti-folkloristide-xx-talvekonverents-kestlikud-praktikad\/\">28.-29.1.2026 Eesti folkloristide XX talvekonverents &#8220;Kestlikud praktikad&#8221;<\/a><\/blockquote><iframe loading=\"lazy\" class=\"wp-embedded-content\" sandbox=\"allow-scripts\" security=\"restricted\" style=\"position: absolute; visibility: hidden;\" title=\"&#8220;28.-29.1.2026 Eesti folkloristide XX talvekonverents &#8220;Kestlikud praktikad&#8221;&#8221; &#8212; Akadeemiline Rahvaluule Selts\" src=\"https:\/\/www.folklore.ee\/ars\/2026\/01\/08\/28-29-1-2026-eesti-folkloristide-xx-talvekonverents-kestlikud-praktikad\/embed\/#?secret=34aa0IgTk0#?secret=Cw7DUXn0Rf\" data-secret=\"Cw7DUXn0Rf\" width=\"500\" height=\"282\" frameborder=\"0\" marginwidth=\"0\" marginheight=\"0\" scrolling=\"no\"><\/iframe>\n<\/div><\/figure>\n<\/div>\n\n\n\n<div class=\"wp-block-group is-nowrap is-layout-flex wp-container-core-group-is-layout-ad2f72ca wp-block-group-is-layout-flex\">\n<div class=\"wp-block-columns are-vertically-aligned-center is-layout-flex wp-container-core-columns-is-layout-9d6595d7 wp-block-columns-is-layout-flex\">\n<div class=\"wp-block-column is-vertically-aligned-center is-layout-flow wp-block-column-is-layout-flow\" style=\"flex-basis:100%\">\n<div class=\"wp-block-buttons is-layout-flex wp-container-core-buttons-is-layout-132b0da8 wp-block-buttons-is-layout-flex\">\n<div class=\"wp-block-button is-style-outline is-style-outline--1\"><a class=\"wp-block-button__link wp-element-button\" href=\"https:\/\/www.folklore.ee\/ars\/uudised-2025\/\">Uudised 2025<\/a><\/div>\n\n\n\n<div class=\"wp-block-button is-style-outline is-style-outline--2\"><a class=\"wp-block-button__link wp-element-button\" href=\"https:\/\/www.folklore.ee\/ars\/uudised-2024\/\">Uudised 2024<\/a><\/div>\n<\/div>\n<\/div>\n<\/div>\n<\/div>\n\n\n\n<p><\/p>\n","protected":false},"excerpt":{"rendered":"","protected":false},"author":2,"featured_media":0,"parent":0,"menu_order":0,"comment_status":"closed","ping_status":"closed","template":"","meta":{"footnotes":""},"class_list":["post-1048","page","type-page","status-publish","hentry"],"yoast_head":"<!-- This site is optimized with the Yoast SEO plugin v20.12 - https:\/\/yoast.com\/wordpress\/plugins\/seo\/ -->\n<title>UUDISED | Akadeemiline Rahvaluule Selts<\/title>\n<meta name=\"robots\" content=\"index, follow, max-snippet:-1, max-image-preview:large, max-video-preview:-1\" \/>\n<link rel=\"canonical\" href=\"https:\/\/www.folklore.ee\/ars\/\" \/>\n<meta property=\"og:locale\" content=\"en_US\" \/>\n<meta property=\"og:type\" content=\"article\" \/>\n<meta property=\"og:title\" content=\"UUDISED | Akadeemiline Rahvaluule Selts\" \/>\n<meta property=\"og:url\" content=\"https:\/\/www.folklore.ee\/ars\/\" \/>\n<meta property=\"og:site_name\" content=\"Akadeemiline Rahvaluule Selts\" \/>\n<meta property=\"article:modified_time\" content=\"2026-02-10T11:13:46+00:00\" \/>\n<meta property=\"og:image\" content=\"https:\/\/www.folklore.ee\/ars\/wp-content\/uploads\/2023\/07\/SiimPihla_-1024x333.jpg\" \/>\n<meta name=\"twitter:card\" content=\"summary_large_image\" \/>\n<meta name=\"twitter:label1\" content=\"Est. reading time\" \/>\n\t<meta name=\"twitter:data1\" content=\"1 minute\" \/>\n<script type=\"application\/ld+json\" class=\"yoast-schema-graph\">{\"@context\":\"https:\/\/schema.org\",\"@graph\":[{\"@type\":\"WebPage\",\"@id\":\"https:\/\/www.folklore.ee\/ars\/\",\"url\":\"https:\/\/www.folklore.ee\/ars\/\",\"name\":\"UUDISED | Akadeemiline Rahvaluule Selts\",\"isPartOf\":{\"@id\":\"https:\/\/www.folklore.ee\/ars\/#website\"},\"datePublished\":\"2024-12-05T20:12:14+00:00\",\"dateModified\":\"2026-02-10T11:13:46+00:00\",\"breadcrumb\":{\"@id\":\"https:\/\/www.folklore.ee\/ars\/#breadcrumb\"},\"inLanguage\":\"en-US\",\"potentialAction\":[{\"@type\":\"ReadAction\",\"target\":[\"https:\/\/www.folklore.ee\/ars\/\"]}]},{\"@type\":\"BreadcrumbList\",\"@id\":\"https:\/\/www.folklore.ee\/ars\/#breadcrumb\",\"itemListElement\":[{\"@type\":\"ListItem\",\"position\":1,\"name\":\"Avaleht\",\"item\":\"https:\/\/www.folklore.ee\/ars\/\"},{\"@type\":\"ListItem\",\"position\":2,\"name\":\"UUDISED\"}]},{\"@type\":\"WebSite\",\"@id\":\"https:\/\/www.folklore.ee\/ars\/#website\",\"url\":\"https:\/\/www.folklore.ee\/ars\/\",\"name\":\"Akadeemiline Rahvaluule Selts\",\"description\":\"Folkloristide, \u00fcli\u00f5pilaste ja k\u00f5igi rahvaluulest huvitatute \u00fchendus, mis aitab kaasa rahvaluule kogumisele, tutvustamisele, uurimisele ja publitseerimisele.\",\"potentialAction\":[{\"@type\":\"SearchAction\",\"target\":{\"@type\":\"EntryPoint\",\"urlTemplate\":\"https:\/\/www.folklore.ee\/ars\/?s={search_term_string}\"},\"query-input\":\"required name=search_term_string\"}],\"inLanguage\":\"en-US\"}]}<\/script>\n<!-- \/ Yoast SEO plugin. -->","yoast_head_json":{"title":"UUDISED | Akadeemiline Rahvaluule Selts","robots":{"index":"index","follow":"follow","max-snippet":"max-snippet:-1","max-image-preview":"max-image-preview:large","max-video-preview":"max-video-preview:-1"},"canonical":"https:\/\/www.folklore.ee\/ars\/","og_locale":"en_US","og_type":"article","og_title":"UUDISED | Akadeemiline Rahvaluule Selts","og_url":"https:\/\/www.folklore.ee\/ars\/","og_site_name":"Akadeemiline Rahvaluule Selts","article_modified_time":"2026-02-10T11:13:46+00:00","og_image":[{"url":"https:\/\/www.folklore.ee\/ars\/wp-content\/uploads\/2023\/07\/SiimPihla_-1024x333.jpg"}],"twitter_card":"summary_large_image","twitter_misc":{"Est. reading time":"1 minute"},"schema":{"@context":"https:\/\/schema.org","@graph":[{"@type":"WebPage","@id":"https:\/\/www.folklore.ee\/ars\/","url":"https:\/\/www.folklore.ee\/ars\/","name":"UUDISED | Akadeemiline Rahvaluule Selts","isPartOf":{"@id":"https:\/\/www.folklore.ee\/ars\/#website"},"datePublished":"2024-12-05T20:12:14+00:00","dateModified":"2026-02-10T11:13:46+00:00","breadcrumb":{"@id":"https:\/\/www.folklore.ee\/ars\/#breadcrumb"},"inLanguage":"en-US","potentialAction":[{"@type":"ReadAction","target":["https:\/\/www.folklore.ee\/ars\/"]}]},{"@type":"BreadcrumbList","@id":"https:\/\/www.folklore.ee\/ars\/#breadcrumb","itemListElement":[{"@type":"ListItem","position":1,"name":"Avaleht","item":"https:\/\/www.folklore.ee\/ars\/"},{"@type":"ListItem","position":2,"name":"UUDISED"}]},{"@type":"WebSite","@id":"https:\/\/www.folklore.ee\/ars\/#website","url":"https:\/\/www.folklore.ee\/ars\/","name":"Akadeemiline Rahvaluule Selts","description":"Folkloristide, \u00fcli\u00f5pilaste ja k\u00f5igi rahvaluulest huvitatute \u00fchendus, mis aitab kaasa rahvaluule kogumisele, tutvustamisele, uurimisele ja publitseerimisele.","potentialAction":[{"@type":"SearchAction","target":{"@type":"EntryPoint","urlTemplate":"https:\/\/www.folklore.ee\/ars\/?s={search_term_string}"},"query-input":"required name=search_term_string"}],"inLanguage":"en-US"}]}},"_links":{"self":[{"href":"https:\/\/www.folklore.ee\/ars\/wp-json\/wp\/v2\/pages\/1048","targetHints":{"allow":["GET"]}}],"collection":[{"href":"https:\/\/www.folklore.ee\/ars\/wp-json\/wp\/v2\/pages"}],"about":[{"href":"https:\/\/www.folklore.ee\/ars\/wp-json\/wp\/v2\/types\/page"}],"author":[{"embeddable":true,"href":"https:\/\/www.folklore.ee\/ars\/wp-json\/wp\/v2\/users\/2"}],"replies":[{"embeddable":true,"href":"https:\/\/www.folklore.ee\/ars\/wp-json\/wp\/v2\/comments?post=1048"}],"version-history":[{"count":32,"href":"https:\/\/www.folklore.ee\/ars\/wp-json\/wp\/v2\/pages\/1048\/revisions"}],"predecessor-version":[{"id":1313,"href":"https:\/\/www.folklore.ee\/ars\/wp-json\/wp\/v2\/pages\/1048\/revisions\/1313"}],"wp:attachment":[{"href":"https:\/\/www.folklore.ee\/ars\/wp-json\/wp\/v2\/media?parent=1048"}],"curies":[{"name":"wp","href":"https:\/\/api.w.org\/{rel}","templated":true}]}}