{"id":1012,"date":"2024-05-30T15:59:20","date_gmt":"2024-05-30T15:59:20","guid":{"rendered":"https:\/\/www.folklore.ee\/ars\/?page_id=1012"},"modified":"2024-05-30T15:59:21","modified_gmt":"2024-05-30T15:59:21","slug":"2024-aasta-eesti-folkloristika-aastapreemia-laureaat-on-taive-sarg","status":"publish","type":"page","link":"https:\/\/www.folklore.ee\/ars\/2024-aasta-eesti-folkloristika-aastapreemia-laureaat-on-taive-sarg\/","title":{"rendered":"2024. aasta Eesti folkloristika aastapreemia laureaat on Taive S\u00e4rg"},"content":{"rendered":"\n<p>2024. aasta Eesti folkloristika aastapreemia otsustati anda Eesti Kirjandusmuuseumi Eesti Rahvaluule Arhiivi vanemteadurile etnomusikoloog Taive S\u00e4rjele. \u017d\u00fcrii t\u00f5stis esile Taive S\u00e4rje pikaaegset k\u00f5rgetasemelist ning p\u00fchendunud teadustegevust, mis on \u00fchtlasi tugevalt l\u00e4bi p\u00f5imunud sooviga harida nii j\u00e4rgmisi teadlasp\u00f5lvkondi, \u00fchiskonda \u00fcldisemalt kui ka rahvamuusika praktikuid. Taive S\u00e4rg on viljakas teadlane, kelle poolt vallatavasse laia teadusteemade ringi kuuluvad regilaulu eilne ja t\u00e4nane elu, muusika seos keele ja r\u00fchmaidentiteediga, Eesti etnomusikoloogia ajalugu, populaarmuusika eesti ja v\u00f5ro kirjanike loomingus, osaluslaulmise tavad t\u00e4nap\u00e4evastel pidustustel ning looduss\u00e4\u00e4stliku m\u00f5tteviisi tutvustamine eesti p\u00e4rimuse kaudu.&nbsp;<\/p>\n\n\n\n<p>Teadust\u00f6\u00f6ga paralleelselt tegeleb Taive S\u00e4rg ka arhiivit\u00f6\u00f6ga &#8211; ta on andnud oma panuse mitme Eesti Rahvaluule Arhiivi andmebaasi loomisse ja edasiarendamisse ning olnud rahvamuusika teemaliste kogumisv\u00f5istluste eesotsas (nt Muusika minu elus aastal 2022). Taive S\u00e4rg osaleb ka erinevates teadlasi ja praktikuid \u00fchendavates projektides: ta kuulub Eesti Kirjandusmuuseumi ja Tartu 2024 \u00fchisprojekti \u201cMetsavaimud masinas\u201d meeskonda.<\/p>\n\n\n\n<p>Eesti folkloristika aastapreemiat annab Akadeemiline Rahvaluule Selts koost\u00f6\u00f6s Eesti Kultuurkapitali Rahvakultuuri sihtkapitaliga v\u00e4lja alates 2011. aastast. Preemia eesm\u00e4rk on t\u00f5sta esile preemia saamisele eelnenud kolme aasta jooksul silma paistnud folkloristi tegevust. Eelmisel aastal p\u00e4lvis preemia Tartu \u00dclikooli folkloristika kaasprofessor Anastasiya Astapova.<\/p>\n\n\n\n<p>Eesti folkloristika aastapreemia komisjonis olid Akadeemilise Rahvaluule Seltsi juhatusest Mare Kalda, Katre Kikas, Helen K\u00e4stik ja Enn Kalev Tarto, lisaks osalesid hindamisel Eda Kalmre, Kristel Kivari ning Ott Heinapuu.<\/p>\n\n\n\n<p>Preemia anti k\u00e4tte 30. mail Tartus Eesti Kirjandusmuuseumis toimunud Akadeemilise Rahvaluule Seltsi k\u00f5nekoosolekul.<\/p>\n","protected":false},"excerpt":{"rendered":"<p>2024. aasta Eesti folkloristika aastapreemia otsustati anda Eesti Kirjandusmuuseumi Eesti Rahvaluule Arhiivi vanemteadurile etnomusikoloog Taive S\u00e4rjele. \u017d\u00fcrii t\u00f5stis esile Taive S\u00e4rje pikaaegset k\u00f5rgetasemelist ning p\u00fchendunud teadustegevust, mis on \u00fchtlasi tugevalt l\u00e4bi p\u00f5imunud sooviga harida nii j\u00e4rgmisi teadlasp\u00f5lvkondi, \u00fchiskonda \u00fcldisemalt kui ka rahvamuusika praktikuid. Taive S\u00e4rg on viljakas teadlane, kelle poolt vallatavasse laia teadusteemade ringi kuuluvad [&hellip;]<\/p>\n","protected":false},"author":2,"featured_media":0,"parent":0,"menu_order":0,"comment_status":"closed","ping_status":"closed","template":"","meta":{"footnotes":""},"class_list":["post-1012","page","type-page","status-publish","hentry"],"yoast_head":"<!-- This site is optimized with the Yoast SEO plugin v20.12 - https:\/\/yoast.com\/wordpress\/plugins\/seo\/ -->\n<title>2024. aasta Eesti folkloristika aastapreemia laureaat on Taive S\u00e4rg | Akadeemiline Rahvaluule Selts<\/title>\n<meta name=\"robots\" content=\"index, follow, max-snippet:-1, max-image-preview:large, max-video-preview:-1\" \/>\n<link rel=\"canonical\" href=\"https:\/\/www.folklore.ee\/ars\/2024-aasta-eesti-folkloristika-aastapreemia-laureaat-on-taive-sarg\/\" \/>\n<meta property=\"og:locale\" content=\"en_US\" \/>\n<meta property=\"og:type\" content=\"article\" \/>\n<meta property=\"og:title\" content=\"2024. aasta Eesti folkloristika aastapreemia laureaat on Taive S\u00e4rg | Akadeemiline Rahvaluule Selts\" \/>\n<meta property=\"og:description\" content=\"2024. aasta Eesti folkloristika aastapreemia otsustati anda Eesti Kirjandusmuuseumi Eesti Rahvaluule Arhiivi vanemteadurile etnomusikoloog Taive S\u00e4rjele. \u017d\u00fcrii t\u00f5stis esile Taive S\u00e4rje pikaaegset k\u00f5rgetasemelist ning p\u00fchendunud teadustegevust, mis on \u00fchtlasi tugevalt l\u00e4bi p\u00f5imunud sooviga harida nii j\u00e4rgmisi teadlasp\u00f5lvkondi, \u00fchiskonda \u00fcldisemalt kui ka rahvamuusika praktikuid. Taive S\u00e4rg on viljakas teadlane, kelle poolt vallatavasse laia teadusteemade ringi kuuluvad [&hellip;]\" \/>\n<meta property=\"og:url\" content=\"https:\/\/www.folklore.ee\/ars\/2024-aasta-eesti-folkloristika-aastapreemia-laureaat-on-taive-sarg\/\" \/>\n<meta property=\"og:site_name\" content=\"Akadeemiline Rahvaluule Selts\" \/>\n<meta property=\"article:modified_time\" content=\"2024-05-30T15:59:21+00:00\" \/>\n<meta name=\"twitter:card\" content=\"summary_large_image\" \/>\n<meta name=\"twitter:label1\" content=\"Est. reading time\" \/>\n\t<meta name=\"twitter:data1\" content=\"1 minute\" \/>\n<script type=\"application\/ld+json\" class=\"yoast-schema-graph\">{\"@context\":\"https:\/\/schema.org\",\"@graph\":[{\"@type\":\"WebPage\",\"@id\":\"https:\/\/www.folklore.ee\/ars\/2024-aasta-eesti-folkloristika-aastapreemia-laureaat-on-taive-sarg\/\",\"url\":\"https:\/\/www.folklore.ee\/ars\/2024-aasta-eesti-folkloristika-aastapreemia-laureaat-on-taive-sarg\/\",\"name\":\"2024. aasta Eesti folkloristika aastapreemia laureaat on Taive S\u00e4rg | Akadeemiline Rahvaluule Selts\",\"isPartOf\":{\"@id\":\"https:\/\/www.folklore.ee\/ars\/#website\"},\"datePublished\":\"2024-05-30T15:59:20+00:00\",\"dateModified\":\"2024-05-30T15:59:21+00:00\",\"breadcrumb\":{\"@id\":\"https:\/\/www.folklore.ee\/ars\/2024-aasta-eesti-folkloristika-aastapreemia-laureaat-on-taive-sarg\/#breadcrumb\"},\"inLanguage\":\"en-US\",\"potentialAction\":[{\"@type\":\"ReadAction\",\"target\":[\"https:\/\/www.folklore.ee\/ars\/2024-aasta-eesti-folkloristika-aastapreemia-laureaat-on-taive-sarg\/\"]}]},{\"@type\":\"BreadcrumbList\",\"@id\":\"https:\/\/www.folklore.ee\/ars\/2024-aasta-eesti-folkloristika-aastapreemia-laureaat-on-taive-sarg\/#breadcrumb\",\"itemListElement\":[{\"@type\":\"ListItem\",\"position\":1,\"name\":\"Avaleht\",\"item\":\"https:\/\/www.folklore.ee\/ars\/\"},{\"@type\":\"ListItem\",\"position\":2,\"name\":\"2024. aasta Eesti folkloristika aastapreemia laureaat on Taive S\u00e4rg\"}]},{\"@type\":\"WebSite\",\"@id\":\"https:\/\/www.folklore.ee\/ars\/#website\",\"url\":\"https:\/\/www.folklore.ee\/ars\/\",\"name\":\"Akadeemiline Rahvaluule Selts\",\"description\":\"Folkloristide, \u00fcli\u00f5pilaste ja k\u00f5igi rahvaluulest huvitatute \u00fchendus, mis aitab kaasa rahvaluule kogumisele, tutvustamisele, uurimisele ja publitseerimisele.\",\"potentialAction\":[{\"@type\":\"SearchAction\",\"target\":{\"@type\":\"EntryPoint\",\"urlTemplate\":\"https:\/\/www.folklore.ee\/ars\/?s={search_term_string}\"},\"query-input\":\"required name=search_term_string\"}],\"inLanguage\":\"en-US\"}]}<\/script>\n<!-- \/ Yoast SEO plugin. -->","yoast_head_json":{"title":"2024. aasta Eesti folkloristika aastapreemia laureaat on Taive S\u00e4rg | Akadeemiline Rahvaluule Selts","robots":{"index":"index","follow":"follow","max-snippet":"max-snippet:-1","max-image-preview":"max-image-preview:large","max-video-preview":"max-video-preview:-1"},"canonical":"https:\/\/www.folklore.ee\/ars\/2024-aasta-eesti-folkloristika-aastapreemia-laureaat-on-taive-sarg\/","og_locale":"en_US","og_type":"article","og_title":"2024. aasta Eesti folkloristika aastapreemia laureaat on Taive S\u00e4rg | Akadeemiline Rahvaluule Selts","og_description":"2024. aasta Eesti folkloristika aastapreemia otsustati anda Eesti Kirjandusmuuseumi Eesti Rahvaluule Arhiivi vanemteadurile etnomusikoloog Taive S\u00e4rjele. \u017d\u00fcrii t\u00f5stis esile Taive S\u00e4rje pikaaegset k\u00f5rgetasemelist ning p\u00fchendunud teadustegevust, mis on \u00fchtlasi tugevalt l\u00e4bi p\u00f5imunud sooviga harida nii j\u00e4rgmisi teadlasp\u00f5lvkondi, \u00fchiskonda \u00fcldisemalt kui ka rahvamuusika praktikuid. Taive S\u00e4rg on viljakas teadlane, kelle poolt vallatavasse laia teadusteemade ringi kuuluvad [&hellip;]","og_url":"https:\/\/www.folklore.ee\/ars\/2024-aasta-eesti-folkloristika-aastapreemia-laureaat-on-taive-sarg\/","og_site_name":"Akadeemiline Rahvaluule Selts","article_modified_time":"2024-05-30T15:59:21+00:00","twitter_card":"summary_large_image","twitter_misc":{"Est. reading time":"1 minute"},"schema":{"@context":"https:\/\/schema.org","@graph":[{"@type":"WebPage","@id":"https:\/\/www.folklore.ee\/ars\/2024-aasta-eesti-folkloristika-aastapreemia-laureaat-on-taive-sarg\/","url":"https:\/\/www.folklore.ee\/ars\/2024-aasta-eesti-folkloristika-aastapreemia-laureaat-on-taive-sarg\/","name":"2024. aasta Eesti folkloristika aastapreemia laureaat on Taive S\u00e4rg | Akadeemiline Rahvaluule Selts","isPartOf":{"@id":"https:\/\/www.folklore.ee\/ars\/#website"},"datePublished":"2024-05-30T15:59:20+00:00","dateModified":"2024-05-30T15:59:21+00:00","breadcrumb":{"@id":"https:\/\/www.folklore.ee\/ars\/2024-aasta-eesti-folkloristika-aastapreemia-laureaat-on-taive-sarg\/#breadcrumb"},"inLanguage":"en-US","potentialAction":[{"@type":"ReadAction","target":["https:\/\/www.folklore.ee\/ars\/2024-aasta-eesti-folkloristika-aastapreemia-laureaat-on-taive-sarg\/"]}]},{"@type":"BreadcrumbList","@id":"https:\/\/www.folklore.ee\/ars\/2024-aasta-eesti-folkloristika-aastapreemia-laureaat-on-taive-sarg\/#breadcrumb","itemListElement":[{"@type":"ListItem","position":1,"name":"Avaleht","item":"https:\/\/www.folklore.ee\/ars\/"},{"@type":"ListItem","position":2,"name":"2024. aasta Eesti folkloristika aastapreemia laureaat on Taive S\u00e4rg"}]},{"@type":"WebSite","@id":"https:\/\/www.folklore.ee\/ars\/#website","url":"https:\/\/www.folklore.ee\/ars\/","name":"Akadeemiline Rahvaluule Selts","description":"Folkloristide, \u00fcli\u00f5pilaste ja k\u00f5igi rahvaluulest huvitatute \u00fchendus, mis aitab kaasa rahvaluule kogumisele, tutvustamisele, uurimisele ja publitseerimisele.","potentialAction":[{"@type":"SearchAction","target":{"@type":"EntryPoint","urlTemplate":"https:\/\/www.folklore.ee\/ars\/?s={search_term_string}"},"query-input":"required name=search_term_string"}],"inLanguage":"en-US"}]}},"_links":{"self":[{"href":"https:\/\/www.folklore.ee\/ars\/wp-json\/wp\/v2\/pages\/1012","targetHints":{"allow":["GET"]}}],"collection":[{"href":"https:\/\/www.folklore.ee\/ars\/wp-json\/wp\/v2\/pages"}],"about":[{"href":"https:\/\/www.folklore.ee\/ars\/wp-json\/wp\/v2\/types\/page"}],"author":[{"embeddable":true,"href":"https:\/\/www.folklore.ee\/ars\/wp-json\/wp\/v2\/users\/2"}],"replies":[{"embeddable":true,"href":"https:\/\/www.folklore.ee\/ars\/wp-json\/wp\/v2\/comments?post=1012"}],"version-history":[{"count":1,"href":"https:\/\/www.folklore.ee\/ars\/wp-json\/wp\/v2\/pages\/1012\/revisions"}],"predecessor-version":[{"id":1013,"href":"https:\/\/www.folklore.ee\/ars\/wp-json\/wp\/v2\/pages\/1012\/revisions\/1013"}],"wp:attachment":[{"href":"https:\/\/www.folklore.ee\/ars\/wp-json\/wp\/v2\/media?parent=1012"}],"curies":[{"name":"wp","href":"https:\/\/api.w.org\/{rel}","templated":true}]}}