{"id":1004,"date":"2024-05-29T08:54:02","date_gmt":"2024-05-29T08:54:02","guid":{"rendered":"https:\/\/www.folklore.ee\/ars\/?page_id=1004"},"modified":"2024-05-29T08:54:02","modified_gmt":"2024-05-29T08:54:02","slug":"2024-aasta-eesti-folkloristika-preemia-katteandmine","status":"publish","type":"page","link":"https:\/\/www.folklore.ee\/ars\/2024-aasta-eesti-folkloristika-preemia-katteandmine\/","title":{"rendered":"2024. aasta Eesti folkloristika preemia k\u00e4tteandmine"},"content":{"rendered":"\n<p><strong>30. mail kell 16.15 Eesti Kirjandusmuuseumis (Tartu, Vanemuise 42)<\/strong><\/p>\n\n\n\n<p>Alates 2011.<strong> <\/strong>aastast on Akadeemiline Rahvaluule Selts koost\u00f6\u00f6s Eesti Kultuurkapitali Rahvakultuuri sihtkapitaliga andnud v\u00e4lja Eesti folkloristika aastapreemiat. Preemia eesm\u00e4rk on t\u00f5sta esile preemia saamisele eelnenud kolme aasta jooksul silma paistnud folkloristi tegevust. Eelmisel aastal p\u00e4lvis preemia Tartu \u00dclikooli folkloristika kaasprofessor Anastasiya Astapova.<\/p>\n\n\n\n<p>Sel aastal esitati preemiale kolm kandidaati: Eesti Kirjandusmuuseumi vanemteadurid Anastasiya Fiadotava ja Taive S\u00e4rg ning Tartu \u00dclikooli teadur Pihla Maria Siim. K\u00f5igi kandidaatide viimased kolm aastat on olnud viljakad ja mitmek\u00fclgsed.<\/p>\n\n\n\n<p><strong>Anastasiya Fiadotava <\/strong>teadust\u00f6\u00f6 keskmes on huumor ja meedia kaasaegses Ida-Euroopas. Tema viimaste aastate k\u00e4sitlustes on vaatluse all, kuidas huumor v\u00e4ljendab protesti, vastumeelsust, suurendab \u00fchtekuuluvustunnet ja kuidas kohalike v\u00f5i \u00fcleilmsete huumorikonfliktide puhul erinevad Eesti, Poola, Ungari v\u00f5i Valgevene kontekstid. Ta on osalenud ka mitmete kohalike ja rahvusvaheliste konverentside korraldamises.<\/p>\n\n\n\n<p><strong>Pihla Maria Siimu <\/strong>uurimused keskenduvad r\u00e4nde- ja hargmaisuse problemaatikale. Tema viimaste aastate olulisimaks tulemuseks on folkloristlik monograafia <em>Perheen liikkuvat paikat\u2026 <\/em>(2022), milles ta anal\u00fc\u00fcsib endisest N\u00f5ukogude Liidust, sealhulgas Eestist, Soome kolinud perekondi, nende kohanemist, suhteid vana ja uue kodumaaga ning kultuurilist kuuluvust. Samuti kaastoimetas ta artiklikogumikku <em>Migration and Families between East and North Europe: Translocal Lifelines <\/em>(2023), mis k\u00e4sitleb migratsiooni ja perekonna temaatikat Ida- ja P\u00f5hja-Euroopas.<\/p>\n\n\n\n<p><strong>Taive S\u00e4rg on <\/strong>etnomusikoloog, kes oma teadlaset\u00f6\u00f6s p\u00f5imib sujuvalt uurimise arhiivit\u00f6\u00f6 ja populariseerimisega. Tema teaduslikud k\u00e4sitlused keskenduvad rahvamuusikale k\u00f5ige laiemas t\u00e4henduses. Viimastel aastatel on temalt ilmunud n\u00e4iteks artiklid l\u00e4\u00e4nemeresoome loomislaulust ja \u00fchislaulmise institutsionaliseerumisest. Ta on olnud ka mitmete Eesti Rahvaluule Arhiivi kogumisv\u00f5istluste eesotsas (nt Muusika minu elus 2022).&nbsp;<\/p>\n\n\n\n<p>T\u00e4navune preemiasaaja kuulutatakse v\u00e4lja 30. mail kell 16.15 algaval Akadeemilise Rahvaluule Seltsi aastakoosolekul Eesti Kirjandusmuuseumi saalis. Preemia v\u00e4ljakuulutamisele eelneb eelmise aasta laureaadi Anastasiya Astapova ettekanne ning j\u00e4rgneb Anu Korbi koostatud v\u00e4ljaande \u201cSiberi eestlaste rahvap\u00e4rased ravioskused\u201d esitlus.&nbsp;<\/p>\n\n\n\n<p>Info: <strong>&nbsp;<\/strong>Katre Kikas <a href=\"mailto:katre.kikas@folklore.ee\">katre.kikas@folklore.ee<\/a>, Mare Kalda mare.kalda@folklore.ee<\/p>\n","protected":false},"excerpt":{"rendered":"<p>30. mail kell 16.15 Eesti Kirjandusmuuseumis (Tartu, Vanemuise 42) Alates 2011. aastast on Akadeemiline Rahvaluule Selts koost\u00f6\u00f6s Eesti Kultuurkapitali Rahvakultuuri sihtkapitaliga andnud v\u00e4lja Eesti folkloristika aastapreemiat. Preemia eesm\u00e4rk on t\u00f5sta esile preemia saamisele eelnenud kolme aasta jooksul silma paistnud folkloristi tegevust. Eelmisel aastal p\u00e4lvis preemia Tartu \u00dclikooli folkloristika kaasprofessor Anastasiya Astapova. Sel aastal esitati preemiale [&hellip;]<\/p>\n","protected":false},"author":2,"featured_media":0,"parent":0,"menu_order":0,"comment_status":"closed","ping_status":"closed","template":"","meta":{"footnotes":""},"class_list":["post-1004","page","type-page","status-publish","hentry"],"yoast_head":"<!-- This site is optimized with the Yoast SEO plugin v20.12 - https:\/\/yoast.com\/wordpress\/plugins\/seo\/ -->\n<title>2024. aasta Eesti folkloristika preemia k\u00e4tteandmine | Akadeemiline Rahvaluule Selts<\/title>\n<meta name=\"robots\" content=\"index, follow, max-snippet:-1, max-image-preview:large, max-video-preview:-1\" \/>\n<link rel=\"canonical\" href=\"https:\/\/www.folklore.ee\/ars\/2024-aasta-eesti-folkloristika-preemia-katteandmine\/\" \/>\n<meta property=\"og:locale\" content=\"en_US\" \/>\n<meta property=\"og:type\" content=\"article\" \/>\n<meta property=\"og:title\" content=\"2024. aasta Eesti folkloristika preemia k\u00e4tteandmine | Akadeemiline Rahvaluule Selts\" \/>\n<meta property=\"og:description\" content=\"30. mail kell 16.15 Eesti Kirjandusmuuseumis (Tartu, Vanemuise 42) Alates 2011. aastast on Akadeemiline Rahvaluule Selts koost\u00f6\u00f6s Eesti Kultuurkapitali Rahvakultuuri sihtkapitaliga andnud v\u00e4lja Eesti folkloristika aastapreemiat. Preemia eesm\u00e4rk on t\u00f5sta esile preemia saamisele eelnenud kolme aasta jooksul silma paistnud folkloristi tegevust. Eelmisel aastal p\u00e4lvis preemia Tartu \u00dclikooli folkloristika kaasprofessor Anastasiya Astapova. Sel aastal esitati preemiale [&hellip;]\" \/>\n<meta property=\"og:url\" content=\"https:\/\/www.folklore.ee\/ars\/2024-aasta-eesti-folkloristika-preemia-katteandmine\/\" \/>\n<meta property=\"og:site_name\" content=\"Akadeemiline Rahvaluule Selts\" \/>\n<meta name=\"twitter:card\" content=\"summary_large_image\" \/>\n<meta name=\"twitter:label1\" content=\"Est. reading time\" \/>\n\t<meta name=\"twitter:data1\" content=\"2 minutes\" \/>\n<script type=\"application\/ld+json\" class=\"yoast-schema-graph\">{\"@context\":\"https:\/\/schema.org\",\"@graph\":[{\"@type\":\"WebPage\",\"@id\":\"https:\/\/www.folklore.ee\/ars\/2024-aasta-eesti-folkloristika-preemia-katteandmine\/\",\"url\":\"https:\/\/www.folklore.ee\/ars\/2024-aasta-eesti-folkloristika-preemia-katteandmine\/\",\"name\":\"2024. aasta Eesti folkloristika preemia k\u00e4tteandmine | Akadeemiline Rahvaluule Selts\",\"isPartOf\":{\"@id\":\"https:\/\/www.folklore.ee\/ars\/#website\"},\"datePublished\":\"2024-05-29T08:54:02+00:00\",\"dateModified\":\"2024-05-29T08:54:02+00:00\",\"breadcrumb\":{\"@id\":\"https:\/\/www.folklore.ee\/ars\/2024-aasta-eesti-folkloristika-preemia-katteandmine\/#breadcrumb\"},\"inLanguage\":\"en-US\",\"potentialAction\":[{\"@type\":\"ReadAction\",\"target\":[\"https:\/\/www.folklore.ee\/ars\/2024-aasta-eesti-folkloristika-preemia-katteandmine\/\"]}]},{\"@type\":\"BreadcrumbList\",\"@id\":\"https:\/\/www.folklore.ee\/ars\/2024-aasta-eesti-folkloristika-preemia-katteandmine\/#breadcrumb\",\"itemListElement\":[{\"@type\":\"ListItem\",\"position\":1,\"name\":\"Avaleht\",\"item\":\"https:\/\/www.folklore.ee\/ars\/\"},{\"@type\":\"ListItem\",\"position\":2,\"name\":\"2024. aasta Eesti folkloristika preemia k\u00e4tteandmine\"}]},{\"@type\":\"WebSite\",\"@id\":\"https:\/\/www.folklore.ee\/ars\/#website\",\"url\":\"https:\/\/www.folklore.ee\/ars\/\",\"name\":\"Akadeemiline Rahvaluule Selts\",\"description\":\"Folkloristide, \u00fcli\u00f5pilaste ja k\u00f5igi rahvaluulest huvitatute \u00fchendus, mis aitab kaasa rahvaluule kogumisele, tutvustamisele, uurimisele ja publitseerimisele.\",\"potentialAction\":[{\"@type\":\"SearchAction\",\"target\":{\"@type\":\"EntryPoint\",\"urlTemplate\":\"https:\/\/www.folklore.ee\/ars\/?s={search_term_string}\"},\"query-input\":\"required name=search_term_string\"}],\"inLanguage\":\"en-US\"}]}<\/script>\n<!-- \/ Yoast SEO plugin. -->","yoast_head_json":{"title":"2024. aasta Eesti folkloristika preemia k\u00e4tteandmine | Akadeemiline Rahvaluule Selts","robots":{"index":"index","follow":"follow","max-snippet":"max-snippet:-1","max-image-preview":"max-image-preview:large","max-video-preview":"max-video-preview:-1"},"canonical":"https:\/\/www.folklore.ee\/ars\/2024-aasta-eesti-folkloristika-preemia-katteandmine\/","og_locale":"en_US","og_type":"article","og_title":"2024. aasta Eesti folkloristika preemia k\u00e4tteandmine | Akadeemiline Rahvaluule Selts","og_description":"30. mail kell 16.15 Eesti Kirjandusmuuseumis (Tartu, Vanemuise 42) Alates 2011. aastast on Akadeemiline Rahvaluule Selts koost\u00f6\u00f6s Eesti Kultuurkapitali Rahvakultuuri sihtkapitaliga andnud v\u00e4lja Eesti folkloristika aastapreemiat. Preemia eesm\u00e4rk on t\u00f5sta esile preemia saamisele eelnenud kolme aasta jooksul silma paistnud folkloristi tegevust. Eelmisel aastal p\u00e4lvis preemia Tartu \u00dclikooli folkloristika kaasprofessor Anastasiya Astapova. Sel aastal esitati preemiale [&hellip;]","og_url":"https:\/\/www.folklore.ee\/ars\/2024-aasta-eesti-folkloristika-preemia-katteandmine\/","og_site_name":"Akadeemiline Rahvaluule Selts","twitter_card":"summary_large_image","twitter_misc":{"Est. reading time":"2 minutes"},"schema":{"@context":"https:\/\/schema.org","@graph":[{"@type":"WebPage","@id":"https:\/\/www.folklore.ee\/ars\/2024-aasta-eesti-folkloristika-preemia-katteandmine\/","url":"https:\/\/www.folklore.ee\/ars\/2024-aasta-eesti-folkloristika-preemia-katteandmine\/","name":"2024. aasta Eesti folkloristika preemia k\u00e4tteandmine | Akadeemiline Rahvaluule Selts","isPartOf":{"@id":"https:\/\/www.folklore.ee\/ars\/#website"},"datePublished":"2024-05-29T08:54:02+00:00","dateModified":"2024-05-29T08:54:02+00:00","breadcrumb":{"@id":"https:\/\/www.folklore.ee\/ars\/2024-aasta-eesti-folkloristika-preemia-katteandmine\/#breadcrumb"},"inLanguage":"en-US","potentialAction":[{"@type":"ReadAction","target":["https:\/\/www.folklore.ee\/ars\/2024-aasta-eesti-folkloristika-preemia-katteandmine\/"]}]},{"@type":"BreadcrumbList","@id":"https:\/\/www.folklore.ee\/ars\/2024-aasta-eesti-folkloristika-preemia-katteandmine\/#breadcrumb","itemListElement":[{"@type":"ListItem","position":1,"name":"Avaleht","item":"https:\/\/www.folklore.ee\/ars\/"},{"@type":"ListItem","position":2,"name":"2024. aasta Eesti folkloristika preemia k\u00e4tteandmine"}]},{"@type":"WebSite","@id":"https:\/\/www.folklore.ee\/ars\/#website","url":"https:\/\/www.folklore.ee\/ars\/","name":"Akadeemiline Rahvaluule Selts","description":"Folkloristide, \u00fcli\u00f5pilaste ja k\u00f5igi rahvaluulest huvitatute \u00fchendus, mis aitab kaasa rahvaluule kogumisele, tutvustamisele, uurimisele ja publitseerimisele.","potentialAction":[{"@type":"SearchAction","target":{"@type":"EntryPoint","urlTemplate":"https:\/\/www.folklore.ee\/ars\/?s={search_term_string}"},"query-input":"required name=search_term_string"}],"inLanguage":"en-US"}]}},"_links":{"self":[{"href":"https:\/\/www.folklore.ee\/ars\/wp-json\/wp\/v2\/pages\/1004","targetHints":{"allow":["GET"]}}],"collection":[{"href":"https:\/\/www.folklore.ee\/ars\/wp-json\/wp\/v2\/pages"}],"about":[{"href":"https:\/\/www.folklore.ee\/ars\/wp-json\/wp\/v2\/types\/page"}],"author":[{"embeddable":true,"href":"https:\/\/www.folklore.ee\/ars\/wp-json\/wp\/v2\/users\/2"}],"replies":[{"embeddable":true,"href":"https:\/\/www.folklore.ee\/ars\/wp-json\/wp\/v2\/comments?post=1004"}],"version-history":[{"count":1,"href":"https:\/\/www.folklore.ee\/ars\/wp-json\/wp\/v2\/pages\/1004\/revisions"}],"predecessor-version":[{"id":1005,"href":"https:\/\/www.folklore.ee\/ars\/wp-json\/wp\/v2\/pages\/1004\/revisions\/1005"}],"wp:attachment":[{"href":"https:\/\/www.folklore.ee\/ars\/wp-json\/wp\/v2\/media?parent=1004"}],"curies":[{"name":"wp","href":"https:\/\/api.w.org\/{rel}","templated":true}]}}